{"id":38,"date":"2024-03-18T10:45:08","date_gmt":"2024-03-18T09:45:08","guid":{"rendered":"https:\/\/pico-bello.hu\/?page_id=38"},"modified":"2026-01-05T09:26:02","modified_gmt":"2026-01-05T08:26:02","slug":"impresszum","status":"publish","type":"page","link":"https:\/\/pico-bello.hu\/sk\/impresszum\/","title":{"rendered":"hlavi\u010dka"},"content":{"rendered":"<h2>Podrobnosti o prev\u00e1dzkovate\u013eovi webovej str\u00e1nky<\/h2>\n<p><strong>Luk\u00e1cs Zolt\u00e1n Lajos ev.<\/strong><br \/>\nDa\u0148ov\u00e9 \u010d\u00edslo: 65378247-2-23<br \/>\nS\u00eddlo: 6075 P\u00e1hi, III. okresn\u00e1 farma 61.<br \/>\nTelef\u00f3n: +36 30 507 2035<br \/>\nE-mail: info@pico-bello.hu<\/p>\n<h2>\u00dadaje o poskytovate\u013eovi slu\u017eieb \u00falo\u017eiska<\/h2>\n<p>N\u00e1zov poskytovate\u013ea slu\u017eieb: Sybell Informatika Kft.<br \/>\nAdresa slu\u017eby: 1158 Budapest, K\u00e9sm\u00e1rk u. 7\/B 2. poschodie 206.<br \/>\nE-mail: info@sybell.hu<\/p>","protected":false},"excerpt":{"rendered":"<p>\u00dadaje o prev\u00e1dzkovate\u013eovi webovej str\u00e1nky Luk\u00e1cs Zolt\u00e1n Lajos ev. Da\u0148ov\u00e9 \u010d\u00edslo: 65378247-2-23 Adresa: 6075 P\u00e1hi, III. okresn\u00e1 farma 61. Adresa poskytovate\u013ea slu\u017eieb: 1158 Budapest, K\u00e9sm\u00e1rk u. 7\/B 2. poschodie 206 E-mail: info@sybell.hu<\/p>","protected":false},"author":1,"featured_media":0,"parent":0,"menu_order":0,"comment_status":"closed","ping_status":"closed","template":"","meta":{"footnotes":""},"class_list":["post-38","page","type-page","status-publish"],"yoast_head":"<!-- This site is optimized with the Yoast SEO Premium plugin v27.2 (Yoast SEO v27.2) - https:\/\/yoast.com\/product\/yoast-seo-premium-wordpress\/ -->\n<title>Impresszum | Pico-Bello<\/title>\n<meta name=\"robots\" content=\"index, follow, max-snippet:-1, max-image-preview:large, max-video-preview:-1\" \/>\n<link rel=\"canonical\" href=\"https:\/\/pico-bello.hu\/sk\/impresszum\/\" \/>\n<meta property=\"og:locale\" content=\"sk_SK\" \/>\n<meta property=\"og:type\" content=\"article\" \/>\n<meta property=\"og:title\" content=\"Impresszum | Pico-Bello\" \/>\n<meta property=\"og:description\" content=\"Honlap \u00fczemeltet\u0151 adatai Luk\u00e1cs Zolt\u00e1n Lajos ev. Ad\u00f3sz\u00e1m: 65378247-2-23 Sz\u00e9khely: 6075 P\u00e1hi, III. k\u00f6rzet tanya 61. Telefon: +36 30 507 2035 E-mail: info@pico-bello.hu T\u00e1rhely szolg\u00e1ltat\u00f3 adatai Szolg\u00e1ltat\u00f3 neve: Sybell Informatika Kft. Szolg\u00e1ltat\u00f3 c\u00edme: 1158 Budapest, K\u00e9sm\u00e1rk u. 7\/B 2. em. 206. E-mail: info@sybell.hu\" \/>\n<meta property=\"og:url\" content=\"https:\/\/pico-bello.hu\/sk\/impresszum\/\" \/>\n<meta property=\"og:site_name\" content=\"Pico-Bello\" \/>\n<meta property=\"article:modified_time\" content=\"2026-01-05T08:26:02+00:00\" \/>\n<meta property=\"og:image\" content=\"https:\/\/pico-bello.hu\/wp-content\/uploads\/2024\/07\/pico-fb-bg.jpg\" \/>\n\t<meta property=\"og:image:width\" content=\"1200\" \/>\n\t<meta property=\"og:image:height\" content=\"675\" \/>\n\t<meta property=\"og:image:type\" content=\"image\/jpeg\" \/>\n<meta name=\"twitter:card\" content=\"summary_large_image\" \/>\n<script type=\"application\/ld+json\" class=\"yoast-schema-graph\">{\"@context\":\"https:\/\/schema.org\",\"@graph\":[{\"@type\":\"WebPage\",\"@id\":\"https:\/\/pico-bello.hu\/impresszum\/\",\"url\":\"https:\/\/pico-bello.hu\/impresszum\/\",\"name\":\"Impresszum | Pico-Bello\",\"isPartOf\":{\"@id\":\"https:\/\/pico-bello.hu\/#website\"},\"datePublished\":\"2024-03-18T09:45:08+00:00\",\"dateModified\":\"2026-01-05T08:26:02+00:00\",\"breadcrumb\":{\"@id\":\"https:\/\/pico-bello.hu\/impresszum\/#breadcrumb\"},\"inLanguage\":\"sk-SK\",\"potentialAction\":[{\"@type\":\"ReadAction\",\"target\":[\"https:\/\/pico-bello.hu\/impresszum\/\"]}]},{\"@type\":\"BreadcrumbList\",\"@id\":\"https:\/\/pico-bello.hu\/impresszum\/#breadcrumb\",\"itemListElement\":[{\"@type\":\"ListItem\",\"position\":1,\"name\":\"Kezd\u0151lap\",\"item\":\"https:\/\/pico-bello.hu\/\"},{\"@type\":\"ListItem\",\"position\":2,\"name\":\"Impresszum\"}]},{\"@type\":\"WebSite\",\"@id\":\"https:\/\/pico-bello.hu\/#website\",\"url\":\"https:\/\/pico-bello.hu\/\",\"name\":\"Pico-Bello\",\"description\":\"D\u00edjugrat\u00f3 \u00e9s Military akad\u00e1lyok, lovas akad\u00e1lyrudak\",\"publisher\":{\"@id\":\"https:\/\/pico-bello.hu\/#organization\"},\"potentialAction\":[{\"@type\":\"SearchAction\",\"target\":{\"@type\":\"EntryPoint\",\"urlTemplate\":\"https:\/\/pico-bello.hu\/?s={search_term_string}\"},\"query-input\":{\"@type\":\"PropertyValueSpecification\",\"valueRequired\":true,\"valueName\":\"search_term_string\"}}],\"inLanguage\":\"sk-SK\"},{\"@type\":\"Organization\",\"@id\":\"https:\/\/pico-bello.hu\/#organization\",\"name\":\"Pico-Bello\",\"url\":\"https:\/\/pico-bello.hu\/\",\"logo\":{\"@type\":\"ImageObject\",\"inLanguage\":\"sk-SK\",\"@id\":\"https:\/\/pico-bello.hu\/#\/schema\/logo\/image\/\",\"url\":\"https:\/\/pico-bello.hu\/wp-content\/uploads\/2023\/03\/pico-bello-logo-512.png\",\"contentUrl\":\"https:\/\/pico-bello.hu\/wp-content\/uploads\/2023\/03\/pico-bello-logo-512.png\",\"width\":512,\"height\":512,\"caption\":\"Pico-Bello\"},\"image\":{\"@id\":\"https:\/\/pico-bello.hu\/#\/schema\/logo\/image\/\"}}]}<\/script>\n<!-- \/ Yoast SEO Premium plugin. -->","yoast_head_json":{"title":"Odtla\u010dok | Pico-Bello","robots":{"index":"index","follow":"follow","max-snippet":"max-snippet:-1","max-image-preview":"max-image-preview:large","max-video-preview":"max-video-preview:-1"},"canonical":"https:\/\/pico-bello.hu\/sk\/impresszum\/","og_locale":"sk_SK","og_type":"article","og_title":"Impresszum | Pico-Bello","og_description":"Honlap \u00fczemeltet\u0151 adatai Luk\u00e1cs Zolt\u00e1n Lajos ev. Ad\u00f3sz\u00e1m: 65378247-2-23 Sz\u00e9khely: 6075 P\u00e1hi, III. k\u00f6rzet tanya 61. Telefon: +36 30 507 2035 E-mail: info@pico-bello.hu T\u00e1rhely szolg\u00e1ltat\u00f3 adatai Szolg\u00e1ltat\u00f3 neve: Sybell Informatika Kft. Szolg\u00e1ltat\u00f3 c\u00edme: 1158 Budapest, K\u00e9sm\u00e1rk u. 7\/B 2. em. 206. E-mail: info@sybell.hu","og_url":"https:\/\/pico-bello.hu\/sk\/impresszum\/","og_site_name":"Pico-Bello","article_modified_time":"2026-01-05T08:26:02+00:00","og_image":[{"width":1200,"height":675,"url":"https:\/\/pico-bello.hu\/wp-content\/uploads\/2024\/07\/pico-fb-bg.jpg","type":"image\/jpeg"}],"twitter_card":"summary_large_image","schema":{"@context":"https:\/\/schema.org","@graph":[{"@type":"WebPage","@id":"https:\/\/pico-bello.hu\/impresszum\/","url":"https:\/\/pico-bello.hu\/impresszum\/","name":"Odtla\u010dok | Pico-Bello","isPartOf":{"@id":"https:\/\/pico-bello.hu\/#website"},"datePublished":"2024-03-18T09:45:08+00:00","dateModified":"2026-01-05T08:26:02+00:00","breadcrumb":{"@id":"https:\/\/pico-bello.hu\/impresszum\/#breadcrumb"},"inLanguage":"sk-SK","potentialAction":[{"@type":"ReadAction","target":["https:\/\/pico-bello.hu\/impresszum\/"]}]},{"@type":"BreadcrumbList","@id":"https:\/\/pico-bello.hu\/impresszum\/#breadcrumb","itemListElement":[{"@type":"ListItem","position":1,"name":"Kezd\u0151lap","item":"https:\/\/pico-bello.hu\/"},{"@type":"ListItem","position":2,"name":"Impresszum"}]},{"@type":"WebSite","@id":"https:\/\/pico-bello.hu\/#website","url":"https:\/\/pico-bello.hu\/","name":"Pico-Bello","description":"Prek\u00e1\u017ekov\u00e9 sk\u00e1kanie a vojensk\u00e9 prek\u00e1\u017eky, jazdeck\u00e1 steeplechase","publisher":{"@id":"https:\/\/pico-bello.hu\/#organization"},"potentialAction":[{"@type":"SearchAction","target":{"@type":"EntryPoint","urlTemplate":"https:\/\/pico-bello.hu\/?s={search_term_string}"},"query-input":{"@type":"PropertyValueSpecification","valueRequired":true,"valueName":"search_term_string"}}],"inLanguage":"sk-SK"},{"@type":"Organization","@id":"https:\/\/pico-bello.hu\/#organization","name":"Pico-Bello","url":"https:\/\/pico-bello.hu\/","logo":{"@type":"ImageObject","inLanguage":"sk-SK","@id":"https:\/\/pico-bello.hu\/#\/schema\/logo\/image\/","url":"https:\/\/pico-bello.hu\/wp-content\/uploads\/2023\/03\/pico-bello-logo-512.png","contentUrl":"https:\/\/pico-bello.hu\/wp-content\/uploads\/2023\/03\/pico-bello-logo-512.png","width":512,"height":512,"caption":"Pico-Bello"},"image":{"@id":"https:\/\/pico-bello.hu\/#\/schema\/logo\/image\/"}}]}},"_links":{"self":[{"href":"https:\/\/pico-bello.hu\/sk\/wp-json\/wp\/v2\/pages\/38","targetHints":{"allow":["GET"]}}],"collection":[{"href":"https:\/\/pico-bello.hu\/sk\/wp-json\/wp\/v2\/pages"}],"about":[{"href":"https:\/\/pico-bello.hu\/sk\/wp-json\/wp\/v2\/types\/page"}],"author":[{"embeddable":true,"href":"https:\/\/pico-bello.hu\/sk\/wp-json\/wp\/v2\/users\/1"}],"replies":[{"embeddable":true,"href":"https:\/\/pico-bello.hu\/sk\/wp-json\/wp\/v2\/comments?post=38"}],"version-history":[{"count":1,"href":"https:\/\/pico-bello.hu\/sk\/wp-json\/wp\/v2\/pages\/38\/revisions"}],"predecessor-version":[{"id":1134,"href":"https:\/\/pico-bello.hu\/sk\/wp-json\/wp\/v2\/pages\/38\/revisions\/1134"}],"wp:attachment":[{"href":"https:\/\/pico-bello.hu\/sk\/wp-json\/wp\/v2\/media?parent=38"}],"curies":[{"name":"wp","href":"https:\/\/api.w.org\/{rel}","templated":true}]}}