{"id":661,"date":"2024-06-05T14:37:47","date_gmt":"2024-06-05T12:37:47","guid":{"rendered":"https:\/\/pico-bello.hu\/?post_type=product&#038;p=661"},"modified":"2024-06-24T22:06:30","modified_gmt":"2024-06-24T20:06:30","slug":"kofal-1","status":"publish","type":"product","link":"https:\/\/pico-bello.hu\/ro\/termek\/kofal-1\/","title":{"rendered":"Perete de piatr\u0103 1"},"content":{"rendered":"","protected":false},"excerpt":{"rendered":"<p>Pere\u021bii de piatr\u0103 sunt realiza\u021bi din materiale durabile \u0219i estetice care dau aspectul \u0219i senza\u021bia unor pere\u021bi de piatr\u0103 adev\u0103ra\u021bi. Nu v\u0103 l\u0103sa\u021bi p\u0103c\u0103li\u021bi de denumirea de ziduri de piatr\u0103, deoarece aceste bariere nu sunt realizate din piatr\u0103 adev\u0103rat\u0103. Ele sunt elemente u\u0219oare, de dimensiunea unei c\u0103r\u0103mizi, pentru a asigura siguran\u021ba cailor. \u00cen cazul \u00een care calul love\u0219te din gre\u0219eal\u0103 bariera, materialul u\u0219or minimizeaz\u0103 riscul de r\u0103nire. Prin urmare, aceste obstacole nu sunt doar pl\u0103cute din punct de vedere estetic \u0219i impresionante, ci \u0219i sigure, oferind provocarea potrivit\u0103 \u00een timpul concursurilor, f\u0103r\u0103 a prezenta niciun pericol pentru cai.<\/p>\n<p>Imaginea produsului este doar pentru ilustrare.<\/p>","protected":false},"featured_media":837,"template":"","meta":[],"product_cat":[27],"product_tag":[],"class_list":{"0":"post-661","1":"product","2":"type-product","3":"status-publish","4":"has-post-thumbnail","6":"product_cat-kofalak","7":"sales-flash-overlay","8":"woocommerce-text-align-center","9":"woocommerce-image-align-center","10":"do-quantity-buttons","11":"wc-has-gallery","12":"tm-no-options","14":"first","15":"outofstock","16":"taxable","17":"shipping-taxable","18":"product-type-variable"},"yoast_head":"<!-- This site is optimized with the Yoast SEO Premium plugin v27.5 (Yoast SEO v27.5) - https:\/\/yoast.com\/product\/yoast-seo-premium-wordpress\/ -->\n<title>K\u0151fal 1 | Pico-Bello<\/title>\n<meta name=\"robots\" content=\"index, follow, max-snippet:-1, max-image-preview:large, max-video-preview:-1\" \/>\n<link rel=\"canonical\" href=\"https:\/\/pico-bello.hu\/ro\/termek\/kofal-1\/\" \/>\n<meta property=\"og:locale\" content=\"ro_RO\" \/>\n<meta property=\"og:type\" content=\"article\" \/>\n<meta property=\"og:title\" content=\"K\u0151fal 1 | Pico-Bello\" \/>\n<meta property=\"og:description\" content=\"A k\u0151falak tart\u00f3s \u00e9s eszt\u00e9tikus anyagokb\u00f3l k\u00e9sz\u00fclnek, amelyek a val\u00f3di k\u0151falak megjelen\u00e9s\u00e9t \u00e9s \u00e9rzet\u00e9t ny\u00fajtj\u00e1k. A k\u0151falak neve ne t\u00e9vesszen meg senkit, ugyanis ezek az akad\u00e1lyok nem val\u00f3di k\u0151b\u0151l k\u00e9sz\u00fclnek. K\u00f6nny\u0171, t\u00e9gla m\u00e9ret\u0171 elemekb\u0151l \u00e1llnak, hogy biztos\u00edts\u00e1k a lovak biztons\u00e1g\u00e1t. Ha a l\u00f3 v\u00e9letlen\u00fcl meg\u00fcti az akad\u00e1lyt, a k\u00f6nny\u0171 anyagnak k\u00f6sz\u00f6nhet\u0151en minimaliz\u00e1l\u00f3dik a s\u00e9r\u00fcl\u00e9s vesz\u00e9lye. Ezek az akad\u00e1lyok \u00edgy nemcsak eszt\u00e9tikusak \u00e9s leny\u0171g\u00f6z\u0151ek, hanem biztons\u00e1gosak is, megfelel\u0151 kih\u00edv\u00e1st ny\u00fajtva a versenyek sor\u00e1n an\u00e9lk\u00fcl, hogy vesz\u00e9lyt jelenten\u00e9nek a lovakra.  A term\u00e9kk\u00e9p csak illusztr\u00e1ci\u00f3.\" \/>\n<meta property=\"og:url\" content=\"https:\/\/pico-bello.hu\/ro\/termek\/kofal-1\/\" \/>\n<meta property=\"og:site_name\" content=\"Pico-Bello\" \/>\n<meta property=\"article:modified_time\" content=\"2024-06-24T20:06:30+00:00\" \/>\n<meta property=\"og:image\" content=\"https:\/\/pico-bello.hu\/wp-content\/uploads\/2024\/06\/kofali-4.jpg\" \/>\n\t<meta property=\"og:image:width\" content=\"1080\" \/>\n\t<meta property=\"og:image:height\" content=\"1080\" \/>\n\t<meta property=\"og:image:type\" content=\"image\/jpeg\" \/>\n<meta name=\"twitter:card\" content=\"summary_large_image\" \/>\n<meta name=\"twitter:label1\" content=\"Disponibilitate\" \/>\n\t<meta name=\"twitter:data1\" content=\"Stoc epuizat\" \/>\n<script type=\"application\/ld+json\" class=\"yoast-schema-graph\">{\"@context\":\"https:\\\/\\\/schema.org\",\"@graph\":[{\"@type\":\"WebPage\",\"@id\":\"https:\\\/\\\/pico-bello.hu\\\/termek\\\/kofal-1\\\/\",\"url\":\"https:\\\/\\\/pico-bello.hu\\\/termek\\\/kofal-1\\\/\",\"name\":\"K\u0151fal 1 | Pico-Bello\",\"isPartOf\":{\"@id\":\"https:\\\/\\\/pico-bello.hu\\\/#website\"},\"primaryImageOfPage\":{\"@id\":\"https:\\\/\\\/pico-bello.hu\\\/termek\\\/kofal-1\\\/#primaryimage\"},\"image\":{\"@id\":\"https:\\\/\\\/pico-bello.hu\\\/termek\\\/kofal-1\\\/#primaryimage\"},\"thumbnailUrl\":\"https:\\\/\\\/pico-bello.hu\\\/wp-content\\\/uploads\\\/2024\\\/06\\\/kofali-4.jpg\",\"datePublished\":\"2024-06-05T12:37:47+00:00\",\"dateModified\":\"2024-06-24T20:06:30+00:00\",\"breadcrumb\":{\"@id\":\"https:\\\/\\\/pico-bello.hu\\\/termek\\\/kofal-1\\\/#breadcrumb\"},\"inLanguage\":\"ro-RO\",\"potentialAction\":[{\"@type\":\"ReadAction\",\"target\":[\"https:\\\/\\\/pico-bello.hu\\\/termek\\\/kofal-1\\\/\"]}]},{\"@type\":\"ImageObject\",\"inLanguage\":\"ro-RO\",\"@id\":\"https:\\\/\\\/pico-bello.hu\\\/termek\\\/kofal-1\\\/#primaryimage\",\"url\":\"https:\\\/\\\/pico-bello.hu\\\/wp-content\\\/uploads\\\/2024\\\/06\\\/kofali-4.jpg\",\"contentUrl\":\"https:\\\/\\\/pico-bello.hu\\\/wp-content\\\/uploads\\\/2024\\\/06\\\/kofali-4.jpg\",\"width\":1080,\"height\":1080,\"caption\":\"K\u0151fal\"},{\"@type\":\"BreadcrumbList\",\"@id\":\"https:\\\/\\\/pico-bello.hu\\\/termek\\\/kofal-1\\\/#breadcrumb\",\"itemListElement\":[{\"@type\":\"ListItem\",\"position\":1,\"name\":\"Kezd\u0151lap\",\"item\":\"https:\\\/\\\/pico-bello.hu\\\/\"},{\"@type\":\"ListItem\",\"position\":2,\"name\":\"Term\u00e9keink\",\"item\":\"https:\\\/\\\/pico-bello.hu\\\/uzlet\\\/\"},{\"@type\":\"ListItem\",\"position\":3,\"name\":\"K\u0151fal 1\"}]},{\"@type\":\"WebSite\",\"@id\":\"https:\\\/\\\/pico-bello.hu\\\/#website\",\"url\":\"https:\\\/\\\/pico-bello.hu\\\/\",\"name\":\"Pico-Bello\",\"description\":\"D\u00edjugrat\u00f3 \u00e9s Military akad\u00e1lyok, lovas akad\u00e1lyrudak\",\"publisher\":{\"@id\":\"https:\\\/\\\/pico-bello.hu\\\/#organization\"},\"potentialAction\":[{\"@type\":\"SearchAction\",\"target\":{\"@type\":\"EntryPoint\",\"urlTemplate\":\"https:\\\/\\\/pico-bello.hu\\\/?s={search_term_string}\"},\"query-input\":{\"@type\":\"PropertyValueSpecification\",\"valueRequired\":true,\"valueName\":\"search_term_string\"}}],\"inLanguage\":\"ro-RO\"},{\"@type\":\"Organization\",\"@id\":\"https:\\\/\\\/pico-bello.hu\\\/#organization\",\"name\":\"Pico-Bello\",\"url\":\"https:\\\/\\\/pico-bello.hu\\\/\",\"logo\":{\"@type\":\"ImageObject\",\"inLanguage\":\"ro-RO\",\"@id\":\"https:\\\/\\\/pico-bello.hu\\\/#\\\/schema\\\/logo\\\/image\\\/\",\"url\":\"https:\\\/\\\/pico-bello.hu\\\/wp-content\\\/uploads\\\/2023\\\/03\\\/pico-bello-logo-512.png\",\"contentUrl\":\"https:\\\/\\\/pico-bello.hu\\\/wp-content\\\/uploads\\\/2023\\\/03\\\/pico-bello-logo-512.png\",\"width\":512,\"height\":512,\"caption\":\"Pico-Bello\"},\"image\":{\"@id\":\"https:\\\/\\\/pico-bello.hu\\\/#\\\/schema\\\/logo\\\/image\\\/\"}}]}<\/script>\n<meta property=\"og:availability\" content=\"out of stock\" \/>\n<meta property=\"product:availability\" content=\"out of stock\" \/>\n<meta property=\"product:retailer_item_id\" content=\"AKO-01\" \/>\n<meta property=\"product:condition\" content=\"new\" \/>\n<!-- \/ Yoast SEO Premium plugin. -->","yoast_head_json":{"title":"Zid de piatr\u0103 1 | Pico-Bello","robots":{"index":"index","follow":"follow","max-snippet":"max-snippet:-1","max-image-preview":"max-image-preview:large","max-video-preview":"max-video-preview:-1"},"canonical":"https:\/\/pico-bello.hu\/ro\/termek\/kofal-1\/","og_locale":"ro_RO","og_type":"article","og_title":"K\u0151fal 1 | Pico-Bello","og_description":"A k\u0151falak tart\u00f3s \u00e9s eszt\u00e9tikus anyagokb\u00f3l k\u00e9sz\u00fclnek, amelyek a val\u00f3di k\u0151falak megjelen\u00e9s\u00e9t \u00e9s \u00e9rzet\u00e9t ny\u00fajtj\u00e1k. A k\u0151falak neve ne t\u00e9vesszen meg senkit, ugyanis ezek az akad\u00e1lyok nem val\u00f3di k\u0151b\u0151l k\u00e9sz\u00fclnek. K\u00f6nny\u0171, t\u00e9gla m\u00e9ret\u0171 elemekb\u0151l \u00e1llnak, hogy biztos\u00edts\u00e1k a lovak biztons\u00e1g\u00e1t. Ha a l\u00f3 v\u00e9letlen\u00fcl meg\u00fcti az akad\u00e1lyt, a k\u00f6nny\u0171 anyagnak k\u00f6sz\u00f6nhet\u0151en minimaliz\u00e1l\u00f3dik a s\u00e9r\u00fcl\u00e9s vesz\u00e9lye. Ezek az akad\u00e1lyok \u00edgy nemcsak eszt\u00e9tikusak \u00e9s leny\u0171g\u00f6z\u0151ek, hanem biztons\u00e1gosak is, megfelel\u0151 kih\u00edv\u00e1st ny\u00fajtva a versenyek sor\u00e1n an\u00e9lk\u00fcl, hogy vesz\u00e9lyt jelenten\u00e9nek a lovakra.  A term\u00e9kk\u00e9p csak illusztr\u00e1ci\u00f3.","og_url":"https:\/\/pico-bello.hu\/ro\/termek\/kofal-1\/","og_site_name":"Pico-Bello","article_modified_time":"2024-06-24T20:06:30+00:00","og_image":[{"width":1080,"height":1080,"url":"https:\/\/pico-bello.hu\/wp-content\/uploads\/2024\/06\/kofali-4.jpg","type":"image\/jpeg"}],"twitter_card":"summary_large_image","twitter_misc":{"Disponibilitate":"Stoc epuizat"},"schema":{"@context":"https:\/\/schema.org","@graph":[{"@type":"WebPage","@id":"https:\/\/pico-bello.hu\/termek\/kofal-1\/","url":"https:\/\/pico-bello.hu\/termek\/kofal-1\/","name":"Zid de piatr\u0103 1 | Pico-Bello","isPartOf":{"@id":"https:\/\/pico-bello.hu\/#website"},"primaryImageOfPage":{"@id":"https:\/\/pico-bello.hu\/termek\/kofal-1\/#primaryimage"},"image":{"@id":"https:\/\/pico-bello.hu\/termek\/kofal-1\/#primaryimage"},"thumbnailUrl":"https:\/\/pico-bello.hu\/wp-content\/uploads\/2024\/06\/kofali-4.jpg","datePublished":"2024-06-05T12:37:47+00:00","dateModified":"2024-06-24T20:06:30+00:00","breadcrumb":{"@id":"https:\/\/pico-bello.hu\/termek\/kofal-1\/#breadcrumb"},"inLanguage":"ro-RO","potentialAction":[{"@type":"ReadAction","target":["https:\/\/pico-bello.hu\/termek\/kofal-1\/"]}]},{"@type":"ImageObject","inLanguage":"ro-RO","@id":"https:\/\/pico-bello.hu\/termek\/kofal-1\/#primaryimage","url":"https:\/\/pico-bello.hu\/wp-content\/uploads\/2024\/06\/kofali-4.jpg","contentUrl":"https:\/\/pico-bello.hu\/wp-content\/uploads\/2024\/06\/kofali-4.jpg","width":1080,"height":1080,"caption":"K\u0151fal"},{"@type":"BreadcrumbList","@id":"https:\/\/pico-bello.hu\/termek\/kofal-1\/#breadcrumb","itemListElement":[{"@type":"ListItem","position":1,"name":"Kezd\u0151lap","item":"https:\/\/pico-bello.hu\/"},{"@type":"ListItem","position":2,"name":"Term\u00e9keink","item":"https:\/\/pico-bello.hu\/uzlet\/"},{"@type":"ListItem","position":3,"name":"K\u0151fal 1"}]},{"@type":"WebSite","@id":"https:\/\/pico-bello.hu\/#website","url":"https:\/\/pico-bello.hu\/","name":"Pico-Bello","description":"S\u0103rituri peste obstacole \u0219i obstacole militare, obstacole ecvestre","publisher":{"@id":"https:\/\/pico-bello.hu\/#organization"},"potentialAction":[{"@type":"SearchAction","target":{"@type":"EntryPoint","urlTemplate":"https:\/\/pico-bello.hu\/?s={search_term_string}"},"query-input":{"@type":"PropertyValueSpecification","valueRequired":true,"valueName":"search_term_string"}}],"inLanguage":"ro-RO"},{"@type":"Organization","@id":"https:\/\/pico-bello.hu\/#organization","name":"Pico-Bello","url":"https:\/\/pico-bello.hu\/","logo":{"@type":"ImageObject","inLanguage":"ro-RO","@id":"https:\/\/pico-bello.hu\/#\/schema\/logo\/image\/","url":"https:\/\/pico-bello.hu\/wp-content\/uploads\/2023\/03\/pico-bello-logo-512.png","contentUrl":"https:\/\/pico-bello.hu\/wp-content\/uploads\/2023\/03\/pico-bello-logo-512.png","width":512,"height":512,"caption":"Pico-Bello"},"image":{"@id":"https:\/\/pico-bello.hu\/#\/schema\/logo\/image\/"}}]},"og_availability":"out of stock","product_availability":"out of stock","product_retailer_item_id":"AKO-01","product_condition":"new"},"_links":{"self":[{"href":"https:\/\/pico-bello.hu\/ro\/wp-json\/wp\/v2\/product\/661","targetHints":{"allow":["GET"]}}],"collection":[{"href":"https:\/\/pico-bello.hu\/ro\/wp-json\/wp\/v2\/product"}],"about":[{"href":"https:\/\/pico-bello.hu\/ro\/wp-json\/wp\/v2\/types\/product"}],"wp:featuredmedia":[{"embeddable":true,"href":"https:\/\/pico-bello.hu\/ro\/wp-json\/wp\/v2\/media\/837"}],"wp:attachment":[{"href":"https:\/\/pico-bello.hu\/ro\/wp-json\/wp\/v2\/media?parent=661"}],"wp:term":[{"taxonomy":"product_cat","embeddable":true,"href":"https:\/\/pico-bello.hu\/ro\/wp-json\/wp\/v2\/product_cat?post=661"},{"taxonomy":"product_tag","embeddable":true,"href":"https:\/\/pico-bello.hu\/ro\/wp-json\/wp\/v2\/product_tag?post=661"}],"curies":[{"name":"wp","href":"https:\/\/api.w.org\/{rel}","templated":true}]}}