{"id":919,"date":"2024-09-09T08:54:26","date_gmt":"2024-09-09T06:54:26","guid":{"rendered":"https:\/\/pico-bello.hu\/?post_type=product&#038;p=919"},"modified":"2025-06-27T16:06:32","modified_gmt":"2025-06-27T14:06:32","slug":"akadaly-palank-hullamos","status":"publish","type":"product","link":"https:\/\/pico-bello.hu\/en\/termek\/akadaly-palank-hullamos\/","title":{"rendered":"Barrier palisade wavy"},"content":{"rendered":"","protected":false},"excerpt":{"rendered":"<p>The wave-shaped obstacle board symbolises water, so it's a great obstacle for a water bowl, for example, but it also adds to the atmosphere of the course.<\/p>\n<p>Slats are an essential element of show jumping obstacles, especially because of their suspended design. These inserts vary in width from 10-20-30 cm, allowing for a wide variety of exciting designs. Some panels can be used as inserts on their own, but they are most often used in combination with poles in the construction of obstacles, thus contributing to the dynamic and varied appearance of the courses. Such combinations are not only visually attractive but also technically challenging for horses.<\/p>\n<p>The price includes laser inscription on 1 or 2 sides. The product picture is for illustration.<\/p>\n<p>&nbsp;<\/p>","protected":false},"featured_media":920,"template":"","meta":[],"product_cat":[28],"product_tag":[],"class_list":{"0":"post-919","1":"product","2":"type-product","3":"status-publish","4":"has-post-thumbnail","6":"product_cat-palankok","7":"product_shipping_class-szemelyes","8":"sales-flash-overlay","9":"woocommerce-text-align-center","10":"woocommerce-image-align-center","11":"do-quantity-buttons","12":"wc-has-gallery","13":"tm-no-options","15":"first","16":"instock","17":"taxable","18":"shipping-taxable","19":"purchasable","20":"product-type-variable"},"yoast_head":"<!-- This site is optimized with the Yoast SEO Premium plugin v27.2 (Yoast SEO v27.2) - https:\/\/yoast.com\/product\/yoast-seo-premium-wordpress\/ -->\n<title>Akad\u00e1ly pal\u00e1nk hull\u00e1mos | Pico-Bello<\/title>\n<meta name=\"robots\" content=\"index, follow, max-snippet:-1, max-image-preview:large, max-video-preview:-1\" \/>\n<link rel=\"canonical\" href=\"https:\/\/pico-bello.hu\/en\/product-2\/akadaly-palank-hullamos\/\" \/>\n<meta property=\"og:locale\" content=\"en_US\" \/>\n<meta property=\"og:type\" content=\"article\" \/>\n<meta property=\"og:title\" content=\"Akad\u00e1ly pal\u00e1nk hull\u00e1mos | Pico-Bello\" \/>\n<meta property=\"og:description\" content=\"A hull\u00e1mos kivitel\u0171 akad\u00e1lypal\u00e1nk a vizet szimboliz\u00e1lja, \u00edgy p\u00e9ld\u00e1ul vizest\u00e1lc\u00e1hoz remek\u00fcl ill\u0151 akad\u00e1lyelem, de \u00f6nmag\u00e1ban is feldobja a p\u00e1lya hangulat\u00e1t.  A pal\u00e1nkok a d\u00edjugrat\u00f3 akad\u00e1lyok egyik l\u00e9nyeges elemei, k\u00fcl\u00f6n\u00f6sen f\u00fcggesztett kivitel\u00fck miatt. Ezek a bet\u00e9telemek sz\u00e9less\u00e9ge 10-20-30 cm k\u00f6z\u00f6tt v\u00e1ltozik, ami lehet\u0151v\u00e9 teszi a sokf\u00e9le \u00e9s izgalmas kialak\u00edt\u00e1st. N\u00e9h\u00e1ny pal\u00e1nk \u00f6n\u00e1ll\u00f3an is haszn\u00e1lhat\u00f3 bet\u00e9tk\u00e9nt, de leggyakrabban rudakkal kombin\u00e1lva alkalmazz\u00e1k \u0151ket az akad\u00e1lyok fel\u00e9p\u00edt\u00e9s\u00e9n\u00e9l, \u00edgy hozz\u00e1j\u00e1rulva a p\u00e1ly\u00e1k dinamikus \u00e9s v\u00e1ltozatos megjelen\u00e9s\u00e9hez. Az ilyen kombin\u00e1ci\u00f3k nemcsak vizu\u00e1lisan vonz\u00f3ak, hanem technikailag is kih\u00edv\u00e1st jelentenek a lovak sz\u00e1m\u00e1ra.  Az \u00e1r tartalmazza az 1 vagy 2 oldali l\u00e9zeres feliratoz\u00e1st is. A term\u00e9kk\u00e9p illusztr\u00e1ci\u00f3.  &nbsp;\" \/>\n<meta property=\"og:url\" content=\"https:\/\/pico-bello.hu\/en\/product-2\/akadaly-palank-hullamos\/\" \/>\n<meta property=\"og:site_name\" content=\"Pico-Bello\" \/>\n<meta property=\"article:modified_time\" content=\"2025-06-27T14:06:32+00:00\" \/>\n<meta property=\"og:image\" content=\"https:\/\/pico-bello.hu\/wp-content\/uploads\/2024\/09\/hullamos.jpg\" \/>\n\t<meta property=\"og:image:width\" content=\"1080\" \/>\n\t<meta property=\"og:image:height\" content=\"1080\" \/>\n\t<meta property=\"og:image:type\" content=\"image\/jpeg\" \/>\n<meta name=\"twitter:card\" content=\"summary_large_image\" \/>\n<meta name=\"twitter:label1\" content=\"Availability\" \/>\n\t<meta name=\"twitter:data1\" content=\"In stock\" \/>\n<script type=\"application\/ld+json\" class=\"yoast-schema-graph\">{\"@context\":\"https:\/\/schema.org\",\"@graph\":[{\"@type\":\"WebPage\",\"@id\":\"https:\/\/pico-bello.hu\/termek\/akadaly-palank-hullamos\/\",\"url\":\"https:\/\/pico-bello.hu\/termek\/akadaly-palank-hullamos\/\",\"name\":\"Akad\u00e1ly pal\u00e1nk hull\u00e1mos | Pico-Bello\",\"isPartOf\":{\"@id\":\"https:\/\/pico-bello.hu\/#website\"},\"primaryImageOfPage\":{\"@id\":\"https:\/\/pico-bello.hu\/termek\/akadaly-palank-hullamos\/#primaryimage\"},\"image\":{\"@id\":\"https:\/\/pico-bello.hu\/termek\/akadaly-palank-hullamos\/#primaryimage\"},\"thumbnailUrl\":\"https:\/\/pico-bello.hu\/wp-content\/uploads\/2024\/09\/hullamos.jpg\",\"datePublished\":\"2024-09-09T06:54:26+00:00\",\"dateModified\":\"2025-06-27T14:06:32+00:00\",\"breadcrumb\":{\"@id\":\"https:\/\/pico-bello.hu\/termek\/akadaly-palank-hullamos\/#breadcrumb\"},\"inLanguage\":\"en-US\",\"potentialAction\":[{\"@type\":\"ReadAction\",\"target\":[\"https:\/\/pico-bello.hu\/termek\/akadaly-palank-hullamos\/\"]}]},{\"@type\":\"ImageObject\",\"inLanguage\":\"en-US\",\"@id\":\"https:\/\/pico-bello.hu\/termek\/akadaly-palank-hullamos\/#primaryimage\",\"url\":\"https:\/\/pico-bello.hu\/wp-content\/uploads\/2024\/09\/hullamos.jpg\",\"contentUrl\":\"https:\/\/pico-bello.hu\/wp-content\/uploads\/2024\/09\/hullamos.jpg\",\"width\":1080,\"height\":1080,\"caption\":\"Hull\u00e1mos akad\u00e1lypal\u00e1nk\"},{\"@type\":\"BreadcrumbList\",\"@id\":\"https:\/\/pico-bello.hu\/termek\/akadaly-palank-hullamos\/#breadcrumb\",\"itemListElement\":[{\"@type\":\"ListItem\",\"position\":1,\"name\":\"Kezd\u0151lap\",\"item\":\"https:\/\/pico-bello.hu\/\"},{\"@type\":\"ListItem\",\"position\":2,\"name\":\"Term\u00e9keink\",\"item\":\"https:\/\/pico-bello.hu\/uzlet\/\"},{\"@type\":\"ListItem\",\"position\":3,\"name\":\"Akad\u00e1ly pal\u00e1nk hull\u00e1mos\"}]},{\"@type\":\"WebSite\",\"@id\":\"https:\/\/pico-bello.hu\/#website\",\"url\":\"https:\/\/pico-bello.hu\/\",\"name\":\"Pico-Bello\",\"description\":\"D\u00edjugrat\u00f3 \u00e9s Military akad\u00e1lyok, lovas akad\u00e1lyrudak\",\"publisher\":{\"@id\":\"https:\/\/pico-bello.hu\/#organization\"},\"potentialAction\":[{\"@type\":\"SearchAction\",\"target\":{\"@type\":\"EntryPoint\",\"urlTemplate\":\"https:\/\/pico-bello.hu\/?s={search_term_string}\"},\"query-input\":{\"@type\":\"PropertyValueSpecification\",\"valueRequired\":true,\"valueName\":\"search_term_string\"}}],\"inLanguage\":\"en-US\"},{\"@type\":\"Organization\",\"@id\":\"https:\/\/pico-bello.hu\/#organization\",\"name\":\"Pico-Bello\",\"url\":\"https:\/\/pico-bello.hu\/\",\"logo\":{\"@type\":\"ImageObject\",\"inLanguage\":\"en-US\",\"@id\":\"https:\/\/pico-bello.hu\/#\/schema\/logo\/image\/\",\"url\":\"https:\/\/pico-bello.hu\/wp-content\/uploads\/2023\/03\/pico-bello-logo-512.png\",\"contentUrl\":\"https:\/\/pico-bello.hu\/wp-content\/uploads\/2023\/03\/pico-bello-logo-512.png\",\"width\":512,\"height\":512,\"caption\":\"Pico-Bello\"},\"image\":{\"@id\":\"https:\/\/pico-bello.hu\/#\/schema\/logo\/image\/\"}}]}<\/script>\n<meta property=\"og:availability\" content=\"instock\" \/>\n<meta property=\"product:availability\" content=\"instock\" \/>\n<meta property=\"product:retailer_item_id\" content=\"PAL-02\" \/>\n<meta property=\"product:condition\" content=\"new\" \/>\n<!-- \/ Yoast SEO Premium plugin. -->","yoast_head_json":{"title":"Barrier slate wavy | Pico-Bello","robots":{"index":"index","follow":"follow","max-snippet":"max-snippet:-1","max-image-preview":"max-image-preview:large","max-video-preview":"max-video-preview:-1"},"canonical":"https:\/\/pico-bello.hu\/en\/product-2\/akadaly-palank-hullamos\/","og_locale":"en_US","og_type":"article","og_title":"Akad\u00e1ly pal\u00e1nk hull\u00e1mos | Pico-Bello","og_description":"A hull\u00e1mos kivitel\u0171 akad\u00e1lypal\u00e1nk a vizet szimboliz\u00e1lja, \u00edgy p\u00e9ld\u00e1ul vizest\u00e1lc\u00e1hoz remek\u00fcl ill\u0151 akad\u00e1lyelem, de \u00f6nmag\u00e1ban is feldobja a p\u00e1lya hangulat\u00e1t.  A pal\u00e1nkok a d\u00edjugrat\u00f3 akad\u00e1lyok egyik l\u00e9nyeges elemei, k\u00fcl\u00f6n\u00f6sen f\u00fcggesztett kivitel\u00fck miatt. Ezek a bet\u00e9telemek sz\u00e9less\u00e9ge 10-20-30 cm k\u00f6z\u00f6tt v\u00e1ltozik, ami lehet\u0151v\u00e9 teszi a sokf\u00e9le \u00e9s izgalmas kialak\u00edt\u00e1st. N\u00e9h\u00e1ny pal\u00e1nk \u00f6n\u00e1ll\u00f3an is haszn\u00e1lhat\u00f3 bet\u00e9tk\u00e9nt, de leggyakrabban rudakkal kombin\u00e1lva alkalmazz\u00e1k \u0151ket az akad\u00e1lyok fel\u00e9p\u00edt\u00e9s\u00e9n\u00e9l, \u00edgy hozz\u00e1j\u00e1rulva a p\u00e1ly\u00e1k dinamikus \u00e9s v\u00e1ltozatos megjelen\u00e9s\u00e9hez. Az ilyen kombin\u00e1ci\u00f3k nemcsak vizu\u00e1lisan vonz\u00f3ak, hanem technikailag is kih\u00edv\u00e1st jelentenek a lovak sz\u00e1m\u00e1ra.  Az \u00e1r tartalmazza az 1 vagy 2 oldali l\u00e9zeres feliratoz\u00e1st is. A term\u00e9kk\u00e9p illusztr\u00e1ci\u00f3.  &nbsp;","og_url":"https:\/\/pico-bello.hu\/en\/product-2\/akadaly-palank-hullamos\/","og_site_name":"Pico-Bello","article_modified_time":"2025-06-27T14:06:32+00:00","og_image":[{"width":1080,"height":1080,"url":"https:\/\/pico-bello.hu\/wp-content\/uploads\/2024\/09\/hullamos.jpg","type":"image\/jpeg"}],"twitter_card":"summary_large_image","twitter_misc":{"Availability":"In stock"},"schema":{"@context":"https:\/\/schema.org","@graph":[{"@type":"WebPage","@id":"https:\/\/pico-bello.hu\/termek\/akadaly-palank-hullamos\/","url":"https:\/\/pico-bello.hu\/termek\/akadaly-palank-hullamos\/","name":"Barrier slate wavy | Pico-Bello","isPartOf":{"@id":"https:\/\/pico-bello.hu\/#website"},"primaryImageOfPage":{"@id":"https:\/\/pico-bello.hu\/termek\/akadaly-palank-hullamos\/#primaryimage"},"image":{"@id":"https:\/\/pico-bello.hu\/termek\/akadaly-palank-hullamos\/#primaryimage"},"thumbnailUrl":"https:\/\/pico-bello.hu\/wp-content\/uploads\/2024\/09\/hullamos.jpg","datePublished":"2024-09-09T06:54:26+00:00","dateModified":"2025-06-27T14:06:32+00:00","breadcrumb":{"@id":"https:\/\/pico-bello.hu\/termek\/akadaly-palank-hullamos\/#breadcrumb"},"inLanguage":"en-US","potentialAction":[{"@type":"ReadAction","target":["https:\/\/pico-bello.hu\/termek\/akadaly-palank-hullamos\/"]}]},{"@type":"ImageObject","inLanguage":"en-US","@id":"https:\/\/pico-bello.hu\/termek\/akadaly-palank-hullamos\/#primaryimage","url":"https:\/\/pico-bello.hu\/wp-content\/uploads\/2024\/09\/hullamos.jpg","contentUrl":"https:\/\/pico-bello.hu\/wp-content\/uploads\/2024\/09\/hullamos.jpg","width":1080,"height":1080,"caption":"Hull\u00e1mos akad\u00e1lypal\u00e1nk"},{"@type":"BreadcrumbList","@id":"https:\/\/pico-bello.hu\/termek\/akadaly-palank-hullamos\/#breadcrumb","itemListElement":[{"@type":"ListItem","position":1,"name":"Kezd\u0151lap","item":"https:\/\/pico-bello.hu\/"},{"@type":"ListItem","position":2,"name":"Term\u00e9keink","item":"https:\/\/pico-bello.hu\/uzlet\/"},{"@type":"ListItem","position":3,"name":"Akad\u00e1ly pal\u00e1nk hull\u00e1mos"}]},{"@type":"WebSite","@id":"https:\/\/pico-bello.hu\/#website","url":"https:\/\/pico-bello.hu\/","name":"Pico-Bello","description":"Show jumping and Military hurdles, equestrian steeplechase","publisher":{"@id":"https:\/\/pico-bello.hu\/#organization"},"potentialAction":[{"@type":"SearchAction","target":{"@type":"EntryPoint","urlTemplate":"https:\/\/pico-bello.hu\/?s={search_term_string}"},"query-input":{"@type":"PropertyValueSpecification","valueRequired":true,"valueName":"search_term_string"}}],"inLanguage":"en-US"},{"@type":"Organization","@id":"https:\/\/pico-bello.hu\/#organization","name":"Pico-Bello","url":"https:\/\/pico-bello.hu\/","logo":{"@type":"ImageObject","inLanguage":"en-US","@id":"https:\/\/pico-bello.hu\/#\/schema\/logo\/image\/","url":"https:\/\/pico-bello.hu\/wp-content\/uploads\/2023\/03\/pico-bello-logo-512.png","contentUrl":"https:\/\/pico-bello.hu\/wp-content\/uploads\/2023\/03\/pico-bello-logo-512.png","width":512,"height":512,"caption":"Pico-Bello"},"image":{"@id":"https:\/\/pico-bello.hu\/#\/schema\/logo\/image\/"}}]},"og_availability":"instock","product_availability":"instock","product_retailer_item_id":"PAL-02","product_condition":"new"},"_links":{"self":[{"href":"https:\/\/pico-bello.hu\/en\/wp-json\/wp\/v2\/product\/919","targetHints":{"allow":["GET"]}}],"collection":[{"href":"https:\/\/pico-bello.hu\/en\/wp-json\/wp\/v2\/product"}],"about":[{"href":"https:\/\/pico-bello.hu\/en\/wp-json\/wp\/v2\/types\/product"}],"wp:featuredmedia":[{"embeddable":true,"href":"https:\/\/pico-bello.hu\/en\/wp-json\/wp\/v2\/media\/920"}],"wp:attachment":[{"href":"https:\/\/pico-bello.hu\/en\/wp-json\/wp\/v2\/media?parent=919"}],"wp:term":[{"taxonomy":"product_cat","embeddable":true,"href":"https:\/\/pico-bello.hu\/en\/wp-json\/wp\/v2\/product_cat?post=919"},{"taxonomy":"product_tag","embeddable":true,"href":"https:\/\/pico-bello.hu\/en\/wp-json\/wp\/v2\/product_tag?post=919"}],"curies":[{"name":"wp","href":"https:\/\/api.w.org\/{rel}","templated":true}]}}