{"id":880,"date":"2024-08-05T10:33:52","date_gmt":"2024-08-05T08:33:52","guid":{"rendered":"https:\/\/pico-bello.hu\/?post_type=product&#038;p=880"},"modified":"2025-09-09T11:14:40","modified_gmt":"2025-09-09T09:14:40","slug":"szivacsrud","status":"publish","type":"product","link":"https:\/\/pico-bello.hu\/en\/termek\/szivacsrud\/","title":{"rendered":"Sponge pole for riding"},"content":{"rendered":"","protected":false},"excerpt":{"rendered":"<p>Size: 10 x 10 x 300 cm, rectangular cross-section.<br \/>\nAvailable in several colours according to the RAL colour sample supplied.<br \/>\nThe sponge-coated PVC coated rod is made using baking technology, it is fused to its own material so it does not come apart as if it were sewn or glued.<br \/>\nExcellent for use as an additional element for work in the riding arena or as a show jumping obstacle, it imitates a barrier when placed on the ground, but is designed to avoid injuring the horse if stepped on.<\/p>","protected":false},"featured_media":875,"template":"","meta":[],"product_cat":[24],"product_tag":[],"class_list":{"0":"post-880","1":"product","2":"type-product","3":"status-publish","4":"has-post-thumbnail","6":"product_cat-kellekek","7":"product_shipping_class-terjedelmes","8":"sales-flash-overlay","9":"woocommerce-text-align-center","10":"woocommerce-image-align-center","11":"do-quantity-buttons","12":"wc-has-gallery","13":"tm-no-options","15":"first","16":"instock","17":"taxable","18":"shipping-taxable","19":"purchasable","20":"product-type-simple"},"yoast_head":"<!-- This site is optimized with the Yoast SEO Premium plugin v27.2 (Yoast SEO v27.2) - https:\/\/yoast.com\/product\/yoast-seo-premium-wordpress\/ -->\n<title>Szivacsr\u00fad lovagl\u00e1shoz | Pico-Bello<\/title>\n<meta name=\"robots\" content=\"index, follow, max-snippet:-1, max-image-preview:large, max-video-preview:-1\" \/>\n<link rel=\"canonical\" href=\"https:\/\/pico-bello.hu\/en\/product-2\/szivacsrud\/\" \/>\n<meta property=\"og:locale\" content=\"en_US\" \/>\n<meta property=\"og:type\" content=\"article\" \/>\n<meta property=\"og:title\" content=\"Szivacsr\u00fad lovagl\u00e1shoz | Pico-Bello\" \/>\n<meta property=\"og:description\" content=\"M\u00e9rete: 10 x 10 x 300 cm, n\u00e9gysz\u00f6gletes keresztmetszettel. T\u00f6bbf\u00e9le sz\u00ednben rendelhet\u0151 a mell\u00e9kelt RAL sz\u00ednminta alapj\u00e1n. A szivacsbet\u00e9ttel k\u00e9sz\u00fclt PVC bevonat\u00fa r\u00fad s\u00fct\u00e9si technol\u00f3gi\u00e1val k\u00e9sz\u00fcl, a saj\u00e1t anyag\u00e1val van \u00f6sszeolavasztva, \u00edgy nem j\u00f6n sz\u00e9t, \u00fagy mintha varrva vagy ragasztva lenne. Kiv\u00e1l\u00f3an haszn\u00e1lhat\u00f3 lovardai munk\u00e1hoz vagy d\u00edjugrat\u00f3 akad\u00e1lyok kieg\u00e9sz\u00edt\u0151 elemk\u00e9nt, a f\u00f6ldre t\u00e9ve akad\u00e1lyrudat imit\u00e1l, de kialak\u00edt\u00e1s\u00e1nak k\u00f6sz\u00f6nhet\u0151en elker\u00fclhet\u0151 a l\u00f3 s\u00e9r\u00fcl\u00e9se, ha r\u00e1l\u00e9p.\" \/>\n<meta property=\"og:url\" content=\"https:\/\/pico-bello.hu\/en\/product-2\/szivacsrud\/\" \/>\n<meta property=\"og:site_name\" content=\"Pico-Bello\" \/>\n<meta property=\"article:modified_time\" content=\"2025-09-09T09:14:40+00:00\" \/>\n<meta property=\"og:image\" content=\"https:\/\/pico-bello.hu\/wp-content\/uploads\/2024\/08\/szivacsrud-1.jpg\" \/>\n\t<meta property=\"og:image:width\" content=\"1080\" \/>\n\t<meta property=\"og:image:height\" content=\"1080\" \/>\n\t<meta property=\"og:image:type\" content=\"image\/jpeg\" \/>\n<meta name=\"twitter:card\" content=\"summary_large_image\" \/>\n<meta name=\"twitter:label1\" content=\"Price\" \/>\n\t<meta name=\"twitter:data1\" content=\"29210&nbsp;&#070;&#116; (23000&nbsp;&#070;&#116; + \u00c1FA)\" \/>\n\t<meta name=\"twitter:label2\" content=\"Availability\" \/>\n\t<meta name=\"twitter:data2\" content=\"In stock\" \/>\n<script type=\"application\/ld+json\" class=\"yoast-schema-graph\">{\"@context\":\"https:\/\/schema.org\",\"@graph\":[{\"@type\":\"WebPage\",\"@id\":\"https:\/\/pico-bello.hu\/termek\/szivacsrud\/\",\"url\":\"https:\/\/pico-bello.hu\/termek\/szivacsrud\/\",\"name\":\"Szivacsr\u00fad lovagl\u00e1shoz | Pico-Bello\",\"isPartOf\":{\"@id\":\"https:\/\/pico-bello.hu\/#website\"},\"primaryImageOfPage\":{\"@id\":\"https:\/\/pico-bello.hu\/termek\/szivacsrud\/#primaryimage\"},\"image\":{\"@id\":\"https:\/\/pico-bello.hu\/termek\/szivacsrud\/#primaryimage\"},\"thumbnailUrl\":\"https:\/\/pico-bello.hu\/wp-content\/uploads\/2024\/08\/szivacsrud-1.jpg\",\"datePublished\":\"2024-08-05T08:33:52+00:00\",\"dateModified\":\"2025-09-09T09:14:40+00:00\",\"breadcrumb\":{\"@id\":\"https:\/\/pico-bello.hu\/termek\/szivacsrud\/#breadcrumb\"},\"inLanguage\":\"en-US\",\"potentialAction\":[{\"@type\":\"ReadAction\",\"target\":[\"https:\/\/pico-bello.hu\/termek\/szivacsrud\/\"]}]},{\"@type\":\"ImageObject\",\"inLanguage\":\"en-US\",\"@id\":\"https:\/\/pico-bello.hu\/termek\/szivacsrud\/#primaryimage\",\"url\":\"https:\/\/pico-bello.hu\/wp-content\/uploads\/2024\/08\/szivacsrud-1.jpg\",\"contentUrl\":\"https:\/\/pico-bello.hu\/wp-content\/uploads\/2024\/08\/szivacsrud-1.jpg\",\"width\":1080,\"height\":1080},{\"@type\":\"BreadcrumbList\",\"@id\":\"https:\/\/pico-bello.hu\/termek\/szivacsrud\/#breadcrumb\",\"itemListElement\":[{\"@type\":\"ListItem\",\"position\":1,\"name\":\"Kezd\u0151lap\",\"item\":\"https:\/\/pico-bello.hu\/\"},{\"@type\":\"ListItem\",\"position\":2,\"name\":\"Term\u00e9keink\",\"item\":\"https:\/\/pico-bello.hu\/uzlet\/\"},{\"@type\":\"ListItem\",\"position\":3,\"name\":\"Szivacsr\u00fad lovagl\u00e1shoz\"}]},{\"@type\":\"WebSite\",\"@id\":\"https:\/\/pico-bello.hu\/#website\",\"url\":\"https:\/\/pico-bello.hu\/\",\"name\":\"Pico-Bello\",\"description\":\"D\u00edjugrat\u00f3 \u00e9s Military akad\u00e1lyok, lovas akad\u00e1lyrudak\",\"publisher\":{\"@id\":\"https:\/\/pico-bello.hu\/#organization\"},\"potentialAction\":[{\"@type\":\"SearchAction\",\"target\":{\"@type\":\"EntryPoint\",\"urlTemplate\":\"https:\/\/pico-bello.hu\/?s={search_term_string}\"},\"query-input\":{\"@type\":\"PropertyValueSpecification\",\"valueRequired\":true,\"valueName\":\"search_term_string\"}}],\"inLanguage\":\"en-US\"},{\"@type\":\"Organization\",\"@id\":\"https:\/\/pico-bello.hu\/#organization\",\"name\":\"Pico-Bello\",\"url\":\"https:\/\/pico-bello.hu\/\",\"logo\":{\"@type\":\"ImageObject\",\"inLanguage\":\"en-US\",\"@id\":\"https:\/\/pico-bello.hu\/#\/schema\/logo\/image\/\",\"url\":\"https:\/\/pico-bello.hu\/wp-content\/uploads\/2023\/03\/pico-bello-logo-512.png\",\"contentUrl\":\"https:\/\/pico-bello.hu\/wp-content\/uploads\/2023\/03\/pico-bello-logo-512.png\",\"width\":512,\"height\":512,\"caption\":\"Pico-Bello\"},\"image\":{\"@id\":\"https:\/\/pico-bello.hu\/#\/schema\/logo\/image\/\"}}]}<\/script>\n<meta property=\"product:price:amount\" content=\"29210\" \/>\n<meta property=\"product:price:currency\" content=\"HUF\" \/>\n<meta property=\"og:availability\" content=\"instock\" \/>\n<meta property=\"product:availability\" content=\"instock\" \/>\n<meta property=\"product:retailer_item_id\" content=\"SZR-01\" \/>\n<meta property=\"product:condition\" content=\"new\" \/>\n<!-- \/ Yoast SEO Premium plugin. -->","yoast_head_json":{"title":"Sponge pole for riding | Pico-Bello","robots":{"index":"index","follow":"follow","max-snippet":"max-snippet:-1","max-image-preview":"max-image-preview:large","max-video-preview":"max-video-preview:-1"},"canonical":"https:\/\/pico-bello.hu\/en\/product-2\/szivacsrud\/","og_locale":"en_US","og_type":"article","og_title":"Szivacsr\u00fad lovagl\u00e1shoz | Pico-Bello","og_description":"M\u00e9rete: 10 x 10 x 300 cm, n\u00e9gysz\u00f6gletes keresztmetszettel. T\u00f6bbf\u00e9le sz\u00ednben rendelhet\u0151 a mell\u00e9kelt RAL sz\u00ednminta alapj\u00e1n. A szivacsbet\u00e9ttel k\u00e9sz\u00fclt PVC bevonat\u00fa r\u00fad s\u00fct\u00e9si technol\u00f3gi\u00e1val k\u00e9sz\u00fcl, a saj\u00e1t anyag\u00e1val van \u00f6sszeolavasztva, \u00edgy nem j\u00f6n sz\u00e9t, \u00fagy mintha varrva vagy ragasztva lenne. Kiv\u00e1l\u00f3an haszn\u00e1lhat\u00f3 lovardai munk\u00e1hoz vagy d\u00edjugrat\u00f3 akad\u00e1lyok kieg\u00e9sz\u00edt\u0151 elemk\u00e9nt, a f\u00f6ldre t\u00e9ve akad\u00e1lyrudat imit\u00e1l, de kialak\u00edt\u00e1s\u00e1nak k\u00f6sz\u00f6nhet\u0151en elker\u00fclhet\u0151 a l\u00f3 s\u00e9r\u00fcl\u00e9se, ha r\u00e1l\u00e9p.","og_url":"https:\/\/pico-bello.hu\/en\/product-2\/szivacsrud\/","og_site_name":"Pico-Bello","article_modified_time":"2025-09-09T09:14:40+00:00","og_image":[{"width":1080,"height":1080,"url":"https:\/\/pico-bello.hu\/wp-content\/uploads\/2024\/08\/szivacsrud-1.jpg","type":"image\/jpeg"}],"twitter_card":"summary_large_image","twitter_misc":{"Price":"29210&nbsp;&#70;&#116; (23000&nbsp;&#70;&#116; + \u00c1FA)","Availability":"In stock"},"schema":{"@context":"https:\/\/schema.org","@graph":[{"@type":"WebPage","@id":"https:\/\/pico-bello.hu\/termek\/szivacsrud\/","url":"https:\/\/pico-bello.hu\/termek\/szivacsrud\/","name":"Sponge pole for riding | Pico-Bello","isPartOf":{"@id":"https:\/\/pico-bello.hu\/#website"},"primaryImageOfPage":{"@id":"https:\/\/pico-bello.hu\/termek\/szivacsrud\/#primaryimage"},"image":{"@id":"https:\/\/pico-bello.hu\/termek\/szivacsrud\/#primaryimage"},"thumbnailUrl":"https:\/\/pico-bello.hu\/wp-content\/uploads\/2024\/08\/szivacsrud-1.jpg","datePublished":"2024-08-05T08:33:52+00:00","dateModified":"2025-09-09T09:14:40+00:00","breadcrumb":{"@id":"https:\/\/pico-bello.hu\/termek\/szivacsrud\/#breadcrumb"},"inLanguage":"en-US","potentialAction":[{"@type":"ReadAction","target":["https:\/\/pico-bello.hu\/termek\/szivacsrud\/"]}]},{"@type":"ImageObject","inLanguage":"en-US","@id":"https:\/\/pico-bello.hu\/termek\/szivacsrud\/#primaryimage","url":"https:\/\/pico-bello.hu\/wp-content\/uploads\/2024\/08\/szivacsrud-1.jpg","contentUrl":"https:\/\/pico-bello.hu\/wp-content\/uploads\/2024\/08\/szivacsrud-1.jpg","width":1080,"height":1080},{"@type":"BreadcrumbList","@id":"https:\/\/pico-bello.hu\/termek\/szivacsrud\/#breadcrumb","itemListElement":[{"@type":"ListItem","position":1,"name":"Kezd\u0151lap","item":"https:\/\/pico-bello.hu\/"},{"@type":"ListItem","position":2,"name":"Term\u00e9keink","item":"https:\/\/pico-bello.hu\/uzlet\/"},{"@type":"ListItem","position":3,"name":"Szivacsr\u00fad lovagl\u00e1shoz"}]},{"@type":"WebSite","@id":"https:\/\/pico-bello.hu\/#website","url":"https:\/\/pico-bello.hu\/","name":"Pico-Bello","description":"Show jumping and Military hurdles, equestrian steeplechase","publisher":{"@id":"https:\/\/pico-bello.hu\/#organization"},"potentialAction":[{"@type":"SearchAction","target":{"@type":"EntryPoint","urlTemplate":"https:\/\/pico-bello.hu\/?s={search_term_string}"},"query-input":{"@type":"PropertyValueSpecification","valueRequired":true,"valueName":"search_term_string"}}],"inLanguage":"en-US"},{"@type":"Organization","@id":"https:\/\/pico-bello.hu\/#organization","name":"Pico-Bello","url":"https:\/\/pico-bello.hu\/","logo":{"@type":"ImageObject","inLanguage":"en-US","@id":"https:\/\/pico-bello.hu\/#\/schema\/logo\/image\/","url":"https:\/\/pico-bello.hu\/wp-content\/uploads\/2023\/03\/pico-bello-logo-512.png","contentUrl":"https:\/\/pico-bello.hu\/wp-content\/uploads\/2023\/03\/pico-bello-logo-512.png","width":512,"height":512,"caption":"Pico-Bello"},"image":{"@id":"https:\/\/pico-bello.hu\/#\/schema\/logo\/image\/"}}]},"product_price_amount":"29210","product_price_currency":"HUF","og_availability":"instock","product_availability":"instock","product_retailer_item_id":"SZR-01","product_condition":"new"},"_links":{"self":[{"href":"https:\/\/pico-bello.hu\/en\/wp-json\/wp\/v2\/product\/880","targetHints":{"allow":["GET"]}}],"collection":[{"href":"https:\/\/pico-bello.hu\/en\/wp-json\/wp\/v2\/product"}],"about":[{"href":"https:\/\/pico-bello.hu\/en\/wp-json\/wp\/v2\/types\/product"}],"wp:featuredmedia":[{"embeddable":true,"href":"https:\/\/pico-bello.hu\/en\/wp-json\/wp\/v2\/media\/875"}],"wp:attachment":[{"href":"https:\/\/pico-bello.hu\/en\/wp-json\/wp\/v2\/media?parent=880"}],"wp:term":[{"taxonomy":"product_cat","embeddable":true,"href":"https:\/\/pico-bello.hu\/en\/wp-json\/wp\/v2\/product_cat?post=880"},{"taxonomy":"product_tag","embeddable":true,"href":"https:\/\/pico-bello.hu\/en\/wp-json\/wp\/v2\/product_tag?post=880"}],"curies":[{"name":"wp","href":"https:\/\/api.w.org\/{rel}","templated":true}]}}