{"id":752,"date":"2024-06-11T18:56:19","date_gmt":"2024-06-11T16:56:19","guid":{"rendered":"https:\/\/pico-bello.hu\/?post_type=product&#038;p=752"},"modified":"2026-02-25T12:58:42","modified_gmt":"2026-02-25T11:58:42","slug":"cavaletti-fa","status":"publish","type":"product","link":"https:\/\/pico-bello.hu\/en\/termek\/cavaletti-fa\/","title":{"rendered":"Cavaletti wood"},"content":{"rendered":"","protected":false},"excerpt":{"rendered":"<p>The given price refers to 1 complete cavalette (2 soles + barrier).<\/p>\n<p>The product image is for illustration only.<\/p>","protected":false},"featured_media":755,"template":"","meta":[],"product_cat":[23],"product_tag":[42],"class_list":{"0":"post-752","1":"product","2":"type-product","3":"status-publish","4":"has-post-thumbnail","6":"product_cat-cavaletti","7":"product_tag-kesz","8":"product_shipping_class-szemelyes","9":"sales-flash-overlay","10":"woocommerce-text-align-center","11":"woocommerce-image-align-center","12":"do-quantity-buttons","13":"wc-has-gallery","14":"tm-no-options","16":"first","17":"instock","18":"taxable","19":"shipping-taxable","20":"purchasable","21":"product-type-simple"},"yoast_head":"<!-- This site is optimized with the Yoast SEO Premium plugin v27.2 (Yoast SEO v27.2) - https:\/\/yoast.com\/product\/yoast-seo-premium-wordpress\/ -->\n<title>Cavaletti fa | Pico-Bello<\/title>\n<meta name=\"robots\" content=\"index, follow, max-snippet:-1, max-image-preview:large, max-video-preview:-1\" \/>\n<link rel=\"canonical\" href=\"https:\/\/pico-bello.hu\/en\/product-2\/cavaletti-fa\/\" \/>\n<meta property=\"og:locale\" content=\"en_US\" \/>\n<meta property=\"og:type\" content=\"article\" \/>\n<meta property=\"og:title\" content=\"Cavaletti fa | Pico-Bello\" \/>\n<meta property=\"og:description\" content=\"A megadott \u00e1r 1 darab komplett cavalettire vonatkozik (2 db talp + akad\u00e1lyr\u00fad).  A term\u00e9kk\u00e9p csak illusztr\u00e1ci\u00f3.\" \/>\n<meta property=\"og:url\" content=\"https:\/\/pico-bello.hu\/en\/product-2\/cavaletti-fa\/\" \/>\n<meta property=\"og:site_name\" content=\"Pico-Bello\" \/>\n<meta property=\"article:modified_time\" content=\"2026-02-25T11:58:42+00:00\" \/>\n<meta property=\"og:image\" content=\"https:\/\/pico-bello.hu\/wp-content\/uploads\/2024\/06\/fa-cavaletti.jpg\" \/>\n\t<meta property=\"og:image:width\" content=\"1000\" \/>\n\t<meta property=\"og:image:height\" content=\"1000\" \/>\n\t<meta property=\"og:image:type\" content=\"image\/jpeg\" \/>\n<meta name=\"twitter:card\" content=\"summary_large_image\" \/>\n<meta name=\"twitter:label1\" content=\"Price\" \/>\n\t<meta name=\"twitter:data1\" content=\"38418&nbsp;&#070;&#116; (30250&nbsp;&#070;&#116; + \u00c1FA)\" \/>\n\t<meta name=\"twitter:label2\" content=\"Availability\" \/>\n\t<meta name=\"twitter:data2\" content=\"In stock\" \/>\n<script type=\"application\/ld+json\" class=\"yoast-schema-graph\">{\"@context\":\"https:\/\/schema.org\",\"@graph\":[{\"@type\":\"WebPage\",\"@id\":\"https:\/\/pico-bello.hu\/termek\/cavaletti-fa\/\",\"url\":\"https:\/\/pico-bello.hu\/termek\/cavaletti-fa\/\",\"name\":\"Cavaletti fa | Pico-Bello\",\"isPartOf\":{\"@id\":\"https:\/\/pico-bello.hu\/#website\"},\"primaryImageOfPage\":{\"@id\":\"https:\/\/pico-bello.hu\/termek\/cavaletti-fa\/#primaryimage\"},\"image\":{\"@id\":\"https:\/\/pico-bello.hu\/termek\/cavaletti-fa\/#primaryimage\"},\"thumbnailUrl\":\"https:\/\/pico-bello.hu\/wp-content\/uploads\/2024\/06\/fa-cavaletti.jpg\",\"datePublished\":\"2024-06-11T16:56:19+00:00\",\"dateModified\":\"2026-02-25T11:58:42+00:00\",\"breadcrumb\":{\"@id\":\"https:\/\/pico-bello.hu\/termek\/cavaletti-fa\/#breadcrumb\"},\"inLanguage\":\"en-US\",\"potentialAction\":[{\"@type\":\"ReadAction\",\"target\":[\"https:\/\/pico-bello.hu\/termek\/cavaletti-fa\/\"]}]},{\"@type\":\"ImageObject\",\"inLanguage\":\"en-US\",\"@id\":\"https:\/\/pico-bello.hu\/termek\/cavaletti-fa\/#primaryimage\",\"url\":\"https:\/\/pico-bello.hu\/wp-content\/uploads\/2024\/06\/fa-cavaletti.jpg\",\"contentUrl\":\"https:\/\/pico-bello.hu\/wp-content\/uploads\/2024\/06\/fa-cavaletti.jpg\",\"width\":1000,\"height\":1000,\"caption\":\"fa cavaletti\"},{\"@type\":\"BreadcrumbList\",\"@id\":\"https:\/\/pico-bello.hu\/termek\/cavaletti-fa\/#breadcrumb\",\"itemListElement\":[{\"@type\":\"ListItem\",\"position\":1,\"name\":\"Kezd\u0151lap\",\"item\":\"https:\/\/pico-bello.hu\/\"},{\"@type\":\"ListItem\",\"position\":2,\"name\":\"Term\u00e9keink\",\"item\":\"https:\/\/pico-bello.hu\/uzlet\/\"},{\"@type\":\"ListItem\",\"position\":3,\"name\":\"Cavaletti fa\"}]},{\"@type\":\"WebSite\",\"@id\":\"https:\/\/pico-bello.hu\/#website\",\"url\":\"https:\/\/pico-bello.hu\/\",\"name\":\"Pico-Bello\",\"description\":\"D\u00edjugrat\u00f3 \u00e9s Military akad\u00e1lyok, lovas akad\u00e1lyrudak\",\"publisher\":{\"@id\":\"https:\/\/pico-bello.hu\/#organization\"},\"potentialAction\":[{\"@type\":\"SearchAction\",\"target\":{\"@type\":\"EntryPoint\",\"urlTemplate\":\"https:\/\/pico-bello.hu\/?s={search_term_string}\"},\"query-input\":{\"@type\":\"PropertyValueSpecification\",\"valueRequired\":true,\"valueName\":\"search_term_string\"}}],\"inLanguage\":\"en-US\"},{\"@type\":\"Organization\",\"@id\":\"https:\/\/pico-bello.hu\/#organization\",\"name\":\"Pico-Bello\",\"url\":\"https:\/\/pico-bello.hu\/\",\"logo\":{\"@type\":\"ImageObject\",\"inLanguage\":\"en-US\",\"@id\":\"https:\/\/pico-bello.hu\/#\/schema\/logo\/image\/\",\"url\":\"https:\/\/pico-bello.hu\/wp-content\/uploads\/2023\/03\/pico-bello-logo-512.png\",\"contentUrl\":\"https:\/\/pico-bello.hu\/wp-content\/uploads\/2023\/03\/pico-bello-logo-512.png\",\"width\":512,\"height\":512,\"caption\":\"Pico-Bello\"},\"image\":{\"@id\":\"https:\/\/pico-bello.hu\/#\/schema\/logo\/image\/\"}}]}<\/script>\n<meta property=\"product:price:amount\" content=\"38418\" \/>\n<meta property=\"product:price:currency\" content=\"HUF\" \/>\n<meta property=\"og:availability\" content=\"instock\" \/>\n<meta property=\"product:availability\" content=\"instock\" \/>\n<meta property=\"product:retailer_item_id\" content=\"CAV-03\" \/>\n<meta property=\"product:condition\" content=\"new\" \/>\n<!-- \/ Yoast SEO Premium plugin. -->","yoast_head_json":{"title":"Cavaletti fa | Pico-Bello","robots":{"index":"index","follow":"follow","max-snippet":"max-snippet:-1","max-image-preview":"max-image-preview:large","max-video-preview":"max-video-preview:-1"},"canonical":"https:\/\/pico-bello.hu\/en\/product-2\/cavaletti-fa\/","og_locale":"en_US","og_type":"article","og_title":"Cavaletti fa | Pico-Bello","og_description":"A megadott \u00e1r 1 darab komplett cavalettire vonatkozik (2 db talp + akad\u00e1lyr\u00fad).  A term\u00e9kk\u00e9p csak illusztr\u00e1ci\u00f3.","og_url":"https:\/\/pico-bello.hu\/en\/product-2\/cavaletti-fa\/","og_site_name":"Pico-Bello","article_modified_time":"2026-02-25T11:58:42+00:00","og_image":[{"width":1000,"height":1000,"url":"https:\/\/pico-bello.hu\/wp-content\/uploads\/2024\/06\/fa-cavaletti.jpg","type":"image\/jpeg"}],"twitter_card":"summary_large_image","twitter_misc":{"Price":"38418&nbsp;&#70;&#116; (30250&nbsp;&#70;&#116; + \u00c1FA)","Availability":"In stock"},"schema":{"@context":"https:\/\/schema.org","@graph":[{"@type":"WebPage","@id":"https:\/\/pico-bello.hu\/termek\/cavaletti-fa\/","url":"https:\/\/pico-bello.hu\/termek\/cavaletti-fa\/","name":"Cavaletti fa | Pico-Bello","isPartOf":{"@id":"https:\/\/pico-bello.hu\/#website"},"primaryImageOfPage":{"@id":"https:\/\/pico-bello.hu\/termek\/cavaletti-fa\/#primaryimage"},"image":{"@id":"https:\/\/pico-bello.hu\/termek\/cavaletti-fa\/#primaryimage"},"thumbnailUrl":"https:\/\/pico-bello.hu\/wp-content\/uploads\/2024\/06\/fa-cavaletti.jpg","datePublished":"2024-06-11T16:56:19+00:00","dateModified":"2026-02-25T11:58:42+00:00","breadcrumb":{"@id":"https:\/\/pico-bello.hu\/termek\/cavaletti-fa\/#breadcrumb"},"inLanguage":"en-US","potentialAction":[{"@type":"ReadAction","target":["https:\/\/pico-bello.hu\/termek\/cavaletti-fa\/"]}]},{"@type":"ImageObject","inLanguage":"en-US","@id":"https:\/\/pico-bello.hu\/termek\/cavaletti-fa\/#primaryimage","url":"https:\/\/pico-bello.hu\/wp-content\/uploads\/2024\/06\/fa-cavaletti.jpg","contentUrl":"https:\/\/pico-bello.hu\/wp-content\/uploads\/2024\/06\/fa-cavaletti.jpg","width":1000,"height":1000,"caption":"fa cavaletti"},{"@type":"BreadcrumbList","@id":"https:\/\/pico-bello.hu\/termek\/cavaletti-fa\/#breadcrumb","itemListElement":[{"@type":"ListItem","position":1,"name":"Kezd\u0151lap","item":"https:\/\/pico-bello.hu\/"},{"@type":"ListItem","position":2,"name":"Term\u00e9keink","item":"https:\/\/pico-bello.hu\/uzlet\/"},{"@type":"ListItem","position":3,"name":"Cavaletti fa"}]},{"@type":"WebSite","@id":"https:\/\/pico-bello.hu\/#website","url":"https:\/\/pico-bello.hu\/","name":"Pico-Bello","description":"Show jumping and Military hurdles, equestrian steeplechase","publisher":{"@id":"https:\/\/pico-bello.hu\/#organization"},"potentialAction":[{"@type":"SearchAction","target":{"@type":"EntryPoint","urlTemplate":"https:\/\/pico-bello.hu\/?s={search_term_string}"},"query-input":{"@type":"PropertyValueSpecification","valueRequired":true,"valueName":"search_term_string"}}],"inLanguage":"en-US"},{"@type":"Organization","@id":"https:\/\/pico-bello.hu\/#organization","name":"Pico-Bello","url":"https:\/\/pico-bello.hu\/","logo":{"@type":"ImageObject","inLanguage":"en-US","@id":"https:\/\/pico-bello.hu\/#\/schema\/logo\/image\/","url":"https:\/\/pico-bello.hu\/wp-content\/uploads\/2023\/03\/pico-bello-logo-512.png","contentUrl":"https:\/\/pico-bello.hu\/wp-content\/uploads\/2023\/03\/pico-bello-logo-512.png","width":512,"height":512,"caption":"Pico-Bello"},"image":{"@id":"https:\/\/pico-bello.hu\/#\/schema\/logo\/image\/"}}]},"product_price_amount":"38418","product_price_currency":"HUF","og_availability":"instock","product_availability":"instock","product_retailer_item_id":"CAV-03","product_condition":"new"},"_links":{"self":[{"href":"https:\/\/pico-bello.hu\/en\/wp-json\/wp\/v2\/product\/752","targetHints":{"allow":["GET"]}}],"collection":[{"href":"https:\/\/pico-bello.hu\/en\/wp-json\/wp\/v2\/product"}],"about":[{"href":"https:\/\/pico-bello.hu\/en\/wp-json\/wp\/v2\/types\/product"}],"wp:featuredmedia":[{"embeddable":true,"href":"https:\/\/pico-bello.hu\/en\/wp-json\/wp\/v2\/media\/755"}],"wp:attachment":[{"href":"https:\/\/pico-bello.hu\/en\/wp-json\/wp\/v2\/media?parent=752"}],"wp:term":[{"taxonomy":"product_cat","embeddable":true,"href":"https:\/\/pico-bello.hu\/en\/wp-json\/wp\/v2\/product_cat?post=752"},{"taxonomy":"product_tag","embeddable":true,"href":"https:\/\/pico-bello.hu\/en\/wp-json\/wp\/v2\/product_tag?post=752"}],"curies":[{"name":"wp","href":"https:\/\/api.w.org\/{rel}","templated":true}]}}