{"id":709,"date":"2024-06-06T15:10:29","date_gmt":"2024-06-06T13:10:29","guid":{"rendered":"https:\/\/pico-bello.hu\/?post_type=product&#038;p=709"},"modified":"2026-02-25T12:59:41","modified_gmt":"2026-02-25T11:59:41","slug":"akadalyszam-keszlet","status":"publish","type":"product","link":"https:\/\/pico-bello.hu\/en\/termek\/akadalyszam-keszlet\/","title":{"rendered":"Accessible at"},"content":{"rendered":"","protected":false},"excerpt":{"rendered":"<p>The obstacle course set is easy to use and made of durable plastic that can withstand the elements and regular use. The elements are white with highly visible black numbering for easy recognition and legibility. The boards measure 25cm x 30cm x 22cm, which is optimal for numbering obstacles on race courses, ensuring easy identification of obstacles and tracking of the course for competitors.<\/p>\n<p>The price is for one board, numbered or lettered. Available in the desired number of pieces.<\/p>\n<p>The product image is for illustration only.<\/p>","protected":false},"featured_media":751,"template":"","meta":[],"product_cat":[24],"product_tag":[],"class_list":{"0":"post-709","1":"product","2":"type-product","3":"status-publish","4":"has-post-thumbnail","6":"product_cat-kellekek","7":"sales-flash-overlay","8":"woocommerce-text-align-center","9":"woocommerce-image-align-center","10":"do-quantity-buttons","11":"tm-no-options","13":"first","14":"instock","15":"taxable","16":"shipping-taxable","17":"purchasable","18":"product-type-simple"},"yoast_head":"<!-- This site is optimized with the Yoast SEO Premium plugin v27.2 (Yoast SEO v27.2) - https:\/\/yoast.com\/product\/yoast-seo-premium-wordpress\/ -->\n<title>Akad\u00e1lysz\u00e1m | Pico-Bello<\/title>\n<meta name=\"robots\" content=\"index, follow, max-snippet:-1, max-image-preview:large, max-video-preview:-1\" \/>\n<link rel=\"canonical\" href=\"https:\/\/pico-bello.hu\/en\/product-2\/akadalyszam-keszlet\/\" \/>\n<meta property=\"og:locale\" content=\"en_US\" \/>\n<meta property=\"og:type\" content=\"article\" \/>\n<meta property=\"og:title\" content=\"Akad\u00e1lysz\u00e1m | Pico-Bello\" \/>\n<meta property=\"og:description\" content=\"Az akad\u00e1lysz\u00e1m k\u00e9szlet k\u00f6nnyen kezelhet\u0151 \u00e9s tart\u00f3s m\u0171anyagb\u00f3l k\u00e9sz\u00fclt, ami ellen\u00e1ll az id\u0151j\u00e1r\u00e1s viszontags\u00e1gainak \u00e9s a rendszeres haszn\u00e1latnak. Az elemek feh\u00e9r alap\u00faak, j\u00f3l l\u00e1that\u00f3 fekete sz\u00e1moz\u00e1ssal, amely biztos\u00edtja a k\u00f6nny\u0171 felismerhet\u0151s\u00e9get \u00e9s olvashat\u00f3s\u00e1got. A t\u00e1bl\u00e1k m\u00e9rete 25 cm x 30 cm x 22 cm, amely optim\u00e1lis a versenyp\u00e1ly\u00e1k akad\u00e1lyainak sz\u00e1moz\u00e1s\u00e1ra, biztos\u00edtva a versenyz\u0151k sz\u00e1m\u00e1ra az akad\u00e1lyok egyszer\u0171 azonos\u00edt\u00e1s\u00e1t \u00e9s a p\u00e1lya k\u00f6vethet\u0151s\u00e9g\u00e9t.  Az \u00e1r egy darab t\u00e1bl\u00e1ra vonatkozik, feliratozva sz\u00e1mmal vagy bet\u0171vel. A k\u00edv\u00e1nt darabsz\u00e1mban rendelhet\u0151.  A term\u00e9kk\u00e9p csak illusztr\u00e1ci\u00f3.\" \/>\n<meta property=\"og:url\" content=\"https:\/\/pico-bello.hu\/en\/product-2\/akadalyszam-keszlet\/\" \/>\n<meta property=\"og:site_name\" content=\"Pico-Bello\" \/>\n<meta property=\"article:modified_time\" content=\"2026-02-25T11:59:41+00:00\" \/>\n<meta property=\"og:image\" content=\"https:\/\/pico-bello.hu\/wp-content\/uploads\/2024\/06\/szamkeszlet.jpg\" \/>\n\t<meta property=\"og:image:width\" content=\"1080\" \/>\n\t<meta property=\"og:image:height\" content=\"1080\" \/>\n\t<meta property=\"og:image:type\" content=\"image\/jpeg\" \/>\n<meta name=\"twitter:card\" content=\"summary_large_image\" \/>\n<meta name=\"twitter:label1\" content=\"Price\" \/>\n\t<meta name=\"twitter:data1\" content=\"4890&nbsp;&#070;&#116; (3850&nbsp;&#070;&#116; + \u00c1FA)\" \/>\n\t<meta name=\"twitter:label2\" content=\"Availability\" \/>\n\t<meta name=\"twitter:data2\" content=\"In stock\" \/>\n<script type=\"application\/ld+json\" class=\"yoast-schema-graph\">{\"@context\":\"https:\/\/schema.org\",\"@graph\":[{\"@type\":\"WebPage\",\"@id\":\"https:\/\/pico-bello.hu\/termek\/akadalyszam-keszlet\/\",\"url\":\"https:\/\/pico-bello.hu\/termek\/akadalyszam-keszlet\/\",\"name\":\"Akad\u00e1lysz\u00e1m | Pico-Bello\",\"isPartOf\":{\"@id\":\"https:\/\/pico-bello.hu\/#website\"},\"primaryImageOfPage\":{\"@id\":\"https:\/\/pico-bello.hu\/termek\/akadalyszam-keszlet\/#primaryimage\"},\"image\":{\"@id\":\"https:\/\/pico-bello.hu\/termek\/akadalyszam-keszlet\/#primaryimage\"},\"thumbnailUrl\":\"https:\/\/pico-bello.hu\/wp-content\/uploads\/2024\/06\/szamkeszlet.jpg\",\"datePublished\":\"2024-06-06T13:10:29+00:00\",\"dateModified\":\"2026-02-25T11:59:41+00:00\",\"breadcrumb\":{\"@id\":\"https:\/\/pico-bello.hu\/termek\/akadalyszam-keszlet\/#breadcrumb\"},\"inLanguage\":\"en-US\",\"potentialAction\":[{\"@type\":\"ReadAction\",\"target\":[\"https:\/\/pico-bello.hu\/termek\/akadalyszam-keszlet\/\"]}]},{\"@type\":\"ImageObject\",\"inLanguage\":\"en-US\",\"@id\":\"https:\/\/pico-bello.hu\/termek\/akadalyszam-keszlet\/#primaryimage\",\"url\":\"https:\/\/pico-bello.hu\/wp-content\/uploads\/2024\/06\/szamkeszlet.jpg\",\"contentUrl\":\"https:\/\/pico-bello.hu\/wp-content\/uploads\/2024\/06\/szamkeszlet.jpg\",\"width\":1080,\"height\":1080,\"caption\":\"Akad\u00e1lysz\u00e1m k\u00e9szlet\"},{\"@type\":\"BreadcrumbList\",\"@id\":\"https:\/\/pico-bello.hu\/termek\/akadalyszam-keszlet\/#breadcrumb\",\"itemListElement\":[{\"@type\":\"ListItem\",\"position\":1,\"name\":\"Kezd\u0151lap\",\"item\":\"https:\/\/pico-bello.hu\/\"},{\"@type\":\"ListItem\",\"position\":2,\"name\":\"Term\u00e9keink\",\"item\":\"https:\/\/pico-bello.hu\/uzlet\/\"},{\"@type\":\"ListItem\",\"position\":3,\"name\":\"Akad\u00e1lysz\u00e1m\"}]},{\"@type\":\"WebSite\",\"@id\":\"https:\/\/pico-bello.hu\/#website\",\"url\":\"https:\/\/pico-bello.hu\/\",\"name\":\"Pico-Bello\",\"description\":\"D\u00edjugrat\u00f3 \u00e9s Military akad\u00e1lyok, lovas akad\u00e1lyrudak\",\"publisher\":{\"@id\":\"https:\/\/pico-bello.hu\/#organization\"},\"potentialAction\":[{\"@type\":\"SearchAction\",\"target\":{\"@type\":\"EntryPoint\",\"urlTemplate\":\"https:\/\/pico-bello.hu\/?s={search_term_string}\"},\"query-input\":{\"@type\":\"PropertyValueSpecification\",\"valueRequired\":true,\"valueName\":\"search_term_string\"}}],\"inLanguage\":\"en-US\"},{\"@type\":\"Organization\",\"@id\":\"https:\/\/pico-bello.hu\/#organization\",\"name\":\"Pico-Bello\",\"url\":\"https:\/\/pico-bello.hu\/\",\"logo\":{\"@type\":\"ImageObject\",\"inLanguage\":\"en-US\",\"@id\":\"https:\/\/pico-bello.hu\/#\/schema\/logo\/image\/\",\"url\":\"https:\/\/pico-bello.hu\/wp-content\/uploads\/2023\/03\/pico-bello-logo-512.png\",\"contentUrl\":\"https:\/\/pico-bello.hu\/wp-content\/uploads\/2023\/03\/pico-bello-logo-512.png\",\"width\":512,\"height\":512,\"caption\":\"Pico-Bello\"},\"image\":{\"@id\":\"https:\/\/pico-bello.hu\/#\/schema\/logo\/image\/\"}}]}<\/script>\n<meta property=\"product:price:amount\" content=\"4890\" \/>\n<meta property=\"product:price:currency\" content=\"HUF\" \/>\n<meta property=\"og:availability\" content=\"instock\" \/>\n<meta property=\"product:availability\" content=\"instock\" \/>\n<meta property=\"product:retailer_item_id\" content=\"NUM-01\" \/>\n<meta property=\"product:condition\" content=\"new\" \/>\n<!-- \/ Yoast SEO Premium plugin. -->","yoast_head_json":{"title":"Accessibility | Pico-Bello","robots":{"index":"index","follow":"follow","max-snippet":"max-snippet:-1","max-image-preview":"max-image-preview:large","max-video-preview":"max-video-preview:-1"},"canonical":"https:\/\/pico-bello.hu\/en\/product-2\/akadalyszam-keszlet\/","og_locale":"en_US","og_type":"article","og_title":"Akad\u00e1lysz\u00e1m | Pico-Bello","og_description":"Az akad\u00e1lysz\u00e1m k\u00e9szlet k\u00f6nnyen kezelhet\u0151 \u00e9s tart\u00f3s m\u0171anyagb\u00f3l k\u00e9sz\u00fclt, ami ellen\u00e1ll az id\u0151j\u00e1r\u00e1s viszontags\u00e1gainak \u00e9s a rendszeres haszn\u00e1latnak. Az elemek feh\u00e9r alap\u00faak, j\u00f3l l\u00e1that\u00f3 fekete sz\u00e1moz\u00e1ssal, amely biztos\u00edtja a k\u00f6nny\u0171 felismerhet\u0151s\u00e9get \u00e9s olvashat\u00f3s\u00e1got. A t\u00e1bl\u00e1k m\u00e9rete 25 cm x 30 cm x 22 cm, amely optim\u00e1lis a versenyp\u00e1ly\u00e1k akad\u00e1lyainak sz\u00e1moz\u00e1s\u00e1ra, biztos\u00edtva a versenyz\u0151k sz\u00e1m\u00e1ra az akad\u00e1lyok egyszer\u0171 azonos\u00edt\u00e1s\u00e1t \u00e9s a p\u00e1lya k\u00f6vethet\u0151s\u00e9g\u00e9t.  Az \u00e1r egy darab t\u00e1bl\u00e1ra vonatkozik, feliratozva sz\u00e1mmal vagy bet\u0171vel. A k\u00edv\u00e1nt darabsz\u00e1mban rendelhet\u0151.  A term\u00e9kk\u00e9p csak illusztr\u00e1ci\u00f3.","og_url":"https:\/\/pico-bello.hu\/en\/product-2\/akadalyszam-keszlet\/","og_site_name":"Pico-Bello","article_modified_time":"2026-02-25T11:59:41+00:00","og_image":[{"width":1080,"height":1080,"url":"https:\/\/pico-bello.hu\/wp-content\/uploads\/2024\/06\/szamkeszlet.jpg","type":"image\/jpeg"}],"twitter_card":"summary_large_image","twitter_misc":{"Price":"4890&nbsp;&#70;&#116; (3850&nbsp;&#70;&#116; + \u00c1FA)","Availability":"In stock"},"schema":{"@context":"https:\/\/schema.org","@graph":[{"@type":"WebPage","@id":"https:\/\/pico-bello.hu\/termek\/akadalyszam-keszlet\/","url":"https:\/\/pico-bello.hu\/termek\/akadalyszam-keszlet\/","name":"Accessibility | Pico-Bello","isPartOf":{"@id":"https:\/\/pico-bello.hu\/#website"},"primaryImageOfPage":{"@id":"https:\/\/pico-bello.hu\/termek\/akadalyszam-keszlet\/#primaryimage"},"image":{"@id":"https:\/\/pico-bello.hu\/termek\/akadalyszam-keszlet\/#primaryimage"},"thumbnailUrl":"https:\/\/pico-bello.hu\/wp-content\/uploads\/2024\/06\/szamkeszlet.jpg","datePublished":"2024-06-06T13:10:29+00:00","dateModified":"2026-02-25T11:59:41+00:00","breadcrumb":{"@id":"https:\/\/pico-bello.hu\/termek\/akadalyszam-keszlet\/#breadcrumb"},"inLanguage":"en-US","potentialAction":[{"@type":"ReadAction","target":["https:\/\/pico-bello.hu\/termek\/akadalyszam-keszlet\/"]}]},{"@type":"ImageObject","inLanguage":"en-US","@id":"https:\/\/pico-bello.hu\/termek\/akadalyszam-keszlet\/#primaryimage","url":"https:\/\/pico-bello.hu\/wp-content\/uploads\/2024\/06\/szamkeszlet.jpg","contentUrl":"https:\/\/pico-bello.hu\/wp-content\/uploads\/2024\/06\/szamkeszlet.jpg","width":1080,"height":1080,"caption":"Akad\u00e1lysz\u00e1m k\u00e9szlet"},{"@type":"BreadcrumbList","@id":"https:\/\/pico-bello.hu\/termek\/akadalyszam-keszlet\/#breadcrumb","itemListElement":[{"@type":"ListItem","position":1,"name":"Kezd\u0151lap","item":"https:\/\/pico-bello.hu\/"},{"@type":"ListItem","position":2,"name":"Term\u00e9keink","item":"https:\/\/pico-bello.hu\/uzlet\/"},{"@type":"ListItem","position":3,"name":"Akad\u00e1lysz\u00e1m"}]},{"@type":"WebSite","@id":"https:\/\/pico-bello.hu\/#website","url":"https:\/\/pico-bello.hu\/","name":"Pico-Bello","description":"Show jumping and Military hurdles, equestrian steeplechase","publisher":{"@id":"https:\/\/pico-bello.hu\/#organization"},"potentialAction":[{"@type":"SearchAction","target":{"@type":"EntryPoint","urlTemplate":"https:\/\/pico-bello.hu\/?s={search_term_string}"},"query-input":{"@type":"PropertyValueSpecification","valueRequired":true,"valueName":"search_term_string"}}],"inLanguage":"en-US"},{"@type":"Organization","@id":"https:\/\/pico-bello.hu\/#organization","name":"Pico-Bello","url":"https:\/\/pico-bello.hu\/","logo":{"@type":"ImageObject","inLanguage":"en-US","@id":"https:\/\/pico-bello.hu\/#\/schema\/logo\/image\/","url":"https:\/\/pico-bello.hu\/wp-content\/uploads\/2023\/03\/pico-bello-logo-512.png","contentUrl":"https:\/\/pico-bello.hu\/wp-content\/uploads\/2023\/03\/pico-bello-logo-512.png","width":512,"height":512,"caption":"Pico-Bello"},"image":{"@id":"https:\/\/pico-bello.hu\/#\/schema\/logo\/image\/"}}]},"product_price_amount":"4890","product_price_currency":"HUF","og_availability":"instock","product_availability":"instock","product_retailer_item_id":"NUM-01","product_condition":"new"},"_links":{"self":[{"href":"https:\/\/pico-bello.hu\/en\/wp-json\/wp\/v2\/product\/709","targetHints":{"allow":["GET"]}}],"collection":[{"href":"https:\/\/pico-bello.hu\/en\/wp-json\/wp\/v2\/product"}],"about":[{"href":"https:\/\/pico-bello.hu\/en\/wp-json\/wp\/v2\/types\/product"}],"wp:featuredmedia":[{"embeddable":true,"href":"https:\/\/pico-bello.hu\/en\/wp-json\/wp\/v2\/media\/751"}],"wp:attachment":[{"href":"https:\/\/pico-bello.hu\/en\/wp-json\/wp\/v2\/media?parent=709"}],"wp:term":[{"taxonomy":"product_cat","embeddable":true,"href":"https:\/\/pico-bello.hu\/en\/wp-json\/wp\/v2\/product_cat?post=709"},{"taxonomy":"product_tag","embeddable":true,"href":"https:\/\/pico-bello.hu\/en\/wp-json\/wp\/v2\/product_tag?post=709"}],"curies":[{"name":"wp","href":"https:\/\/api.w.org\/{rel}","templated":true}]}}