{"id":708,"date":"2024-06-06T15:09:38","date_gmt":"2024-06-06T13:09:38","guid":{"rendered":"https:\/\/pico-bello.hu\/?post_type=product&#038;p=708"},"modified":"2026-02-25T13:01:42","modified_gmt":"2026-02-25T12:01:42","slug":"akadaly-sin-1","status":"publish","type":"product","link":"https:\/\/pico-bello.hu\/en\/termek\/akadaly-sin-1\/","title":{"rendered":"Galvanized barrier rail"},"content":{"rendered":"","protected":false},"excerpt":{"rendered":"<p>The obstacle rails are designed to be easily assembled, making it easier to quickly build and modify obstacle courses. These rails are between 100 and 150 cm long, which makes them the ideal size for stable mounting of various obstacles. The holes have a diameter of 24 mm, which allows safe and stable fixing on competition and training courses. With this size, the rails are flexible to suit different anchoring requirements and conditions of use.<\/p>","protected":false},"featured_media":739,"template":"","meta":[],"product_cat":[24],"product_tag":[],"class_list":{"0":"post-708","1":"product","2":"type-product","3":"status-publish","4":"has-post-thumbnail","6":"product_cat-kellekek","7":"product_shipping_class-terjedelmes","8":"sales-flash-overlay","9":"woocommerce-text-align-center","10":"woocommerce-image-align-center","11":"do-quantity-buttons","12":"wc-has-gallery","13":"tm-no-options","15":"first","16":"instock","17":"taxable","18":"shipping-taxable","19":"purchasable","20":"product-type-variable"},"yoast_head":"<!-- This site is optimized with the Yoast SEO Premium plugin v27.2 (Yoast SEO v27.2) - https:\/\/yoast.com\/product\/yoast-seo-premium-wordpress\/ -->\n<title>Horganyzott akad\u00e1ly s\u00edn | Pico-Bello<\/title>\n<meta name=\"robots\" content=\"index, follow, max-snippet:-1, max-image-preview:large, max-video-preview:-1\" \/>\n<link rel=\"canonical\" href=\"https:\/\/pico-bello.hu\/en\/product-2\/akadaly-sin-1\/\" \/>\n<meta property=\"og:locale\" content=\"en_US\" \/>\n<meta property=\"og:type\" content=\"article\" \/>\n<meta property=\"og:title\" content=\"Horganyzott akad\u00e1ly s\u00edn | Pico-Bello\" \/>\n<meta property=\"og:description\" content=\"Az akad\u00e1lys\u00ednek \u00fagy lettek kialak\u00edtva, hogy k\u00f6nnyed\u00e9n szerelhet\u0151k legyenek, ezzel megk\u00f6nny\u00edtve az akad\u00e1lyp\u00e1ly\u00e1k gyors fel\u00e9p\u00edt\u00e9s\u00e9t \u00e9s \u00e1talak\u00edt\u00e1s\u00e1t. Ezek a s\u00ednek 100-150 cm hossz\u00faak, ami ide\u00e1lis m\u00e9retet biztos\u00edt a k\u00fcl\u00f6nf\u00e9le akad\u00e1lyok stabil r\u00f6gz\u00edt\u00e9s\u00e9hez. A furatok \u00e1tm\u00e9r\u0151je 24 mm, ami lehet\u0151v\u00e9 teszi a biztons\u00e1gos \u00e9s stabil r\u00f6gz\u00edt\u00e9st a verseny- \u00e9s edz\u0151p\u00e1ly\u00e1kon. Ezzel a m\u00e9rettel a s\u00ednek rugalmasan illeszkednek a k\u00fcl\u00f6nb\u00f6z\u0151 r\u00f6gz\u00edt\u00e9si k\u00f6vetelm\u00e9nyekhez \u00e9s haszn\u00e1lati felt\u00e9telekhez.\" \/>\n<meta property=\"og:url\" content=\"https:\/\/pico-bello.hu\/en\/product-2\/akadaly-sin-1\/\" \/>\n<meta property=\"og:site_name\" content=\"Pico-Bello\" \/>\n<meta property=\"article:modified_time\" content=\"2026-02-25T12:01:42+00:00\" \/>\n<meta property=\"og:image\" content=\"https:\/\/pico-bello.hu\/wp-content\/uploads\/2024\/06\/akadaly-sin-1.jpg\" \/>\n\t<meta property=\"og:image:width\" content=\"1080\" \/>\n\t<meta property=\"og:image:height\" content=\"1080\" \/>\n\t<meta property=\"og:image:type\" content=\"image\/jpeg\" \/>\n<meta name=\"twitter:card\" content=\"summary_large_image\" \/>\n<meta name=\"twitter:label1\" content=\"Availability\" \/>\n\t<meta name=\"twitter:data1\" content=\"In stock\" \/>\n<script type=\"application\/ld+json\" class=\"yoast-schema-graph\">{\"@context\":\"https:\/\/schema.org\",\"@graph\":[{\"@type\":\"WebPage\",\"@id\":\"https:\/\/pico-bello.hu\/termek\/akadaly-sin-1\/\",\"url\":\"https:\/\/pico-bello.hu\/termek\/akadaly-sin-1\/\",\"name\":\"Horganyzott akad\u00e1ly s\u00edn | Pico-Bello\",\"isPartOf\":{\"@id\":\"https:\/\/pico-bello.hu\/#website\"},\"primaryImageOfPage\":{\"@id\":\"https:\/\/pico-bello.hu\/termek\/akadaly-sin-1\/#primaryimage\"},\"image\":{\"@id\":\"https:\/\/pico-bello.hu\/termek\/akadaly-sin-1\/#primaryimage\"},\"thumbnailUrl\":\"https:\/\/pico-bello.hu\/wp-content\/uploads\/2024\/06\/akadaly-sin-1.jpg\",\"datePublished\":\"2024-06-06T13:09:38+00:00\",\"dateModified\":\"2026-02-25T12:01:42+00:00\",\"breadcrumb\":{\"@id\":\"https:\/\/pico-bello.hu\/termek\/akadaly-sin-1\/#breadcrumb\"},\"inLanguage\":\"en-US\",\"potentialAction\":[{\"@type\":\"ReadAction\",\"target\":[\"https:\/\/pico-bello.hu\/termek\/akadaly-sin-1\/\"]}]},{\"@type\":\"ImageObject\",\"inLanguage\":\"en-US\",\"@id\":\"https:\/\/pico-bello.hu\/termek\/akadaly-sin-1\/#primaryimage\",\"url\":\"https:\/\/pico-bello.hu\/wp-content\/uploads\/2024\/06\/akadaly-sin-1.jpg\",\"contentUrl\":\"https:\/\/pico-bello.hu\/wp-content\/uploads\/2024\/06\/akadaly-sin-1.jpg\",\"width\":1080,\"height\":1080,\"caption\":\"Horganyzott akad\u00e1ly s\u00edn\"},{\"@type\":\"BreadcrumbList\",\"@id\":\"https:\/\/pico-bello.hu\/termek\/akadaly-sin-1\/#breadcrumb\",\"itemListElement\":[{\"@type\":\"ListItem\",\"position\":1,\"name\":\"Kezd\u0151lap\",\"item\":\"https:\/\/pico-bello.hu\/\"},{\"@type\":\"ListItem\",\"position\":2,\"name\":\"Term\u00e9keink\",\"item\":\"https:\/\/pico-bello.hu\/uzlet\/\"},{\"@type\":\"ListItem\",\"position\":3,\"name\":\"Horganyzott akad\u00e1ly s\u00edn\"}]},{\"@type\":\"WebSite\",\"@id\":\"https:\/\/pico-bello.hu\/#website\",\"url\":\"https:\/\/pico-bello.hu\/\",\"name\":\"Pico-Bello\",\"description\":\"D\u00edjugrat\u00f3 \u00e9s Military akad\u00e1lyok, lovas akad\u00e1lyrudak\",\"publisher\":{\"@id\":\"https:\/\/pico-bello.hu\/#organization\"},\"potentialAction\":[{\"@type\":\"SearchAction\",\"target\":{\"@type\":\"EntryPoint\",\"urlTemplate\":\"https:\/\/pico-bello.hu\/?s={search_term_string}\"},\"query-input\":{\"@type\":\"PropertyValueSpecification\",\"valueRequired\":true,\"valueName\":\"search_term_string\"}}],\"inLanguage\":\"en-US\"},{\"@type\":\"Organization\",\"@id\":\"https:\/\/pico-bello.hu\/#organization\",\"name\":\"Pico-Bello\",\"url\":\"https:\/\/pico-bello.hu\/\",\"logo\":{\"@type\":\"ImageObject\",\"inLanguage\":\"en-US\",\"@id\":\"https:\/\/pico-bello.hu\/#\/schema\/logo\/image\/\",\"url\":\"https:\/\/pico-bello.hu\/wp-content\/uploads\/2023\/03\/pico-bello-logo-512.png\",\"contentUrl\":\"https:\/\/pico-bello.hu\/wp-content\/uploads\/2023\/03\/pico-bello-logo-512.png\",\"width\":512,\"height\":512,\"caption\":\"Pico-Bello\"},\"image\":{\"@id\":\"https:\/\/pico-bello.hu\/#\/schema\/logo\/image\/\"}}]}<\/script>\n<meta property=\"og:availability\" content=\"instock\" \/>\n<meta property=\"product:availability\" content=\"instock\" \/>\n<meta property=\"product:retailer_item_id\" content=\"SIN-01\" \/>\n<meta property=\"product:condition\" content=\"new\" \/>\n<!-- \/ Yoast SEO Premium plugin. -->","yoast_head_json":{"title":"Galvanized barrier rail | Pico-Bello","robots":{"index":"index","follow":"follow","max-snippet":"max-snippet:-1","max-image-preview":"max-image-preview:large","max-video-preview":"max-video-preview:-1"},"canonical":"https:\/\/pico-bello.hu\/en\/product-2\/akadaly-sin-1\/","og_locale":"en_US","og_type":"article","og_title":"Horganyzott akad\u00e1ly s\u00edn | Pico-Bello","og_description":"Az akad\u00e1lys\u00ednek \u00fagy lettek kialak\u00edtva, hogy k\u00f6nnyed\u00e9n szerelhet\u0151k legyenek, ezzel megk\u00f6nny\u00edtve az akad\u00e1lyp\u00e1ly\u00e1k gyors fel\u00e9p\u00edt\u00e9s\u00e9t \u00e9s \u00e1talak\u00edt\u00e1s\u00e1t. Ezek a s\u00ednek 100-150 cm hossz\u00faak, ami ide\u00e1lis m\u00e9retet biztos\u00edt a k\u00fcl\u00f6nf\u00e9le akad\u00e1lyok stabil r\u00f6gz\u00edt\u00e9s\u00e9hez. A furatok \u00e1tm\u00e9r\u0151je 24 mm, ami lehet\u0151v\u00e9 teszi a biztons\u00e1gos \u00e9s stabil r\u00f6gz\u00edt\u00e9st a verseny- \u00e9s edz\u0151p\u00e1ly\u00e1kon. Ezzel a m\u00e9rettel a s\u00ednek rugalmasan illeszkednek a k\u00fcl\u00f6nb\u00f6z\u0151 r\u00f6gz\u00edt\u00e9si k\u00f6vetelm\u00e9nyekhez \u00e9s haszn\u00e1lati felt\u00e9telekhez.","og_url":"https:\/\/pico-bello.hu\/en\/product-2\/akadaly-sin-1\/","og_site_name":"Pico-Bello","article_modified_time":"2026-02-25T12:01:42+00:00","og_image":[{"width":1080,"height":1080,"url":"https:\/\/pico-bello.hu\/wp-content\/uploads\/2024\/06\/akadaly-sin-1.jpg","type":"image\/jpeg"}],"twitter_card":"summary_large_image","twitter_misc":{"Availability":"In stock"},"schema":{"@context":"https:\/\/schema.org","@graph":[{"@type":"WebPage","@id":"https:\/\/pico-bello.hu\/termek\/akadaly-sin-1\/","url":"https:\/\/pico-bello.hu\/termek\/akadaly-sin-1\/","name":"Galvanized barrier rail | Pico-Bello","isPartOf":{"@id":"https:\/\/pico-bello.hu\/#website"},"primaryImageOfPage":{"@id":"https:\/\/pico-bello.hu\/termek\/akadaly-sin-1\/#primaryimage"},"image":{"@id":"https:\/\/pico-bello.hu\/termek\/akadaly-sin-1\/#primaryimage"},"thumbnailUrl":"https:\/\/pico-bello.hu\/wp-content\/uploads\/2024\/06\/akadaly-sin-1.jpg","datePublished":"2024-06-06T13:09:38+00:00","dateModified":"2026-02-25T12:01:42+00:00","breadcrumb":{"@id":"https:\/\/pico-bello.hu\/termek\/akadaly-sin-1\/#breadcrumb"},"inLanguage":"en-US","potentialAction":[{"@type":"ReadAction","target":["https:\/\/pico-bello.hu\/termek\/akadaly-sin-1\/"]}]},{"@type":"ImageObject","inLanguage":"en-US","@id":"https:\/\/pico-bello.hu\/termek\/akadaly-sin-1\/#primaryimage","url":"https:\/\/pico-bello.hu\/wp-content\/uploads\/2024\/06\/akadaly-sin-1.jpg","contentUrl":"https:\/\/pico-bello.hu\/wp-content\/uploads\/2024\/06\/akadaly-sin-1.jpg","width":1080,"height":1080,"caption":"Horganyzott akad\u00e1ly s\u00edn"},{"@type":"BreadcrumbList","@id":"https:\/\/pico-bello.hu\/termek\/akadaly-sin-1\/#breadcrumb","itemListElement":[{"@type":"ListItem","position":1,"name":"Kezd\u0151lap","item":"https:\/\/pico-bello.hu\/"},{"@type":"ListItem","position":2,"name":"Term\u00e9keink","item":"https:\/\/pico-bello.hu\/uzlet\/"},{"@type":"ListItem","position":3,"name":"Horganyzott akad\u00e1ly s\u00edn"}]},{"@type":"WebSite","@id":"https:\/\/pico-bello.hu\/#website","url":"https:\/\/pico-bello.hu\/","name":"Pico-Bello","description":"Show jumping and Military hurdles, equestrian steeplechase","publisher":{"@id":"https:\/\/pico-bello.hu\/#organization"},"potentialAction":[{"@type":"SearchAction","target":{"@type":"EntryPoint","urlTemplate":"https:\/\/pico-bello.hu\/?s={search_term_string}"},"query-input":{"@type":"PropertyValueSpecification","valueRequired":true,"valueName":"search_term_string"}}],"inLanguage":"en-US"},{"@type":"Organization","@id":"https:\/\/pico-bello.hu\/#organization","name":"Pico-Bello","url":"https:\/\/pico-bello.hu\/","logo":{"@type":"ImageObject","inLanguage":"en-US","@id":"https:\/\/pico-bello.hu\/#\/schema\/logo\/image\/","url":"https:\/\/pico-bello.hu\/wp-content\/uploads\/2023\/03\/pico-bello-logo-512.png","contentUrl":"https:\/\/pico-bello.hu\/wp-content\/uploads\/2023\/03\/pico-bello-logo-512.png","width":512,"height":512,"caption":"Pico-Bello"},"image":{"@id":"https:\/\/pico-bello.hu\/#\/schema\/logo\/image\/"}}]},"og_availability":"instock","product_availability":"instock","product_retailer_item_id":"SIN-01","product_condition":"new"},"_links":{"self":[{"href":"https:\/\/pico-bello.hu\/en\/wp-json\/wp\/v2\/product\/708","targetHints":{"allow":["GET"]}}],"collection":[{"href":"https:\/\/pico-bello.hu\/en\/wp-json\/wp\/v2\/product"}],"about":[{"href":"https:\/\/pico-bello.hu\/en\/wp-json\/wp\/v2\/types\/product"}],"wp:featuredmedia":[{"embeddable":true,"href":"https:\/\/pico-bello.hu\/en\/wp-json\/wp\/v2\/media\/739"}],"wp:attachment":[{"href":"https:\/\/pico-bello.hu\/en\/wp-json\/wp\/v2\/media?parent=708"}],"wp:term":[{"taxonomy":"product_cat","embeddable":true,"href":"https:\/\/pico-bello.hu\/en\/wp-json\/wp\/v2\/product_cat?post=708"},{"taxonomy":"product_tag","embeddable":true,"href":"https:\/\/pico-bello.hu\/en\/wp-json\/wp\/v2\/product_tag?post=708"}],"curies":[{"name":"wp","href":"https:\/\/api.w.org\/{rel}","templated":true}]}}