{"id":705,"date":"2024-06-06T14:18:19","date_gmt":"2024-06-06T12:18:19","guid":{"rendered":"https:\/\/pico-bello.hu\/?post_type=product&#038;p=705"},"modified":"2026-02-25T13:06:01","modified_gmt":"2026-02-25T12:06:01","slug":"stacionata-1","status":"publish","type":"product","link":"https:\/\/pico-bello.hu\/en\/termek\/stacionata-1\/","title":{"rendered":"Stacionata Round-arched"},"content":{"rendered":"","protected":false},"excerpt":{"rendered":"<p>Stations are special inserts that are placed on their own stable base between the outliers of the obstacle. These elements, which vary in height, are placed in the middle of the obstacles, usually between 50 and 100 cm high, depending on the category to which they belong. The special design of the staging areas is not only important from an aesthetic point of view, but also plays a functional role in increasing the complexity and technical challenge of the obstacle courses.<\/p>\n<p>The product shown in the picture is 120\u00d760 cm, but is available in various sizes, designs and colours.<\/p>\n<p><strong>The price is per piece and may vary depending on the design.<\/strong><\/p>","protected":false},"featured_media":1007,"template":"","meta":[],"product_cat":[30],"product_tag":[],"class_list":{"0":"post-705","1":"product","2":"type-product","3":"status-publish","4":"has-post-thumbnail","6":"product_cat-stacionatak","7":"sales-flash-overlay","8":"woocommerce-text-align-center","9":"woocommerce-image-align-center","10":"do-quantity-buttons","11":"wc-has-gallery","12":"tm-no-options","14":"first","15":"instock","16":"taxable","17":"shipping-taxable","18":"purchasable","19":"product-type-simple"},"yoast_head":"<!-- This site is optimized with the Yoast SEO Premium plugin v27.2 (Yoast SEO v27.2) - https:\/\/yoast.com\/product\/yoast-seo-premium-wordpress\/ -->\n<title>Stacion\u00e1ta K\u00f6r\u00edves | Pico-Bello<\/title>\n<meta name=\"description\" content=\"A stacion\u00e1t\u00e1k olyan speci\u00e1lis bet\u00e9telemek, amelyek saj\u00e1t stabil talpukon \u00e1llva ker\u00fclnek az akad\u00e1ly kit\u00f6r\u0151i k\u00f6z\u00e9. K\u00fcl\u00f6nf\u00e9le kialak\u00edt\u00e1sban k\u00e9rhet\u0151.\" \/>\n<meta name=\"robots\" content=\"index, follow, max-snippet:-1, max-image-preview:large, max-video-preview:-1\" \/>\n<link rel=\"canonical\" href=\"https:\/\/pico-bello.hu\/en\/product-2\/stacionata-1\/\" \/>\n<meta property=\"og:locale\" content=\"en_US\" \/>\n<meta property=\"og:type\" content=\"article\" \/>\n<meta property=\"og:title\" content=\"Stacion\u00e1ta K\u00f6r\u00edves | Pico-Bello\" \/>\n<meta property=\"og:description\" content=\"A stacion\u00e1t\u00e1k olyan speci\u00e1lis bet\u00e9telemek, amelyek saj\u00e1t stabil talpukon \u00e1llva ker\u00fclnek az akad\u00e1ly kit\u00f6r\u0151i k\u00f6z\u00e9. K\u00fcl\u00f6nf\u00e9le kialak\u00edt\u00e1sban k\u00e9rhet\u0151.\" \/>\n<meta property=\"og:url\" content=\"https:\/\/pico-bello.hu\/en\/product-2\/stacionata-1\/\" \/>\n<meta property=\"og:site_name\" content=\"Pico-Bello\" \/>\n<meta property=\"article:modified_time\" content=\"2026-02-25T12:06:01+00:00\" \/>\n<meta property=\"og:image\" content=\"https:\/\/pico-bello.hu\/wp-content\/uploads\/2024\/06\/stacionata-74.jpg\" \/>\n\t<meta property=\"og:image:width\" content=\"1080\" \/>\n\t<meta property=\"og:image:height\" content=\"1080\" \/>\n\t<meta property=\"og:image:type\" content=\"image\/jpeg\" \/>\n<meta name=\"twitter:card\" content=\"summary_large_image\" \/>\n<meta name=\"twitter:label1\" content=\"Price\" \/>\n\t<meta name=\"twitter:data1\" content=\"50990&nbsp;&#070;&#116; (40150&nbsp;&#070;&#116; + \u00c1FA)\" \/>\n\t<meta name=\"twitter:label2\" content=\"Availability\" \/>\n\t<meta name=\"twitter:data2\" content=\"In stock\" \/>\n<script type=\"application\/ld+json\" class=\"yoast-schema-graph\">{\"@context\":\"https:\/\/schema.org\",\"@graph\":[{\"@type\":\"WebPage\",\"@id\":\"https:\/\/pico-bello.hu\/termek\/stacionata-1\/\",\"url\":\"https:\/\/pico-bello.hu\/termek\/stacionata-1\/\",\"name\":\"Stacion\u00e1ta K\u00f6r\u00edves | Pico-Bello\",\"isPartOf\":{\"@id\":\"https:\/\/pico-bello.hu\/#website\"},\"primaryImageOfPage\":{\"@id\":\"https:\/\/pico-bello.hu\/termek\/stacionata-1\/#primaryimage\"},\"image\":{\"@id\":\"https:\/\/pico-bello.hu\/termek\/stacionata-1\/#primaryimage\"},\"thumbnailUrl\":\"https:\/\/pico-bello.hu\/wp-content\/uploads\/2024\/06\/stacionata-74.jpg\",\"datePublished\":\"2024-06-06T12:18:19+00:00\",\"dateModified\":\"2026-02-25T12:06:01+00:00\",\"description\":\"A stacion\u00e1t\u00e1k olyan speci\u00e1lis bet\u00e9telemek, amelyek saj\u00e1t stabil talpukon \u00e1llva ker\u00fclnek az akad\u00e1ly kit\u00f6r\u0151i k\u00f6z\u00e9. K\u00fcl\u00f6nf\u00e9le kialak\u00edt\u00e1sban k\u00e9rhet\u0151.\",\"breadcrumb\":{\"@id\":\"https:\/\/pico-bello.hu\/termek\/stacionata-1\/#breadcrumb\"},\"inLanguage\":\"en-US\",\"potentialAction\":[{\"@type\":\"ReadAction\",\"target\":[\"https:\/\/pico-bello.hu\/termek\/stacionata-1\/\"]}]},{\"@type\":\"ImageObject\",\"inLanguage\":\"en-US\",\"@id\":\"https:\/\/pico-bello.hu\/termek\/stacionata-1\/#primaryimage\",\"url\":\"https:\/\/pico-bello.hu\/wp-content\/uploads\/2024\/06\/stacionata-74.jpg\",\"contentUrl\":\"https:\/\/pico-bello.hu\/wp-content\/uploads\/2024\/06\/stacionata-74.jpg\",\"width\":1080,\"height\":1080,\"caption\":\"Stacion\u00e1ta lovas akad\u00e1ly\"},{\"@type\":\"BreadcrumbList\",\"@id\":\"https:\/\/pico-bello.hu\/termek\/stacionata-1\/#breadcrumb\",\"itemListElement\":[{\"@type\":\"ListItem\",\"position\":1,\"name\":\"Kezd\u0151lap\",\"item\":\"https:\/\/pico-bello.hu\/\"},{\"@type\":\"ListItem\",\"position\":2,\"name\":\"Term\u00e9keink\",\"item\":\"https:\/\/pico-bello.hu\/uzlet\/\"},{\"@type\":\"ListItem\",\"position\":3,\"name\":\"Stacion\u00e1ta K\u00f6r\u00edves\"}]},{\"@type\":\"WebSite\",\"@id\":\"https:\/\/pico-bello.hu\/#website\",\"url\":\"https:\/\/pico-bello.hu\/\",\"name\":\"Pico-Bello\",\"description\":\"D\u00edjugrat\u00f3 \u00e9s Military akad\u00e1lyok, lovas akad\u00e1lyrudak\",\"publisher\":{\"@id\":\"https:\/\/pico-bello.hu\/#organization\"},\"potentialAction\":[{\"@type\":\"SearchAction\",\"target\":{\"@type\":\"EntryPoint\",\"urlTemplate\":\"https:\/\/pico-bello.hu\/?s={search_term_string}\"},\"query-input\":{\"@type\":\"PropertyValueSpecification\",\"valueRequired\":true,\"valueName\":\"search_term_string\"}}],\"inLanguage\":\"en-US\"},{\"@type\":\"Organization\",\"@id\":\"https:\/\/pico-bello.hu\/#organization\",\"name\":\"Pico-Bello\",\"url\":\"https:\/\/pico-bello.hu\/\",\"logo\":{\"@type\":\"ImageObject\",\"inLanguage\":\"en-US\",\"@id\":\"https:\/\/pico-bello.hu\/#\/schema\/logo\/image\/\",\"url\":\"https:\/\/pico-bello.hu\/wp-content\/uploads\/2023\/03\/pico-bello-logo-512.png\",\"contentUrl\":\"https:\/\/pico-bello.hu\/wp-content\/uploads\/2023\/03\/pico-bello-logo-512.png\",\"width\":512,\"height\":512,\"caption\":\"Pico-Bello\"},\"image\":{\"@id\":\"https:\/\/pico-bello.hu\/#\/schema\/logo\/image\/\"}}]}<\/script>\n<meta property=\"product:price:amount\" content=\"50990\" \/>\n<meta property=\"product:price:currency\" content=\"HUF\" \/>\n<meta property=\"og:availability\" content=\"instock\" \/>\n<meta property=\"product:availability\" content=\"instock\" \/>\n<meta property=\"product:retailer_item_id\" content=\"STA-01\" \/>\n<meta property=\"product:condition\" content=\"new\" \/>\n<!-- \/ Yoast SEO Premium plugin. -->","yoast_head_json":{"title":"Stacionata Round-arched | Pico-Bello","description":"Stations are special inserts that are placed on their own stable base between the outliers of the obstacle. They are available in various designs.","robots":{"index":"index","follow":"follow","max-snippet":"max-snippet:-1","max-image-preview":"max-image-preview:large","max-video-preview":"max-video-preview:-1"},"canonical":"https:\/\/pico-bello.hu\/en\/product-2\/stacionata-1\/","og_locale":"en_US","og_type":"article","og_title":"Stacion\u00e1ta K\u00f6r\u00edves | Pico-Bello","og_description":"A stacion\u00e1t\u00e1k olyan speci\u00e1lis bet\u00e9telemek, amelyek saj\u00e1t stabil talpukon \u00e1llva ker\u00fclnek az akad\u00e1ly kit\u00f6r\u0151i k\u00f6z\u00e9. K\u00fcl\u00f6nf\u00e9le kialak\u00edt\u00e1sban k\u00e9rhet\u0151.","og_url":"https:\/\/pico-bello.hu\/en\/product-2\/stacionata-1\/","og_site_name":"Pico-Bello","article_modified_time":"2026-02-25T12:06:01+00:00","og_image":[{"width":1080,"height":1080,"url":"https:\/\/pico-bello.hu\/wp-content\/uploads\/2024\/06\/stacionata-74.jpg","type":"image\/jpeg"}],"twitter_card":"summary_large_image","twitter_misc":{"Price":"50990&nbsp;&#70;&#116; (40150&nbsp;&#70;&#116; + \u00c1FA)","Availability":"In stock"},"schema":{"@context":"https:\/\/schema.org","@graph":[{"@type":"WebPage","@id":"https:\/\/pico-bello.hu\/termek\/stacionata-1\/","url":"https:\/\/pico-bello.hu\/termek\/stacionata-1\/","name":"Stacionata Round-arched | Pico-Bello","isPartOf":{"@id":"https:\/\/pico-bello.hu\/#website"},"primaryImageOfPage":{"@id":"https:\/\/pico-bello.hu\/termek\/stacionata-1\/#primaryimage"},"image":{"@id":"https:\/\/pico-bello.hu\/termek\/stacionata-1\/#primaryimage"},"thumbnailUrl":"https:\/\/pico-bello.hu\/wp-content\/uploads\/2024\/06\/stacionata-74.jpg","datePublished":"2024-06-06T12:18:19+00:00","dateModified":"2026-02-25T12:06:01+00:00","description":"Stations are special inserts that are placed on their own stable base between the outliers of the obstacle. They are available in various designs.","breadcrumb":{"@id":"https:\/\/pico-bello.hu\/termek\/stacionata-1\/#breadcrumb"},"inLanguage":"en-US","potentialAction":[{"@type":"ReadAction","target":["https:\/\/pico-bello.hu\/termek\/stacionata-1\/"]}]},{"@type":"ImageObject","inLanguage":"en-US","@id":"https:\/\/pico-bello.hu\/termek\/stacionata-1\/#primaryimage","url":"https:\/\/pico-bello.hu\/wp-content\/uploads\/2024\/06\/stacionata-74.jpg","contentUrl":"https:\/\/pico-bello.hu\/wp-content\/uploads\/2024\/06\/stacionata-74.jpg","width":1080,"height":1080,"caption":"Stacion\u00e1ta lovas akad\u00e1ly"},{"@type":"BreadcrumbList","@id":"https:\/\/pico-bello.hu\/termek\/stacionata-1\/#breadcrumb","itemListElement":[{"@type":"ListItem","position":1,"name":"Kezd\u0151lap","item":"https:\/\/pico-bello.hu\/"},{"@type":"ListItem","position":2,"name":"Term\u00e9keink","item":"https:\/\/pico-bello.hu\/uzlet\/"},{"@type":"ListItem","position":3,"name":"Stacion\u00e1ta K\u00f6r\u00edves"}]},{"@type":"WebSite","@id":"https:\/\/pico-bello.hu\/#website","url":"https:\/\/pico-bello.hu\/","name":"Pico-Bello","description":"Show jumping and Military hurdles, equestrian steeplechase","publisher":{"@id":"https:\/\/pico-bello.hu\/#organization"},"potentialAction":[{"@type":"SearchAction","target":{"@type":"EntryPoint","urlTemplate":"https:\/\/pico-bello.hu\/?s={search_term_string}"},"query-input":{"@type":"PropertyValueSpecification","valueRequired":true,"valueName":"search_term_string"}}],"inLanguage":"en-US"},{"@type":"Organization","@id":"https:\/\/pico-bello.hu\/#organization","name":"Pico-Bello","url":"https:\/\/pico-bello.hu\/","logo":{"@type":"ImageObject","inLanguage":"en-US","@id":"https:\/\/pico-bello.hu\/#\/schema\/logo\/image\/","url":"https:\/\/pico-bello.hu\/wp-content\/uploads\/2023\/03\/pico-bello-logo-512.png","contentUrl":"https:\/\/pico-bello.hu\/wp-content\/uploads\/2023\/03\/pico-bello-logo-512.png","width":512,"height":512,"caption":"Pico-Bello"},"image":{"@id":"https:\/\/pico-bello.hu\/#\/schema\/logo\/image\/"}}]},"product_price_amount":"50990","product_price_currency":"HUF","og_availability":"instock","product_availability":"instock","product_retailer_item_id":"STA-01","product_condition":"new"},"_links":{"self":[{"href":"https:\/\/pico-bello.hu\/en\/wp-json\/wp\/v2\/product\/705","targetHints":{"allow":["GET"]}}],"collection":[{"href":"https:\/\/pico-bello.hu\/en\/wp-json\/wp\/v2\/product"}],"about":[{"href":"https:\/\/pico-bello.hu\/en\/wp-json\/wp\/v2\/types\/product"}],"wp:featuredmedia":[{"embeddable":true,"href":"https:\/\/pico-bello.hu\/en\/wp-json\/wp\/v2\/media\/1007"}],"wp:attachment":[{"href":"https:\/\/pico-bello.hu\/en\/wp-json\/wp\/v2\/media?parent=705"}],"wp:term":[{"taxonomy":"product_cat","embeddable":true,"href":"https:\/\/pico-bello.hu\/en\/wp-json\/wp\/v2\/product_cat?post=705"},{"taxonomy":"product_tag","embeddable":true,"href":"https:\/\/pico-bello.hu\/en\/wp-json\/wp\/v2\/product_tag?post=705"}],"curies":[{"name":"wp","href":"https:\/\/api.w.org\/{rel}","templated":true}]}}