{"id":668,"date":"2024-06-05T14:47:04","date_gmt":"2024-06-05T12:47:04","guid":{"rendered":"https:\/\/pico-bello.hu\/?post_type=product&#038;p=668"},"modified":"2026-02-25T12:58:01","modified_gmt":"2026-02-25T11:58:01","slug":"akadaly-rud-1","status":"publish","type":"product","link":"https:\/\/pico-bello.hu\/en\/termek\/akadaly-rud-1\/","title":{"rendered":"Barrier bar 2-4+ colours"},"content":{"rendered":"","protected":false},"excerpt":{"rendered":"<p>One of the most important components of a show jumping obstacle is the bar. The diameter of the bar is 10 cm, with plastic caps at both ends. The length can vary between 300 and 350 cm.<\/p>","protected":false},"featured_media":669,"template":"","meta":[],"product_cat":[22],"product_tag":[],"class_list":{"0":"post-668","1":"product","2":"type-product","3":"status-publish","4":"has-post-thumbnail","6":"product_cat-rudak","7":"product_shipping_class-szemelyes","8":"sales-flash-overlay","9":"woocommerce-text-align-center","10":"woocommerce-image-align-center","11":"do-quantity-buttons","12":"tm-no-options","14":"first","15":"instock","16":"taxable","17":"shipping-taxable","18":"purchasable","19":"product-type-variable"},"yoast_head":"<!-- This site is optimized with the Yoast SEO Premium plugin v27.2 (Yoast SEO v27.2) - https:\/\/yoast.com\/product\/yoast-seo-premium-wordpress\/ -->\n<title>Akad\u00e1ly r\u00fad 2-4+ sz\u00ednben | Pico-Bello<\/title>\n<meta name=\"robots\" content=\"index, follow, max-snippet:-1, max-image-preview:large, max-video-preview:-1\" \/>\n<link rel=\"canonical\" href=\"https:\/\/pico-bello.hu\/en\/product-2\/akadaly-rud-1\/\" \/>\n<meta property=\"og:locale\" content=\"en_US\" \/>\n<meta property=\"og:type\" content=\"article\" \/>\n<meta property=\"og:title\" content=\"Akad\u00e1ly r\u00fad 2-4+ sz\u00ednben | Pico-Bello\" \/>\n<meta property=\"og:description\" content=\"A d\u00edjugrat\u00f3 akad\u00e1lyok egyik legfontosabb bet\u00e9telemei az akad\u00e1lyrudak. A r\u00fad \u00e1tm\u00e9r\u0151je 10 cm, a k\u00e9t v\u00e9g\u00e9n m\u0171anyag z\u00e1r\u00f3kupak tal\u00e1lhat\u00f3. Hossza 300-350 cm k\u00f6z\u00f6tt v\u00e1ltozhat.\" \/>\n<meta property=\"og:url\" content=\"https:\/\/pico-bello.hu\/en\/product-2\/akadaly-rud-1\/\" \/>\n<meta property=\"og:site_name\" content=\"Pico-Bello\" \/>\n<meta property=\"article:modified_time\" content=\"2026-02-25T11:58:01+00:00\" \/>\n<meta property=\"og:image\" content=\"https:\/\/pico-bello.hu\/wp-content\/uploads\/2024\/06\/akadalyrudak.jpg\" \/>\n\t<meta property=\"og:image:width\" content=\"736\" \/>\n\t<meta property=\"og:image:height\" content=\"552\" \/>\n\t<meta property=\"og:image:type\" content=\"image\/jpeg\" \/>\n<meta name=\"twitter:card\" content=\"summary_large_image\" \/>\n<meta name=\"twitter:label1\" content=\"Availability\" \/>\n\t<meta name=\"twitter:data1\" content=\"In stock\" \/>\n<script type=\"application\/ld+json\" class=\"yoast-schema-graph\">{\"@context\":\"https:\/\/schema.org\",\"@graph\":[{\"@type\":\"WebPage\",\"@id\":\"https:\/\/pico-bello.hu\/termek\/akadaly-rud-1\/\",\"url\":\"https:\/\/pico-bello.hu\/termek\/akadaly-rud-1\/\",\"name\":\"Akad\u00e1ly r\u00fad 2-4+ sz\u00ednben | Pico-Bello\",\"isPartOf\":{\"@id\":\"https:\/\/pico-bello.hu\/#website\"},\"primaryImageOfPage\":{\"@id\":\"https:\/\/pico-bello.hu\/termek\/akadaly-rud-1\/#primaryimage\"},\"image\":{\"@id\":\"https:\/\/pico-bello.hu\/termek\/akadaly-rud-1\/#primaryimage\"},\"thumbnailUrl\":\"https:\/\/pico-bello.hu\/wp-content\/uploads\/2024\/06\/akadalyrudak.jpg\",\"datePublished\":\"2024-06-05T12:47:04+00:00\",\"dateModified\":\"2026-02-25T11:58:01+00:00\",\"breadcrumb\":{\"@id\":\"https:\/\/pico-bello.hu\/termek\/akadaly-rud-1\/#breadcrumb\"},\"inLanguage\":\"en-US\",\"potentialAction\":[{\"@type\":\"ReadAction\",\"target\":[\"https:\/\/pico-bello.hu\/termek\/akadaly-rud-1\/\"]}]},{\"@type\":\"ImageObject\",\"inLanguage\":\"en-US\",\"@id\":\"https:\/\/pico-bello.hu\/termek\/akadaly-rud-1\/#primaryimage\",\"url\":\"https:\/\/pico-bello.hu\/wp-content\/uploads\/2024\/06\/akadalyrudak.jpg\",\"contentUrl\":\"https:\/\/pico-bello.hu\/wp-content\/uploads\/2024\/06\/akadalyrudak.jpg\",\"width\":736,\"height\":552,\"caption\":\"akad\u00e1ly r\u00fad\"},{\"@type\":\"BreadcrumbList\",\"@id\":\"https:\/\/pico-bello.hu\/termek\/akadaly-rud-1\/#breadcrumb\",\"itemListElement\":[{\"@type\":\"ListItem\",\"position\":1,\"name\":\"Kezd\u0151lap\",\"item\":\"https:\/\/pico-bello.hu\/\"},{\"@type\":\"ListItem\",\"position\":2,\"name\":\"Term\u00e9keink\",\"item\":\"https:\/\/pico-bello.hu\/uzlet\/\"},{\"@type\":\"ListItem\",\"position\":3,\"name\":\"Akad\u00e1ly r\u00fad 2-4+ sz\u00ednben\"}]},{\"@type\":\"WebSite\",\"@id\":\"https:\/\/pico-bello.hu\/#website\",\"url\":\"https:\/\/pico-bello.hu\/\",\"name\":\"Pico-Bello\",\"description\":\"D\u00edjugrat\u00f3 \u00e9s Military akad\u00e1lyok, lovas akad\u00e1lyrudak\",\"publisher\":{\"@id\":\"https:\/\/pico-bello.hu\/#organization\"},\"potentialAction\":[{\"@type\":\"SearchAction\",\"target\":{\"@type\":\"EntryPoint\",\"urlTemplate\":\"https:\/\/pico-bello.hu\/?s={search_term_string}\"},\"query-input\":{\"@type\":\"PropertyValueSpecification\",\"valueRequired\":true,\"valueName\":\"search_term_string\"}}],\"inLanguage\":\"en-US\"},{\"@type\":\"Organization\",\"@id\":\"https:\/\/pico-bello.hu\/#organization\",\"name\":\"Pico-Bello\",\"url\":\"https:\/\/pico-bello.hu\/\",\"logo\":{\"@type\":\"ImageObject\",\"inLanguage\":\"en-US\",\"@id\":\"https:\/\/pico-bello.hu\/#\/schema\/logo\/image\/\",\"url\":\"https:\/\/pico-bello.hu\/wp-content\/uploads\/2023\/03\/pico-bello-logo-512.png\",\"contentUrl\":\"https:\/\/pico-bello.hu\/wp-content\/uploads\/2023\/03\/pico-bello-logo-512.png\",\"width\":512,\"height\":512,\"caption\":\"Pico-Bello\"},\"image\":{\"@id\":\"https:\/\/pico-bello.hu\/#\/schema\/logo\/image\/\"}}]}<\/script>\n<meta property=\"og:availability\" content=\"instock\" \/>\n<meta property=\"product:availability\" content=\"instock\" \/>\n<meta property=\"product:retailer_item_id\" content=\"RUD-01\" \/>\n<meta property=\"product:condition\" content=\"new\" \/>\n<!-- \/ Yoast SEO Premium plugin. -->","yoast_head_json":{"title":"Barrier bars 2-4+ colours | Pico-Bello","robots":{"index":"index","follow":"follow","max-snippet":"max-snippet:-1","max-image-preview":"max-image-preview:large","max-video-preview":"max-video-preview:-1"},"canonical":"https:\/\/pico-bello.hu\/en\/product-2\/akadaly-rud-1\/","og_locale":"en_US","og_type":"article","og_title":"Akad\u00e1ly r\u00fad 2-4+ sz\u00ednben | Pico-Bello","og_description":"A d\u00edjugrat\u00f3 akad\u00e1lyok egyik legfontosabb bet\u00e9telemei az akad\u00e1lyrudak. A r\u00fad \u00e1tm\u00e9r\u0151je 10 cm, a k\u00e9t v\u00e9g\u00e9n m\u0171anyag z\u00e1r\u00f3kupak tal\u00e1lhat\u00f3. Hossza 300-350 cm k\u00f6z\u00f6tt v\u00e1ltozhat.","og_url":"https:\/\/pico-bello.hu\/en\/product-2\/akadaly-rud-1\/","og_site_name":"Pico-Bello","article_modified_time":"2026-02-25T11:58:01+00:00","og_image":[{"width":736,"height":552,"url":"https:\/\/pico-bello.hu\/wp-content\/uploads\/2024\/06\/akadalyrudak.jpg","type":"image\/jpeg"}],"twitter_card":"summary_large_image","twitter_misc":{"Availability":"In stock"},"schema":{"@context":"https:\/\/schema.org","@graph":[{"@type":"WebPage","@id":"https:\/\/pico-bello.hu\/termek\/akadaly-rud-1\/","url":"https:\/\/pico-bello.hu\/termek\/akadaly-rud-1\/","name":"Barrier bars 2-4+ colours | Pico-Bello","isPartOf":{"@id":"https:\/\/pico-bello.hu\/#website"},"primaryImageOfPage":{"@id":"https:\/\/pico-bello.hu\/termek\/akadaly-rud-1\/#primaryimage"},"image":{"@id":"https:\/\/pico-bello.hu\/termek\/akadaly-rud-1\/#primaryimage"},"thumbnailUrl":"https:\/\/pico-bello.hu\/wp-content\/uploads\/2024\/06\/akadalyrudak.jpg","datePublished":"2024-06-05T12:47:04+00:00","dateModified":"2026-02-25T11:58:01+00:00","breadcrumb":{"@id":"https:\/\/pico-bello.hu\/termek\/akadaly-rud-1\/#breadcrumb"},"inLanguage":"en-US","potentialAction":[{"@type":"ReadAction","target":["https:\/\/pico-bello.hu\/termek\/akadaly-rud-1\/"]}]},{"@type":"ImageObject","inLanguage":"en-US","@id":"https:\/\/pico-bello.hu\/termek\/akadaly-rud-1\/#primaryimage","url":"https:\/\/pico-bello.hu\/wp-content\/uploads\/2024\/06\/akadalyrudak.jpg","contentUrl":"https:\/\/pico-bello.hu\/wp-content\/uploads\/2024\/06\/akadalyrudak.jpg","width":736,"height":552,"caption":"akad\u00e1ly r\u00fad"},{"@type":"BreadcrumbList","@id":"https:\/\/pico-bello.hu\/termek\/akadaly-rud-1\/#breadcrumb","itemListElement":[{"@type":"ListItem","position":1,"name":"Kezd\u0151lap","item":"https:\/\/pico-bello.hu\/"},{"@type":"ListItem","position":2,"name":"Term\u00e9keink","item":"https:\/\/pico-bello.hu\/uzlet\/"},{"@type":"ListItem","position":3,"name":"Akad\u00e1ly r\u00fad 2-4+ sz\u00ednben"}]},{"@type":"WebSite","@id":"https:\/\/pico-bello.hu\/#website","url":"https:\/\/pico-bello.hu\/","name":"Pico-Bello","description":"Show jumping and Military hurdles, equestrian steeplechase","publisher":{"@id":"https:\/\/pico-bello.hu\/#organization"},"potentialAction":[{"@type":"SearchAction","target":{"@type":"EntryPoint","urlTemplate":"https:\/\/pico-bello.hu\/?s={search_term_string}"},"query-input":{"@type":"PropertyValueSpecification","valueRequired":true,"valueName":"search_term_string"}}],"inLanguage":"en-US"},{"@type":"Organization","@id":"https:\/\/pico-bello.hu\/#organization","name":"Pico-Bello","url":"https:\/\/pico-bello.hu\/","logo":{"@type":"ImageObject","inLanguage":"en-US","@id":"https:\/\/pico-bello.hu\/#\/schema\/logo\/image\/","url":"https:\/\/pico-bello.hu\/wp-content\/uploads\/2023\/03\/pico-bello-logo-512.png","contentUrl":"https:\/\/pico-bello.hu\/wp-content\/uploads\/2023\/03\/pico-bello-logo-512.png","width":512,"height":512,"caption":"Pico-Bello"},"image":{"@id":"https:\/\/pico-bello.hu\/#\/schema\/logo\/image\/"}}]},"og_availability":"instock","product_availability":"instock","product_retailer_item_id":"RUD-01","product_condition":"new"},"_links":{"self":[{"href":"https:\/\/pico-bello.hu\/en\/wp-json\/wp\/v2\/product\/668","targetHints":{"allow":["GET"]}}],"collection":[{"href":"https:\/\/pico-bello.hu\/en\/wp-json\/wp\/v2\/product"}],"about":[{"href":"https:\/\/pico-bello.hu\/en\/wp-json\/wp\/v2\/types\/product"}],"wp:featuredmedia":[{"embeddable":true,"href":"https:\/\/pico-bello.hu\/en\/wp-json\/wp\/v2\/media\/669"}],"wp:attachment":[{"href":"https:\/\/pico-bello.hu\/en\/wp-json\/wp\/v2\/media?parent=668"}],"wp:term":[{"taxonomy":"product_cat","embeddable":true,"href":"https:\/\/pico-bello.hu\/en\/wp-json\/wp\/v2\/product_cat?post=668"},{"taxonomy":"product_tag","embeddable":true,"href":"https:\/\/pico-bello.hu\/en\/wp-json\/wp\/v2\/product_tag?post=668"}],"curies":[{"name":"wp","href":"https:\/\/api.w.org\/{rel}","templated":true}]}}