{"id":655,"date":"2024-06-05T14:34:41","date_gmt":"2024-06-05T12:34:41","guid":{"rendered":"https:\/\/pico-bello.hu\/?post_type=product&#038;p=655"},"modified":"2024-06-24T17:37:22","modified_gmt":"2024-06-24T15:37:22","slug":"fedeles-akadaly-1","status":"publish","type":"product","link":"https:\/\/pico-bello.hu\/en\/termek\/fedeles-akadaly-1\/","title":{"rendered":"Spring barrier 1"},"content":{"rendered":"","protected":false},"excerpt":{"rendered":"<p>Our range of covered hurdles are ideal for competitions in small riding arenas and covered riding arenas. Their design allows for versatile use, including both pedestal and suspended inserts, which can be combined with a variety of obstacles. The obstacles are 170 cm high and 50 cm wide. The length of the inserts can vary between 250 and 300 cm.<\/p>","protected":false},"featured_media":829,"template":"","meta":[],"product_cat":[26],"product_tag":[],"class_list":{"0":"post-655","1":"product","2":"type-product","3":"status-publish","4":"has-post-thumbnail","6":"product_cat-fedeles","7":"sales-flash-overlay","8":"woocommerce-text-align-center","9":"woocommerce-image-align-center","10":"do-quantity-buttons","11":"tm-no-options","13":"first","14":"outofstock","15":"taxable","16":"shipping-taxable","17":"product-type-variable"},"yoast_head":"<!-- This site is optimized with the Yoast SEO Premium plugin v27.2 (Yoast SEO v27.2) - https:\/\/yoast.com\/product\/yoast-seo-premium-wordpress\/ -->\n<title>Fedeles akad\u00e1ly 1 | Pico-Bello<\/title>\n<meta name=\"robots\" content=\"index, follow, max-snippet:-1, max-image-preview:large, max-video-preview:-1\" \/>\n<link rel=\"canonical\" href=\"https:\/\/pico-bello.hu\/en\/product-2\/fedeles-akadaly-1\/\" \/>\n<meta property=\"og:locale\" content=\"en_US\" \/>\n<meta property=\"og:type\" content=\"article\" \/>\n<meta property=\"og:title\" content=\"Fedeles akad\u00e1ly 1 | Pico-Bello\" \/>\n<meta property=\"og:description\" content=\"A k\u00edn\u00e1latunkban szerepl\u0151 fedeles akad\u00e1lyok ide\u00e1lisak kism\u00e9ret\u0171 lovasp\u00e1ly\u00e1kon \u00e9s fedeles lovard\u00e1kban megrendezett versenyekhez. A kialak\u00edt\u00e1suk lehet\u0151v\u00e9 teszi sokoldal\u00fa haszn\u00e1latukat, bele\u00e9rtve talpas \u00e9s f\u00fcggesztett bet\u00e9telemeket is, melyek k\u00fcl\u00f6nf\u00e9le akad\u00e1lyokkal kombin\u00e1lhat\u00f3k. A kit\u00f6r\u0151k 170 cm magasak \u00e9s 50 cm sz\u00e9lesek. A bet\u00e9telemek hossza 250-300 cm k\u00f6z\u00f6tt v\u00e1ltozhat.\" \/>\n<meta property=\"og:url\" content=\"https:\/\/pico-bello.hu\/en\/product-2\/fedeles-akadaly-1\/\" \/>\n<meta property=\"og:site_name\" content=\"Pico-Bello\" \/>\n<meta property=\"article:modified_time\" content=\"2024-06-24T15:37:22+00:00\" \/>\n<meta property=\"og:image\" content=\"https:\/\/pico-bello.hu\/wp-content\/uploads\/2024\/06\/fedeles-akadalyok.jpg\" \/>\n\t<meta property=\"og:image:width\" content=\"1000\" \/>\n\t<meta property=\"og:image:height\" content=\"1000\" \/>\n\t<meta property=\"og:image:type\" content=\"image\/jpeg\" \/>\n<meta name=\"twitter:card\" content=\"summary_large_image\" \/>\n<meta name=\"twitter:label1\" content=\"Availability\" \/>\n\t<meta name=\"twitter:data1\" content=\"Out of stock\" \/>\n<script type=\"application\/ld+json\" class=\"yoast-schema-graph\">{\"@context\":\"https:\/\/schema.org\",\"@graph\":[{\"@type\":\"WebPage\",\"@id\":\"https:\/\/pico-bello.hu\/termek\/fedeles-akadaly-1\/\",\"url\":\"https:\/\/pico-bello.hu\/termek\/fedeles-akadaly-1\/\",\"name\":\"Fedeles akad\u00e1ly 1 | Pico-Bello\",\"isPartOf\":{\"@id\":\"https:\/\/pico-bello.hu\/#website\"},\"primaryImageOfPage\":{\"@id\":\"https:\/\/pico-bello.hu\/termek\/fedeles-akadaly-1\/#primaryimage\"},\"image\":{\"@id\":\"https:\/\/pico-bello.hu\/termek\/fedeles-akadaly-1\/#primaryimage\"},\"thumbnailUrl\":\"https:\/\/pico-bello.hu\/wp-content\/uploads\/2024\/06\/fedeles-akadalyok.jpg\",\"datePublished\":\"2024-06-05T12:34:41+00:00\",\"dateModified\":\"2024-06-24T15:37:22+00:00\",\"breadcrumb\":{\"@id\":\"https:\/\/pico-bello.hu\/termek\/fedeles-akadaly-1\/#breadcrumb\"},\"inLanguage\":\"en-US\",\"potentialAction\":[{\"@type\":\"ReadAction\",\"target\":[\"https:\/\/pico-bello.hu\/termek\/fedeles-akadaly-1\/\"]}]},{\"@type\":\"ImageObject\",\"inLanguage\":\"en-US\",\"@id\":\"https:\/\/pico-bello.hu\/termek\/fedeles-akadaly-1\/#primaryimage\",\"url\":\"https:\/\/pico-bello.hu\/wp-content\/uploads\/2024\/06\/fedeles-akadalyok.jpg\",\"contentUrl\":\"https:\/\/pico-bello.hu\/wp-content\/uploads\/2024\/06\/fedeles-akadalyok.jpg\",\"width\":1000,\"height\":1000,\"caption\":\"fedeles akad\u00e1lyok\"},{\"@type\":\"BreadcrumbList\",\"@id\":\"https:\/\/pico-bello.hu\/termek\/fedeles-akadaly-1\/#breadcrumb\",\"itemListElement\":[{\"@type\":\"ListItem\",\"position\":1,\"name\":\"Kezd\u0151lap\",\"item\":\"https:\/\/pico-bello.hu\/\"},{\"@type\":\"ListItem\",\"position\":2,\"name\":\"Term\u00e9keink\",\"item\":\"https:\/\/pico-bello.hu\/uzlet\/\"},{\"@type\":\"ListItem\",\"position\":3,\"name\":\"Fedeles akad\u00e1ly 1\"}]},{\"@type\":\"WebSite\",\"@id\":\"https:\/\/pico-bello.hu\/#website\",\"url\":\"https:\/\/pico-bello.hu\/\",\"name\":\"Pico-Bello\",\"description\":\"D\u00edjugrat\u00f3 \u00e9s Military akad\u00e1lyok, lovas akad\u00e1lyrudak\",\"publisher\":{\"@id\":\"https:\/\/pico-bello.hu\/#organization\"},\"potentialAction\":[{\"@type\":\"SearchAction\",\"target\":{\"@type\":\"EntryPoint\",\"urlTemplate\":\"https:\/\/pico-bello.hu\/?s={search_term_string}\"},\"query-input\":{\"@type\":\"PropertyValueSpecification\",\"valueRequired\":true,\"valueName\":\"search_term_string\"}}],\"inLanguage\":\"en-US\"},{\"@type\":\"Organization\",\"@id\":\"https:\/\/pico-bello.hu\/#organization\",\"name\":\"Pico-Bello\",\"url\":\"https:\/\/pico-bello.hu\/\",\"logo\":{\"@type\":\"ImageObject\",\"inLanguage\":\"en-US\",\"@id\":\"https:\/\/pico-bello.hu\/#\/schema\/logo\/image\/\",\"url\":\"https:\/\/pico-bello.hu\/wp-content\/uploads\/2023\/03\/pico-bello-logo-512.png\",\"contentUrl\":\"https:\/\/pico-bello.hu\/wp-content\/uploads\/2023\/03\/pico-bello-logo-512.png\",\"width\":512,\"height\":512,\"caption\":\"Pico-Bello\"},\"image\":{\"@id\":\"https:\/\/pico-bello.hu\/#\/schema\/logo\/image\/\"}}]}<\/script>\n<meta property=\"og:availability\" content=\"out of stock\" \/>\n<meta property=\"product:availability\" content=\"out of stock\" \/>\n<meta property=\"product:retailer_item_id\" content=\"AFD-01\" \/>\n<meta property=\"product:condition\" content=\"new\" \/>\n<!-- \/ Yoast SEO Premium plugin. -->","yoast_head_json":{"title":"Fedeles barrier 1 | Pico-Bello","robots":{"index":"index","follow":"follow","max-snippet":"max-snippet:-1","max-image-preview":"max-image-preview:large","max-video-preview":"max-video-preview:-1"},"canonical":"https:\/\/pico-bello.hu\/en\/product-2\/fedeles-akadaly-1\/","og_locale":"en_US","og_type":"article","og_title":"Fedeles akad\u00e1ly 1 | Pico-Bello","og_description":"A k\u00edn\u00e1latunkban szerepl\u0151 fedeles akad\u00e1lyok ide\u00e1lisak kism\u00e9ret\u0171 lovasp\u00e1ly\u00e1kon \u00e9s fedeles lovard\u00e1kban megrendezett versenyekhez. A kialak\u00edt\u00e1suk lehet\u0151v\u00e9 teszi sokoldal\u00fa haszn\u00e1latukat, bele\u00e9rtve talpas \u00e9s f\u00fcggesztett bet\u00e9telemeket is, melyek k\u00fcl\u00f6nf\u00e9le akad\u00e1lyokkal kombin\u00e1lhat\u00f3k. A kit\u00f6r\u0151k 170 cm magasak \u00e9s 50 cm sz\u00e9lesek. A bet\u00e9telemek hossza 250-300 cm k\u00f6z\u00f6tt v\u00e1ltozhat.","og_url":"https:\/\/pico-bello.hu\/en\/product-2\/fedeles-akadaly-1\/","og_site_name":"Pico-Bello","article_modified_time":"2024-06-24T15:37:22+00:00","og_image":[{"width":1000,"height":1000,"url":"https:\/\/pico-bello.hu\/wp-content\/uploads\/2024\/06\/fedeles-akadalyok.jpg","type":"image\/jpeg"}],"twitter_card":"summary_large_image","twitter_misc":{"Availability":"Out of stock"},"schema":{"@context":"https:\/\/schema.org","@graph":[{"@type":"WebPage","@id":"https:\/\/pico-bello.hu\/termek\/fedeles-akadaly-1\/","url":"https:\/\/pico-bello.hu\/termek\/fedeles-akadaly-1\/","name":"Fedeles barrier 1 | Pico-Bello","isPartOf":{"@id":"https:\/\/pico-bello.hu\/#website"},"primaryImageOfPage":{"@id":"https:\/\/pico-bello.hu\/termek\/fedeles-akadaly-1\/#primaryimage"},"image":{"@id":"https:\/\/pico-bello.hu\/termek\/fedeles-akadaly-1\/#primaryimage"},"thumbnailUrl":"https:\/\/pico-bello.hu\/wp-content\/uploads\/2024\/06\/fedeles-akadalyok.jpg","datePublished":"2024-06-05T12:34:41+00:00","dateModified":"2024-06-24T15:37:22+00:00","breadcrumb":{"@id":"https:\/\/pico-bello.hu\/termek\/fedeles-akadaly-1\/#breadcrumb"},"inLanguage":"en-US","potentialAction":[{"@type":"ReadAction","target":["https:\/\/pico-bello.hu\/termek\/fedeles-akadaly-1\/"]}]},{"@type":"ImageObject","inLanguage":"en-US","@id":"https:\/\/pico-bello.hu\/termek\/fedeles-akadaly-1\/#primaryimage","url":"https:\/\/pico-bello.hu\/wp-content\/uploads\/2024\/06\/fedeles-akadalyok.jpg","contentUrl":"https:\/\/pico-bello.hu\/wp-content\/uploads\/2024\/06\/fedeles-akadalyok.jpg","width":1000,"height":1000,"caption":"fedeles akad\u00e1lyok"},{"@type":"BreadcrumbList","@id":"https:\/\/pico-bello.hu\/termek\/fedeles-akadaly-1\/#breadcrumb","itemListElement":[{"@type":"ListItem","position":1,"name":"Kezd\u0151lap","item":"https:\/\/pico-bello.hu\/"},{"@type":"ListItem","position":2,"name":"Term\u00e9keink","item":"https:\/\/pico-bello.hu\/uzlet\/"},{"@type":"ListItem","position":3,"name":"Fedeles akad\u00e1ly 1"}]},{"@type":"WebSite","@id":"https:\/\/pico-bello.hu\/#website","url":"https:\/\/pico-bello.hu\/","name":"Pico-Bello","description":"Show jumping and Military hurdles, equestrian steeplechase","publisher":{"@id":"https:\/\/pico-bello.hu\/#organization"},"potentialAction":[{"@type":"SearchAction","target":{"@type":"EntryPoint","urlTemplate":"https:\/\/pico-bello.hu\/?s={search_term_string}"},"query-input":{"@type":"PropertyValueSpecification","valueRequired":true,"valueName":"search_term_string"}}],"inLanguage":"en-US"},{"@type":"Organization","@id":"https:\/\/pico-bello.hu\/#organization","name":"Pico-Bello","url":"https:\/\/pico-bello.hu\/","logo":{"@type":"ImageObject","inLanguage":"en-US","@id":"https:\/\/pico-bello.hu\/#\/schema\/logo\/image\/","url":"https:\/\/pico-bello.hu\/wp-content\/uploads\/2023\/03\/pico-bello-logo-512.png","contentUrl":"https:\/\/pico-bello.hu\/wp-content\/uploads\/2023\/03\/pico-bello-logo-512.png","width":512,"height":512,"caption":"Pico-Bello"},"image":{"@id":"https:\/\/pico-bello.hu\/#\/schema\/logo\/image\/"}}]},"og_availability":"out of stock","product_availability":"out of stock","product_retailer_item_id":"AFD-01","product_condition":"new"},"_links":{"self":[{"href":"https:\/\/pico-bello.hu\/en\/wp-json\/wp\/v2\/product\/655","targetHints":{"allow":["GET"]}}],"collection":[{"href":"https:\/\/pico-bello.hu\/en\/wp-json\/wp\/v2\/product"}],"about":[{"href":"https:\/\/pico-bello.hu\/en\/wp-json\/wp\/v2\/types\/product"}],"wp:featuredmedia":[{"embeddable":true,"href":"https:\/\/pico-bello.hu\/en\/wp-json\/wp\/v2\/media\/829"}],"wp:attachment":[{"href":"https:\/\/pico-bello.hu\/en\/wp-json\/wp\/v2\/media?parent=655"}],"wp:term":[{"taxonomy":"product_cat","embeddable":true,"href":"https:\/\/pico-bello.hu\/en\/wp-json\/wp\/v2\/product_cat?post=655"},{"taxonomy":"product_tag","embeddable":true,"href":"https:\/\/pico-bello.hu\/en\/wp-json\/wp\/v2\/product_tag?post=655"}],"curies":[{"name":"wp","href":"https:\/\/api.w.org\/{rel}","templated":true}]}}