{"id":1064,"date":"2025-08-30T14:15:25","date_gmt":"2025-08-30T12:15:25","guid":{"rendered":"https:\/\/pico-bello.hu\/?post_type=product&#038;p=1064"},"modified":"2025-09-02T09:26:21","modified_gmt":"2025-09-02T07:26:21","slug":"vagta-faragott-rusztikus-fatabla","status":"publish","type":"product","link":"https:\/\/pico-bello.hu\/en\/termek\/vagta-faragott-rusztikus-fatabla\/","title":{"rendered":"Cut carved rustic wooden board"},"content":{"rendered":"","protected":false},"excerpt":{"rendered":"<p>\u201eA carved rustic wooden panel depicting a \u201dslaughter\" scene, capturing the strength and dynamism of horses. The carving depicts horses and riders galloping, with farm motifs in the background, conveying both a sense of vigour and a traditional rural atmosphere. The 95x30x2,3 cm mural is made of elm wood with an oiled finish that enhances the natural grain of the wood and preserves its beauty over time. The rustic edges and the crafted finish make each piece unique. This wall ornament can find a worthy place in a living room, hallway or even on the wall of an equestrian community space, and can also be a special gift for horse lovers.<\/p>","protected":false},"featured_media":1058,"template":"","meta":[],"product_cat":[44],"product_tag":[],"class_list":{"0":"post-1064","1":"product","2":"type-product","3":"status-publish","4":"has-post-thumbnail","6":"product_cat-lovasajandek","7":"sales-flash-overlay","8":"woocommerce-text-align-center","9":"woocommerce-image-align-center","10":"do-quantity-buttons","11":"tm-no-options","13":"first","14":"instock","15":"taxable","16":"shipping-taxable","17":"purchasable","18":"product-type-simple"},"yoast_head":"<!-- This site is optimized with the Yoast SEO Premium plugin v27.2 (Yoast SEO v27.2) - https:\/\/yoast.com\/product\/yoast-seo-premium-wordpress\/ -->\n<title>V\u00e1gta faragott rusztikus fat\u00e1bla | Pico-Bello<\/title>\n<meta name=\"robots\" content=\"index, follow, max-snippet:-1, max-image-preview:large, max-video-preview:-1\" \/>\n<link rel=\"canonical\" href=\"https:\/\/pico-bello.hu\/en\/product-2\/vagta-faragott-rusztikus-fatabla\/\" \/>\n<meta property=\"og:locale\" content=\"en_US\" \/>\n<meta property=\"og:type\" content=\"article\" \/>\n<meta property=\"og:title\" content=\"V\u00e1gta faragott rusztikus fat\u00e1bla | Pico-Bello\" \/>\n<meta property=\"og:description\" content=\"\u201eV\u00e1gta\u201d jelenetet \u00e1br\u00e1zol\u00f3, faragott rusztikus fat\u00e1bla, amely a lovak erej\u00e9t \u00e9s dinamizmus\u00e1t \u00f6r\u00f6k\u00edti meg. A faragv\u00e1nyon v\u00e1gt\u00e1z\u00f3 lovak \u00e9s lovas jelennek meg, h\u00e1tt\u00e9rben tanyasi mot\u00edvumokkal, \u00edgy a m\u0171 egyszerre k\u00f6zvet\u00edt lend\u00fcletet \u00e9s hagyom\u00e1nyos vid\u00e9ki hangulatot. A 95x30x2,3 cm-es falik\u00e9p szilf\u00e1b\u00f3l k\u00e9sz\u00fclt, olajozott fel\u00fcletkezel\u00e9ssel, amely kiemeli a fa term\u00e9szetes erezet\u00e9t, \u00e9s hossz\u00fa t\u00e1von meg\u0151rzi annak sz\u00e9ps\u00e9g\u00e9t. A rusztikus sz\u00e9lek \u00e9s a m\u00edves kivitel minden darabot egyediv\u00e9 tesz. Ez a falid\u00edsz m\u00e9lt\u00f3 helyet tal\u00e1lhat nappaliban, el\u0151szob\u00e1ban vagy ak\u00e1r egy lovas k\u00f6z\u00f6ss\u00e9gi t\u00e9r fal\u00e1n, \u00e9s k\u00fcl\u00f6nleges aj\u00e1nd\u00e9k is lehet a lovak szerelmeseinek.\" \/>\n<meta property=\"og:url\" content=\"https:\/\/pico-bello.hu\/en\/product-2\/vagta-faragott-rusztikus-fatabla\/\" \/>\n<meta property=\"og:site_name\" content=\"Pico-Bello\" \/>\n<meta property=\"article:modified_time\" content=\"2025-09-02T07:26:21+00:00\" \/>\n<meta property=\"og:image\" content=\"https:\/\/pico-bello.hu\/wp-content\/uploads\/2025\/08\/laj-17.jpg\" \/>\n\t<meta property=\"og:image:width\" content=\"1080\" \/>\n\t<meta property=\"og:image:height\" content=\"1080\" \/>\n\t<meta property=\"og:image:type\" content=\"image\/jpeg\" \/>\n<meta name=\"twitter:card\" content=\"summary_large_image\" \/>\n<meta name=\"twitter:label1\" content=\"Price\" \/>\n\t<meta name=\"twitter:data1\" content=\"40640&nbsp;&#070;&#116; (32000&nbsp;&#070;&#116; + \u00c1FA)\" \/>\n\t<meta name=\"twitter:label2\" content=\"Availability\" \/>\n\t<meta name=\"twitter:data2\" content=\"In stock\" \/>\n<script type=\"application\/ld+json\" class=\"yoast-schema-graph\">{\"@context\":\"https:\/\/schema.org\",\"@graph\":[{\"@type\":\"WebPage\",\"@id\":\"https:\/\/pico-bello.hu\/termek\/vagta-faragott-rusztikus-fatabla\/\",\"url\":\"https:\/\/pico-bello.hu\/termek\/vagta-faragott-rusztikus-fatabla\/\",\"name\":\"V\u00e1gta faragott rusztikus fat\u00e1bla | Pico-Bello\",\"isPartOf\":{\"@id\":\"https:\/\/pico-bello.hu\/#website\"},\"primaryImageOfPage\":{\"@id\":\"https:\/\/pico-bello.hu\/termek\/vagta-faragott-rusztikus-fatabla\/#primaryimage\"},\"image\":{\"@id\":\"https:\/\/pico-bello.hu\/termek\/vagta-faragott-rusztikus-fatabla\/#primaryimage\"},\"thumbnailUrl\":\"https:\/\/pico-bello.hu\/wp-content\/uploads\/2025\/08\/laj-17.jpg\",\"datePublished\":\"2025-08-30T12:15:25+00:00\",\"dateModified\":\"2025-09-02T07:26:21+00:00\",\"breadcrumb\":{\"@id\":\"https:\/\/pico-bello.hu\/termek\/vagta-faragott-rusztikus-fatabla\/#breadcrumb\"},\"inLanguage\":\"en-US\",\"potentialAction\":[{\"@type\":\"ReadAction\",\"target\":[\"https:\/\/pico-bello.hu\/termek\/vagta-faragott-rusztikus-fatabla\/\"]}]},{\"@type\":\"ImageObject\",\"inLanguage\":\"en-US\",\"@id\":\"https:\/\/pico-bello.hu\/termek\/vagta-faragott-rusztikus-fatabla\/#primaryimage\",\"url\":\"https:\/\/pico-bello.hu\/wp-content\/uploads\/2025\/08\/laj-17.jpg\",\"contentUrl\":\"https:\/\/pico-bello.hu\/wp-content\/uploads\/2025\/08\/laj-17.jpg\",\"width\":1080,\"height\":1080,\"caption\":\"V\u00e1gta faragott rusztikus fat\u00e1bla\"},{\"@type\":\"BreadcrumbList\",\"@id\":\"https:\/\/pico-bello.hu\/termek\/vagta-faragott-rusztikus-fatabla\/#breadcrumb\",\"itemListElement\":[{\"@type\":\"ListItem\",\"position\":1,\"name\":\"Kezd\u0151lap\",\"item\":\"https:\/\/pico-bello.hu\/\"},{\"@type\":\"ListItem\",\"position\":2,\"name\":\"Term\u00e9keink\",\"item\":\"https:\/\/pico-bello.hu\/uzlet\/\"},{\"@type\":\"ListItem\",\"position\":3,\"name\":\"V\u00e1gta faragott rusztikus fat\u00e1bla\"}]},{\"@type\":\"WebSite\",\"@id\":\"https:\/\/pico-bello.hu\/#website\",\"url\":\"https:\/\/pico-bello.hu\/\",\"name\":\"Pico-Bello\",\"description\":\"D\u00edjugrat\u00f3 \u00e9s Military akad\u00e1lyok, lovas akad\u00e1lyrudak\",\"publisher\":{\"@id\":\"https:\/\/pico-bello.hu\/#organization\"},\"potentialAction\":[{\"@type\":\"SearchAction\",\"target\":{\"@type\":\"EntryPoint\",\"urlTemplate\":\"https:\/\/pico-bello.hu\/?s={search_term_string}\"},\"query-input\":{\"@type\":\"PropertyValueSpecification\",\"valueRequired\":true,\"valueName\":\"search_term_string\"}}],\"inLanguage\":\"en-US\"},{\"@type\":\"Organization\",\"@id\":\"https:\/\/pico-bello.hu\/#organization\",\"name\":\"Pico-Bello\",\"url\":\"https:\/\/pico-bello.hu\/\",\"logo\":{\"@type\":\"ImageObject\",\"inLanguage\":\"en-US\",\"@id\":\"https:\/\/pico-bello.hu\/#\/schema\/logo\/image\/\",\"url\":\"https:\/\/pico-bello.hu\/wp-content\/uploads\/2023\/03\/pico-bello-logo-512.png\",\"contentUrl\":\"https:\/\/pico-bello.hu\/wp-content\/uploads\/2023\/03\/pico-bello-logo-512.png\",\"width\":512,\"height\":512,\"caption\":\"Pico-Bello\"},\"image\":{\"@id\":\"https:\/\/pico-bello.hu\/#\/schema\/logo\/image\/\"}}]}<\/script>\n<meta property=\"product:price:amount\" content=\"40640\" \/>\n<meta property=\"product:price:currency\" content=\"HUF\" \/>\n<meta property=\"og:availability\" content=\"instock\" \/>\n<meta property=\"product:availability\" content=\"instock\" \/>\n<meta property=\"product:retailer_item_id\" content=\"LAJ-17\" \/>\n<meta property=\"product:condition\" content=\"new\" \/>\n<!-- \/ Yoast SEO Premium plugin. -->","yoast_head_json":{"title":"Carved carved rustic wooden panel | Pico-Bello","robots":{"index":"index","follow":"follow","max-snippet":"max-snippet:-1","max-image-preview":"max-image-preview:large","max-video-preview":"max-video-preview:-1"},"canonical":"https:\/\/pico-bello.hu\/en\/product-2\/vagta-faragott-rusztikus-fatabla\/","og_locale":"en_US","og_type":"article","og_title":"V\u00e1gta faragott rusztikus fat\u00e1bla | Pico-Bello","og_description":"\u201eV\u00e1gta\u201d jelenetet \u00e1br\u00e1zol\u00f3, faragott rusztikus fat\u00e1bla, amely a lovak erej\u00e9t \u00e9s dinamizmus\u00e1t \u00f6r\u00f6k\u00edti meg. A faragv\u00e1nyon v\u00e1gt\u00e1z\u00f3 lovak \u00e9s lovas jelennek meg, h\u00e1tt\u00e9rben tanyasi mot\u00edvumokkal, \u00edgy a m\u0171 egyszerre k\u00f6zvet\u00edt lend\u00fcletet \u00e9s hagyom\u00e1nyos vid\u00e9ki hangulatot. A 95x30x2,3 cm-es falik\u00e9p szilf\u00e1b\u00f3l k\u00e9sz\u00fclt, olajozott fel\u00fcletkezel\u00e9ssel, amely kiemeli a fa term\u00e9szetes erezet\u00e9t, \u00e9s hossz\u00fa t\u00e1von meg\u0151rzi annak sz\u00e9ps\u00e9g\u00e9t. A rusztikus sz\u00e9lek \u00e9s a m\u00edves kivitel minden darabot egyediv\u00e9 tesz. Ez a falid\u00edsz m\u00e9lt\u00f3 helyet tal\u00e1lhat nappaliban, el\u0151szob\u00e1ban vagy ak\u00e1r egy lovas k\u00f6z\u00f6ss\u00e9gi t\u00e9r fal\u00e1n, \u00e9s k\u00fcl\u00f6nleges aj\u00e1nd\u00e9k is lehet a lovak szerelmeseinek.","og_url":"https:\/\/pico-bello.hu\/en\/product-2\/vagta-faragott-rusztikus-fatabla\/","og_site_name":"Pico-Bello","article_modified_time":"2025-09-02T07:26:21+00:00","og_image":[{"width":1080,"height":1080,"url":"https:\/\/pico-bello.hu\/wp-content\/uploads\/2025\/08\/laj-17.jpg","type":"image\/jpeg"}],"twitter_card":"summary_large_image","twitter_misc":{"Price":"40640&nbsp;&#70;&#116; (32000&nbsp;&#70;&#116; + \u00c1FA)","Availability":"In stock"},"schema":{"@context":"https:\/\/schema.org","@graph":[{"@type":"WebPage","@id":"https:\/\/pico-bello.hu\/termek\/vagta-faragott-rusztikus-fatabla\/","url":"https:\/\/pico-bello.hu\/termek\/vagta-faragott-rusztikus-fatabla\/","name":"Carved carved rustic wooden panel | Pico-Bello","isPartOf":{"@id":"https:\/\/pico-bello.hu\/#website"},"primaryImageOfPage":{"@id":"https:\/\/pico-bello.hu\/termek\/vagta-faragott-rusztikus-fatabla\/#primaryimage"},"image":{"@id":"https:\/\/pico-bello.hu\/termek\/vagta-faragott-rusztikus-fatabla\/#primaryimage"},"thumbnailUrl":"https:\/\/pico-bello.hu\/wp-content\/uploads\/2025\/08\/laj-17.jpg","datePublished":"2025-08-30T12:15:25+00:00","dateModified":"2025-09-02T07:26:21+00:00","breadcrumb":{"@id":"https:\/\/pico-bello.hu\/termek\/vagta-faragott-rusztikus-fatabla\/#breadcrumb"},"inLanguage":"en-US","potentialAction":[{"@type":"ReadAction","target":["https:\/\/pico-bello.hu\/termek\/vagta-faragott-rusztikus-fatabla\/"]}]},{"@type":"ImageObject","inLanguage":"en-US","@id":"https:\/\/pico-bello.hu\/termek\/vagta-faragott-rusztikus-fatabla\/#primaryimage","url":"https:\/\/pico-bello.hu\/wp-content\/uploads\/2025\/08\/laj-17.jpg","contentUrl":"https:\/\/pico-bello.hu\/wp-content\/uploads\/2025\/08\/laj-17.jpg","width":1080,"height":1080,"caption":"V\u00e1gta faragott rusztikus fat\u00e1bla"},{"@type":"BreadcrumbList","@id":"https:\/\/pico-bello.hu\/termek\/vagta-faragott-rusztikus-fatabla\/#breadcrumb","itemListElement":[{"@type":"ListItem","position":1,"name":"Kezd\u0151lap","item":"https:\/\/pico-bello.hu\/"},{"@type":"ListItem","position":2,"name":"Term\u00e9keink","item":"https:\/\/pico-bello.hu\/uzlet\/"},{"@type":"ListItem","position":3,"name":"V\u00e1gta faragott rusztikus fat\u00e1bla"}]},{"@type":"WebSite","@id":"https:\/\/pico-bello.hu\/#website","url":"https:\/\/pico-bello.hu\/","name":"Pico-Bello","description":"Show jumping and Military hurdles, equestrian steeplechase","publisher":{"@id":"https:\/\/pico-bello.hu\/#organization"},"potentialAction":[{"@type":"SearchAction","target":{"@type":"EntryPoint","urlTemplate":"https:\/\/pico-bello.hu\/?s={search_term_string}"},"query-input":{"@type":"PropertyValueSpecification","valueRequired":true,"valueName":"search_term_string"}}],"inLanguage":"en-US"},{"@type":"Organization","@id":"https:\/\/pico-bello.hu\/#organization","name":"Pico-Bello","url":"https:\/\/pico-bello.hu\/","logo":{"@type":"ImageObject","inLanguage":"en-US","@id":"https:\/\/pico-bello.hu\/#\/schema\/logo\/image\/","url":"https:\/\/pico-bello.hu\/wp-content\/uploads\/2023\/03\/pico-bello-logo-512.png","contentUrl":"https:\/\/pico-bello.hu\/wp-content\/uploads\/2023\/03\/pico-bello-logo-512.png","width":512,"height":512,"caption":"Pico-Bello"},"image":{"@id":"https:\/\/pico-bello.hu\/#\/schema\/logo\/image\/"}}]},"product_price_amount":"40640","product_price_currency":"HUF","og_availability":"instock","product_availability":"instock","product_retailer_item_id":"LAJ-17","product_condition":"new"},"_links":{"self":[{"href":"https:\/\/pico-bello.hu\/en\/wp-json\/wp\/v2\/product\/1064","targetHints":{"allow":["GET"]}}],"collection":[{"href":"https:\/\/pico-bello.hu\/en\/wp-json\/wp\/v2\/product"}],"about":[{"href":"https:\/\/pico-bello.hu\/en\/wp-json\/wp\/v2\/types\/product"}],"wp:featuredmedia":[{"embeddable":true,"href":"https:\/\/pico-bello.hu\/en\/wp-json\/wp\/v2\/media\/1058"}],"wp:attachment":[{"href":"https:\/\/pico-bello.hu\/en\/wp-json\/wp\/v2\/media?parent=1064"}],"wp:term":[{"taxonomy":"product_cat","embeddable":true,"href":"https:\/\/pico-bello.hu\/en\/wp-json\/wp\/v2\/product_cat?post=1064"},{"taxonomy":"product_tag","embeddable":true,"href":"https:\/\/pico-bello.hu\/en\/wp-json\/wp\/v2\/product_tag?post=1064"}],"curies":[{"name":"wp","href":"https:\/\/api.w.org\/{rel}","templated":true}]}}