{"id":1060,"date":"2025-08-30T14:08:00","date_gmt":"2025-08-30T12:08:00","guid":{"rendered":"https:\/\/pico-bello.hu\/?post_type=product&#038;p=1060"},"modified":"2025-09-02T09:23:29","modified_gmt":"2025-09-02T07:23:29","slug":"lovas-hajtas-rusztikus-faragott-fatabla","status":"publish","type":"product","link":"https:\/\/pico-bello.hu\/en\/termek\/lovas-hajtas-rusztikus-faragott-fatabla\/","title":{"rendered":"Horse fold rustic carved wooden board"},"content":{"rendered":"","protected":false},"excerpt":{"rendered":"<p>A rustic, carved wooden plaque depicting a horse's drive, a true masterpiece with its richly detailed workmanship. The scene shows horses driving and galloping, with trees, sun disk and birds in the background, giving the panel a dynamic and lively atmosphere. The special decoration makes each piece unique. The 87x27x2,3 cm wooden board has been stained and oiled to bring out the natural grain of the wood and preserve its beauty over time. Equally suitable for home wall decoration, decorating equestrian communal spaces or as a special gift for horse lovers.<\/p>","protected":false},"featured_media":1054,"template":"","meta":[],"product_cat":[44],"product_tag":[],"class_list":{"0":"post-1060","1":"product","2":"type-product","3":"status-publish","4":"has-post-thumbnail","6":"product_cat-lovasajandek","7":"sales-flash-overlay","8":"woocommerce-text-align-center","9":"woocommerce-image-align-center","10":"do-quantity-buttons","11":"tm-no-options","13":"first","14":"instock","15":"taxable","16":"shipping-taxable","17":"purchasable","18":"product-type-simple"},"yoast_head":"<!-- This site is optimized with the Yoast SEO Premium plugin v27.2 (Yoast SEO v27.2) - https:\/\/yoast.com\/product\/yoast-seo-premium-wordpress\/ -->\n<title>Lovas hajt\u00e1s rusztikus faragott fat\u00e1bla | Pico-Bello<\/title>\n<meta name=\"robots\" content=\"index, follow, max-snippet:-1, max-image-preview:large, max-video-preview:-1\" \/>\n<link rel=\"canonical\" href=\"https:\/\/pico-bello.hu\/en\/product-2\/lovas-hajtas-rusztikus-faragott-fatabla\/\" \/>\n<meta property=\"og:locale\" content=\"en_US\" \/>\n<meta property=\"og:type\" content=\"article\" \/>\n<meta property=\"og:title\" content=\"Lovas hajt\u00e1s rusztikus faragott fat\u00e1bla | Pico-Bello\" \/>\n<meta property=\"og:description\" content=\"Lovas hajt\u00e1st \u00e1br\u00e1zol\u00f3, rusztikus, faragott fat\u00e1bla, amely r\u00e9szletgazdag kidolgoz\u00e1s\u00e1val igazi mestermunka. A jelenetben kocsihajt\u00f3 \u00e9s v\u00e1gt\u00e1z\u00f3 lovak l\u00e1that\u00f3k, h\u00e1tt\u00e9rben f\u00e1kkal, napkoronggal \u00e9s madarakkal, \u00edgy a t\u00e1bla dinamikus \u00e9s \u00e9lettel teli hangulatot \u00e1raszt. A k\u00fcl\u00f6nleges d\u00edsz\u00edt\u00e9s minden darabot egyediv\u00e9 tesz. A 87x27x2,3 cm-es fat\u00e1bla p\u00e1colt \u00e9s olajozott fel\u00fcletkezel\u00e9st kapott, amely kiemeli a fa term\u00e9szetes erezet\u00e9t, \u00e9s hossz\u00fa t\u00e1von meg\u0151rzi annak sz\u00e9ps\u00e9g\u00e9t. Egyar\u00e1nt alkalmas otthoni faldekor\u00e1ci\u00f3nak, lovas k\u00f6z\u00f6ss\u00e9gi terek d\u00edsz\u00edt\u00e9s\u00e9re vagy k\u00fcl\u00f6nleges aj\u00e1nd\u00e9knak a lovak szerelmeseinek.\" \/>\n<meta property=\"og:url\" content=\"https:\/\/pico-bello.hu\/en\/product-2\/lovas-hajtas-rusztikus-faragott-fatabla\/\" \/>\n<meta property=\"og:site_name\" content=\"Pico-Bello\" \/>\n<meta property=\"article:modified_time\" content=\"2025-09-02T07:23:29+00:00\" \/>\n<meta property=\"og:image\" content=\"https:\/\/pico-bello.hu\/wp-content\/uploads\/2025\/08\/laj-13.jpg\" \/>\n\t<meta property=\"og:image:width\" content=\"1080\" \/>\n\t<meta property=\"og:image:height\" content=\"1080\" \/>\n\t<meta property=\"og:image:type\" content=\"image\/jpeg\" \/>\n<meta name=\"twitter:card\" content=\"summary_large_image\" \/>\n<meta name=\"twitter:label1\" content=\"Price\" \/>\n\t<meta name=\"twitter:data1\" content=\"38100&nbsp;&#070;&#116; (30000&nbsp;&#070;&#116; + \u00c1FA)\" \/>\n\t<meta name=\"twitter:label2\" content=\"Availability\" \/>\n\t<meta name=\"twitter:data2\" content=\"In stock\" \/>\n<script type=\"application\/ld+json\" class=\"yoast-schema-graph\">{\"@context\":\"https:\/\/schema.org\",\"@graph\":[{\"@type\":\"WebPage\",\"@id\":\"https:\/\/pico-bello.hu\/termek\/lovas-hajtas-rusztikus-faragott-fatabla\/\",\"url\":\"https:\/\/pico-bello.hu\/termek\/lovas-hajtas-rusztikus-faragott-fatabla\/\",\"name\":\"Lovas hajt\u00e1s rusztikus faragott fat\u00e1bla | Pico-Bello\",\"isPartOf\":{\"@id\":\"https:\/\/pico-bello.hu\/#website\"},\"primaryImageOfPage\":{\"@id\":\"https:\/\/pico-bello.hu\/termek\/lovas-hajtas-rusztikus-faragott-fatabla\/#primaryimage\"},\"image\":{\"@id\":\"https:\/\/pico-bello.hu\/termek\/lovas-hajtas-rusztikus-faragott-fatabla\/#primaryimage\"},\"thumbnailUrl\":\"https:\/\/pico-bello.hu\/wp-content\/uploads\/2025\/08\/laj-13.jpg\",\"datePublished\":\"2025-08-30T12:08:00+00:00\",\"dateModified\":\"2025-09-02T07:23:29+00:00\",\"breadcrumb\":{\"@id\":\"https:\/\/pico-bello.hu\/termek\/lovas-hajtas-rusztikus-faragott-fatabla\/#breadcrumb\"},\"inLanguage\":\"en-US\",\"potentialAction\":[{\"@type\":\"ReadAction\",\"target\":[\"https:\/\/pico-bello.hu\/termek\/lovas-hajtas-rusztikus-faragott-fatabla\/\"]}]},{\"@type\":\"ImageObject\",\"inLanguage\":\"en-US\",\"@id\":\"https:\/\/pico-bello.hu\/termek\/lovas-hajtas-rusztikus-faragott-fatabla\/#primaryimage\",\"url\":\"https:\/\/pico-bello.hu\/wp-content\/uploads\/2025\/08\/laj-13.jpg\",\"contentUrl\":\"https:\/\/pico-bello.hu\/wp-content\/uploads\/2025\/08\/laj-13.jpg\",\"width\":1080,\"height\":1080,\"caption\":\"lovas hajt\u00e1s rusztikus faragott fat\u00e1bla\"},{\"@type\":\"BreadcrumbList\",\"@id\":\"https:\/\/pico-bello.hu\/termek\/lovas-hajtas-rusztikus-faragott-fatabla\/#breadcrumb\",\"itemListElement\":[{\"@type\":\"ListItem\",\"position\":1,\"name\":\"Kezd\u0151lap\",\"item\":\"https:\/\/pico-bello.hu\/\"},{\"@type\":\"ListItem\",\"position\":2,\"name\":\"Term\u00e9keink\",\"item\":\"https:\/\/pico-bello.hu\/uzlet\/\"},{\"@type\":\"ListItem\",\"position\":3,\"name\":\"Lovas hajt\u00e1s rusztikus faragott fat\u00e1bla\"}]},{\"@type\":\"WebSite\",\"@id\":\"https:\/\/pico-bello.hu\/#website\",\"url\":\"https:\/\/pico-bello.hu\/\",\"name\":\"Pico-Bello\",\"description\":\"D\u00edjugrat\u00f3 \u00e9s Military akad\u00e1lyok, lovas akad\u00e1lyrudak\",\"publisher\":{\"@id\":\"https:\/\/pico-bello.hu\/#organization\"},\"potentialAction\":[{\"@type\":\"SearchAction\",\"target\":{\"@type\":\"EntryPoint\",\"urlTemplate\":\"https:\/\/pico-bello.hu\/?s={search_term_string}\"},\"query-input\":{\"@type\":\"PropertyValueSpecification\",\"valueRequired\":true,\"valueName\":\"search_term_string\"}}],\"inLanguage\":\"en-US\"},{\"@type\":\"Organization\",\"@id\":\"https:\/\/pico-bello.hu\/#organization\",\"name\":\"Pico-Bello\",\"url\":\"https:\/\/pico-bello.hu\/\",\"logo\":{\"@type\":\"ImageObject\",\"inLanguage\":\"en-US\",\"@id\":\"https:\/\/pico-bello.hu\/#\/schema\/logo\/image\/\",\"url\":\"https:\/\/pico-bello.hu\/wp-content\/uploads\/2023\/03\/pico-bello-logo-512.png\",\"contentUrl\":\"https:\/\/pico-bello.hu\/wp-content\/uploads\/2023\/03\/pico-bello-logo-512.png\",\"width\":512,\"height\":512,\"caption\":\"Pico-Bello\"},\"image\":{\"@id\":\"https:\/\/pico-bello.hu\/#\/schema\/logo\/image\/\"}}]}<\/script>\n<meta property=\"product:price:amount\" content=\"38100\" \/>\n<meta property=\"product:price:currency\" content=\"HUF\" \/>\n<meta property=\"og:availability\" content=\"instock\" \/>\n<meta property=\"product:availability\" content=\"instock\" \/>\n<meta property=\"product:retailer_item_id\" content=\"LAJ-13\" \/>\n<meta property=\"product:condition\" content=\"new\" \/>\n<!-- \/ Yoast SEO Premium plugin. -->","yoast_head_json":{"title":"Horse fold rustic carved wooden panel | Pico-Bello","robots":{"index":"index","follow":"follow","max-snippet":"max-snippet:-1","max-image-preview":"max-image-preview:large","max-video-preview":"max-video-preview:-1"},"canonical":"https:\/\/pico-bello.hu\/en\/product-2\/lovas-hajtas-rusztikus-faragott-fatabla\/","og_locale":"en_US","og_type":"article","og_title":"Lovas hajt\u00e1s rusztikus faragott fat\u00e1bla | Pico-Bello","og_description":"Lovas hajt\u00e1st \u00e1br\u00e1zol\u00f3, rusztikus, faragott fat\u00e1bla, amely r\u00e9szletgazdag kidolgoz\u00e1s\u00e1val igazi mestermunka. A jelenetben kocsihajt\u00f3 \u00e9s v\u00e1gt\u00e1z\u00f3 lovak l\u00e1that\u00f3k, h\u00e1tt\u00e9rben f\u00e1kkal, napkoronggal \u00e9s madarakkal, \u00edgy a t\u00e1bla dinamikus \u00e9s \u00e9lettel teli hangulatot \u00e1raszt. A k\u00fcl\u00f6nleges d\u00edsz\u00edt\u00e9s minden darabot egyediv\u00e9 tesz. A 87x27x2,3 cm-es fat\u00e1bla p\u00e1colt \u00e9s olajozott fel\u00fcletkezel\u00e9st kapott, amely kiemeli a fa term\u00e9szetes erezet\u00e9t, \u00e9s hossz\u00fa t\u00e1von meg\u0151rzi annak sz\u00e9ps\u00e9g\u00e9t. Egyar\u00e1nt alkalmas otthoni faldekor\u00e1ci\u00f3nak, lovas k\u00f6z\u00f6ss\u00e9gi terek d\u00edsz\u00edt\u00e9s\u00e9re vagy k\u00fcl\u00f6nleges aj\u00e1nd\u00e9knak a lovak szerelmeseinek.","og_url":"https:\/\/pico-bello.hu\/en\/product-2\/lovas-hajtas-rusztikus-faragott-fatabla\/","og_site_name":"Pico-Bello","article_modified_time":"2025-09-02T07:23:29+00:00","og_image":[{"width":1080,"height":1080,"url":"https:\/\/pico-bello.hu\/wp-content\/uploads\/2025\/08\/laj-13.jpg","type":"image\/jpeg"}],"twitter_card":"summary_large_image","twitter_misc":{"Price":"38100&nbsp;&#70;&#116; (30000&nbsp;&#70;&#116; + \u00c1FA)","Availability":"In stock"},"schema":{"@context":"https:\/\/schema.org","@graph":[{"@type":"WebPage","@id":"https:\/\/pico-bello.hu\/termek\/lovas-hajtas-rusztikus-faragott-fatabla\/","url":"https:\/\/pico-bello.hu\/termek\/lovas-hajtas-rusztikus-faragott-fatabla\/","name":"Horse fold rustic carved wooden panel | Pico-Bello","isPartOf":{"@id":"https:\/\/pico-bello.hu\/#website"},"primaryImageOfPage":{"@id":"https:\/\/pico-bello.hu\/termek\/lovas-hajtas-rusztikus-faragott-fatabla\/#primaryimage"},"image":{"@id":"https:\/\/pico-bello.hu\/termek\/lovas-hajtas-rusztikus-faragott-fatabla\/#primaryimage"},"thumbnailUrl":"https:\/\/pico-bello.hu\/wp-content\/uploads\/2025\/08\/laj-13.jpg","datePublished":"2025-08-30T12:08:00+00:00","dateModified":"2025-09-02T07:23:29+00:00","breadcrumb":{"@id":"https:\/\/pico-bello.hu\/termek\/lovas-hajtas-rusztikus-faragott-fatabla\/#breadcrumb"},"inLanguage":"en-US","potentialAction":[{"@type":"ReadAction","target":["https:\/\/pico-bello.hu\/termek\/lovas-hajtas-rusztikus-faragott-fatabla\/"]}]},{"@type":"ImageObject","inLanguage":"en-US","@id":"https:\/\/pico-bello.hu\/termek\/lovas-hajtas-rusztikus-faragott-fatabla\/#primaryimage","url":"https:\/\/pico-bello.hu\/wp-content\/uploads\/2025\/08\/laj-13.jpg","contentUrl":"https:\/\/pico-bello.hu\/wp-content\/uploads\/2025\/08\/laj-13.jpg","width":1080,"height":1080,"caption":"lovas hajt\u00e1s rusztikus faragott fat\u00e1bla"},{"@type":"BreadcrumbList","@id":"https:\/\/pico-bello.hu\/termek\/lovas-hajtas-rusztikus-faragott-fatabla\/#breadcrumb","itemListElement":[{"@type":"ListItem","position":1,"name":"Kezd\u0151lap","item":"https:\/\/pico-bello.hu\/"},{"@type":"ListItem","position":2,"name":"Term\u00e9keink","item":"https:\/\/pico-bello.hu\/uzlet\/"},{"@type":"ListItem","position":3,"name":"Lovas hajt\u00e1s rusztikus faragott fat\u00e1bla"}]},{"@type":"WebSite","@id":"https:\/\/pico-bello.hu\/#website","url":"https:\/\/pico-bello.hu\/","name":"Pico-Bello","description":"Show jumping and Military hurdles, equestrian steeplechase","publisher":{"@id":"https:\/\/pico-bello.hu\/#organization"},"potentialAction":[{"@type":"SearchAction","target":{"@type":"EntryPoint","urlTemplate":"https:\/\/pico-bello.hu\/?s={search_term_string}"},"query-input":{"@type":"PropertyValueSpecification","valueRequired":true,"valueName":"search_term_string"}}],"inLanguage":"en-US"},{"@type":"Organization","@id":"https:\/\/pico-bello.hu\/#organization","name":"Pico-Bello","url":"https:\/\/pico-bello.hu\/","logo":{"@type":"ImageObject","inLanguage":"en-US","@id":"https:\/\/pico-bello.hu\/#\/schema\/logo\/image\/","url":"https:\/\/pico-bello.hu\/wp-content\/uploads\/2023\/03\/pico-bello-logo-512.png","contentUrl":"https:\/\/pico-bello.hu\/wp-content\/uploads\/2023\/03\/pico-bello-logo-512.png","width":512,"height":512,"caption":"Pico-Bello"},"image":{"@id":"https:\/\/pico-bello.hu\/#\/schema\/logo\/image\/"}}]},"product_price_amount":"38100","product_price_currency":"HUF","og_availability":"instock","product_availability":"instock","product_retailer_item_id":"LAJ-13","product_condition":"new"},"_links":{"self":[{"href":"https:\/\/pico-bello.hu\/en\/wp-json\/wp\/v2\/product\/1060","targetHints":{"allow":["GET"]}}],"collection":[{"href":"https:\/\/pico-bello.hu\/en\/wp-json\/wp\/v2\/product"}],"about":[{"href":"https:\/\/pico-bello.hu\/en\/wp-json\/wp\/v2\/types\/product"}],"wp:featuredmedia":[{"embeddable":true,"href":"https:\/\/pico-bello.hu\/en\/wp-json\/wp\/v2\/media\/1054"}],"wp:attachment":[{"href":"https:\/\/pico-bello.hu\/en\/wp-json\/wp\/v2\/media?parent=1060"}],"wp:term":[{"taxonomy":"product_cat","embeddable":true,"href":"https:\/\/pico-bello.hu\/en\/wp-json\/wp\/v2\/product_cat?post=1060"},{"taxonomy":"product_tag","embeddable":true,"href":"https:\/\/pico-bello.hu\/en\/wp-json\/wp\/v2\/product_tag?post=1060"}],"curies":[{"name":"wp","href":"https:\/\/api.w.org\/{rel}","templated":true}]}}