{"id":1059,"date":"2025-08-30T14:05:56","date_gmt":"2025-08-30T12:05:56","guid":{"rendered":"https:\/\/pico-bello.hu\/?post_type=product&#038;p=1059"},"modified":"2025-09-02T09:23:11","modified_gmt":"2025-09-02T07:23:11","slug":"lovas-hajtas-palinkakinalo","status":"publish","type":"product","link":"https:\/\/pico-bello.hu\/en\/termek\/lovas-hajtas-palinkakinalo\/","title":{"rendered":"Horse drive brandy dispenser"},"content":{"rendered":"","protected":false},"excerpt":{"rendered":"<p>A carved brandy server with a horse-driven motif and space for six glasses. The rustic table is distinguished by its richly detailed decoration: a scene of galloping horses and carriage driving, which will add a real atmosphere to any gathering. Made of apple wood with a stained and lacquered finish for durability and elegance, this offering is a practical and eye-catching piece ideal for gatherings of friends, family celebrations or gift-giving. The equestrian motif and the craftsmanship will appeal to horse lovers in particular.<\/p>","protected":false},"featured_media":1053,"template":"","meta":[],"product_cat":[44],"product_tag":[],"class_list":{"0":"post-1059","1":"product","2":"type-product","3":"status-publish","4":"has-post-thumbnail","6":"product_cat-lovasajandek","7":"sales-flash-overlay","8":"woocommerce-text-align-center","9":"woocommerce-image-align-center","10":"do-quantity-buttons","11":"tm-no-options","13":"first","14":"instock","15":"taxable","16":"shipping-taxable","17":"purchasable","18":"product-type-simple"},"yoast_head":"<!-- This site is optimized with the Yoast SEO Premium plugin v27.2 (Yoast SEO v27.2) - https:\/\/yoast.com\/product\/yoast-seo-premium-wordpress\/ -->\n<title>Lovas hajt\u00e1s p\u00e1linkak\u00edn\u00e1l\u00f3 | Pico-Bello<\/title>\n<meta name=\"robots\" content=\"index, follow, max-snippet:-1, max-image-preview:large, max-video-preview:-1\" \/>\n<link rel=\"canonical\" href=\"https:\/\/pico-bello.hu\/en\/product-2\/lovas-hajtas-palinkakinalo\/\" \/>\n<meta property=\"og:locale\" content=\"en_US\" \/>\n<meta property=\"og:type\" content=\"article\" \/>\n<meta property=\"og:title\" content=\"Lovas hajt\u00e1s p\u00e1linkak\u00edn\u00e1l\u00f3 | Pico-Bello\" \/>\n<meta property=\"og:description\" content=\"Lovas hajt\u00e1st \u00e1br\u00e1zol\u00f3, faragott p\u00e1linkak\u00edn\u00e1l\u00f3, amely hat darab poh\u00e1r sz\u00e1m\u00e1ra k\u00edn\u00e1l helyet. A rusztikus t\u00e1bla k\u00fcl\u00f6nlegess\u00e9ge a r\u00e9szletgazdag d\u00edsz\u00edt\u00e9s: v\u00e1gtat\u00f3 lovak \u00e9s kocsihajt\u00f3 jelenete elevenedik meg rajta, amely igazi hangulatot visz b\u00e1rmilyen \u00f6sszej\u00f6vetelbe. A k\u00edn\u00e1l\u00f3 almaf\u00e1b\u00f3l k\u00e9sz\u00fclt, p\u00e1colt \u00e9s lakkozott fel\u00fcletkezel\u00e9ssel, amely tart\u00f3ss\u00e1got \u00e9s eleg\u00e1ns megjelen\u00e9st biztos\u00edt. Praktikus \u00e9s l\u00e1tv\u00e1nyos darab, amely ide\u00e1lis bar\u00e1ti t\u00e1rsas\u00e1gok, csal\u00e1di \u00fcnnepek vagy aj\u00e1nd\u00e9koz\u00e1s alkalm\u00e1val. A lovas mot\u00edvum \u00e9s a m\u00edves kidolgoz\u00e1s miatt k\u00fcl\u00f6n\u00f6sen a lovak szerelmeseinek sz\u00edv\u00e9hez \u00e1ll k\u00f6zel.\" \/>\n<meta property=\"og:url\" content=\"https:\/\/pico-bello.hu\/en\/product-2\/lovas-hajtas-palinkakinalo\/\" \/>\n<meta property=\"og:site_name\" content=\"Pico-Bello\" \/>\n<meta property=\"article:modified_time\" content=\"2025-09-02T07:23:11+00:00\" \/>\n<meta property=\"og:image\" content=\"https:\/\/pico-bello.hu\/wp-content\/uploads\/2025\/08\/laj-12.jpg\" \/>\n\t<meta property=\"og:image:width\" content=\"1080\" \/>\n\t<meta property=\"og:image:height\" content=\"1080\" \/>\n\t<meta property=\"og:image:type\" content=\"image\/jpeg\" \/>\n<meta name=\"twitter:card\" content=\"summary_large_image\" \/>\n<meta name=\"twitter:label1\" content=\"Price\" \/>\n\t<meta name=\"twitter:data1\" content=\"34290&nbsp;&#070;&#116; (27000&nbsp;&#070;&#116; + \u00c1FA)\" \/>\n\t<meta name=\"twitter:label2\" content=\"Availability\" \/>\n\t<meta name=\"twitter:data2\" content=\"In stock\" \/>\n<script type=\"application\/ld+json\" class=\"yoast-schema-graph\">{\"@context\":\"https:\/\/schema.org\",\"@graph\":[{\"@type\":\"WebPage\",\"@id\":\"https:\/\/pico-bello.hu\/termek\/lovas-hajtas-palinkakinalo\/\",\"url\":\"https:\/\/pico-bello.hu\/termek\/lovas-hajtas-palinkakinalo\/\",\"name\":\"Lovas hajt\u00e1s p\u00e1linkak\u00edn\u00e1l\u00f3 | Pico-Bello\",\"isPartOf\":{\"@id\":\"https:\/\/pico-bello.hu\/#website\"},\"primaryImageOfPage\":{\"@id\":\"https:\/\/pico-bello.hu\/termek\/lovas-hajtas-palinkakinalo\/#primaryimage\"},\"image\":{\"@id\":\"https:\/\/pico-bello.hu\/termek\/lovas-hajtas-palinkakinalo\/#primaryimage\"},\"thumbnailUrl\":\"https:\/\/pico-bello.hu\/wp-content\/uploads\/2025\/08\/laj-12.jpg\",\"datePublished\":\"2025-08-30T12:05:56+00:00\",\"dateModified\":\"2025-09-02T07:23:11+00:00\",\"breadcrumb\":{\"@id\":\"https:\/\/pico-bello.hu\/termek\/lovas-hajtas-palinkakinalo\/#breadcrumb\"},\"inLanguage\":\"en-US\",\"potentialAction\":[{\"@type\":\"ReadAction\",\"target\":[\"https:\/\/pico-bello.hu\/termek\/lovas-hajtas-palinkakinalo\/\"]}]},{\"@type\":\"ImageObject\",\"inLanguage\":\"en-US\",\"@id\":\"https:\/\/pico-bello.hu\/termek\/lovas-hajtas-palinkakinalo\/#primaryimage\",\"url\":\"https:\/\/pico-bello.hu\/wp-content\/uploads\/2025\/08\/laj-12.jpg\",\"contentUrl\":\"https:\/\/pico-bello.hu\/wp-content\/uploads\/2025\/08\/laj-12.jpg\",\"width\":1080,\"height\":1080,\"caption\":\"lovas hajt\u00e1s p\u00e1linkak\u00edn\u00e1l\u00f3\"},{\"@type\":\"BreadcrumbList\",\"@id\":\"https:\/\/pico-bello.hu\/termek\/lovas-hajtas-palinkakinalo\/#breadcrumb\",\"itemListElement\":[{\"@type\":\"ListItem\",\"position\":1,\"name\":\"Kezd\u0151lap\",\"item\":\"https:\/\/pico-bello.hu\/\"},{\"@type\":\"ListItem\",\"position\":2,\"name\":\"Term\u00e9keink\",\"item\":\"https:\/\/pico-bello.hu\/uzlet\/\"},{\"@type\":\"ListItem\",\"position\":3,\"name\":\"Lovas hajt\u00e1s p\u00e1linkak\u00edn\u00e1l\u00f3\"}]},{\"@type\":\"WebSite\",\"@id\":\"https:\/\/pico-bello.hu\/#website\",\"url\":\"https:\/\/pico-bello.hu\/\",\"name\":\"Pico-Bello\",\"description\":\"D\u00edjugrat\u00f3 \u00e9s Military akad\u00e1lyok, lovas akad\u00e1lyrudak\",\"publisher\":{\"@id\":\"https:\/\/pico-bello.hu\/#organization\"},\"potentialAction\":[{\"@type\":\"SearchAction\",\"target\":{\"@type\":\"EntryPoint\",\"urlTemplate\":\"https:\/\/pico-bello.hu\/?s={search_term_string}\"},\"query-input\":{\"@type\":\"PropertyValueSpecification\",\"valueRequired\":true,\"valueName\":\"search_term_string\"}}],\"inLanguage\":\"en-US\"},{\"@type\":\"Organization\",\"@id\":\"https:\/\/pico-bello.hu\/#organization\",\"name\":\"Pico-Bello\",\"url\":\"https:\/\/pico-bello.hu\/\",\"logo\":{\"@type\":\"ImageObject\",\"inLanguage\":\"en-US\",\"@id\":\"https:\/\/pico-bello.hu\/#\/schema\/logo\/image\/\",\"url\":\"https:\/\/pico-bello.hu\/wp-content\/uploads\/2023\/03\/pico-bello-logo-512.png\",\"contentUrl\":\"https:\/\/pico-bello.hu\/wp-content\/uploads\/2023\/03\/pico-bello-logo-512.png\",\"width\":512,\"height\":512,\"caption\":\"Pico-Bello\"},\"image\":{\"@id\":\"https:\/\/pico-bello.hu\/#\/schema\/logo\/image\/\"}}]}<\/script>\n<meta property=\"product:price:amount\" content=\"34290\" \/>\n<meta property=\"product:price:currency\" content=\"HUF\" \/>\n<meta property=\"og:availability\" content=\"instock\" \/>\n<meta property=\"product:availability\" content=\"instock\" \/>\n<meta property=\"product:retailer_item_id\" content=\"LAJ-12\" \/>\n<meta property=\"product:condition\" content=\"new\" \/>\n<!-- \/ Yoast SEO Premium plugin. -->","yoast_head_json":{"title":"Horse drive brandy dispenser | Pico-Bello","robots":{"index":"index","follow":"follow","max-snippet":"max-snippet:-1","max-image-preview":"max-image-preview:large","max-video-preview":"max-video-preview:-1"},"canonical":"https:\/\/pico-bello.hu\/en\/product-2\/lovas-hajtas-palinkakinalo\/","og_locale":"en_US","og_type":"article","og_title":"Lovas hajt\u00e1s p\u00e1linkak\u00edn\u00e1l\u00f3 | Pico-Bello","og_description":"Lovas hajt\u00e1st \u00e1br\u00e1zol\u00f3, faragott p\u00e1linkak\u00edn\u00e1l\u00f3, amely hat darab poh\u00e1r sz\u00e1m\u00e1ra k\u00edn\u00e1l helyet. A rusztikus t\u00e1bla k\u00fcl\u00f6nlegess\u00e9ge a r\u00e9szletgazdag d\u00edsz\u00edt\u00e9s: v\u00e1gtat\u00f3 lovak \u00e9s kocsihajt\u00f3 jelenete elevenedik meg rajta, amely igazi hangulatot visz b\u00e1rmilyen \u00f6sszej\u00f6vetelbe. A k\u00edn\u00e1l\u00f3 almaf\u00e1b\u00f3l k\u00e9sz\u00fclt, p\u00e1colt \u00e9s lakkozott fel\u00fcletkezel\u00e9ssel, amely tart\u00f3ss\u00e1got \u00e9s eleg\u00e1ns megjelen\u00e9st biztos\u00edt. Praktikus \u00e9s l\u00e1tv\u00e1nyos darab, amely ide\u00e1lis bar\u00e1ti t\u00e1rsas\u00e1gok, csal\u00e1di \u00fcnnepek vagy aj\u00e1nd\u00e9koz\u00e1s alkalm\u00e1val. A lovas mot\u00edvum \u00e9s a m\u00edves kidolgoz\u00e1s miatt k\u00fcl\u00f6n\u00f6sen a lovak szerelmeseinek sz\u00edv\u00e9hez \u00e1ll k\u00f6zel.","og_url":"https:\/\/pico-bello.hu\/en\/product-2\/lovas-hajtas-palinkakinalo\/","og_site_name":"Pico-Bello","article_modified_time":"2025-09-02T07:23:11+00:00","og_image":[{"width":1080,"height":1080,"url":"https:\/\/pico-bello.hu\/wp-content\/uploads\/2025\/08\/laj-12.jpg","type":"image\/jpeg"}],"twitter_card":"summary_large_image","twitter_misc":{"Price":"34290&nbsp;&#70;&#116; (27000&nbsp;&#70;&#116; + \u00c1FA)","Availability":"In stock"},"schema":{"@context":"https:\/\/schema.org","@graph":[{"@type":"WebPage","@id":"https:\/\/pico-bello.hu\/termek\/lovas-hajtas-palinkakinalo\/","url":"https:\/\/pico-bello.hu\/termek\/lovas-hajtas-palinkakinalo\/","name":"Horse drive brandy dispenser | Pico-Bello","isPartOf":{"@id":"https:\/\/pico-bello.hu\/#website"},"primaryImageOfPage":{"@id":"https:\/\/pico-bello.hu\/termek\/lovas-hajtas-palinkakinalo\/#primaryimage"},"image":{"@id":"https:\/\/pico-bello.hu\/termek\/lovas-hajtas-palinkakinalo\/#primaryimage"},"thumbnailUrl":"https:\/\/pico-bello.hu\/wp-content\/uploads\/2025\/08\/laj-12.jpg","datePublished":"2025-08-30T12:05:56+00:00","dateModified":"2025-09-02T07:23:11+00:00","breadcrumb":{"@id":"https:\/\/pico-bello.hu\/termek\/lovas-hajtas-palinkakinalo\/#breadcrumb"},"inLanguage":"en-US","potentialAction":[{"@type":"ReadAction","target":["https:\/\/pico-bello.hu\/termek\/lovas-hajtas-palinkakinalo\/"]}]},{"@type":"ImageObject","inLanguage":"en-US","@id":"https:\/\/pico-bello.hu\/termek\/lovas-hajtas-palinkakinalo\/#primaryimage","url":"https:\/\/pico-bello.hu\/wp-content\/uploads\/2025\/08\/laj-12.jpg","contentUrl":"https:\/\/pico-bello.hu\/wp-content\/uploads\/2025\/08\/laj-12.jpg","width":1080,"height":1080,"caption":"lovas hajt\u00e1s p\u00e1linkak\u00edn\u00e1l\u00f3"},{"@type":"BreadcrumbList","@id":"https:\/\/pico-bello.hu\/termek\/lovas-hajtas-palinkakinalo\/#breadcrumb","itemListElement":[{"@type":"ListItem","position":1,"name":"Kezd\u0151lap","item":"https:\/\/pico-bello.hu\/"},{"@type":"ListItem","position":2,"name":"Term\u00e9keink","item":"https:\/\/pico-bello.hu\/uzlet\/"},{"@type":"ListItem","position":3,"name":"Lovas hajt\u00e1s p\u00e1linkak\u00edn\u00e1l\u00f3"}]},{"@type":"WebSite","@id":"https:\/\/pico-bello.hu\/#website","url":"https:\/\/pico-bello.hu\/","name":"Pico-Bello","description":"Show jumping and Military hurdles, equestrian steeplechase","publisher":{"@id":"https:\/\/pico-bello.hu\/#organization"},"potentialAction":[{"@type":"SearchAction","target":{"@type":"EntryPoint","urlTemplate":"https:\/\/pico-bello.hu\/?s={search_term_string}"},"query-input":{"@type":"PropertyValueSpecification","valueRequired":true,"valueName":"search_term_string"}}],"inLanguage":"en-US"},{"@type":"Organization","@id":"https:\/\/pico-bello.hu\/#organization","name":"Pico-Bello","url":"https:\/\/pico-bello.hu\/","logo":{"@type":"ImageObject","inLanguage":"en-US","@id":"https:\/\/pico-bello.hu\/#\/schema\/logo\/image\/","url":"https:\/\/pico-bello.hu\/wp-content\/uploads\/2023\/03\/pico-bello-logo-512.png","contentUrl":"https:\/\/pico-bello.hu\/wp-content\/uploads\/2023\/03\/pico-bello-logo-512.png","width":512,"height":512,"caption":"Pico-Bello"},"image":{"@id":"https:\/\/pico-bello.hu\/#\/schema\/logo\/image\/"}}]},"product_price_amount":"34290","product_price_currency":"HUF","og_availability":"instock","product_availability":"instock","product_retailer_item_id":"LAJ-12","product_condition":"new"},"_links":{"self":[{"href":"https:\/\/pico-bello.hu\/en\/wp-json\/wp\/v2\/product\/1059","targetHints":{"allow":["GET"]}}],"collection":[{"href":"https:\/\/pico-bello.hu\/en\/wp-json\/wp\/v2\/product"}],"about":[{"href":"https:\/\/pico-bello.hu\/en\/wp-json\/wp\/v2\/types\/product"}],"wp:featuredmedia":[{"embeddable":true,"href":"https:\/\/pico-bello.hu\/en\/wp-json\/wp\/v2\/media\/1053"}],"wp:attachment":[{"href":"https:\/\/pico-bello.hu\/en\/wp-json\/wp\/v2\/media?parent=1059"}],"wp:term":[{"taxonomy":"product_cat","embeddable":true,"href":"https:\/\/pico-bello.hu\/en\/wp-json\/wp\/v2\/product_cat?post=1059"},{"taxonomy":"product_tag","embeddable":true,"href":"https:\/\/pico-bello.hu\/en\/wp-json\/wp\/v2\/product_tag?post=1059"}],"curies":[{"name":"wp","href":"https:\/\/api.w.org\/{rel}","templated":true}]}}