{"id":1045,"date":"2025-08-29T11:09:28","date_gmt":"2025-08-29T09:09:28","guid":{"rendered":"https:\/\/pico-bello.hu\/?post_type=product&#038;p=1045"},"modified":"2025-08-29T18:03:53","modified_gmt":"2025-08-29T16:03:53","slug":"lofejes-kinalo-tal-30cm","status":"publish","type":"product","link":"https:\/\/pico-bello.hu\/en\/termek\/lofejes-kinalo-tal-30cm\/","title":{"rendered":"Horse head serving bowl (30cm)"},"content":{"rendered":"","protected":false},"excerpt":{"rendered":"<p>Decorated with a horse-head motif, this octagonal wooden serving bowl with its elegant and unique design will make a special piece for any home. The 30 cm diameter, 3 cm high bowl has 4 compartments, making it ideal for serving cakes, seeds, dried fruit or other small items. In the centre there is a beautifully carved horse head, which is not only decorative but also a symbol of love and respect for horses. The natural wood grain and the rustic design give a warm and cosy atmosphere, making the bowl not only practical but also decorative.<\/p>","protected":false},"featured_media":1036,"template":"","meta":[],"product_cat":[44],"product_tag":[],"class_list":{"0":"post-1045","1":"product","2":"type-product","3":"status-publish","4":"has-post-thumbnail","6":"product_cat-lovasajandek","7":"sales-flash-overlay","8":"woocommerce-text-align-center","9":"woocommerce-image-align-center","10":"do-quantity-buttons","11":"tm-no-options","13":"first","14":"instock","15":"taxable","16":"shipping-taxable","17":"purchasable","18":"product-type-simple"},"yoast_head":"<!-- This site is optimized with the Yoast SEO Premium plugin v27.2 (Yoast SEO v27.2) - https:\/\/yoast.com\/product\/yoast-seo-premium-wordpress\/ -->\n<title>L\u00f3fejes k\u00edn\u00e1l\u00f3 t\u00e1l (30cm) | Pico-Bello<\/title>\n<meta name=\"robots\" content=\"index, follow, max-snippet:-1, max-image-preview:large, max-video-preview:-1\" \/>\n<link rel=\"canonical\" href=\"https:\/\/pico-bello.hu\/en\/product-2\/lofejes-kinalo-tal-30cm\/\" \/>\n<meta property=\"og:locale\" content=\"en_US\" \/>\n<meta property=\"og:type\" content=\"article\" \/>\n<meta property=\"og:title\" content=\"L\u00f3fejes k\u00edn\u00e1l\u00f3 t\u00e1l (30cm) | Pico-Bello\" \/>\n<meta property=\"og:description\" content=\"L\u00f3fejes mot\u00edvummal d\u00edsz\u00edtett, nyolcsz\u00f6glet\u0171, f\u00e1b\u00f3l k\u00e9sz\u00fclt k\u00edn\u00e1l\u00f3t\u00e1l, amely eleg\u00e1ns \u00e9s egyedi megjelen\u00e9s\u00e9vel k\u00fcl\u00f6nleges darabja lehet minden otthonnak. A 30 cm \u00e1tm\u00e9r\u0151j\u0171, 3 cm magas t\u00e1l 4 rekesszel rendelkezik, \u00edgy ide\u00e1lis v\u00e1laszt\u00e1s s\u00fctem\u00e9nyek, magvak, aszalt gy\u00fcm\u00f6lcs\u00f6k vagy egy\u00e9b apr\u00f3s\u00e1gok szerv\u00edroz\u00e1s\u00e1ra. K\u00f6z\u00e9pen egy sz\u00e9pen kidolgozott l\u00f3fej farag\u00e1s kapott helyet, amely nemcsak d\u00edsz\u00edt\u0151elem, hanem a lovak ir\u00e1nti szeretet \u00e9s tisztelet szimb\u00f3luma is. A term\u00e9szetes fa erezete \u00e9s a rusztikus kivitel meleg, otthonos hangulatot sug\u00e1roz, ez\u00e9rt a t\u00e1l nemcsak praktikus, hanem dekorat\u00edv kieg\u00e9sz\u00edt\u0151 is.\" \/>\n<meta property=\"og:url\" content=\"https:\/\/pico-bello.hu\/en\/product-2\/lofejes-kinalo-tal-30cm\/\" \/>\n<meta property=\"og:site_name\" content=\"Pico-Bello\" \/>\n<meta property=\"article:modified_time\" content=\"2025-08-29T16:03:53+00:00\" \/>\n<meta property=\"og:image\" content=\"https:\/\/pico-bello.hu\/wp-content\/uploads\/2025\/08\/laj-08.jpg\" \/>\n\t<meta property=\"og:image:width\" content=\"1080\" \/>\n\t<meta property=\"og:image:height\" content=\"1080\" \/>\n\t<meta property=\"og:image:type\" content=\"image\/jpeg\" \/>\n<meta name=\"twitter:card\" content=\"summary_large_image\" \/>\n<meta name=\"twitter:label1\" content=\"Price\" \/>\n\t<meta name=\"twitter:data1\" content=\"21590&nbsp;&#070;&#116; (17000&nbsp;&#070;&#116; + \u00c1FA)\" \/>\n\t<meta name=\"twitter:label2\" content=\"Availability\" \/>\n\t<meta name=\"twitter:data2\" content=\"In stock\" \/>\n<script type=\"application\/ld+json\" class=\"yoast-schema-graph\">{\"@context\":\"https:\/\/schema.org\",\"@graph\":[{\"@type\":\"WebPage\",\"@id\":\"https:\/\/pico-bello.hu\/termek\/lofejes-kinalo-tal-30cm\/\",\"url\":\"https:\/\/pico-bello.hu\/termek\/lofejes-kinalo-tal-30cm\/\",\"name\":\"L\u00f3fejes k\u00edn\u00e1l\u00f3 t\u00e1l (30cm) | Pico-Bello\",\"isPartOf\":{\"@id\":\"https:\/\/pico-bello.hu\/#website\"},\"primaryImageOfPage\":{\"@id\":\"https:\/\/pico-bello.hu\/termek\/lofejes-kinalo-tal-30cm\/#primaryimage\"},\"image\":{\"@id\":\"https:\/\/pico-bello.hu\/termek\/lofejes-kinalo-tal-30cm\/#primaryimage\"},\"thumbnailUrl\":\"https:\/\/pico-bello.hu\/wp-content\/uploads\/2025\/08\/laj-08.jpg\",\"datePublished\":\"2025-08-29T09:09:28+00:00\",\"dateModified\":\"2025-08-29T16:03:53+00:00\",\"breadcrumb\":{\"@id\":\"https:\/\/pico-bello.hu\/termek\/lofejes-kinalo-tal-30cm\/#breadcrumb\"},\"inLanguage\":\"en-US\",\"potentialAction\":[{\"@type\":\"ReadAction\",\"target\":[\"https:\/\/pico-bello.hu\/termek\/lofejes-kinalo-tal-30cm\/\"]}]},{\"@type\":\"ImageObject\",\"inLanguage\":\"en-US\",\"@id\":\"https:\/\/pico-bello.hu\/termek\/lofejes-kinalo-tal-30cm\/#primaryimage\",\"url\":\"https:\/\/pico-bello.hu\/wp-content\/uploads\/2025\/08\/laj-08.jpg\",\"contentUrl\":\"https:\/\/pico-bello.hu\/wp-content\/uploads\/2025\/08\/laj-08.jpg\",\"width\":1080,\"height\":1080,\"caption\":\"L\u00f3fejes k\u00edn\u00e1l\u00f3 t\u00e1l (30cm)\"},{\"@type\":\"BreadcrumbList\",\"@id\":\"https:\/\/pico-bello.hu\/termek\/lofejes-kinalo-tal-30cm\/#breadcrumb\",\"itemListElement\":[{\"@type\":\"ListItem\",\"position\":1,\"name\":\"Kezd\u0151lap\",\"item\":\"https:\/\/pico-bello.hu\/\"},{\"@type\":\"ListItem\",\"position\":2,\"name\":\"Term\u00e9keink\",\"item\":\"https:\/\/pico-bello.hu\/uzlet\/\"},{\"@type\":\"ListItem\",\"position\":3,\"name\":\"L\u00f3fejes k\u00edn\u00e1l\u00f3 t\u00e1l (30cm)\"}]},{\"@type\":\"WebSite\",\"@id\":\"https:\/\/pico-bello.hu\/#website\",\"url\":\"https:\/\/pico-bello.hu\/\",\"name\":\"Pico-Bello\",\"description\":\"D\u00edjugrat\u00f3 \u00e9s Military akad\u00e1lyok, lovas akad\u00e1lyrudak\",\"publisher\":{\"@id\":\"https:\/\/pico-bello.hu\/#organization\"},\"potentialAction\":[{\"@type\":\"SearchAction\",\"target\":{\"@type\":\"EntryPoint\",\"urlTemplate\":\"https:\/\/pico-bello.hu\/?s={search_term_string}\"},\"query-input\":{\"@type\":\"PropertyValueSpecification\",\"valueRequired\":true,\"valueName\":\"search_term_string\"}}],\"inLanguage\":\"en-US\"},{\"@type\":\"Organization\",\"@id\":\"https:\/\/pico-bello.hu\/#organization\",\"name\":\"Pico-Bello\",\"url\":\"https:\/\/pico-bello.hu\/\",\"logo\":{\"@type\":\"ImageObject\",\"inLanguage\":\"en-US\",\"@id\":\"https:\/\/pico-bello.hu\/#\/schema\/logo\/image\/\",\"url\":\"https:\/\/pico-bello.hu\/wp-content\/uploads\/2023\/03\/pico-bello-logo-512.png\",\"contentUrl\":\"https:\/\/pico-bello.hu\/wp-content\/uploads\/2023\/03\/pico-bello-logo-512.png\",\"width\":512,\"height\":512,\"caption\":\"Pico-Bello\"},\"image\":{\"@id\":\"https:\/\/pico-bello.hu\/#\/schema\/logo\/image\/\"}}]}<\/script>\n<meta property=\"product:price:amount\" content=\"21590\" \/>\n<meta property=\"product:price:currency\" content=\"HUF\" \/>\n<meta property=\"og:availability\" content=\"instock\" \/>\n<meta property=\"product:availability\" content=\"instock\" \/>\n<meta property=\"product:retailer_item_id\" content=\"LAJ-08\" \/>\n<meta property=\"product:condition\" content=\"new\" \/>\n<!-- \/ Yoast SEO Premium plugin. -->","yoast_head_json":{"title":"Horse head serving bowl (30cm) | Pico-Bello","robots":{"index":"index","follow":"follow","max-snippet":"max-snippet:-1","max-image-preview":"max-image-preview:large","max-video-preview":"max-video-preview:-1"},"canonical":"https:\/\/pico-bello.hu\/en\/product-2\/lofejes-kinalo-tal-30cm\/","og_locale":"en_US","og_type":"article","og_title":"L\u00f3fejes k\u00edn\u00e1l\u00f3 t\u00e1l (30cm) | Pico-Bello","og_description":"L\u00f3fejes mot\u00edvummal d\u00edsz\u00edtett, nyolcsz\u00f6glet\u0171, f\u00e1b\u00f3l k\u00e9sz\u00fclt k\u00edn\u00e1l\u00f3t\u00e1l, amely eleg\u00e1ns \u00e9s egyedi megjelen\u00e9s\u00e9vel k\u00fcl\u00f6nleges darabja lehet minden otthonnak. A 30 cm \u00e1tm\u00e9r\u0151j\u0171, 3 cm magas t\u00e1l 4 rekesszel rendelkezik, \u00edgy ide\u00e1lis v\u00e1laszt\u00e1s s\u00fctem\u00e9nyek, magvak, aszalt gy\u00fcm\u00f6lcs\u00f6k vagy egy\u00e9b apr\u00f3s\u00e1gok szerv\u00edroz\u00e1s\u00e1ra. K\u00f6z\u00e9pen egy sz\u00e9pen kidolgozott l\u00f3fej farag\u00e1s kapott helyet, amely nemcsak d\u00edsz\u00edt\u0151elem, hanem a lovak ir\u00e1nti szeretet \u00e9s tisztelet szimb\u00f3luma is. A term\u00e9szetes fa erezete \u00e9s a rusztikus kivitel meleg, otthonos hangulatot sug\u00e1roz, ez\u00e9rt a t\u00e1l nemcsak praktikus, hanem dekorat\u00edv kieg\u00e9sz\u00edt\u0151 is.","og_url":"https:\/\/pico-bello.hu\/en\/product-2\/lofejes-kinalo-tal-30cm\/","og_site_name":"Pico-Bello","article_modified_time":"2025-08-29T16:03:53+00:00","og_image":[{"width":1080,"height":1080,"url":"https:\/\/pico-bello.hu\/wp-content\/uploads\/2025\/08\/laj-08.jpg","type":"image\/jpeg"}],"twitter_card":"summary_large_image","twitter_misc":{"Price":"21590&nbsp;&#70;&#116; (17000&nbsp;&#70;&#116; + \u00c1FA)","Availability":"In stock"},"schema":{"@context":"https:\/\/schema.org","@graph":[{"@type":"WebPage","@id":"https:\/\/pico-bello.hu\/termek\/lofejes-kinalo-tal-30cm\/","url":"https:\/\/pico-bello.hu\/termek\/lofejes-kinalo-tal-30cm\/","name":"Horse head serving bowl (30cm) | Pico-Bello","isPartOf":{"@id":"https:\/\/pico-bello.hu\/#website"},"primaryImageOfPage":{"@id":"https:\/\/pico-bello.hu\/termek\/lofejes-kinalo-tal-30cm\/#primaryimage"},"image":{"@id":"https:\/\/pico-bello.hu\/termek\/lofejes-kinalo-tal-30cm\/#primaryimage"},"thumbnailUrl":"https:\/\/pico-bello.hu\/wp-content\/uploads\/2025\/08\/laj-08.jpg","datePublished":"2025-08-29T09:09:28+00:00","dateModified":"2025-08-29T16:03:53+00:00","breadcrumb":{"@id":"https:\/\/pico-bello.hu\/termek\/lofejes-kinalo-tal-30cm\/#breadcrumb"},"inLanguage":"en-US","potentialAction":[{"@type":"ReadAction","target":["https:\/\/pico-bello.hu\/termek\/lofejes-kinalo-tal-30cm\/"]}]},{"@type":"ImageObject","inLanguage":"en-US","@id":"https:\/\/pico-bello.hu\/termek\/lofejes-kinalo-tal-30cm\/#primaryimage","url":"https:\/\/pico-bello.hu\/wp-content\/uploads\/2025\/08\/laj-08.jpg","contentUrl":"https:\/\/pico-bello.hu\/wp-content\/uploads\/2025\/08\/laj-08.jpg","width":1080,"height":1080,"caption":"L\u00f3fejes k\u00edn\u00e1l\u00f3 t\u00e1l (30cm)"},{"@type":"BreadcrumbList","@id":"https:\/\/pico-bello.hu\/termek\/lofejes-kinalo-tal-30cm\/#breadcrumb","itemListElement":[{"@type":"ListItem","position":1,"name":"Kezd\u0151lap","item":"https:\/\/pico-bello.hu\/"},{"@type":"ListItem","position":2,"name":"Term\u00e9keink","item":"https:\/\/pico-bello.hu\/uzlet\/"},{"@type":"ListItem","position":3,"name":"L\u00f3fejes k\u00edn\u00e1l\u00f3 t\u00e1l (30cm)"}]},{"@type":"WebSite","@id":"https:\/\/pico-bello.hu\/#website","url":"https:\/\/pico-bello.hu\/","name":"Pico-Bello","description":"Show jumping and Military hurdles, equestrian steeplechase","publisher":{"@id":"https:\/\/pico-bello.hu\/#organization"},"potentialAction":[{"@type":"SearchAction","target":{"@type":"EntryPoint","urlTemplate":"https:\/\/pico-bello.hu\/?s={search_term_string}"},"query-input":{"@type":"PropertyValueSpecification","valueRequired":true,"valueName":"search_term_string"}}],"inLanguage":"en-US"},{"@type":"Organization","@id":"https:\/\/pico-bello.hu\/#organization","name":"Pico-Bello","url":"https:\/\/pico-bello.hu\/","logo":{"@type":"ImageObject","inLanguage":"en-US","@id":"https:\/\/pico-bello.hu\/#\/schema\/logo\/image\/","url":"https:\/\/pico-bello.hu\/wp-content\/uploads\/2023\/03\/pico-bello-logo-512.png","contentUrl":"https:\/\/pico-bello.hu\/wp-content\/uploads\/2023\/03\/pico-bello-logo-512.png","width":512,"height":512,"caption":"Pico-Bello"},"image":{"@id":"https:\/\/pico-bello.hu\/#\/schema\/logo\/image\/"}}]},"product_price_amount":"21590","product_price_currency":"HUF","og_availability":"instock","product_availability":"instock","product_retailer_item_id":"LAJ-08","product_condition":"new"},"_links":{"self":[{"href":"https:\/\/pico-bello.hu\/en\/wp-json\/wp\/v2\/product\/1045","targetHints":{"allow":["GET"]}}],"collection":[{"href":"https:\/\/pico-bello.hu\/en\/wp-json\/wp\/v2\/product"}],"about":[{"href":"https:\/\/pico-bello.hu\/en\/wp-json\/wp\/v2\/types\/product"}],"wp:featuredmedia":[{"embeddable":true,"href":"https:\/\/pico-bello.hu\/en\/wp-json\/wp\/v2\/media\/1036"}],"wp:attachment":[{"href":"https:\/\/pico-bello.hu\/en\/wp-json\/wp\/v2\/media?parent=1045"}],"wp:term":[{"taxonomy":"product_cat","embeddable":true,"href":"https:\/\/pico-bello.hu\/en\/wp-json\/wp\/v2\/product_cat?post=1045"},{"taxonomy":"product_tag","embeddable":true,"href":"https:\/\/pico-bello.hu\/en\/wp-json\/wp\/v2\/product_tag?post=1045"}],"curies":[{"name":"wp","href":"https:\/\/api.w.org\/{rel}","templated":true}]}}