{"id":1043,"date":"2025-08-29T11:03:35","date_gmt":"2025-08-29T09:03:35","guid":{"rendered":"https:\/\/pico-bello.hu\/?post_type=product&#038;p=1043"},"modified":"2025-09-02T09:21:02","modified_gmt":"2025-09-02T07:21:02","slug":"lofej-patko-kulcstarto","status":"publish","type":"product","link":"https:\/\/pico-bello.hu\/en\/termek\/lofej-patko-kulcstarto\/","title":{"rendered":"Horse head horseshoe key ring pliers"},"content":{"rendered":"","protected":false},"excerpt":{"rendered":"<p>Carved wooden keyring with horse head and horseshoe motif, with its rustic atmosphere it can be a special addition to any home. The 18\u00d718 cm wall decoration has four metal hooks, making it a practical way to organise your keys. The equestrian motif and the horseshoe symbol are a symbol of luck and strength, making it a great gift. The warm tones of the natural wood and the richly detailed carving make it a timeless piece that will decorate your hallway or living room for years to come. It's not only useful, but also an aesthetic decoration that will find a worthy place in any equestrian home. Size: 18\u00d718 cm.<\/p>","protected":false},"featured_media":1034,"template":"","meta":[],"product_cat":[44],"product_tag":[],"class_list":{"0":"post-1043","1":"product","2":"type-product","3":"status-publish","4":"has-post-thumbnail","6":"product_cat-lovasajandek","7":"sales-flash-overlay","8":"woocommerce-text-align-center","9":"woocommerce-image-align-center","10":"do-quantity-buttons","11":"tm-no-options","13":"first","14":"instock","15":"taxable","16":"shipping-taxable","17":"purchasable","18":"product-type-simple"},"yoast_head":"<!-- This site is optimized with the Yoast SEO Premium plugin v27.2 (Yoast SEO v27.2) - https:\/\/yoast.com\/product\/yoast-seo-premium-wordpress\/ -->\n<title>L\u00f3fej patk\u00f3 kulcstart\u00f3 fogas | Pico-Bello<\/title>\n<meta name=\"robots\" content=\"index, follow, max-snippet:-1, max-image-preview:large, max-video-preview:-1\" \/>\n<link rel=\"canonical\" href=\"https:\/\/pico-bello.hu\/en\/product-2\/lofej-patko-kulcstarto\/\" \/>\n<meta property=\"og:locale\" content=\"en_US\" \/>\n<meta property=\"og:type\" content=\"article\" \/>\n<meta property=\"og:title\" content=\"L\u00f3fej patk\u00f3 kulcstart\u00f3 fogas | Pico-Bello\" \/>\n<meta property=\"og:description\" content=\"L\u00f3fej \u00e9s patk\u00f3 mot\u00edvummal d\u00edsz\u00edtett, faragott fa kulcstart\u00f3, amely rusztikus hangulat\u00e1val k\u00fcl\u00f6nleges kieg\u00e9sz\u00edt\u0151je lehet b\u00e1rmely otthonnak. A 18x18 cm-es m\u00e9ret\u0171 falid\u00edsz n\u00e9gy darab f\u00e9m akaszt\u00f3val rendelkezik, \u00edgy praktikus megold\u00e1st ny\u00fajt a kulcsok rendszerez\u00e9s\u00e9re. A lovas mot\u00edvum \u00e9s a patk\u00f3 szimb\u00f3luma szerencs\u00e9t \u00e9s er\u0151t sugall, \u00edgy aj\u00e1nd\u00e9knak is remek v\u00e1laszt\u00e1s. A term\u00e9szetes faanyag meleg t\u00f3nusai \u00e9s a r\u00e9szletgazdag farag\u00e1s id\u0151t\u00e1ll\u00f3 darabb\u00e1 teszik, amely \u00e9vekig d\u00edsz\u00edtheti az el\u0151szob\u00e1t vagy a nappalit. Nemcsak hasznos, hanem eszt\u00e9tikus dekor\u00e1ci\u00f3 is, amely minden lovas otthonban m\u00e9lt\u00f3 helyet tal\u00e1l. M\u00e9rete: 18x18 cm.\" \/>\n<meta property=\"og:url\" content=\"https:\/\/pico-bello.hu\/en\/product-2\/lofej-patko-kulcstarto\/\" \/>\n<meta property=\"og:site_name\" content=\"Pico-Bello\" \/>\n<meta property=\"article:modified_time\" content=\"2025-09-02T07:21:02+00:00\" \/>\n<meta property=\"og:image\" content=\"https:\/\/pico-bello.hu\/wp-content\/uploads\/2025\/08\/laj-06.jpg\" \/>\n\t<meta property=\"og:image:width\" content=\"1080\" \/>\n\t<meta property=\"og:image:height\" content=\"1080\" \/>\n\t<meta property=\"og:image:type\" content=\"image\/jpeg\" \/>\n<meta name=\"twitter:card\" content=\"summary_large_image\" \/>\n<meta name=\"twitter:label1\" content=\"Price\" \/>\n\t<meta name=\"twitter:data1\" content=\"10160&nbsp;&#070;&#116; (8000&nbsp;&#070;&#116; + \u00c1FA)\" \/>\n\t<meta name=\"twitter:label2\" content=\"Availability\" \/>\n\t<meta name=\"twitter:data2\" content=\"In stock\" \/>\n<script type=\"application\/ld+json\" class=\"yoast-schema-graph\">{\"@context\":\"https:\/\/schema.org\",\"@graph\":[{\"@type\":\"WebPage\",\"@id\":\"https:\/\/pico-bello.hu\/termek\/lofej-patko-kulcstarto\/\",\"url\":\"https:\/\/pico-bello.hu\/termek\/lofej-patko-kulcstarto\/\",\"name\":\"L\u00f3fej patk\u00f3 kulcstart\u00f3 fogas | Pico-Bello\",\"isPartOf\":{\"@id\":\"https:\/\/pico-bello.hu\/#website\"},\"primaryImageOfPage\":{\"@id\":\"https:\/\/pico-bello.hu\/termek\/lofej-patko-kulcstarto\/#primaryimage\"},\"image\":{\"@id\":\"https:\/\/pico-bello.hu\/termek\/lofej-patko-kulcstarto\/#primaryimage\"},\"thumbnailUrl\":\"https:\/\/pico-bello.hu\/wp-content\/uploads\/2025\/08\/laj-06.jpg\",\"datePublished\":\"2025-08-29T09:03:35+00:00\",\"dateModified\":\"2025-09-02T07:21:02+00:00\",\"breadcrumb\":{\"@id\":\"https:\/\/pico-bello.hu\/termek\/lofej-patko-kulcstarto\/#breadcrumb\"},\"inLanguage\":\"en-US\",\"potentialAction\":[{\"@type\":\"ReadAction\",\"target\":[\"https:\/\/pico-bello.hu\/termek\/lofej-patko-kulcstarto\/\"]}]},{\"@type\":\"ImageObject\",\"inLanguage\":\"en-US\",\"@id\":\"https:\/\/pico-bello.hu\/termek\/lofej-patko-kulcstarto\/#primaryimage\",\"url\":\"https:\/\/pico-bello.hu\/wp-content\/uploads\/2025\/08\/laj-06.jpg\",\"contentUrl\":\"https:\/\/pico-bello.hu\/wp-content\/uploads\/2025\/08\/laj-06.jpg\",\"width\":1080,\"height\":1080,\"caption\":\"l\u00f3fej patk\u00f3 kulcstart\u00f3\"},{\"@type\":\"BreadcrumbList\",\"@id\":\"https:\/\/pico-bello.hu\/termek\/lofej-patko-kulcstarto\/#breadcrumb\",\"itemListElement\":[{\"@type\":\"ListItem\",\"position\":1,\"name\":\"Kezd\u0151lap\",\"item\":\"https:\/\/pico-bello.hu\/\"},{\"@type\":\"ListItem\",\"position\":2,\"name\":\"Term\u00e9keink\",\"item\":\"https:\/\/pico-bello.hu\/uzlet\/\"},{\"@type\":\"ListItem\",\"position\":3,\"name\":\"L\u00f3fej patk\u00f3 kulcstart\u00f3 fogas\"}]},{\"@type\":\"WebSite\",\"@id\":\"https:\/\/pico-bello.hu\/#website\",\"url\":\"https:\/\/pico-bello.hu\/\",\"name\":\"Pico-Bello\",\"description\":\"D\u00edjugrat\u00f3 \u00e9s Military akad\u00e1lyok, lovas akad\u00e1lyrudak\",\"publisher\":{\"@id\":\"https:\/\/pico-bello.hu\/#organization\"},\"potentialAction\":[{\"@type\":\"SearchAction\",\"target\":{\"@type\":\"EntryPoint\",\"urlTemplate\":\"https:\/\/pico-bello.hu\/?s={search_term_string}\"},\"query-input\":{\"@type\":\"PropertyValueSpecification\",\"valueRequired\":true,\"valueName\":\"search_term_string\"}}],\"inLanguage\":\"en-US\"},{\"@type\":\"Organization\",\"@id\":\"https:\/\/pico-bello.hu\/#organization\",\"name\":\"Pico-Bello\",\"url\":\"https:\/\/pico-bello.hu\/\",\"logo\":{\"@type\":\"ImageObject\",\"inLanguage\":\"en-US\",\"@id\":\"https:\/\/pico-bello.hu\/#\/schema\/logo\/image\/\",\"url\":\"https:\/\/pico-bello.hu\/wp-content\/uploads\/2023\/03\/pico-bello-logo-512.png\",\"contentUrl\":\"https:\/\/pico-bello.hu\/wp-content\/uploads\/2023\/03\/pico-bello-logo-512.png\",\"width\":512,\"height\":512,\"caption\":\"Pico-Bello\"},\"image\":{\"@id\":\"https:\/\/pico-bello.hu\/#\/schema\/logo\/image\/\"}}]}<\/script>\n<meta property=\"product:price:amount\" content=\"10160\" \/>\n<meta property=\"product:price:currency\" content=\"HUF\" \/>\n<meta property=\"og:availability\" content=\"instock\" \/>\n<meta property=\"product:availability\" content=\"instock\" \/>\n<meta property=\"product:retailer_item_id\" content=\"LAJ-06\" \/>\n<meta property=\"product:condition\" content=\"new\" \/>\n<!-- \/ Yoast SEO Premium plugin. -->","yoast_head_json":{"title":"Horse head horseshoe key ring pliers | Pico-Bello","robots":{"index":"index","follow":"follow","max-snippet":"max-snippet:-1","max-image-preview":"max-image-preview:large","max-video-preview":"max-video-preview:-1"},"canonical":"https:\/\/pico-bello.hu\/en\/product-2\/lofej-patko-kulcstarto\/","og_locale":"en_US","og_type":"article","og_title":"L\u00f3fej patk\u00f3 kulcstart\u00f3 fogas | Pico-Bello","og_description":"L\u00f3fej \u00e9s patk\u00f3 mot\u00edvummal d\u00edsz\u00edtett, faragott fa kulcstart\u00f3, amely rusztikus hangulat\u00e1val k\u00fcl\u00f6nleges kieg\u00e9sz\u00edt\u0151je lehet b\u00e1rmely otthonnak. A 18x18 cm-es m\u00e9ret\u0171 falid\u00edsz n\u00e9gy darab f\u00e9m akaszt\u00f3val rendelkezik, \u00edgy praktikus megold\u00e1st ny\u00fajt a kulcsok rendszerez\u00e9s\u00e9re. A lovas mot\u00edvum \u00e9s a patk\u00f3 szimb\u00f3luma szerencs\u00e9t \u00e9s er\u0151t sugall, \u00edgy aj\u00e1nd\u00e9knak is remek v\u00e1laszt\u00e1s. A term\u00e9szetes faanyag meleg t\u00f3nusai \u00e9s a r\u00e9szletgazdag farag\u00e1s id\u0151t\u00e1ll\u00f3 darabb\u00e1 teszik, amely \u00e9vekig d\u00edsz\u00edtheti az el\u0151szob\u00e1t vagy a nappalit. Nemcsak hasznos, hanem eszt\u00e9tikus dekor\u00e1ci\u00f3 is, amely minden lovas otthonban m\u00e9lt\u00f3 helyet tal\u00e1l. M\u00e9rete: 18x18 cm.","og_url":"https:\/\/pico-bello.hu\/en\/product-2\/lofej-patko-kulcstarto\/","og_site_name":"Pico-Bello","article_modified_time":"2025-09-02T07:21:02+00:00","og_image":[{"width":1080,"height":1080,"url":"https:\/\/pico-bello.hu\/wp-content\/uploads\/2025\/08\/laj-06.jpg","type":"image\/jpeg"}],"twitter_card":"summary_large_image","twitter_misc":{"Price":"10160&nbsp;&#70;&#116; (8000&nbsp;&#70;&#116; + \u00c1FA)","Availability":"In stock"},"schema":{"@context":"https:\/\/schema.org","@graph":[{"@type":"WebPage","@id":"https:\/\/pico-bello.hu\/termek\/lofej-patko-kulcstarto\/","url":"https:\/\/pico-bello.hu\/termek\/lofej-patko-kulcstarto\/","name":"Horse head horseshoe key ring pliers | Pico-Bello","isPartOf":{"@id":"https:\/\/pico-bello.hu\/#website"},"primaryImageOfPage":{"@id":"https:\/\/pico-bello.hu\/termek\/lofej-patko-kulcstarto\/#primaryimage"},"image":{"@id":"https:\/\/pico-bello.hu\/termek\/lofej-patko-kulcstarto\/#primaryimage"},"thumbnailUrl":"https:\/\/pico-bello.hu\/wp-content\/uploads\/2025\/08\/laj-06.jpg","datePublished":"2025-08-29T09:03:35+00:00","dateModified":"2025-09-02T07:21:02+00:00","breadcrumb":{"@id":"https:\/\/pico-bello.hu\/termek\/lofej-patko-kulcstarto\/#breadcrumb"},"inLanguage":"en-US","potentialAction":[{"@type":"ReadAction","target":["https:\/\/pico-bello.hu\/termek\/lofej-patko-kulcstarto\/"]}]},{"@type":"ImageObject","inLanguage":"en-US","@id":"https:\/\/pico-bello.hu\/termek\/lofej-patko-kulcstarto\/#primaryimage","url":"https:\/\/pico-bello.hu\/wp-content\/uploads\/2025\/08\/laj-06.jpg","contentUrl":"https:\/\/pico-bello.hu\/wp-content\/uploads\/2025\/08\/laj-06.jpg","width":1080,"height":1080,"caption":"l\u00f3fej patk\u00f3 kulcstart\u00f3"},{"@type":"BreadcrumbList","@id":"https:\/\/pico-bello.hu\/termek\/lofej-patko-kulcstarto\/#breadcrumb","itemListElement":[{"@type":"ListItem","position":1,"name":"Kezd\u0151lap","item":"https:\/\/pico-bello.hu\/"},{"@type":"ListItem","position":2,"name":"Term\u00e9keink","item":"https:\/\/pico-bello.hu\/uzlet\/"},{"@type":"ListItem","position":3,"name":"L\u00f3fej patk\u00f3 kulcstart\u00f3 fogas"}]},{"@type":"WebSite","@id":"https:\/\/pico-bello.hu\/#website","url":"https:\/\/pico-bello.hu\/","name":"Pico-Bello","description":"Show jumping and Military hurdles, equestrian steeplechase","publisher":{"@id":"https:\/\/pico-bello.hu\/#organization"},"potentialAction":[{"@type":"SearchAction","target":{"@type":"EntryPoint","urlTemplate":"https:\/\/pico-bello.hu\/?s={search_term_string}"},"query-input":{"@type":"PropertyValueSpecification","valueRequired":true,"valueName":"search_term_string"}}],"inLanguage":"en-US"},{"@type":"Organization","@id":"https:\/\/pico-bello.hu\/#organization","name":"Pico-Bello","url":"https:\/\/pico-bello.hu\/","logo":{"@type":"ImageObject","inLanguage":"en-US","@id":"https:\/\/pico-bello.hu\/#\/schema\/logo\/image\/","url":"https:\/\/pico-bello.hu\/wp-content\/uploads\/2023\/03\/pico-bello-logo-512.png","contentUrl":"https:\/\/pico-bello.hu\/wp-content\/uploads\/2023\/03\/pico-bello-logo-512.png","width":512,"height":512,"caption":"Pico-Bello"},"image":{"@id":"https:\/\/pico-bello.hu\/#\/schema\/logo\/image\/"}}]},"product_price_amount":"10160","product_price_currency":"HUF","og_availability":"instock","product_availability":"instock","product_retailer_item_id":"LAJ-06","product_condition":"new"},"_links":{"self":[{"href":"https:\/\/pico-bello.hu\/en\/wp-json\/wp\/v2\/product\/1043","targetHints":{"allow":["GET"]}}],"collection":[{"href":"https:\/\/pico-bello.hu\/en\/wp-json\/wp\/v2\/product"}],"about":[{"href":"https:\/\/pico-bello.hu\/en\/wp-json\/wp\/v2\/types\/product"}],"wp:featuredmedia":[{"embeddable":true,"href":"https:\/\/pico-bello.hu\/en\/wp-json\/wp\/v2\/media\/1034"}],"wp:attachment":[{"href":"https:\/\/pico-bello.hu\/en\/wp-json\/wp\/v2\/media?parent=1043"}],"wp:term":[{"taxonomy":"product_cat","embeddable":true,"href":"https:\/\/pico-bello.hu\/en\/wp-json\/wp\/v2\/product_cat?post=1043"},{"taxonomy":"product_tag","embeddable":true,"href":"https:\/\/pico-bello.hu\/en\/wp-json\/wp\/v2\/product_tag?post=1043"}],"curies":[{"name":"wp","href":"https:\/\/api.w.org\/{rel}","templated":true}]}}