{"id":1042,"date":"2025-08-29T11:01:43","date_gmt":"2025-08-29T09:01:43","guid":{"rendered":"https:\/\/pico-bello.hu\/?post_type=product&#038;p=1042"},"modified":"2025-08-29T18:03:53","modified_gmt":"2025-08-29T16:03:53","slug":"lofej-csikos-telefontarto","status":"publish","type":"product","link":"https:\/\/pico-bello.hu\/en\/termek\/lofej-csikos-telefontarto\/","title":{"rendered":"Telephone holder with a horse's head foal"},"content":{"rendered":"","protected":false},"excerpt":{"rendered":"<p>Decorated with a horse head and foal pattern, this wooden phone holder is a practical and stylish addition to any desk. Its design allows you to hold your mobile phone and two pens at the same time, keeping your workspace tidy. The engraved equestrian motif adds a unique touch that will appeal to horse lovers in particular. The rustic wooden look exudes warmth and naturalness, making it perfect for a desk at home, in the office or even as a gift. Made of durable, timeless material, it will be a reliable companion for a long time.<\/p>","protected":false},"featured_media":1033,"template":"","meta":[],"product_cat":[44],"product_tag":[],"class_list":{"0":"post-1042","1":"product","2":"type-product","3":"status-publish","4":"has-post-thumbnail","6":"product_cat-lovasajandek","7":"sales-flash-overlay","8":"woocommerce-text-align-center","9":"woocommerce-image-align-center","10":"do-quantity-buttons","11":"tm-no-options","13":"first","14":"instock","15":"taxable","16":"shipping-taxable","17":"purchasable","18":"product-type-simple"},"yoast_head":"<!-- This site is optimized with the Yoast SEO Premium plugin v27.2 (Yoast SEO v27.2) - https:\/\/yoast.com\/product\/yoast-seo-premium-wordpress\/ -->\n<title>L\u00f3fej csik\u00f3s telefontart\u00f3 | Pico-Bello<\/title>\n<meta name=\"robots\" content=\"index, follow, max-snippet:-1, max-image-preview:large, max-video-preview:-1\" \/>\n<link rel=\"canonical\" href=\"https:\/\/pico-bello.hu\/en\/product-2\/lofej-csikos-telefontarto\/\" \/>\n<meta property=\"og:locale\" content=\"en_US\" \/>\n<meta property=\"og:type\" content=\"article\" \/>\n<meta property=\"og:title\" content=\"L\u00f3fej csik\u00f3s telefontart\u00f3 | Pico-Bello\" \/>\n<meta property=\"og:description\" content=\"L\u00f3fej \u00e9s csik\u00f3 mint\u00e1val d\u00edsz\u00edtett, fa telefontart\u00f3, amely praktikus \u00e9s st\u00edlusos kieg\u00e9sz\u00edt\u0151je lehet b\u00e1rmely \u00edr\u00f3asztalnak. Kialak\u00edt\u00e1s\u00e1nak k\u00f6sz\u00f6nhet\u0151en egyszerre tarthatod benne a mobilodat \u00e9s k\u00e9t tollat, \u00edgy mindig rendezett marad a munkater\u00fcleted. A grav\u00edrozott lovas mot\u00edvum egyedi hangulatot ad, amely k\u00fcl\u00f6n\u00f6sen a lovak szerelmeseinek sz\u00f3l. A rusztikus fa megjelen\u00e9se melegs\u00e9get \u00e9s term\u00e9szetess\u00e9get sug\u00e1roz, \u00edgy t\u00f6k\u00e9letesen illik otthoni \u00edr\u00f3asztalra, irod\u00e1ba vagy ak\u00e1r aj\u00e1nd\u00e9knak is. Tart\u00f3s, id\u0151t\u00e1ll\u00f3 anyagb\u00f3l k\u00e9sz\u00fclt, \u00edgy hossz\u00fa ideig megb\u00edzhat\u00f3 t\u00e1rs lesz a mindennapokban.\" \/>\n<meta property=\"og:url\" content=\"https:\/\/pico-bello.hu\/en\/product-2\/lofej-csikos-telefontarto\/\" \/>\n<meta property=\"og:site_name\" content=\"Pico-Bello\" \/>\n<meta property=\"article:modified_time\" content=\"2025-08-29T16:03:53+00:00\" \/>\n<meta property=\"og:image\" content=\"https:\/\/pico-bello.hu\/wp-content\/uploads\/2025\/08\/laj-05.jpg\" \/>\n\t<meta property=\"og:image:width\" content=\"1080\" \/>\n\t<meta property=\"og:image:height\" content=\"1080\" \/>\n\t<meta property=\"og:image:type\" content=\"image\/jpeg\" \/>\n<meta name=\"twitter:card\" content=\"summary_large_image\" \/>\n<meta name=\"twitter:label1\" content=\"Price\" \/>\n\t<meta name=\"twitter:data1\" content=\"12700&nbsp;&#070;&#116; (10000&nbsp;&#070;&#116; + \u00c1FA)\" \/>\n\t<meta name=\"twitter:label2\" content=\"Availability\" \/>\n\t<meta name=\"twitter:data2\" content=\"In stock\" \/>\n<script type=\"application\/ld+json\" class=\"yoast-schema-graph\">{\"@context\":\"https:\/\/schema.org\",\"@graph\":[{\"@type\":\"WebPage\",\"@id\":\"https:\/\/pico-bello.hu\/termek\/lofej-csikos-telefontarto\/\",\"url\":\"https:\/\/pico-bello.hu\/termek\/lofej-csikos-telefontarto\/\",\"name\":\"L\u00f3fej csik\u00f3s telefontart\u00f3 | Pico-Bello\",\"isPartOf\":{\"@id\":\"https:\/\/pico-bello.hu\/#website\"},\"primaryImageOfPage\":{\"@id\":\"https:\/\/pico-bello.hu\/termek\/lofej-csikos-telefontarto\/#primaryimage\"},\"image\":{\"@id\":\"https:\/\/pico-bello.hu\/termek\/lofej-csikos-telefontarto\/#primaryimage\"},\"thumbnailUrl\":\"https:\/\/pico-bello.hu\/wp-content\/uploads\/2025\/08\/laj-05.jpg\",\"datePublished\":\"2025-08-29T09:01:43+00:00\",\"dateModified\":\"2025-08-29T16:03:53+00:00\",\"breadcrumb\":{\"@id\":\"https:\/\/pico-bello.hu\/termek\/lofej-csikos-telefontarto\/#breadcrumb\"},\"inLanguage\":\"en-US\",\"potentialAction\":[{\"@type\":\"ReadAction\",\"target\":[\"https:\/\/pico-bello.hu\/termek\/lofej-csikos-telefontarto\/\"]}]},{\"@type\":\"ImageObject\",\"inLanguage\":\"en-US\",\"@id\":\"https:\/\/pico-bello.hu\/termek\/lofej-csikos-telefontarto\/#primaryimage\",\"url\":\"https:\/\/pico-bello.hu\/wp-content\/uploads\/2025\/08\/laj-05.jpg\",\"contentUrl\":\"https:\/\/pico-bello.hu\/wp-content\/uploads\/2025\/08\/laj-05.jpg\",\"width\":1080,\"height\":1080,\"caption\":\"l\u00f3fej csik\u00f3s telefontart\u00f3\"},{\"@type\":\"BreadcrumbList\",\"@id\":\"https:\/\/pico-bello.hu\/termek\/lofej-csikos-telefontarto\/#breadcrumb\",\"itemListElement\":[{\"@type\":\"ListItem\",\"position\":1,\"name\":\"Kezd\u0151lap\",\"item\":\"https:\/\/pico-bello.hu\/\"},{\"@type\":\"ListItem\",\"position\":2,\"name\":\"Term\u00e9keink\",\"item\":\"https:\/\/pico-bello.hu\/uzlet\/\"},{\"@type\":\"ListItem\",\"position\":3,\"name\":\"L\u00f3fej csik\u00f3s telefontart\u00f3\"}]},{\"@type\":\"WebSite\",\"@id\":\"https:\/\/pico-bello.hu\/#website\",\"url\":\"https:\/\/pico-bello.hu\/\",\"name\":\"Pico-Bello\",\"description\":\"D\u00edjugrat\u00f3 \u00e9s Military akad\u00e1lyok, lovas akad\u00e1lyrudak\",\"publisher\":{\"@id\":\"https:\/\/pico-bello.hu\/#organization\"},\"potentialAction\":[{\"@type\":\"SearchAction\",\"target\":{\"@type\":\"EntryPoint\",\"urlTemplate\":\"https:\/\/pico-bello.hu\/?s={search_term_string}\"},\"query-input\":{\"@type\":\"PropertyValueSpecification\",\"valueRequired\":true,\"valueName\":\"search_term_string\"}}],\"inLanguage\":\"en-US\"},{\"@type\":\"Organization\",\"@id\":\"https:\/\/pico-bello.hu\/#organization\",\"name\":\"Pico-Bello\",\"url\":\"https:\/\/pico-bello.hu\/\",\"logo\":{\"@type\":\"ImageObject\",\"inLanguage\":\"en-US\",\"@id\":\"https:\/\/pico-bello.hu\/#\/schema\/logo\/image\/\",\"url\":\"https:\/\/pico-bello.hu\/wp-content\/uploads\/2023\/03\/pico-bello-logo-512.png\",\"contentUrl\":\"https:\/\/pico-bello.hu\/wp-content\/uploads\/2023\/03\/pico-bello-logo-512.png\",\"width\":512,\"height\":512,\"caption\":\"Pico-Bello\"},\"image\":{\"@id\":\"https:\/\/pico-bello.hu\/#\/schema\/logo\/image\/\"}}]}<\/script>\n<meta property=\"product:price:amount\" content=\"12700\" \/>\n<meta property=\"product:price:currency\" content=\"HUF\" \/>\n<meta property=\"og:availability\" content=\"instock\" \/>\n<meta property=\"product:availability\" content=\"instock\" \/>\n<meta property=\"product:retailer_item_id\" content=\"LAJ-05\" \/>\n<meta property=\"product:condition\" content=\"new\" \/>\n<!-- \/ Yoast SEO Premium plugin. -->","yoast_head_json":{"title":"Telephone holder with horse's head | Pico-Bello","robots":{"index":"index","follow":"follow","max-snippet":"max-snippet:-1","max-image-preview":"max-image-preview:large","max-video-preview":"max-video-preview:-1"},"canonical":"https:\/\/pico-bello.hu\/en\/product-2\/lofej-csikos-telefontarto\/","og_locale":"en_US","og_type":"article","og_title":"L\u00f3fej csik\u00f3s telefontart\u00f3 | Pico-Bello","og_description":"L\u00f3fej \u00e9s csik\u00f3 mint\u00e1val d\u00edsz\u00edtett, fa telefontart\u00f3, amely praktikus \u00e9s st\u00edlusos kieg\u00e9sz\u00edt\u0151je lehet b\u00e1rmely \u00edr\u00f3asztalnak. Kialak\u00edt\u00e1s\u00e1nak k\u00f6sz\u00f6nhet\u0151en egyszerre tarthatod benne a mobilodat \u00e9s k\u00e9t tollat, \u00edgy mindig rendezett marad a munkater\u00fcleted. A grav\u00edrozott lovas mot\u00edvum egyedi hangulatot ad, amely k\u00fcl\u00f6n\u00f6sen a lovak szerelmeseinek sz\u00f3l. A rusztikus fa megjelen\u00e9se melegs\u00e9get \u00e9s term\u00e9szetess\u00e9get sug\u00e1roz, \u00edgy t\u00f6k\u00e9letesen illik otthoni \u00edr\u00f3asztalra, irod\u00e1ba vagy ak\u00e1r aj\u00e1nd\u00e9knak is. Tart\u00f3s, id\u0151t\u00e1ll\u00f3 anyagb\u00f3l k\u00e9sz\u00fclt, \u00edgy hossz\u00fa ideig megb\u00edzhat\u00f3 t\u00e1rs lesz a mindennapokban.","og_url":"https:\/\/pico-bello.hu\/en\/product-2\/lofej-csikos-telefontarto\/","og_site_name":"Pico-Bello","article_modified_time":"2025-08-29T16:03:53+00:00","og_image":[{"width":1080,"height":1080,"url":"https:\/\/pico-bello.hu\/wp-content\/uploads\/2025\/08\/laj-05.jpg","type":"image\/jpeg"}],"twitter_card":"summary_large_image","twitter_misc":{"Price":"12700&nbsp;&#70;&#116; (10000&nbsp;&#70;&#116; + \u00c1FA)","Availability":"In stock"},"schema":{"@context":"https:\/\/schema.org","@graph":[{"@type":"WebPage","@id":"https:\/\/pico-bello.hu\/termek\/lofej-csikos-telefontarto\/","url":"https:\/\/pico-bello.hu\/termek\/lofej-csikos-telefontarto\/","name":"Telephone holder with horse's head | Pico-Bello","isPartOf":{"@id":"https:\/\/pico-bello.hu\/#website"},"primaryImageOfPage":{"@id":"https:\/\/pico-bello.hu\/termek\/lofej-csikos-telefontarto\/#primaryimage"},"image":{"@id":"https:\/\/pico-bello.hu\/termek\/lofej-csikos-telefontarto\/#primaryimage"},"thumbnailUrl":"https:\/\/pico-bello.hu\/wp-content\/uploads\/2025\/08\/laj-05.jpg","datePublished":"2025-08-29T09:01:43+00:00","dateModified":"2025-08-29T16:03:53+00:00","breadcrumb":{"@id":"https:\/\/pico-bello.hu\/termek\/lofej-csikos-telefontarto\/#breadcrumb"},"inLanguage":"en-US","potentialAction":[{"@type":"ReadAction","target":["https:\/\/pico-bello.hu\/termek\/lofej-csikos-telefontarto\/"]}]},{"@type":"ImageObject","inLanguage":"en-US","@id":"https:\/\/pico-bello.hu\/termek\/lofej-csikos-telefontarto\/#primaryimage","url":"https:\/\/pico-bello.hu\/wp-content\/uploads\/2025\/08\/laj-05.jpg","contentUrl":"https:\/\/pico-bello.hu\/wp-content\/uploads\/2025\/08\/laj-05.jpg","width":1080,"height":1080,"caption":"l\u00f3fej csik\u00f3s telefontart\u00f3"},{"@type":"BreadcrumbList","@id":"https:\/\/pico-bello.hu\/termek\/lofej-csikos-telefontarto\/#breadcrumb","itemListElement":[{"@type":"ListItem","position":1,"name":"Kezd\u0151lap","item":"https:\/\/pico-bello.hu\/"},{"@type":"ListItem","position":2,"name":"Term\u00e9keink","item":"https:\/\/pico-bello.hu\/uzlet\/"},{"@type":"ListItem","position":3,"name":"L\u00f3fej csik\u00f3s telefontart\u00f3"}]},{"@type":"WebSite","@id":"https:\/\/pico-bello.hu\/#website","url":"https:\/\/pico-bello.hu\/","name":"Pico-Bello","description":"Show jumping and Military hurdles, equestrian steeplechase","publisher":{"@id":"https:\/\/pico-bello.hu\/#organization"},"potentialAction":[{"@type":"SearchAction","target":{"@type":"EntryPoint","urlTemplate":"https:\/\/pico-bello.hu\/?s={search_term_string}"},"query-input":{"@type":"PropertyValueSpecification","valueRequired":true,"valueName":"search_term_string"}}],"inLanguage":"en-US"},{"@type":"Organization","@id":"https:\/\/pico-bello.hu\/#organization","name":"Pico-Bello","url":"https:\/\/pico-bello.hu\/","logo":{"@type":"ImageObject","inLanguage":"en-US","@id":"https:\/\/pico-bello.hu\/#\/schema\/logo\/image\/","url":"https:\/\/pico-bello.hu\/wp-content\/uploads\/2023\/03\/pico-bello-logo-512.png","contentUrl":"https:\/\/pico-bello.hu\/wp-content\/uploads\/2023\/03\/pico-bello-logo-512.png","width":512,"height":512,"caption":"Pico-Bello"},"image":{"@id":"https:\/\/pico-bello.hu\/#\/schema\/logo\/image\/"}}]},"product_price_amount":"12700","product_price_currency":"HUF","og_availability":"instock","product_availability":"instock","product_retailer_item_id":"LAJ-05","product_condition":"new"},"_links":{"self":[{"href":"https:\/\/pico-bello.hu\/en\/wp-json\/wp\/v2\/product\/1042","targetHints":{"allow":["GET"]}}],"collection":[{"href":"https:\/\/pico-bello.hu\/en\/wp-json\/wp\/v2\/product"}],"about":[{"href":"https:\/\/pico-bello.hu\/en\/wp-json\/wp\/v2\/types\/product"}],"wp:featuredmedia":[{"embeddable":true,"href":"https:\/\/pico-bello.hu\/en\/wp-json\/wp\/v2\/media\/1033"}],"wp:attachment":[{"href":"https:\/\/pico-bello.hu\/en\/wp-json\/wp\/v2\/media?parent=1042"}],"wp:term":[{"taxonomy":"product_cat","embeddable":true,"href":"https:\/\/pico-bello.hu\/en\/wp-json\/wp\/v2\/product_cat?post=1042"},{"taxonomy":"product_tag","embeddable":true,"href":"https:\/\/pico-bello.hu\/en\/wp-json\/wp\/v2\/product_tag?post=1042"}],"curies":[{"name":"wp","href":"https:\/\/api.w.org\/{rel}","templated":true}]}}