{"id":1041,"date":"2025-08-29T10:59:26","date_gmt":"2025-08-29T08:59:26","guid":{"rendered":"https:\/\/pico-bello.hu\/?post_type=product&#038;p=1041"},"modified":"2025-08-29T18:03:53","modified_gmt":"2025-08-29T16:03:53","slug":"lofej-csikos-kulcstarto","status":"publish","type":"product","link":"https:\/\/pico-bello.hu\/en\/termek\/lofej-csikos-kulcstarto\/","title":{"rendered":"Horse head key ring with tick key ring pliers"},"content":{"rendered":"","protected":false},"excerpt":{"rendered":"<p>Carved wooden keychain with horse head and foal motif, a practical and decorative addition to your home. The rustic-style wooden plate features a beautifully crafted equestrian decoration on the top and four metal hooks on the bottom, complemented by horseshoe-shaped inserts. This special piece is not only a great way to organise your keys, but also creates a cosy atmosphere in the hallway, living room or even in a room with an equestrian theme. Made from durable wood, it will be a reliable companion for many years of everyday use.<\/p>","protected":false},"featured_media":1032,"template":"","meta":[],"product_cat":[44],"product_tag":[],"class_list":{"0":"post-1041","1":"product","2":"type-product","3":"status-publish","4":"has-post-thumbnail","6":"product_cat-lovasajandek","7":"sales-flash-overlay","8":"woocommerce-text-align-center","9":"woocommerce-image-align-center","10":"do-quantity-buttons","11":"tm-no-options","13":"first","14":"instock","15":"taxable","16":"shipping-taxable","17":"purchasable","18":"product-type-simple"},"yoast_head":"<!-- This site is optimized with the Yoast SEO Premium plugin v27.2 (Yoast SEO v27.2) - https:\/\/yoast.com\/product\/yoast-seo-premium-wordpress\/ -->\n<title>L\u00f3fej csik\u00f3s kulcstart\u00f3 fogas | Pico-Bello<\/title>\n<meta name=\"robots\" content=\"index, follow, max-snippet:-1, max-image-preview:large, max-video-preview:-1\" \/>\n<link rel=\"canonical\" href=\"https:\/\/pico-bello.hu\/en\/product-2\/lofej-csikos-kulcstarto\/\" \/>\n<meta property=\"og:locale\" content=\"en_US\" \/>\n<meta property=\"og:type\" content=\"article\" \/>\n<meta property=\"og:title\" content=\"L\u00f3fej csik\u00f3s kulcstart\u00f3 fogas | Pico-Bello\" \/>\n<meta property=\"og:description\" content=\"L\u00f3fej \u00e9s csik\u00f3 mot\u00edvummal d\u00edsz\u00edtett, faragott fa kulcstart\u00f3, amely egyszerre praktikus \u00e9s dekorat\u00edv kieg\u00e9sz\u00edt\u0151je lehet az otthonnak. A rusztikus st\u00edlus\u00fa fat\u00e1bla fels\u0151 r\u00e9sz\u00e9n gy\u00f6ny\u00f6r\u0171en kidolgozott lovas d\u00edsz\u00edt\u00e9s l\u00e1that\u00f3, alul pedig n\u00e9gy darab f\u00e9m akaszt\u00f3 kapott helyet, melyek patk\u00f3 form\u00e1j\u00fa bet\u00e9tekkel eg\u00e9sz\u00fclnek ki. Ez a k\u00fcl\u00f6nleges darab nemcsak a kulcsok rendszerez\u00e9s\u00e9re szolg\u00e1l, hanem otthonos hangulatot is teremt, legyen sz\u00f3 el\u0151szob\u00e1r\u00f3l, nappalir\u00f3l vagy ak\u00e1r egy lovas t\u00e9m\u00e1j\u00fa helyis\u00e9gr\u0151l. Tart\u00f3s faanyagb\u00f3l k\u00e9sz\u00fclt, \u00edgy hossz\u00fa \u00e9vekig megb\u00edzhat\u00f3 t\u00e1rs lesz a mindennapokban.\" \/>\n<meta property=\"og:url\" content=\"https:\/\/pico-bello.hu\/en\/product-2\/lofej-csikos-kulcstarto\/\" \/>\n<meta property=\"og:site_name\" content=\"Pico-Bello\" \/>\n<meta property=\"article:modified_time\" content=\"2025-08-29T16:03:53+00:00\" \/>\n<meta property=\"og:image\" content=\"https:\/\/pico-bello.hu\/wp-content\/uploads\/2025\/08\/laj-04.jpg\" \/>\n\t<meta property=\"og:image:width\" content=\"1080\" \/>\n\t<meta property=\"og:image:height\" content=\"1080\" \/>\n\t<meta property=\"og:image:type\" content=\"image\/jpeg\" \/>\n<meta name=\"twitter:card\" content=\"summary_large_image\" \/>\n<meta name=\"twitter:label1\" content=\"Price\" \/>\n\t<meta name=\"twitter:data1\" content=\"17780&nbsp;&#070;&#116; (14000&nbsp;&#070;&#116; + \u00c1FA)\" \/>\n\t<meta name=\"twitter:label2\" content=\"Availability\" \/>\n\t<meta name=\"twitter:data2\" content=\"In stock\" \/>\n<script type=\"application\/ld+json\" class=\"yoast-schema-graph\">{\"@context\":\"https:\/\/schema.org\",\"@graph\":[{\"@type\":\"WebPage\",\"@id\":\"https:\/\/pico-bello.hu\/termek\/lofej-csikos-kulcstarto\/\",\"url\":\"https:\/\/pico-bello.hu\/termek\/lofej-csikos-kulcstarto\/\",\"name\":\"L\u00f3fej csik\u00f3s kulcstart\u00f3 fogas | Pico-Bello\",\"isPartOf\":{\"@id\":\"https:\/\/pico-bello.hu\/#website\"},\"primaryImageOfPage\":{\"@id\":\"https:\/\/pico-bello.hu\/termek\/lofej-csikos-kulcstarto\/#primaryimage\"},\"image\":{\"@id\":\"https:\/\/pico-bello.hu\/termek\/lofej-csikos-kulcstarto\/#primaryimage\"},\"thumbnailUrl\":\"https:\/\/pico-bello.hu\/wp-content\/uploads\/2025\/08\/laj-04.jpg\",\"datePublished\":\"2025-08-29T08:59:26+00:00\",\"dateModified\":\"2025-08-29T16:03:53+00:00\",\"breadcrumb\":{\"@id\":\"https:\/\/pico-bello.hu\/termek\/lofej-csikos-kulcstarto\/#breadcrumb\"},\"inLanguage\":\"en-US\",\"potentialAction\":[{\"@type\":\"ReadAction\",\"target\":[\"https:\/\/pico-bello.hu\/termek\/lofej-csikos-kulcstarto\/\"]}]},{\"@type\":\"ImageObject\",\"inLanguage\":\"en-US\",\"@id\":\"https:\/\/pico-bello.hu\/termek\/lofej-csikos-kulcstarto\/#primaryimage\",\"url\":\"https:\/\/pico-bello.hu\/wp-content\/uploads\/2025\/08\/laj-04.jpg\",\"contentUrl\":\"https:\/\/pico-bello.hu\/wp-content\/uploads\/2025\/08\/laj-04.jpg\",\"width\":1080,\"height\":1080,\"caption\":\"l\u00f3fej csik\u00f3s kulcstart\u00f3\"},{\"@type\":\"BreadcrumbList\",\"@id\":\"https:\/\/pico-bello.hu\/termek\/lofej-csikos-kulcstarto\/#breadcrumb\",\"itemListElement\":[{\"@type\":\"ListItem\",\"position\":1,\"name\":\"Kezd\u0151lap\",\"item\":\"https:\/\/pico-bello.hu\/\"},{\"@type\":\"ListItem\",\"position\":2,\"name\":\"Term\u00e9keink\",\"item\":\"https:\/\/pico-bello.hu\/uzlet\/\"},{\"@type\":\"ListItem\",\"position\":3,\"name\":\"L\u00f3fej csik\u00f3s kulcstart\u00f3 fogas\"}]},{\"@type\":\"WebSite\",\"@id\":\"https:\/\/pico-bello.hu\/#website\",\"url\":\"https:\/\/pico-bello.hu\/\",\"name\":\"Pico-Bello\",\"description\":\"D\u00edjugrat\u00f3 \u00e9s Military akad\u00e1lyok, lovas akad\u00e1lyrudak\",\"publisher\":{\"@id\":\"https:\/\/pico-bello.hu\/#organization\"},\"potentialAction\":[{\"@type\":\"SearchAction\",\"target\":{\"@type\":\"EntryPoint\",\"urlTemplate\":\"https:\/\/pico-bello.hu\/?s={search_term_string}\"},\"query-input\":{\"@type\":\"PropertyValueSpecification\",\"valueRequired\":true,\"valueName\":\"search_term_string\"}}],\"inLanguage\":\"en-US\"},{\"@type\":\"Organization\",\"@id\":\"https:\/\/pico-bello.hu\/#organization\",\"name\":\"Pico-Bello\",\"url\":\"https:\/\/pico-bello.hu\/\",\"logo\":{\"@type\":\"ImageObject\",\"inLanguage\":\"en-US\",\"@id\":\"https:\/\/pico-bello.hu\/#\/schema\/logo\/image\/\",\"url\":\"https:\/\/pico-bello.hu\/wp-content\/uploads\/2023\/03\/pico-bello-logo-512.png\",\"contentUrl\":\"https:\/\/pico-bello.hu\/wp-content\/uploads\/2023\/03\/pico-bello-logo-512.png\",\"width\":512,\"height\":512,\"caption\":\"Pico-Bello\"},\"image\":{\"@id\":\"https:\/\/pico-bello.hu\/#\/schema\/logo\/image\/\"}}]}<\/script>\n<meta property=\"product:price:amount\" content=\"17780\" \/>\n<meta property=\"product:price:currency\" content=\"HUF\" \/>\n<meta property=\"og:availability\" content=\"instock\" \/>\n<meta property=\"product:availability\" content=\"instock\" \/>\n<meta property=\"product:retailer_item_id\" content=\"LAJ-04\" \/>\n<meta property=\"product:condition\" content=\"new\" \/>\n<!-- \/ Yoast SEO Premium plugin. -->","yoast_head_json":{"title":"Horse head with tick key ring pliers | Pico-Bello","robots":{"index":"index","follow":"follow","max-snippet":"max-snippet:-1","max-image-preview":"max-image-preview:large","max-video-preview":"max-video-preview:-1"},"canonical":"https:\/\/pico-bello.hu\/en\/product-2\/lofej-csikos-kulcstarto\/","og_locale":"en_US","og_type":"article","og_title":"L\u00f3fej csik\u00f3s kulcstart\u00f3 fogas | Pico-Bello","og_description":"L\u00f3fej \u00e9s csik\u00f3 mot\u00edvummal d\u00edsz\u00edtett, faragott fa kulcstart\u00f3, amely egyszerre praktikus \u00e9s dekorat\u00edv kieg\u00e9sz\u00edt\u0151je lehet az otthonnak. A rusztikus st\u00edlus\u00fa fat\u00e1bla fels\u0151 r\u00e9sz\u00e9n gy\u00f6ny\u00f6r\u0171en kidolgozott lovas d\u00edsz\u00edt\u00e9s l\u00e1that\u00f3, alul pedig n\u00e9gy darab f\u00e9m akaszt\u00f3 kapott helyet, melyek patk\u00f3 form\u00e1j\u00fa bet\u00e9tekkel eg\u00e9sz\u00fclnek ki. Ez a k\u00fcl\u00f6nleges darab nemcsak a kulcsok rendszerez\u00e9s\u00e9re szolg\u00e1l, hanem otthonos hangulatot is teremt, legyen sz\u00f3 el\u0151szob\u00e1r\u00f3l, nappalir\u00f3l vagy ak\u00e1r egy lovas t\u00e9m\u00e1j\u00fa helyis\u00e9gr\u0151l. Tart\u00f3s faanyagb\u00f3l k\u00e9sz\u00fclt, \u00edgy hossz\u00fa \u00e9vekig megb\u00edzhat\u00f3 t\u00e1rs lesz a mindennapokban.","og_url":"https:\/\/pico-bello.hu\/en\/product-2\/lofej-csikos-kulcstarto\/","og_site_name":"Pico-Bello","article_modified_time":"2025-08-29T16:03:53+00:00","og_image":[{"width":1080,"height":1080,"url":"https:\/\/pico-bello.hu\/wp-content\/uploads\/2025\/08\/laj-04.jpg","type":"image\/jpeg"}],"twitter_card":"summary_large_image","twitter_misc":{"Price":"17780&nbsp;&#70;&#116; (14000&nbsp;&#70;&#116; + \u00c1FA)","Availability":"In stock"},"schema":{"@context":"https:\/\/schema.org","@graph":[{"@type":"WebPage","@id":"https:\/\/pico-bello.hu\/termek\/lofej-csikos-kulcstarto\/","url":"https:\/\/pico-bello.hu\/termek\/lofej-csikos-kulcstarto\/","name":"Horse head with tick key ring pliers | Pico-Bello","isPartOf":{"@id":"https:\/\/pico-bello.hu\/#website"},"primaryImageOfPage":{"@id":"https:\/\/pico-bello.hu\/termek\/lofej-csikos-kulcstarto\/#primaryimage"},"image":{"@id":"https:\/\/pico-bello.hu\/termek\/lofej-csikos-kulcstarto\/#primaryimage"},"thumbnailUrl":"https:\/\/pico-bello.hu\/wp-content\/uploads\/2025\/08\/laj-04.jpg","datePublished":"2025-08-29T08:59:26+00:00","dateModified":"2025-08-29T16:03:53+00:00","breadcrumb":{"@id":"https:\/\/pico-bello.hu\/termek\/lofej-csikos-kulcstarto\/#breadcrumb"},"inLanguage":"en-US","potentialAction":[{"@type":"ReadAction","target":["https:\/\/pico-bello.hu\/termek\/lofej-csikos-kulcstarto\/"]}]},{"@type":"ImageObject","inLanguage":"en-US","@id":"https:\/\/pico-bello.hu\/termek\/lofej-csikos-kulcstarto\/#primaryimage","url":"https:\/\/pico-bello.hu\/wp-content\/uploads\/2025\/08\/laj-04.jpg","contentUrl":"https:\/\/pico-bello.hu\/wp-content\/uploads\/2025\/08\/laj-04.jpg","width":1080,"height":1080,"caption":"l\u00f3fej csik\u00f3s kulcstart\u00f3"},{"@type":"BreadcrumbList","@id":"https:\/\/pico-bello.hu\/termek\/lofej-csikos-kulcstarto\/#breadcrumb","itemListElement":[{"@type":"ListItem","position":1,"name":"Kezd\u0151lap","item":"https:\/\/pico-bello.hu\/"},{"@type":"ListItem","position":2,"name":"Term\u00e9keink","item":"https:\/\/pico-bello.hu\/uzlet\/"},{"@type":"ListItem","position":3,"name":"L\u00f3fej csik\u00f3s kulcstart\u00f3 fogas"}]},{"@type":"WebSite","@id":"https:\/\/pico-bello.hu\/#website","url":"https:\/\/pico-bello.hu\/","name":"Pico-Bello","description":"Show jumping and Military hurdles, equestrian steeplechase","publisher":{"@id":"https:\/\/pico-bello.hu\/#organization"},"potentialAction":[{"@type":"SearchAction","target":{"@type":"EntryPoint","urlTemplate":"https:\/\/pico-bello.hu\/?s={search_term_string}"},"query-input":{"@type":"PropertyValueSpecification","valueRequired":true,"valueName":"search_term_string"}}],"inLanguage":"en-US"},{"@type":"Organization","@id":"https:\/\/pico-bello.hu\/#organization","name":"Pico-Bello","url":"https:\/\/pico-bello.hu\/","logo":{"@type":"ImageObject","inLanguage":"en-US","@id":"https:\/\/pico-bello.hu\/#\/schema\/logo\/image\/","url":"https:\/\/pico-bello.hu\/wp-content\/uploads\/2023\/03\/pico-bello-logo-512.png","contentUrl":"https:\/\/pico-bello.hu\/wp-content\/uploads\/2023\/03\/pico-bello-logo-512.png","width":512,"height":512,"caption":"Pico-Bello"},"image":{"@id":"https:\/\/pico-bello.hu\/#\/schema\/logo\/image\/"}}]},"product_price_amount":"17780","product_price_currency":"HUF","og_availability":"instock","product_availability":"instock","product_retailer_item_id":"LAJ-04","product_condition":"new"},"_links":{"self":[{"href":"https:\/\/pico-bello.hu\/en\/wp-json\/wp\/v2\/product\/1041","targetHints":{"allow":["GET"]}}],"collection":[{"href":"https:\/\/pico-bello.hu\/en\/wp-json\/wp\/v2\/product"}],"about":[{"href":"https:\/\/pico-bello.hu\/en\/wp-json\/wp\/v2\/types\/product"}],"wp:featuredmedia":[{"embeddable":true,"href":"https:\/\/pico-bello.hu\/en\/wp-json\/wp\/v2\/media\/1032"}],"wp:attachment":[{"href":"https:\/\/pico-bello.hu\/en\/wp-json\/wp\/v2\/media?parent=1041"}],"wp:term":[{"taxonomy":"product_cat","embeddable":true,"href":"https:\/\/pico-bello.hu\/en\/wp-json\/wp\/v2\/product_cat?post=1041"},{"taxonomy":"product_tag","embeddable":true,"href":"https:\/\/pico-bello.hu\/en\/wp-json\/wp\/v2\/product_tag?post=1041"}],"curies":[{"name":"wp","href":"https:\/\/api.w.org\/{rel}","templated":true}]}}