{"id":1027,"date":"2025-08-29T10:30:49","date_gmt":"2025-08-29T08:30:49","guid":{"rendered":"https:\/\/pico-bello.hu\/?post_type=product&#038;p=1027"},"modified":"2025-09-02T09:19:27","modified_gmt":"2025-09-02T07:19:27","slug":"agaskodo-lo-rusztikus-fatabla","status":"publish","type":"product","link":"https:\/\/pico-bello.hu\/en\/termek\/agaskodo-lo-rusztikus-fatabla\/","title":{"rendered":"Rustic wooden plaque of a galloping horse"},"content":{"rendered":"","protected":false},"excerpt":{"rendered":"<p data-start=\"0\" data-end=\"390\">A rustic wooden plaque decorated with a horse on a pommel horse pattern, a real speciality for any home or stable. The natural wood grain and the elaborate carving give the piece a unique flair. The top of the plaque reads \u201eWelcome!\u201d, making it the perfect choice for an entryway, guest reception space or even as a gift for equestrian friends and family. Thanks to its 77\u00d764 cm size, it's a striking decorative element that will catch the eye from afar. Made from a solid, durable construction, it will decorate your room or outdoor decking for many years to come. Size: 77\u00d764 cm.<\/p>","protected":false},"featured_media":1028,"template":"","meta":[],"product_cat":[44],"product_tag":[],"class_list":{"0":"post-1027","1":"product","2":"type-product","3":"status-publish","4":"has-post-thumbnail","6":"product_cat-lovasajandek","7":"sales-flash-overlay","8":"woocommerce-text-align-center","9":"woocommerce-image-align-center","10":"do-quantity-buttons","11":"tm-no-options","13":"first","14":"instock","15":"taxable","16":"shipping-taxable","17":"purchasable","18":"product-type-simple"},"yoast_head":"<!-- This site is optimized with the Yoast SEO Premium plugin v27.2 (Yoast SEO v27.2) - https:\/\/yoast.com\/product\/yoast-seo-premium-wordpress\/ -->\n<title>\u00c1gaskod\u00f3 l\u00f3 rusztikus fat\u00e1bla | Pico-Bello<\/title>\n<meta name=\"robots\" content=\"index, follow, max-snippet:-1, max-image-preview:large, max-video-preview:-1\" \/>\n<link rel=\"canonical\" href=\"https:\/\/pico-bello.hu\/en\/product-2\/agaskodo-lo-rusztikus-fatabla\/\" \/>\n<meta property=\"og:locale\" content=\"en_US\" \/>\n<meta property=\"og:type\" content=\"article\" \/>\n<meta property=\"og:title\" content=\"\u00c1gaskod\u00f3 l\u00f3 rusztikus fat\u00e1bla | Pico-Bello\" \/>\n<meta property=\"og:description\" content=\"\u00c1gaskod\u00f3 l\u00f3 mint\u00e1val d\u00edsz\u00edtett, rusztikus fat\u00e1bla, mely igazi k\u00fcl\u00f6nlegess\u00e9g minden otthonban vagy ist\u00e1ll\u00f3ban. A term\u00e9szetes fa erezete \u00e9s a kidolgozott farag\u00e1s egyedi hangulatot k\u00f6lcs\u00f6n\u00f6z a darabnak. A t\u00e1bla fels\u0151 r\u00e9sz\u00e9n \u201eIsten Hozott!\u201d felirat fogadja a bel\u00e9p\u0151ket, \u00edgy t\u00f6k\u00e9letes v\u00e1laszt\u00e1s bej\u00e1rathoz, vend\u00e9gfogad\u00f3 t\u00e9rhez vagy ak\u00e1r aj\u00e1nd\u00e9knak is lovas bar\u00e1tok, csal\u00e1dtagok sz\u00e1m\u00e1ra. A 77x64 cm-es m\u00e9ret\u00e9nek k\u00f6sz\u00f6nhet\u0151en l\u00e1tv\u00e1nyos dekor\u00e1ci\u00f3s elem, amely messzir\u0151l is mag\u00e1ra vonzza a tekintetet. Massz\u00edv, tart\u00f3s kivitelben k\u00e9sz\u00fclt, \u00edgy hossz\u00fa \u00e9veken \u00e1t d\u00edsz\u00edtheti a helyis\u00e9get vagy a k\u00fclt\u00e9ri fedett r\u00e9szeket. M\u00e9rete: 77x64 cm.\" \/>\n<meta property=\"og:url\" content=\"https:\/\/pico-bello.hu\/en\/product-2\/agaskodo-lo-rusztikus-fatabla\/\" \/>\n<meta property=\"og:site_name\" content=\"Pico-Bello\" \/>\n<meta property=\"article:modified_time\" content=\"2025-09-02T07:19:27+00:00\" \/>\n<meta property=\"og:image\" content=\"https:\/\/pico-bello.hu\/wp-content\/uploads\/2025\/08\/laj-01.jpg\" \/>\n\t<meta property=\"og:image:width\" content=\"1080\" \/>\n\t<meta property=\"og:image:height\" content=\"1080\" \/>\n\t<meta property=\"og:image:type\" content=\"image\/jpeg\" \/>\n<meta name=\"twitter:card\" content=\"summary_large_image\" \/>\n<meta name=\"twitter:label1\" content=\"Price\" \/>\n\t<meta name=\"twitter:data1\" content=\"49530&nbsp;&#070;&#116; (39000&nbsp;&#070;&#116; + \u00c1FA)\" \/>\n\t<meta name=\"twitter:label2\" content=\"Availability\" \/>\n\t<meta name=\"twitter:data2\" content=\"In stock\" \/>\n<script type=\"application\/ld+json\" class=\"yoast-schema-graph\">{\"@context\":\"https:\/\/schema.org\",\"@graph\":[{\"@type\":\"WebPage\",\"@id\":\"https:\/\/pico-bello.hu\/termek\/agaskodo-lo-rusztikus-fatabla\/\",\"url\":\"https:\/\/pico-bello.hu\/termek\/agaskodo-lo-rusztikus-fatabla\/\",\"name\":\"\u00c1gaskod\u00f3 l\u00f3 rusztikus fat\u00e1bla | Pico-Bello\",\"isPartOf\":{\"@id\":\"https:\/\/pico-bello.hu\/#website\"},\"primaryImageOfPage\":{\"@id\":\"https:\/\/pico-bello.hu\/termek\/agaskodo-lo-rusztikus-fatabla\/#primaryimage\"},\"image\":{\"@id\":\"https:\/\/pico-bello.hu\/termek\/agaskodo-lo-rusztikus-fatabla\/#primaryimage\"},\"thumbnailUrl\":\"https:\/\/pico-bello.hu\/wp-content\/uploads\/2025\/08\/laj-01.jpg\",\"datePublished\":\"2025-08-29T08:30:49+00:00\",\"dateModified\":\"2025-09-02T07:19:27+00:00\",\"breadcrumb\":{\"@id\":\"https:\/\/pico-bello.hu\/termek\/agaskodo-lo-rusztikus-fatabla\/#breadcrumb\"},\"inLanguage\":\"en-US\",\"potentialAction\":[{\"@type\":\"ReadAction\",\"target\":[\"https:\/\/pico-bello.hu\/termek\/agaskodo-lo-rusztikus-fatabla\/\"]}]},{\"@type\":\"ImageObject\",\"inLanguage\":\"en-US\",\"@id\":\"https:\/\/pico-bello.hu\/termek\/agaskodo-lo-rusztikus-fatabla\/#primaryimage\",\"url\":\"https:\/\/pico-bello.hu\/wp-content\/uploads\/2025\/08\/laj-01.jpg\",\"contentUrl\":\"https:\/\/pico-bello.hu\/wp-content\/uploads\/2025\/08\/laj-01.jpg\",\"width\":1080,\"height\":1080,\"caption\":\"\u00c1gaskod\u00f3 l\u00f3 rusztikus fat\u00e1bla\"},{\"@type\":\"BreadcrumbList\",\"@id\":\"https:\/\/pico-bello.hu\/termek\/agaskodo-lo-rusztikus-fatabla\/#breadcrumb\",\"itemListElement\":[{\"@type\":\"ListItem\",\"position\":1,\"name\":\"Kezd\u0151lap\",\"item\":\"https:\/\/pico-bello.hu\/\"},{\"@type\":\"ListItem\",\"position\":2,\"name\":\"Term\u00e9keink\",\"item\":\"https:\/\/pico-bello.hu\/uzlet\/\"},{\"@type\":\"ListItem\",\"position\":3,\"name\":\"\u00c1gaskod\u00f3 l\u00f3 rusztikus fat\u00e1bla\"}]},{\"@type\":\"WebSite\",\"@id\":\"https:\/\/pico-bello.hu\/#website\",\"url\":\"https:\/\/pico-bello.hu\/\",\"name\":\"Pico-Bello\",\"description\":\"D\u00edjugrat\u00f3 \u00e9s Military akad\u00e1lyok, lovas akad\u00e1lyrudak\",\"publisher\":{\"@id\":\"https:\/\/pico-bello.hu\/#organization\"},\"potentialAction\":[{\"@type\":\"SearchAction\",\"target\":{\"@type\":\"EntryPoint\",\"urlTemplate\":\"https:\/\/pico-bello.hu\/?s={search_term_string}\"},\"query-input\":{\"@type\":\"PropertyValueSpecification\",\"valueRequired\":true,\"valueName\":\"search_term_string\"}}],\"inLanguage\":\"en-US\"},{\"@type\":\"Organization\",\"@id\":\"https:\/\/pico-bello.hu\/#organization\",\"name\":\"Pico-Bello\",\"url\":\"https:\/\/pico-bello.hu\/\",\"logo\":{\"@type\":\"ImageObject\",\"inLanguage\":\"en-US\",\"@id\":\"https:\/\/pico-bello.hu\/#\/schema\/logo\/image\/\",\"url\":\"https:\/\/pico-bello.hu\/wp-content\/uploads\/2023\/03\/pico-bello-logo-512.png\",\"contentUrl\":\"https:\/\/pico-bello.hu\/wp-content\/uploads\/2023\/03\/pico-bello-logo-512.png\",\"width\":512,\"height\":512,\"caption\":\"Pico-Bello\"},\"image\":{\"@id\":\"https:\/\/pico-bello.hu\/#\/schema\/logo\/image\/\"}}]}<\/script>\n<meta property=\"product:price:amount\" content=\"49530\" \/>\n<meta property=\"product:price:currency\" content=\"HUF\" \/>\n<meta property=\"og:availability\" content=\"instock\" \/>\n<meta property=\"product:availability\" content=\"instock\" \/>\n<meta property=\"product:retailer_item_id\" content=\"LAJ-01\" \/>\n<meta property=\"product:condition\" content=\"new\" \/>\n<!-- \/ Yoast SEO Premium plugin. -->","yoast_head_json":{"title":"Rustic wooden board with horse | Pico-Bello","robots":{"index":"index","follow":"follow","max-snippet":"max-snippet:-1","max-image-preview":"max-image-preview:large","max-video-preview":"max-video-preview:-1"},"canonical":"https:\/\/pico-bello.hu\/en\/product-2\/agaskodo-lo-rusztikus-fatabla\/","og_locale":"en_US","og_type":"article","og_title":"\u00c1gaskod\u00f3 l\u00f3 rusztikus fat\u00e1bla | Pico-Bello","og_description":"\u00c1gaskod\u00f3 l\u00f3 mint\u00e1val d\u00edsz\u00edtett, rusztikus fat\u00e1bla, mely igazi k\u00fcl\u00f6nlegess\u00e9g minden otthonban vagy ist\u00e1ll\u00f3ban. A term\u00e9szetes fa erezete \u00e9s a kidolgozott farag\u00e1s egyedi hangulatot k\u00f6lcs\u00f6n\u00f6z a darabnak. A t\u00e1bla fels\u0151 r\u00e9sz\u00e9n \u201eIsten Hozott!\u201d felirat fogadja a bel\u00e9p\u0151ket, \u00edgy t\u00f6k\u00e9letes v\u00e1laszt\u00e1s bej\u00e1rathoz, vend\u00e9gfogad\u00f3 t\u00e9rhez vagy ak\u00e1r aj\u00e1nd\u00e9knak is lovas bar\u00e1tok, csal\u00e1dtagok sz\u00e1m\u00e1ra. A 77x64 cm-es m\u00e9ret\u00e9nek k\u00f6sz\u00f6nhet\u0151en l\u00e1tv\u00e1nyos dekor\u00e1ci\u00f3s elem, amely messzir\u0151l is mag\u00e1ra vonzza a tekintetet. Massz\u00edv, tart\u00f3s kivitelben k\u00e9sz\u00fclt, \u00edgy hossz\u00fa \u00e9veken \u00e1t d\u00edsz\u00edtheti a helyis\u00e9get vagy a k\u00fclt\u00e9ri fedett r\u00e9szeket. M\u00e9rete: 77x64 cm.","og_url":"https:\/\/pico-bello.hu\/en\/product-2\/agaskodo-lo-rusztikus-fatabla\/","og_site_name":"Pico-Bello","article_modified_time":"2025-09-02T07:19:27+00:00","og_image":[{"width":1080,"height":1080,"url":"https:\/\/pico-bello.hu\/wp-content\/uploads\/2025\/08\/laj-01.jpg","type":"image\/jpeg"}],"twitter_card":"summary_large_image","twitter_misc":{"Price":"49530&nbsp;&#70;&#116; (39000&nbsp;&#70;&#116; + \u00c1FA)","Availability":"In stock"},"schema":{"@context":"https:\/\/schema.org","@graph":[{"@type":"WebPage","@id":"https:\/\/pico-bello.hu\/termek\/agaskodo-lo-rusztikus-fatabla\/","url":"https:\/\/pico-bello.hu\/termek\/agaskodo-lo-rusztikus-fatabla\/","name":"Rustic wooden board with horse | Pico-Bello","isPartOf":{"@id":"https:\/\/pico-bello.hu\/#website"},"primaryImageOfPage":{"@id":"https:\/\/pico-bello.hu\/termek\/agaskodo-lo-rusztikus-fatabla\/#primaryimage"},"image":{"@id":"https:\/\/pico-bello.hu\/termek\/agaskodo-lo-rusztikus-fatabla\/#primaryimage"},"thumbnailUrl":"https:\/\/pico-bello.hu\/wp-content\/uploads\/2025\/08\/laj-01.jpg","datePublished":"2025-08-29T08:30:49+00:00","dateModified":"2025-09-02T07:19:27+00:00","breadcrumb":{"@id":"https:\/\/pico-bello.hu\/termek\/agaskodo-lo-rusztikus-fatabla\/#breadcrumb"},"inLanguage":"en-US","potentialAction":[{"@type":"ReadAction","target":["https:\/\/pico-bello.hu\/termek\/agaskodo-lo-rusztikus-fatabla\/"]}]},{"@type":"ImageObject","inLanguage":"en-US","@id":"https:\/\/pico-bello.hu\/termek\/agaskodo-lo-rusztikus-fatabla\/#primaryimage","url":"https:\/\/pico-bello.hu\/wp-content\/uploads\/2025\/08\/laj-01.jpg","contentUrl":"https:\/\/pico-bello.hu\/wp-content\/uploads\/2025\/08\/laj-01.jpg","width":1080,"height":1080,"caption":"\u00c1gaskod\u00f3 l\u00f3 rusztikus fat\u00e1bla"},{"@type":"BreadcrumbList","@id":"https:\/\/pico-bello.hu\/termek\/agaskodo-lo-rusztikus-fatabla\/#breadcrumb","itemListElement":[{"@type":"ListItem","position":1,"name":"Kezd\u0151lap","item":"https:\/\/pico-bello.hu\/"},{"@type":"ListItem","position":2,"name":"Term\u00e9keink","item":"https:\/\/pico-bello.hu\/uzlet\/"},{"@type":"ListItem","position":3,"name":"\u00c1gaskod\u00f3 l\u00f3 rusztikus fat\u00e1bla"}]},{"@type":"WebSite","@id":"https:\/\/pico-bello.hu\/#website","url":"https:\/\/pico-bello.hu\/","name":"Pico-Bello","description":"Show jumping and Military hurdles, equestrian steeplechase","publisher":{"@id":"https:\/\/pico-bello.hu\/#organization"},"potentialAction":[{"@type":"SearchAction","target":{"@type":"EntryPoint","urlTemplate":"https:\/\/pico-bello.hu\/?s={search_term_string}"},"query-input":{"@type":"PropertyValueSpecification","valueRequired":true,"valueName":"search_term_string"}}],"inLanguage":"en-US"},{"@type":"Organization","@id":"https:\/\/pico-bello.hu\/#organization","name":"Pico-Bello","url":"https:\/\/pico-bello.hu\/","logo":{"@type":"ImageObject","inLanguage":"en-US","@id":"https:\/\/pico-bello.hu\/#\/schema\/logo\/image\/","url":"https:\/\/pico-bello.hu\/wp-content\/uploads\/2023\/03\/pico-bello-logo-512.png","contentUrl":"https:\/\/pico-bello.hu\/wp-content\/uploads\/2023\/03\/pico-bello-logo-512.png","width":512,"height":512,"caption":"Pico-Bello"},"image":{"@id":"https:\/\/pico-bello.hu\/#\/schema\/logo\/image\/"}}]},"product_price_amount":"49530","product_price_currency":"HUF","og_availability":"instock","product_availability":"instock","product_retailer_item_id":"LAJ-01","product_condition":"new"},"_links":{"self":[{"href":"https:\/\/pico-bello.hu\/en\/wp-json\/wp\/v2\/product\/1027","targetHints":{"allow":["GET"]}}],"collection":[{"href":"https:\/\/pico-bello.hu\/en\/wp-json\/wp\/v2\/product"}],"about":[{"href":"https:\/\/pico-bello.hu\/en\/wp-json\/wp\/v2\/types\/product"}],"wp:featuredmedia":[{"embeddable":true,"href":"https:\/\/pico-bello.hu\/en\/wp-json\/wp\/v2\/media\/1028"}],"wp:attachment":[{"href":"https:\/\/pico-bello.hu\/en\/wp-json\/wp\/v2\/media?parent=1027"}],"wp:term":[{"taxonomy":"product_cat","embeddable":true,"href":"https:\/\/pico-bello.hu\/en\/wp-json\/wp\/v2\/product_cat?post=1027"},{"taxonomy":"product_tag","embeddable":true,"href":"https:\/\/pico-bello.hu\/en\/wp-json\/wp\/v2\/product_tag?post=1027"}],"curies":[{"name":"wp","href":"https:\/\/api.w.org\/{rel}","templated":true}]}}