{"id":757,"date":"2024-06-12T15:57:06","date_gmt":"2024-06-12T13:57:06","guid":{"rendered":"https:\/\/pico-bello.hu\/?post_type=product&#038;p=757"},"modified":"2024-06-24T17:42:24","modified_gmt":"2024-06-24T15:42:24","slug":"szabadonugro-folyoso","status":"publish","type":"product","link":"https:\/\/pico-bello.hu\/de\/termek\/szabadonugro-folyoso\/","title":{"rendered":"Freisprungkorridor"},"content":{"rendered":"","protected":false},"excerpt":{"rendered":"<p>Der Freisprungkorridor ist ein speziell angelegter Streckenabschnitt, auf dem die Pferde selbstst\u00e4ndig springen k\u00f6nnen. Dieser Korridor hilft den Pferden, ihre nat\u00fcrliche Springtechnik zu entwickeln, w\u00e4hrend sie frei \u00fcber eine Reihe von Hindernissen ohne Reiter springen.<\/p>\n<p>Das Produktbild dient nur zur Illustration! Kundenspezifisches Design. Bitte kontaktieren Sie uns.<\/p>","protected":false},"featured_media":758,"template":"","meta":[],"product_cat":[34],"product_tag":[],"class_list":{"0":"post-757","1":"product","2":"type-product","3":"status-publish","4":"has-post-thumbnail","6":"product_cat-szabadonugro","7":"sales-flash-overlay","8":"woocommerce-text-align-center","9":"woocommerce-image-align-center","10":"do-quantity-buttons","11":"tm-no-options","13":"first","14":"outofstock","15":"taxable","16":"shipping-taxable","17":"product-type-simple"},"yoast_head":"<!-- This site is optimized with the Yoast SEO Premium plugin v27.2 (Yoast SEO v27.2) - https:\/\/yoast.com\/product\/yoast-seo-premium-wordpress\/ -->\n<title>Szabadonugr\u00f3 folyos\u00f3 | Pico-Bello<\/title>\n<meta name=\"robots\" content=\"index, follow, max-snippet:-1, max-image-preview:large, max-video-preview:-1\" \/>\n<link rel=\"canonical\" href=\"https:\/\/pico-bello.hu\/de\/produkt\/szabadonugro-folyoso\/\" \/>\n<meta property=\"og:locale\" content=\"de_DE\" \/>\n<meta property=\"og:type\" content=\"article\" \/>\n<meta property=\"og:title\" content=\"Szabadonugr\u00f3 folyos\u00f3 | Pico-Bello\" \/>\n<meta property=\"og:description\" content=\"A szabadonugr\u00f3 folyos\u00f3 egy speci\u00e1lisan kialak\u00edtott p\u00e1lyaszakasz, amelyet a lovak \u00f6n\u00e1ll\u00f3 ugr\u00e1sgyakorl\u00e1s\u00e1hoz haszn\u00e1lnak. Ez a folyos\u00f3 seg\u00edti a lovakat abban, hogy term\u00e9szetes ugr\u00f3technik\u00e1jukat fejlessz\u00e9k, mik\u00f6zben egy sorban elhelyezett akad\u00e1lyokon ugranak \u00e1t szabadon, lovas n\u00e9lk\u00fcl.  A term\u00e9kk\u00e9p csak illusztr\u00e1ci\u00f3! Egyedi ig\u00e9nyekre szabott kialak\u00edt\u00e1s. Vegye fel vel\u00fcnk a kapcsolatot.\" \/>\n<meta property=\"og:url\" content=\"https:\/\/pico-bello.hu\/de\/produkt\/szabadonugro-folyoso\/\" \/>\n<meta property=\"og:site_name\" content=\"Pico-Bello\" \/>\n<meta property=\"article:modified_time\" content=\"2024-06-24T15:42:24+00:00\" \/>\n<meta property=\"og:image\" content=\"https:\/\/pico-bello.hu\/wp-content\/uploads\/2024\/06\/szabadonurgo.jpg\" \/>\n\t<meta property=\"og:image:width\" content=\"1080\" \/>\n\t<meta property=\"og:image:height\" content=\"1080\" \/>\n\t<meta property=\"og:image:type\" content=\"image\/jpeg\" \/>\n<meta name=\"twitter:card\" content=\"summary_large_image\" \/>\n<meta name=\"twitter:label1\" content=\"Preis\" \/>\n\t<meta name=\"twitter:data1\" content=\"\" \/>\n\t<meta name=\"twitter:label2\" content=\"Verf\u00fcgbarkeit\" \/>\n\t<meta name=\"twitter:data2\" content=\"ausverkauft\" \/>\n<script type=\"application\/ld+json\" class=\"yoast-schema-graph\">{\"@context\":\"https:\/\/schema.org\",\"@graph\":[{\"@type\":\"WebPage\",\"@id\":\"https:\/\/pico-bello.hu\/termek\/szabadonugro-folyoso\/\",\"url\":\"https:\/\/pico-bello.hu\/termek\/szabadonugro-folyoso\/\",\"name\":\"Szabadonugr\u00f3 folyos\u00f3 | Pico-Bello\",\"isPartOf\":{\"@id\":\"https:\/\/pico-bello.hu\/#website\"},\"primaryImageOfPage\":{\"@id\":\"https:\/\/pico-bello.hu\/termek\/szabadonugro-folyoso\/#primaryimage\"},\"image\":{\"@id\":\"https:\/\/pico-bello.hu\/termek\/szabadonugro-folyoso\/#primaryimage\"},\"thumbnailUrl\":\"https:\/\/pico-bello.hu\/wp-content\/uploads\/2024\/06\/szabadonurgo.jpg\",\"datePublished\":\"2024-06-12T13:57:06+00:00\",\"dateModified\":\"2024-06-24T15:42:24+00:00\",\"breadcrumb\":{\"@id\":\"https:\/\/pico-bello.hu\/termek\/szabadonugro-folyoso\/#breadcrumb\"},\"inLanguage\":\"de\",\"potentialAction\":[{\"@type\":\"ReadAction\",\"target\":[\"https:\/\/pico-bello.hu\/termek\/szabadonugro-folyoso\/\"]}]},{\"@type\":\"ImageObject\",\"inLanguage\":\"de\",\"@id\":\"https:\/\/pico-bello.hu\/termek\/szabadonugro-folyoso\/#primaryimage\",\"url\":\"https:\/\/pico-bello.hu\/wp-content\/uploads\/2024\/06\/szabadonurgo.jpg\",\"contentUrl\":\"https:\/\/pico-bello.hu\/wp-content\/uploads\/2024\/06\/szabadonurgo.jpg\",\"width\":1080,\"height\":1080,\"caption\":\"szabadonurg\u00f3 folyos\u00f3\"},{\"@type\":\"BreadcrumbList\",\"@id\":\"https:\/\/pico-bello.hu\/termek\/szabadonugro-folyoso\/#breadcrumb\",\"itemListElement\":[{\"@type\":\"ListItem\",\"position\":1,\"name\":\"Kezd\u0151lap\",\"item\":\"https:\/\/pico-bello.hu\/\"},{\"@type\":\"ListItem\",\"position\":2,\"name\":\"Term\u00e9keink\",\"item\":\"https:\/\/pico-bello.hu\/uzlet\/\"},{\"@type\":\"ListItem\",\"position\":3,\"name\":\"Szabadonugr\u00f3 folyos\u00f3\"}]},{\"@type\":\"WebSite\",\"@id\":\"https:\/\/pico-bello.hu\/#website\",\"url\":\"https:\/\/pico-bello.hu\/\",\"name\":\"Pico-Bello\",\"description\":\"D\u00edjugrat\u00f3 \u00e9s Military akad\u00e1lyok, lovas akad\u00e1lyrudak\",\"publisher\":{\"@id\":\"https:\/\/pico-bello.hu\/#organization\"},\"potentialAction\":[{\"@type\":\"SearchAction\",\"target\":{\"@type\":\"EntryPoint\",\"urlTemplate\":\"https:\/\/pico-bello.hu\/?s={search_term_string}\"},\"query-input\":{\"@type\":\"PropertyValueSpecification\",\"valueRequired\":true,\"valueName\":\"search_term_string\"}}],\"inLanguage\":\"de\"},{\"@type\":\"Organization\",\"@id\":\"https:\/\/pico-bello.hu\/#organization\",\"name\":\"Pico-Bello\",\"url\":\"https:\/\/pico-bello.hu\/\",\"logo\":{\"@type\":\"ImageObject\",\"inLanguage\":\"de\",\"@id\":\"https:\/\/pico-bello.hu\/#\/schema\/logo\/image\/\",\"url\":\"https:\/\/pico-bello.hu\/wp-content\/uploads\/2023\/03\/pico-bello-logo-512.png\",\"contentUrl\":\"https:\/\/pico-bello.hu\/wp-content\/uploads\/2023\/03\/pico-bello-logo-512.png\",\"width\":512,\"height\":512,\"caption\":\"Pico-Bello\"},\"image\":{\"@id\":\"https:\/\/pico-bello.hu\/#\/schema\/logo\/image\/\"}}]}<\/script>\n<meta property=\"product:price:amount\" content=\"0\" \/>\n<meta property=\"product:price:currency\" content=\"HUF\" \/>\n<meta property=\"og:availability\" content=\"out of stock\" \/>\n<meta property=\"product:availability\" content=\"out of stock\" \/>\n<meta property=\"product:retailer_item_id\" content=\"SZF-01\" \/>\n<meta property=\"product:condition\" content=\"new\" \/>\n<!-- \/ Yoast SEO Premium plugin. -->","yoast_head_json":{"title":"Freisprungkorridor | Pico-Bello","robots":{"index":"index","follow":"follow","max-snippet":"max-snippet:-1","max-image-preview":"max-image-preview:large","max-video-preview":"max-video-preview:-1"},"canonical":"https:\/\/pico-bello.hu\/de\/produkt\/szabadonugro-folyoso\/","og_locale":"de_DE","og_type":"article","og_title":"Szabadonugr\u00f3 folyos\u00f3 | Pico-Bello","og_description":"A szabadonugr\u00f3 folyos\u00f3 egy speci\u00e1lisan kialak\u00edtott p\u00e1lyaszakasz, amelyet a lovak \u00f6n\u00e1ll\u00f3 ugr\u00e1sgyakorl\u00e1s\u00e1hoz haszn\u00e1lnak. Ez a folyos\u00f3 seg\u00edti a lovakat abban, hogy term\u00e9szetes ugr\u00f3technik\u00e1jukat fejlessz\u00e9k, mik\u00f6zben egy sorban elhelyezett akad\u00e1lyokon ugranak \u00e1t szabadon, lovas n\u00e9lk\u00fcl.  A term\u00e9kk\u00e9p csak illusztr\u00e1ci\u00f3! Egyedi ig\u00e9nyekre szabott kialak\u00edt\u00e1s. Vegye fel vel\u00fcnk a kapcsolatot.","og_url":"https:\/\/pico-bello.hu\/de\/produkt\/szabadonugro-folyoso\/","og_site_name":"Pico-Bello","article_modified_time":"2024-06-24T15:42:24+00:00","og_image":[{"width":1080,"height":1080,"url":"https:\/\/pico-bello.hu\/wp-content\/uploads\/2024\/06\/szabadonurgo.jpg","type":"image\/jpeg"}],"twitter_card":"summary_large_image","twitter_misc":{"Preis":"","Verf\u00fcgbarkeit":"ausverkauft"},"schema":{"@context":"https:\/\/schema.org","@graph":[{"@type":"WebPage","@id":"https:\/\/pico-bello.hu\/termek\/szabadonugro-folyoso\/","url":"https:\/\/pico-bello.hu\/termek\/szabadonugro-folyoso\/","name":"Freisprungkorridor | Pico-Bello","isPartOf":{"@id":"https:\/\/pico-bello.hu\/#website"},"primaryImageOfPage":{"@id":"https:\/\/pico-bello.hu\/termek\/szabadonugro-folyoso\/#primaryimage"},"image":{"@id":"https:\/\/pico-bello.hu\/termek\/szabadonugro-folyoso\/#primaryimage"},"thumbnailUrl":"https:\/\/pico-bello.hu\/wp-content\/uploads\/2024\/06\/szabadonurgo.jpg","datePublished":"2024-06-12T13:57:06+00:00","dateModified":"2024-06-24T15:42:24+00:00","breadcrumb":{"@id":"https:\/\/pico-bello.hu\/termek\/szabadonugro-folyoso\/#breadcrumb"},"inLanguage":"de","potentialAction":[{"@type":"ReadAction","target":["https:\/\/pico-bello.hu\/termek\/szabadonugro-folyoso\/"]}]},{"@type":"ImageObject","inLanguage":"de","@id":"https:\/\/pico-bello.hu\/termek\/szabadonugro-folyoso\/#primaryimage","url":"https:\/\/pico-bello.hu\/wp-content\/uploads\/2024\/06\/szabadonurgo.jpg","contentUrl":"https:\/\/pico-bello.hu\/wp-content\/uploads\/2024\/06\/szabadonurgo.jpg","width":1080,"height":1080,"caption":"szabadonurg\u00f3 folyos\u00f3"},{"@type":"BreadcrumbList","@id":"https:\/\/pico-bello.hu\/termek\/szabadonugro-folyoso\/#breadcrumb","itemListElement":[{"@type":"ListItem","position":1,"name":"Kezd\u0151lap","item":"https:\/\/pico-bello.hu\/"},{"@type":"ListItem","position":2,"name":"Term\u00e9keink","item":"https:\/\/pico-bello.hu\/uzlet\/"},{"@type":"ListItem","position":3,"name":"Szabadonugr\u00f3 folyos\u00f3"}]},{"@type":"WebSite","@id":"https:\/\/pico-bello.hu\/#website","url":"https:\/\/pico-bello.hu\/","name":"Pico-Bello","description":"Springreiten und Military-H\u00fcrdenlauf, Hindernislauf zu Pferde","publisher":{"@id":"https:\/\/pico-bello.hu\/#organization"},"potentialAction":[{"@type":"SearchAction","target":{"@type":"EntryPoint","urlTemplate":"https:\/\/pico-bello.hu\/?s={search_term_string}"},"query-input":{"@type":"PropertyValueSpecification","valueRequired":true,"valueName":"search_term_string"}}],"inLanguage":"de"},{"@type":"Organization","@id":"https:\/\/pico-bello.hu\/#organization","name":"Pico-Bello","url":"https:\/\/pico-bello.hu\/","logo":{"@type":"ImageObject","inLanguage":"de","@id":"https:\/\/pico-bello.hu\/#\/schema\/logo\/image\/","url":"https:\/\/pico-bello.hu\/wp-content\/uploads\/2023\/03\/pico-bello-logo-512.png","contentUrl":"https:\/\/pico-bello.hu\/wp-content\/uploads\/2023\/03\/pico-bello-logo-512.png","width":512,"height":512,"caption":"Pico-Bello"},"image":{"@id":"https:\/\/pico-bello.hu\/#\/schema\/logo\/image\/"}}]},"product_price_currency":"HUF","og_availability":"out of stock","product_availability":"out of stock","product_retailer_item_id":"SZF-01","product_condition":"new"},"_links":{"self":[{"href":"https:\/\/pico-bello.hu\/de\/wp-json\/wp\/v2\/product\/757","targetHints":{"allow":["GET"]}}],"collection":[{"href":"https:\/\/pico-bello.hu\/de\/wp-json\/wp\/v2\/product"}],"about":[{"href":"https:\/\/pico-bello.hu\/de\/wp-json\/wp\/v2\/types\/product"}],"wp:featuredmedia":[{"embeddable":true,"href":"https:\/\/pico-bello.hu\/de\/wp-json\/wp\/v2\/media\/758"}],"wp:attachment":[{"href":"https:\/\/pico-bello.hu\/de\/wp-json\/wp\/v2\/media?parent=757"}],"wp:term":[{"taxonomy":"product_cat","embeddable":true,"href":"https:\/\/pico-bello.hu\/de\/wp-json\/wp\/v2\/product_cat?post=757"},{"taxonomy":"product_tag","embeddable":true,"href":"https:\/\/pico-bello.hu\/de\/wp-json\/wp\/v2\/product_tag?post=757"}],"curies":[{"name":"wp","href":"https:\/\/api.w.org\/{rel}","templated":true}]}}