{"id":711,"date":"2024-06-06T15:27:33","date_gmt":"2024-06-06T13:27:33","guid":{"rendered":"https:\/\/pico-bello.hu\/?post_type=product&#038;p=711"},"modified":"2026-02-25T12:59:25","modified_gmt":"2026-02-25T11:59:25","slug":"nagy-negyszog-20x60-m","status":"publish","type":"product","link":"https:\/\/pico-bello.hu\/de\/termek\/nagy-negyszog-20x60-m\/","title":{"rendered":"Gro\u00dfes Rechteck (20\u00d760 m)"},"content":{"rendered":"","protected":false},"excerpt":{"rendered":"<p>Das Large Rectangle (20\u00d760 m) ist ein ger\u00e4umiges Dressurviereck, das sich perfekt f\u00fcr \u00dcbungen und Wettk\u00e4mpfe auf fortgeschrittenem Niveau eignet. Es wird mit 42 rechteckigen Elementhaltern von 40x35x35 mm aufgebaut, die den Rahmen des Vierecks fest an seinem Platz halten. Das Viereck wird durch 39 rechteckige Elemente mit den Ma\u00dfen 3,90\u00d70,18 m abgegrenzt, die die korrekten Abmessungen und die genaue Markierung der von den Reitern zu reitenden Strecken gew\u00e4hrleisten. Au\u00dferdem verf\u00fcgen die Ein- und Ausg\u00e4nge \u00fcber 2 Eingangselemente von 1,45\u00d70,18 m, die den Reitern einen bequemen Zugang erm\u00f6glichen. Zusammen bilden diese Elemente ein professionelles Dressurviereck, das sich ideal f\u00fcr Wettk\u00e4mpfe und Training eignet.<\/p>\n<p>Das Produktbild dient nur zur Illustration.<\/p>","protected":false},"featured_media":868,"template":"","meta":[],"product_cat":[32],"product_tag":[],"class_list":{"0":"post-711","1":"product","2":"type-product","3":"status-publish","4":"has-post-thumbnail","6":"product_cat-dijlovaglas","7":"sales-flash-overlay","8":"woocommerce-text-align-center","9":"woocommerce-image-align-center","10":"do-quantity-buttons","11":"tm-no-options","13":"first","14":"outofstock","15":"taxable","16":"shipping-taxable","17":"purchasable","18":"product-type-simple"},"yoast_head":"<!-- This site is optimized with the Yoast SEO Premium plugin v27.2 (Yoast SEO v27.2) - https:\/\/yoast.com\/product\/yoast-seo-premium-wordpress\/ -->\n<title>Nagy n\u00e9gysz\u00f6g (20x60 m) | Pico-Bello<\/title>\n<meta name=\"robots\" content=\"index, follow, max-snippet:-1, max-image-preview:large, max-video-preview:-1\" \/>\n<link rel=\"canonical\" href=\"https:\/\/pico-bello.hu\/de\/produkt\/nagy-negyszog-20x60-m\/\" \/>\n<meta property=\"og:locale\" content=\"de_DE\" \/>\n<meta property=\"og:type\" content=\"article\" \/>\n<meta property=\"og:title\" content=\"Nagy n\u00e9gysz\u00f6g (20x60 m) | Pico-Bello\" \/>\n<meta property=\"og:description\" content=\"A nagy n\u00e9gysz\u00f6g (20x60 m) egy t\u00e1gas d\u00edjlovagl\u00f3 p\u00e1lya, amely kiv\u00e1l\u00f3an alkalmas a halad\u00f3 szint\u0171 gyakorlatok \u00e9s versenyek lebonyol\u00edt\u00e1s\u00e1ra. Az \u00f6sszeszerel\u00e9s\u00e9hez 42 db, 40x35x35 mm m\u00e9ret\u0171 n\u00e9gysz\u00f6gelem tart\u00f3ra van sz\u00fcks\u00e9g, amelyek stabilan tartj\u00e1k a p\u00e1lya keret\u00e9t. A p\u00e1ly\u00e1t 39 db, 3,90x0,18 m hossz\u00fas\u00e1g\u00fa n\u00e9gysz\u00f6gelem hat\u00e1rolja, biztos\u00edtva a megfelel\u0151 m\u00e9reteket \u00e9s a lovasok \u00e1ltal k\u00f6vetett \u00fatvonalak pontos kijel\u00f6l\u00e9s\u00e9t. Tov\u00e1bb\u00e1, a be- \u00e9s kij\u00e1ratokhoz 2 db, 1,45x0,18 m m\u00e9ret\u0171 bej\u00e1rati elem tartozik, amelyek k\u00e9nyelmes hozz\u00e1f\u00e9r\u00e9st biztos\u00edtanak a lovasok sz\u00e1m\u00e1ra. Ezek az elemek egy\u00fctt egy professzion\u00e1lis, szabv\u00e1nyos d\u00edjlovagl\u00f3 p\u00e1ly\u00e1t alkotnak, ide\u00e1lisak a versenyek \u00e9s edz\u00e9sek sz\u00e1m\u00e1ra.  A term\u00e9kk\u00e9p csak illusztr\u00e1ci\u00f3.\" \/>\n<meta property=\"og:url\" content=\"https:\/\/pico-bello.hu\/de\/produkt\/nagy-negyszog-20x60-m\/\" \/>\n<meta property=\"og:site_name\" content=\"Pico-Bello\" \/>\n<meta property=\"article:modified_time\" content=\"2026-02-25T11:59:25+00:00\" \/>\n<meta property=\"og:image\" content=\"https:\/\/pico-bello.hu\/wp-content\/uploads\/2024\/06\/negyszog.jpg\" \/>\n\t<meta property=\"og:image:width\" content=\"1080\" \/>\n\t<meta property=\"og:image:height\" content=\"1080\" \/>\n\t<meta property=\"og:image:type\" content=\"image\/jpeg\" \/>\n<meta name=\"twitter:card\" content=\"summary_large_image\" \/>\n<meta name=\"twitter:label1\" content=\"Preis\" \/>\n\t<meta name=\"twitter:data1\" content=\"1571600&nbsp;&#070;&#116; (1237480&nbsp;&#070;&#116; + \u00c1FA)\" \/>\n\t<meta name=\"twitter:label2\" content=\"Verf\u00fcgbarkeit\" \/>\n\t<meta name=\"twitter:data2\" content=\"ausverkauft\" \/>\n<script type=\"application\/ld+json\" class=\"yoast-schema-graph\">{\"@context\":\"https:\/\/schema.org\",\"@graph\":[{\"@type\":\"WebPage\",\"@id\":\"https:\/\/pico-bello.hu\/termek\/nagy-negyszog-20x60-m\/\",\"url\":\"https:\/\/pico-bello.hu\/termek\/nagy-negyszog-20x60-m\/\",\"name\":\"Nagy n\u00e9gysz\u00f6g (20x60 m) | Pico-Bello\",\"isPartOf\":{\"@id\":\"https:\/\/pico-bello.hu\/#website\"},\"primaryImageOfPage\":{\"@id\":\"https:\/\/pico-bello.hu\/termek\/nagy-negyszog-20x60-m\/#primaryimage\"},\"image\":{\"@id\":\"https:\/\/pico-bello.hu\/termek\/nagy-negyszog-20x60-m\/#primaryimage\"},\"thumbnailUrl\":\"https:\/\/pico-bello.hu\/wp-content\/uploads\/2024\/06\/negyszog.jpg\",\"datePublished\":\"2024-06-06T13:27:33+00:00\",\"dateModified\":\"2026-02-25T11:59:25+00:00\",\"breadcrumb\":{\"@id\":\"https:\/\/pico-bello.hu\/termek\/nagy-negyszog-20x60-m\/#breadcrumb\"},\"inLanguage\":\"de\",\"potentialAction\":[{\"@type\":\"ReadAction\",\"target\":[\"https:\/\/pico-bello.hu\/termek\/nagy-negyszog-20x60-m\/\"]}]},{\"@type\":\"ImageObject\",\"inLanguage\":\"de\",\"@id\":\"https:\/\/pico-bello.hu\/termek\/nagy-negyszog-20x60-m\/#primaryimage\",\"url\":\"https:\/\/pico-bello.hu\/wp-content\/uploads\/2024\/06\/negyszog.jpg\",\"contentUrl\":\"https:\/\/pico-bello.hu\/wp-content\/uploads\/2024\/06\/negyszog.jpg\",\"width\":1080,\"height\":1080,\"caption\":\"d\u00edjlovagl\u00f3 n\u00e9gysz\u00f6g elemek gy\u00e1rt\u00e1sa\"},{\"@type\":\"BreadcrumbList\",\"@id\":\"https:\/\/pico-bello.hu\/termek\/nagy-negyszog-20x60-m\/#breadcrumb\",\"itemListElement\":[{\"@type\":\"ListItem\",\"position\":1,\"name\":\"Kezd\u0151lap\",\"item\":\"https:\/\/pico-bello.hu\/\"},{\"@type\":\"ListItem\",\"position\":2,\"name\":\"Term\u00e9keink\",\"item\":\"https:\/\/pico-bello.hu\/uzlet\/\"},{\"@type\":\"ListItem\",\"position\":3,\"name\":\"Nagy n\u00e9gysz\u00f6g (20&#215;60 m)\"}]},{\"@type\":\"WebSite\",\"@id\":\"https:\/\/pico-bello.hu\/#website\",\"url\":\"https:\/\/pico-bello.hu\/\",\"name\":\"Pico-Bello\",\"description\":\"D\u00edjugrat\u00f3 \u00e9s Military akad\u00e1lyok, lovas akad\u00e1lyrudak\",\"publisher\":{\"@id\":\"https:\/\/pico-bello.hu\/#organization\"},\"potentialAction\":[{\"@type\":\"SearchAction\",\"target\":{\"@type\":\"EntryPoint\",\"urlTemplate\":\"https:\/\/pico-bello.hu\/?s={search_term_string}\"},\"query-input\":{\"@type\":\"PropertyValueSpecification\",\"valueRequired\":true,\"valueName\":\"search_term_string\"}}],\"inLanguage\":\"de\"},{\"@type\":\"Organization\",\"@id\":\"https:\/\/pico-bello.hu\/#organization\",\"name\":\"Pico-Bello\",\"url\":\"https:\/\/pico-bello.hu\/\",\"logo\":{\"@type\":\"ImageObject\",\"inLanguage\":\"de\",\"@id\":\"https:\/\/pico-bello.hu\/#\/schema\/logo\/image\/\",\"url\":\"https:\/\/pico-bello.hu\/wp-content\/uploads\/2023\/03\/pico-bello-logo-512.png\",\"contentUrl\":\"https:\/\/pico-bello.hu\/wp-content\/uploads\/2023\/03\/pico-bello-logo-512.png\",\"width\":512,\"height\":512,\"caption\":\"Pico-Bello\"},\"image\":{\"@id\":\"https:\/\/pico-bello.hu\/#\/schema\/logo\/image\/\"}}]}<\/script>\n<meta property=\"product:price:amount\" content=\"1571600\" \/>\n<meta property=\"product:price:currency\" content=\"HUF\" \/>\n<meta property=\"og:availability\" content=\"out of stock\" \/>\n<meta property=\"product:availability\" content=\"out of stock\" \/>\n<meta property=\"product:retailer_item_id\" content=\"DIJ-02\" \/>\n<meta property=\"product:condition\" content=\"new\" \/>\n<!-- \/ Yoast SEO Premium plugin. -->","yoast_head_json":{"title":"Gro\u00dfes Rechteck (20x60 m) | Pico-Bello","robots":{"index":"index","follow":"follow","max-snippet":"max-snippet:-1","max-image-preview":"max-image-preview:large","max-video-preview":"max-video-preview:-1"},"canonical":"https:\/\/pico-bello.hu\/de\/produkt\/nagy-negyszog-20x60-m\/","og_locale":"de_DE","og_type":"article","og_title":"Nagy n\u00e9gysz\u00f6g (20x60 m) | Pico-Bello","og_description":"A nagy n\u00e9gysz\u00f6g (20x60 m) egy t\u00e1gas d\u00edjlovagl\u00f3 p\u00e1lya, amely kiv\u00e1l\u00f3an alkalmas a halad\u00f3 szint\u0171 gyakorlatok \u00e9s versenyek lebonyol\u00edt\u00e1s\u00e1ra. Az \u00f6sszeszerel\u00e9s\u00e9hez 42 db, 40x35x35 mm m\u00e9ret\u0171 n\u00e9gysz\u00f6gelem tart\u00f3ra van sz\u00fcks\u00e9g, amelyek stabilan tartj\u00e1k a p\u00e1lya keret\u00e9t. A p\u00e1ly\u00e1t 39 db, 3,90x0,18 m hossz\u00fas\u00e1g\u00fa n\u00e9gysz\u00f6gelem hat\u00e1rolja, biztos\u00edtva a megfelel\u0151 m\u00e9reteket \u00e9s a lovasok \u00e1ltal k\u00f6vetett \u00fatvonalak pontos kijel\u00f6l\u00e9s\u00e9t. Tov\u00e1bb\u00e1, a be- \u00e9s kij\u00e1ratokhoz 2 db, 1,45x0,18 m m\u00e9ret\u0171 bej\u00e1rati elem tartozik, amelyek k\u00e9nyelmes hozz\u00e1f\u00e9r\u00e9st biztos\u00edtanak a lovasok sz\u00e1m\u00e1ra. Ezek az elemek egy\u00fctt egy professzion\u00e1lis, szabv\u00e1nyos d\u00edjlovagl\u00f3 p\u00e1ly\u00e1t alkotnak, ide\u00e1lisak a versenyek \u00e9s edz\u00e9sek sz\u00e1m\u00e1ra.  A term\u00e9kk\u00e9p csak illusztr\u00e1ci\u00f3.","og_url":"https:\/\/pico-bello.hu\/de\/produkt\/nagy-negyszog-20x60-m\/","og_site_name":"Pico-Bello","article_modified_time":"2026-02-25T11:59:25+00:00","og_image":[{"width":1080,"height":1080,"url":"https:\/\/pico-bello.hu\/wp-content\/uploads\/2024\/06\/negyszog.jpg","type":"image\/jpeg"}],"twitter_card":"summary_large_image","twitter_misc":{"Preis":"1571600&nbsp;&#70;&#116; (1237480&nbsp;&#70;&#116; + \u00c1FA)","Verf\u00fcgbarkeit":"ausverkauft"},"schema":{"@context":"https:\/\/schema.org","@graph":[{"@type":"WebPage","@id":"https:\/\/pico-bello.hu\/termek\/nagy-negyszog-20x60-m\/","url":"https:\/\/pico-bello.hu\/termek\/nagy-negyszog-20x60-m\/","name":"Gro\u00dfes Rechteck (20x60 m) | Pico-Bello","isPartOf":{"@id":"https:\/\/pico-bello.hu\/#website"},"primaryImageOfPage":{"@id":"https:\/\/pico-bello.hu\/termek\/nagy-negyszog-20x60-m\/#primaryimage"},"image":{"@id":"https:\/\/pico-bello.hu\/termek\/nagy-negyszog-20x60-m\/#primaryimage"},"thumbnailUrl":"https:\/\/pico-bello.hu\/wp-content\/uploads\/2024\/06\/negyszog.jpg","datePublished":"2024-06-06T13:27:33+00:00","dateModified":"2026-02-25T11:59:25+00:00","breadcrumb":{"@id":"https:\/\/pico-bello.hu\/termek\/nagy-negyszog-20x60-m\/#breadcrumb"},"inLanguage":"de","potentialAction":[{"@type":"ReadAction","target":["https:\/\/pico-bello.hu\/termek\/nagy-negyszog-20x60-m\/"]}]},{"@type":"ImageObject","inLanguage":"de","@id":"https:\/\/pico-bello.hu\/termek\/nagy-negyszog-20x60-m\/#primaryimage","url":"https:\/\/pico-bello.hu\/wp-content\/uploads\/2024\/06\/negyszog.jpg","contentUrl":"https:\/\/pico-bello.hu\/wp-content\/uploads\/2024\/06\/negyszog.jpg","width":1080,"height":1080,"caption":"d\u00edjlovagl\u00f3 n\u00e9gysz\u00f6g elemek gy\u00e1rt\u00e1sa"},{"@type":"BreadcrumbList","@id":"https:\/\/pico-bello.hu\/termek\/nagy-negyszog-20x60-m\/#breadcrumb","itemListElement":[{"@type":"ListItem","position":1,"name":"Kezd\u0151lap","item":"https:\/\/pico-bello.hu\/"},{"@type":"ListItem","position":2,"name":"Term\u00e9keink","item":"https:\/\/pico-bello.hu\/uzlet\/"},{"@type":"ListItem","position":3,"name":"Nagy n\u00e9gysz\u00f6g (20&#215;60 m)"}]},{"@type":"WebSite","@id":"https:\/\/pico-bello.hu\/#website","url":"https:\/\/pico-bello.hu\/","name":"Pico-Bello","description":"Springreiten und Military-H\u00fcrdenlauf, Hindernislauf zu Pferde","publisher":{"@id":"https:\/\/pico-bello.hu\/#organization"},"potentialAction":[{"@type":"SearchAction","target":{"@type":"EntryPoint","urlTemplate":"https:\/\/pico-bello.hu\/?s={search_term_string}"},"query-input":{"@type":"PropertyValueSpecification","valueRequired":true,"valueName":"search_term_string"}}],"inLanguage":"de"},{"@type":"Organization","@id":"https:\/\/pico-bello.hu\/#organization","name":"Pico-Bello","url":"https:\/\/pico-bello.hu\/","logo":{"@type":"ImageObject","inLanguage":"de","@id":"https:\/\/pico-bello.hu\/#\/schema\/logo\/image\/","url":"https:\/\/pico-bello.hu\/wp-content\/uploads\/2023\/03\/pico-bello-logo-512.png","contentUrl":"https:\/\/pico-bello.hu\/wp-content\/uploads\/2023\/03\/pico-bello-logo-512.png","width":512,"height":512,"caption":"Pico-Bello"},"image":{"@id":"https:\/\/pico-bello.hu\/#\/schema\/logo\/image\/"}}]},"product_price_amount":"1571600","product_price_currency":"HUF","og_availability":"out of stock","product_availability":"out of stock","product_retailer_item_id":"DIJ-02","product_condition":"new"},"_links":{"self":[{"href":"https:\/\/pico-bello.hu\/de\/wp-json\/wp\/v2\/product\/711","targetHints":{"allow":["GET"]}}],"collection":[{"href":"https:\/\/pico-bello.hu\/de\/wp-json\/wp\/v2\/product"}],"about":[{"href":"https:\/\/pico-bello.hu\/de\/wp-json\/wp\/v2\/types\/product"}],"wp:featuredmedia":[{"embeddable":true,"href":"https:\/\/pico-bello.hu\/de\/wp-json\/wp\/v2\/media\/868"}],"wp:attachment":[{"href":"https:\/\/pico-bello.hu\/de\/wp-json\/wp\/v2\/media?parent=711"}],"wp:term":[{"taxonomy":"product_cat","embeddable":true,"href":"https:\/\/pico-bello.hu\/de\/wp-json\/wp\/v2\/product_cat?post=711"},{"taxonomy":"product_tag","embeddable":true,"href":"https:\/\/pico-bello.hu\/de\/wp-json\/wp\/v2\/product_tag?post=711"}],"curies":[{"name":"wp","href":"https:\/\/api.w.org\/{rel}","templated":true}]}}