{"id":710,"date":"2024-06-06T15:24:49","date_gmt":"2024-06-06T13:24:49","guid":{"rendered":"https:\/\/pico-bello.hu\/?post_type=product&#038;p=710"},"modified":"2026-02-25T12:59:25","modified_gmt":"2026-02-25T11:59:25","slug":"kis-negyszog-20x40-m","status":"publish","type":"product","link":"https:\/\/pico-bello.hu\/de\/termek\/kis-negyszog-20x40-m\/","title":{"rendered":"Kleines Rechteck (20\u00d740 m)"},"content":{"rendered":"","protected":false},"excerpt":{"rendered":"<p>Das Small Rectangle (20\u00d740 m) ist ein Dressurviereck, das aus speziell entwickelten Elementen besteht. Dieses Rechteck besteht aus 32 St\u00fctzen mit den Ma\u00dfen 40x35x35 mm und 29 rechteckigen Elementen mit den Ma\u00dfen 3,90\u00d70,18 m, die einen stabilen und genauen Parcoursverlauf gew\u00e4hrleisten. Es umfasst auch 2 Eingangselemente mit den Ma\u00dfen 1,45\u00d70,18 m, die einen eleganten und leicht zug\u00e4nglichen Ein- und Ausstieg f\u00fcr die Reiter bieten. Zusammen bilden diese Elemente ein gut abgegrenztes Dressurviereck in Standardgr\u00f6\u00dfe, das sich ideal zum \u00dcben pr\u00e4ziser Bewegungen und Man\u00f6ver eignet.<\/p>\n<p>Das Produktbild dient nur zur Illustration.<\/p>","protected":false},"featured_media":868,"template":"","meta":[],"product_cat":[32],"product_tag":[],"class_list":{"0":"post-710","1":"product","2":"type-product","3":"status-publish","4":"has-post-thumbnail","6":"product_cat-dijlovaglas","7":"sales-flash-overlay","8":"woocommerce-text-align-center","9":"woocommerce-image-align-center","10":"do-quantity-buttons","11":"tm-no-options","13":"first","14":"outofstock","15":"taxable","16":"shipping-taxable","17":"purchasable","18":"product-type-simple"},"yoast_head":"<!-- This site is optimized with the Yoast SEO Premium plugin v27.2 (Yoast SEO v27.2) - https:\/\/yoast.com\/product\/yoast-seo-premium-wordpress\/ -->\n<title>Kis n\u00e9gysz\u00f6g (20x40 m) | Pico-Bello<\/title>\n<meta name=\"robots\" content=\"index, follow, max-snippet:-1, max-image-preview:large, max-video-preview:-1\" \/>\n<link rel=\"canonical\" href=\"https:\/\/pico-bello.hu\/de\/produkt\/kis-negyszog-20x40-m\/\" \/>\n<meta property=\"og:locale\" content=\"de_DE\" \/>\n<meta property=\"og:type\" content=\"article\" \/>\n<meta property=\"og:title\" content=\"Kis n\u00e9gysz\u00f6g (20x40 m) | Pico-Bello\" \/>\n<meta property=\"og:description\" content=\"A kis n\u00e9gysz\u00f6g (20x40 m) egy olyan d\u00edjlovagl\u00f3 p\u00e1lya, amely speci\u00e1lisan kialak\u00edtott elemekb\u0151l \u00e1ll. Ez a n\u00e9gysz\u00f6g 32 db, 40x35x35 mm m\u00e9ret\u0171 tart\u00f3b\u00f3l, valamint 29 db, 3,90x0,18 m hossz\u00fas\u00e1g\u00fa n\u00e9gysz\u00f6gelemb\u0151l \u00e1ll, amelyek biztos\u00edtj\u00e1k a p\u00e1lya stabil \u00e9s pontos elrendez\u00e9s\u00e9t. Emellett 2 db, 1,45x0,18 m m\u00e9ret\u0171 bej\u00e1rati elemet is tartalmaz, amelyek az eleg\u00e1ns \u00e9s k\u00f6nnyen hozz\u00e1f\u00e9rhet\u0151 be- \u00e9s kij\u00e1ratot biztos\u00edtj\u00e1k a lovasok sz\u00e1m\u00e1ra. Ezek az elemek egy\u00fctt egy j\u00f3l meghat\u00e1rozott \u00e9s szabv\u00e1nyos m\u00e9ret\u0171 d\u00edjlovagl\u00f3 p\u00e1ly\u00e1t alkotnak, amely ide\u00e1lis a prec\u00edz mozdulatok \u00e9s man\u0151verek gyakorl\u00e1s\u00e1hoz.  A term\u00e9kk\u00e9p csak illusztr\u00e1ci\u00f3.\" \/>\n<meta property=\"og:url\" content=\"https:\/\/pico-bello.hu\/de\/produkt\/kis-negyszog-20x40-m\/\" \/>\n<meta property=\"og:site_name\" content=\"Pico-Bello\" \/>\n<meta property=\"article:modified_time\" content=\"2026-02-25T11:59:25+00:00\" \/>\n<meta property=\"og:image\" content=\"https:\/\/pico-bello.hu\/wp-content\/uploads\/2024\/06\/negyszog.jpg\" \/>\n\t<meta property=\"og:image:width\" content=\"1080\" \/>\n\t<meta property=\"og:image:height\" content=\"1080\" \/>\n\t<meta property=\"og:image:type\" content=\"image\/jpeg\" \/>\n<meta name=\"twitter:card\" content=\"summary_large_image\" \/>\n<meta name=\"twitter:label1\" content=\"Preis\" \/>\n\t<meta name=\"twitter:data1\" content=\"1208400&nbsp;&#070;&#116; (951496&nbsp;&#070;&#116; + \u00c1FA)\" \/>\n\t<meta name=\"twitter:label2\" content=\"Verf\u00fcgbarkeit\" \/>\n\t<meta name=\"twitter:data2\" content=\"ausverkauft\" \/>\n<script type=\"application\/ld+json\" class=\"yoast-schema-graph\">{\"@context\":\"https:\/\/schema.org\",\"@graph\":[{\"@type\":\"WebPage\",\"@id\":\"https:\/\/pico-bello.hu\/termek\/kis-negyszog-20x40-m\/\",\"url\":\"https:\/\/pico-bello.hu\/termek\/kis-negyszog-20x40-m\/\",\"name\":\"Kis n\u00e9gysz\u00f6g (20x40 m) | Pico-Bello\",\"isPartOf\":{\"@id\":\"https:\/\/pico-bello.hu\/#website\"},\"primaryImageOfPage\":{\"@id\":\"https:\/\/pico-bello.hu\/termek\/kis-negyszog-20x40-m\/#primaryimage\"},\"image\":{\"@id\":\"https:\/\/pico-bello.hu\/termek\/kis-negyszog-20x40-m\/#primaryimage\"},\"thumbnailUrl\":\"https:\/\/pico-bello.hu\/wp-content\/uploads\/2024\/06\/negyszog.jpg\",\"datePublished\":\"2024-06-06T13:24:49+00:00\",\"dateModified\":\"2026-02-25T11:59:25+00:00\",\"breadcrumb\":{\"@id\":\"https:\/\/pico-bello.hu\/termek\/kis-negyszog-20x40-m\/#breadcrumb\"},\"inLanguage\":\"de\",\"potentialAction\":[{\"@type\":\"ReadAction\",\"target\":[\"https:\/\/pico-bello.hu\/termek\/kis-negyszog-20x40-m\/\"]}]},{\"@type\":\"ImageObject\",\"inLanguage\":\"de\",\"@id\":\"https:\/\/pico-bello.hu\/termek\/kis-negyszog-20x40-m\/#primaryimage\",\"url\":\"https:\/\/pico-bello.hu\/wp-content\/uploads\/2024\/06\/negyszog.jpg\",\"contentUrl\":\"https:\/\/pico-bello.hu\/wp-content\/uploads\/2024\/06\/negyszog.jpg\",\"width\":1080,\"height\":1080,\"caption\":\"d\u00edjlovagl\u00f3 n\u00e9gysz\u00f6g elemek gy\u00e1rt\u00e1sa\"},{\"@type\":\"BreadcrumbList\",\"@id\":\"https:\/\/pico-bello.hu\/termek\/kis-negyszog-20x40-m\/#breadcrumb\",\"itemListElement\":[{\"@type\":\"ListItem\",\"position\":1,\"name\":\"Kezd\u0151lap\",\"item\":\"https:\/\/pico-bello.hu\/\"},{\"@type\":\"ListItem\",\"position\":2,\"name\":\"Term\u00e9keink\",\"item\":\"https:\/\/pico-bello.hu\/uzlet\/\"},{\"@type\":\"ListItem\",\"position\":3,\"name\":\"Kis n\u00e9gysz\u00f6g (20&#215;40 m)\"}]},{\"@type\":\"WebSite\",\"@id\":\"https:\/\/pico-bello.hu\/#website\",\"url\":\"https:\/\/pico-bello.hu\/\",\"name\":\"Pico-Bello\",\"description\":\"D\u00edjugrat\u00f3 \u00e9s Military akad\u00e1lyok, lovas akad\u00e1lyrudak\",\"publisher\":{\"@id\":\"https:\/\/pico-bello.hu\/#organization\"},\"potentialAction\":[{\"@type\":\"SearchAction\",\"target\":{\"@type\":\"EntryPoint\",\"urlTemplate\":\"https:\/\/pico-bello.hu\/?s={search_term_string}\"},\"query-input\":{\"@type\":\"PropertyValueSpecification\",\"valueRequired\":true,\"valueName\":\"search_term_string\"}}],\"inLanguage\":\"de\"},{\"@type\":\"Organization\",\"@id\":\"https:\/\/pico-bello.hu\/#organization\",\"name\":\"Pico-Bello\",\"url\":\"https:\/\/pico-bello.hu\/\",\"logo\":{\"@type\":\"ImageObject\",\"inLanguage\":\"de\",\"@id\":\"https:\/\/pico-bello.hu\/#\/schema\/logo\/image\/\",\"url\":\"https:\/\/pico-bello.hu\/wp-content\/uploads\/2023\/03\/pico-bello-logo-512.png\",\"contentUrl\":\"https:\/\/pico-bello.hu\/wp-content\/uploads\/2023\/03\/pico-bello-logo-512.png\",\"width\":512,\"height\":512,\"caption\":\"Pico-Bello\"},\"image\":{\"@id\":\"https:\/\/pico-bello.hu\/#\/schema\/logo\/image\/\"}}]}<\/script>\n<meta property=\"product:price:amount\" content=\"1208400\" \/>\n<meta property=\"product:price:currency\" content=\"HUF\" \/>\n<meta property=\"og:availability\" content=\"out of stock\" \/>\n<meta property=\"product:availability\" content=\"out of stock\" \/>\n<meta property=\"product:retailer_item_id\" content=\"DIJ-01\" \/>\n<meta property=\"product:condition\" content=\"new\" \/>\n<!-- \/ Yoast SEO Premium plugin. -->","yoast_head_json":{"title":"Kleines Rechteck (20x40 m) | Pico-Bello","robots":{"index":"index","follow":"follow","max-snippet":"max-snippet:-1","max-image-preview":"max-image-preview:large","max-video-preview":"max-video-preview:-1"},"canonical":"https:\/\/pico-bello.hu\/de\/produkt\/kis-negyszog-20x40-m\/","og_locale":"de_DE","og_type":"article","og_title":"Kis n\u00e9gysz\u00f6g (20x40 m) | Pico-Bello","og_description":"A kis n\u00e9gysz\u00f6g (20x40 m) egy olyan d\u00edjlovagl\u00f3 p\u00e1lya, amely speci\u00e1lisan kialak\u00edtott elemekb\u0151l \u00e1ll. Ez a n\u00e9gysz\u00f6g 32 db, 40x35x35 mm m\u00e9ret\u0171 tart\u00f3b\u00f3l, valamint 29 db, 3,90x0,18 m hossz\u00fas\u00e1g\u00fa n\u00e9gysz\u00f6gelemb\u0151l \u00e1ll, amelyek biztos\u00edtj\u00e1k a p\u00e1lya stabil \u00e9s pontos elrendez\u00e9s\u00e9t. Emellett 2 db, 1,45x0,18 m m\u00e9ret\u0171 bej\u00e1rati elemet is tartalmaz, amelyek az eleg\u00e1ns \u00e9s k\u00f6nnyen hozz\u00e1f\u00e9rhet\u0151 be- \u00e9s kij\u00e1ratot biztos\u00edtj\u00e1k a lovasok sz\u00e1m\u00e1ra. Ezek az elemek egy\u00fctt egy j\u00f3l meghat\u00e1rozott \u00e9s szabv\u00e1nyos m\u00e9ret\u0171 d\u00edjlovagl\u00f3 p\u00e1ly\u00e1t alkotnak, amely ide\u00e1lis a prec\u00edz mozdulatok \u00e9s man\u0151verek gyakorl\u00e1s\u00e1hoz.  A term\u00e9kk\u00e9p csak illusztr\u00e1ci\u00f3.","og_url":"https:\/\/pico-bello.hu\/de\/produkt\/kis-negyszog-20x40-m\/","og_site_name":"Pico-Bello","article_modified_time":"2026-02-25T11:59:25+00:00","og_image":[{"width":1080,"height":1080,"url":"https:\/\/pico-bello.hu\/wp-content\/uploads\/2024\/06\/negyszog.jpg","type":"image\/jpeg"}],"twitter_card":"summary_large_image","twitter_misc":{"Preis":"1208400&nbsp;&#70;&#116; (951496&nbsp;&#70;&#116; + \u00c1FA)","Verf\u00fcgbarkeit":"ausverkauft"},"schema":{"@context":"https:\/\/schema.org","@graph":[{"@type":"WebPage","@id":"https:\/\/pico-bello.hu\/termek\/kis-negyszog-20x40-m\/","url":"https:\/\/pico-bello.hu\/termek\/kis-negyszog-20x40-m\/","name":"Kleines Rechteck (20x40 m) | Pico-Bello","isPartOf":{"@id":"https:\/\/pico-bello.hu\/#website"},"primaryImageOfPage":{"@id":"https:\/\/pico-bello.hu\/termek\/kis-negyszog-20x40-m\/#primaryimage"},"image":{"@id":"https:\/\/pico-bello.hu\/termek\/kis-negyszog-20x40-m\/#primaryimage"},"thumbnailUrl":"https:\/\/pico-bello.hu\/wp-content\/uploads\/2024\/06\/negyszog.jpg","datePublished":"2024-06-06T13:24:49+00:00","dateModified":"2026-02-25T11:59:25+00:00","breadcrumb":{"@id":"https:\/\/pico-bello.hu\/termek\/kis-negyszog-20x40-m\/#breadcrumb"},"inLanguage":"de","potentialAction":[{"@type":"ReadAction","target":["https:\/\/pico-bello.hu\/termek\/kis-negyszog-20x40-m\/"]}]},{"@type":"ImageObject","inLanguage":"de","@id":"https:\/\/pico-bello.hu\/termek\/kis-negyszog-20x40-m\/#primaryimage","url":"https:\/\/pico-bello.hu\/wp-content\/uploads\/2024\/06\/negyszog.jpg","contentUrl":"https:\/\/pico-bello.hu\/wp-content\/uploads\/2024\/06\/negyszog.jpg","width":1080,"height":1080,"caption":"d\u00edjlovagl\u00f3 n\u00e9gysz\u00f6g elemek gy\u00e1rt\u00e1sa"},{"@type":"BreadcrumbList","@id":"https:\/\/pico-bello.hu\/termek\/kis-negyszog-20x40-m\/#breadcrumb","itemListElement":[{"@type":"ListItem","position":1,"name":"Kezd\u0151lap","item":"https:\/\/pico-bello.hu\/"},{"@type":"ListItem","position":2,"name":"Term\u00e9keink","item":"https:\/\/pico-bello.hu\/uzlet\/"},{"@type":"ListItem","position":3,"name":"Kis n\u00e9gysz\u00f6g (20&#215;40 m)"}]},{"@type":"WebSite","@id":"https:\/\/pico-bello.hu\/#website","url":"https:\/\/pico-bello.hu\/","name":"Pico-Bello","description":"Springreiten und Military-H\u00fcrdenlauf, Hindernislauf zu Pferde","publisher":{"@id":"https:\/\/pico-bello.hu\/#organization"},"potentialAction":[{"@type":"SearchAction","target":{"@type":"EntryPoint","urlTemplate":"https:\/\/pico-bello.hu\/?s={search_term_string}"},"query-input":{"@type":"PropertyValueSpecification","valueRequired":true,"valueName":"search_term_string"}}],"inLanguage":"de"},{"@type":"Organization","@id":"https:\/\/pico-bello.hu\/#organization","name":"Pico-Bello","url":"https:\/\/pico-bello.hu\/","logo":{"@type":"ImageObject","inLanguage":"de","@id":"https:\/\/pico-bello.hu\/#\/schema\/logo\/image\/","url":"https:\/\/pico-bello.hu\/wp-content\/uploads\/2023\/03\/pico-bello-logo-512.png","contentUrl":"https:\/\/pico-bello.hu\/wp-content\/uploads\/2023\/03\/pico-bello-logo-512.png","width":512,"height":512,"caption":"Pico-Bello"},"image":{"@id":"https:\/\/pico-bello.hu\/#\/schema\/logo\/image\/"}}]},"product_price_amount":"1208400","product_price_currency":"HUF","og_availability":"out of stock","product_availability":"out of stock","product_retailer_item_id":"DIJ-01","product_condition":"new"},"_links":{"self":[{"href":"https:\/\/pico-bello.hu\/de\/wp-json\/wp\/v2\/product\/710","targetHints":{"allow":["GET"]}}],"collection":[{"href":"https:\/\/pico-bello.hu\/de\/wp-json\/wp\/v2\/product"}],"about":[{"href":"https:\/\/pico-bello.hu\/de\/wp-json\/wp\/v2\/types\/product"}],"wp:featuredmedia":[{"embeddable":true,"href":"https:\/\/pico-bello.hu\/de\/wp-json\/wp\/v2\/media\/868"}],"wp:attachment":[{"href":"https:\/\/pico-bello.hu\/de\/wp-json\/wp\/v2\/media?parent=710"}],"wp:term":[{"taxonomy":"product_cat","embeddable":true,"href":"https:\/\/pico-bello.hu\/de\/wp-json\/wp\/v2\/product_cat?post=710"},{"taxonomy":"product_tag","embeddable":true,"href":"https:\/\/pico-bello.hu\/de\/wp-json\/wp\/v2\/product_tag?post=710"}],"curies":[{"name":"wp","href":"https:\/\/api.w.org\/{rel}","templated":true}]}}