{"id":707,"date":"2024-06-06T14:24:37","date_gmt":"2024-06-06T12:24:37","guid":{"rendered":"https:\/\/pico-bello.hu\/?post_type=product&#038;p=707"},"modified":"2025-06-27T16:11:27","modified_gmt":"2025-06-27T14:11:27","slug":"akadaly-kanal-1","status":"publish","type":"product","link":"https:\/\/pico-bello.hu\/de\/termek\/akadaly-kanal-1\/","title":{"rendered":"Verzinkter Sperrl\u00f6ffel"},"content":{"rendered":"","protected":false},"excerpt":{"rendered":"<p>Die f\u00fcr die St\u00e4be vorgesehenen Absperrkan\u00e4le werden in verschiedenen Tiefen hergestellt, um den spezifischen Anforderungen und Normen gerecht zu werden. Sie sind in 18 mm, 25 mm und 35 mm Tiefe erh\u00e4ltlich, um eine stabile und sichere Platzierung der Stangen auf den Hindernissen zu gew\u00e4hrleisten. Die L\u00f6ffel sind pr\u00e4zise auf die verschiedenen Stangendurchmesser abgestimmt und garantieren so Flexibilit\u00e4t und Passgenauigkeit sowohl im Wettkampf als auch im Training.<\/p>","protected":false},"featured_media":737,"template":"","meta":[],"product_cat":[24],"product_tag":[],"class_list":{"0":"post-707","1":"product","2":"type-product","3":"status-publish","4":"has-post-thumbnail","6":"product_cat-kellekek","7":"sales-flash-overlay","8":"woocommerce-text-align-center","9":"woocommerce-image-align-center","10":"do-quantity-buttons","11":"wc-has-gallery","12":"tm-no-options","14":"first","15":"instock","16":"taxable","17":"shipping-taxable","18":"purchasable","19":"product-type-simple"},"yoast_head":"<!-- This site is optimized with the Yoast SEO Premium plugin v27.2 (Yoast SEO v27.2) - https:\/\/yoast.com\/product\/yoast-seo-premium-wordpress\/ -->\n<title>Horganyzott akad\u00e1ly kan\u00e1l | Pico-Bello<\/title>\n<meta name=\"robots\" content=\"index, follow, max-snippet:-1, max-image-preview:large, max-video-preview:-1\" \/>\n<link rel=\"canonical\" href=\"https:\/\/pico-bello.hu\/de\/produkt\/akadaly-kanal-1\/\" \/>\n<meta property=\"og:locale\" content=\"de_DE\" \/>\n<meta property=\"og:type\" content=\"article\" \/>\n<meta property=\"og:title\" content=\"Horganyzott akad\u00e1ly kan\u00e1l | Pico-Bello\" \/>\n<meta property=\"og:description\" content=\"Az akad\u00e1lykanalak, amelyeket a rudakhoz terveztek, k\u00fcl\u00f6nb\u00f6z\u0151 m\u00e9lys\u00e9gekben k\u00e9sz\u00fclnek, hogy megfeleljenek az egyedi ig\u00e9nyeknek \u00e9s szabv\u00e1nyoknak. El\u00e9rhet\u0151k 18 mm, 25 mm \u00e9s 35 mm m\u00e9lys\u00e9gben, hogy biztos\u00edts\u00e1k a rudak stabil \u00e9s biztons\u00e1gos elhelyez\u00e9s\u00e9t az akad\u00e1lyokon. Ezek a kanalak prec\u00edzen illeszkednek a k\u00fcl\u00f6nb\u00f6z\u0151 r\u00fad\u00e1tm\u00e9r\u0151kh\u00f6z, \u00edgy garant\u00e1lva a rugalmass\u00e1got \u00e9s a megfelel\u0151 alkalmazhat\u00f3s\u00e1got a versenyeken \u00e9s edz\u00e9seken egyar\u00e1nt.\" \/>\n<meta property=\"og:url\" content=\"https:\/\/pico-bello.hu\/de\/produkt\/akadaly-kanal-1\/\" \/>\n<meta property=\"og:site_name\" content=\"Pico-Bello\" \/>\n<meta property=\"article:modified_time\" content=\"2025-06-27T14:11:27+00:00\" \/>\n<meta property=\"og:image\" content=\"https:\/\/pico-bello.hu\/wp-content\/uploads\/2024\/06\/akadaly-kanal-2.jpg\" \/>\n\t<meta property=\"og:image:width\" content=\"1080\" \/>\n\t<meta property=\"og:image:height\" content=\"1080\" \/>\n\t<meta property=\"og:image:type\" content=\"image\/jpeg\" \/>\n<meta name=\"twitter:card\" content=\"summary_large_image\" \/>\n<meta name=\"twitter:label1\" content=\"Preis\" \/>\n\t<meta name=\"twitter:data1\" content=\"2921&nbsp;&#070;&#116; (2300&nbsp;&#070;&#116; + \u00c1FA)\" \/>\n\t<meta name=\"twitter:label2\" content=\"Verf\u00fcgbarkeit\" \/>\n\t<meta name=\"twitter:data2\" content=\"Auf Lager\" \/>\n<script type=\"application\/ld+json\" class=\"yoast-schema-graph\">{\"@context\":\"https:\/\/schema.org\",\"@graph\":[{\"@type\":\"WebPage\",\"@id\":\"https:\/\/pico-bello.hu\/termek\/akadaly-kanal-1\/\",\"url\":\"https:\/\/pico-bello.hu\/termek\/akadaly-kanal-1\/\",\"name\":\"Horganyzott akad\u00e1ly kan\u00e1l | Pico-Bello\",\"isPartOf\":{\"@id\":\"https:\/\/pico-bello.hu\/#website\"},\"primaryImageOfPage\":{\"@id\":\"https:\/\/pico-bello.hu\/termek\/akadaly-kanal-1\/#primaryimage\"},\"image\":{\"@id\":\"https:\/\/pico-bello.hu\/termek\/akadaly-kanal-1\/#primaryimage\"},\"thumbnailUrl\":\"https:\/\/pico-bello.hu\/wp-content\/uploads\/2024\/06\/akadaly-kanal-2.jpg\",\"datePublished\":\"2024-06-06T12:24:37+00:00\",\"dateModified\":\"2025-06-27T14:11:27+00:00\",\"breadcrumb\":{\"@id\":\"https:\/\/pico-bello.hu\/termek\/akadaly-kanal-1\/#breadcrumb\"},\"inLanguage\":\"de\",\"potentialAction\":[{\"@type\":\"ReadAction\",\"target\":[\"https:\/\/pico-bello.hu\/termek\/akadaly-kanal-1\/\"]}]},{\"@type\":\"ImageObject\",\"inLanguage\":\"de\",\"@id\":\"https:\/\/pico-bello.hu\/termek\/akadaly-kanal-1\/#primaryimage\",\"url\":\"https:\/\/pico-bello.hu\/wp-content\/uploads\/2024\/06\/akadaly-kanal-2.jpg\",\"contentUrl\":\"https:\/\/pico-bello.hu\/wp-content\/uploads\/2024\/06\/akadaly-kanal-2.jpg\",\"width\":1080,\"height\":1080,\"caption\":\"horganyzott akad\u00e1ly kan\u00e1l\"},{\"@type\":\"BreadcrumbList\",\"@id\":\"https:\/\/pico-bello.hu\/termek\/akadaly-kanal-1\/#breadcrumb\",\"itemListElement\":[{\"@type\":\"ListItem\",\"position\":1,\"name\":\"Kezd\u0151lap\",\"item\":\"https:\/\/pico-bello.hu\/\"},{\"@type\":\"ListItem\",\"position\":2,\"name\":\"Term\u00e9keink\",\"item\":\"https:\/\/pico-bello.hu\/uzlet\/\"},{\"@type\":\"ListItem\",\"position\":3,\"name\":\"Horganyzott akad\u00e1ly kan\u00e1l\"}]},{\"@type\":\"WebSite\",\"@id\":\"https:\/\/pico-bello.hu\/#website\",\"url\":\"https:\/\/pico-bello.hu\/\",\"name\":\"Pico-Bello\",\"description\":\"D\u00edjugrat\u00f3 \u00e9s Military akad\u00e1lyok, lovas akad\u00e1lyrudak\",\"publisher\":{\"@id\":\"https:\/\/pico-bello.hu\/#organization\"},\"potentialAction\":[{\"@type\":\"SearchAction\",\"target\":{\"@type\":\"EntryPoint\",\"urlTemplate\":\"https:\/\/pico-bello.hu\/?s={search_term_string}\"},\"query-input\":{\"@type\":\"PropertyValueSpecification\",\"valueRequired\":true,\"valueName\":\"search_term_string\"}}],\"inLanguage\":\"de\"},{\"@type\":\"Organization\",\"@id\":\"https:\/\/pico-bello.hu\/#organization\",\"name\":\"Pico-Bello\",\"url\":\"https:\/\/pico-bello.hu\/\",\"logo\":{\"@type\":\"ImageObject\",\"inLanguage\":\"de\",\"@id\":\"https:\/\/pico-bello.hu\/#\/schema\/logo\/image\/\",\"url\":\"https:\/\/pico-bello.hu\/wp-content\/uploads\/2023\/03\/pico-bello-logo-512.png\",\"contentUrl\":\"https:\/\/pico-bello.hu\/wp-content\/uploads\/2023\/03\/pico-bello-logo-512.png\",\"width\":512,\"height\":512,\"caption\":\"Pico-Bello\"},\"image\":{\"@id\":\"https:\/\/pico-bello.hu\/#\/schema\/logo\/image\/\"}}]}<\/script>\n<meta property=\"product:price:amount\" content=\"2921\" \/>\n<meta property=\"product:price:currency\" content=\"HUF\" \/>\n<meta property=\"og:availability\" content=\"instock\" \/>\n<meta property=\"product:availability\" content=\"instock\" \/>\n<meta property=\"product:retailer_item_id\" content=\"KAN-01\" \/>\n<meta property=\"product:condition\" content=\"new\" \/>\n<!-- \/ Yoast SEO Premium plugin. -->","yoast_head_json":{"title":"Verzinkter Sperrl\u00f6ffel | Pico-Bello","robots":{"index":"index","follow":"follow","max-snippet":"max-snippet:-1","max-image-preview":"max-image-preview:large","max-video-preview":"max-video-preview:-1"},"canonical":"https:\/\/pico-bello.hu\/de\/produkt\/akadaly-kanal-1\/","og_locale":"de_DE","og_type":"article","og_title":"Horganyzott akad\u00e1ly kan\u00e1l | Pico-Bello","og_description":"Az akad\u00e1lykanalak, amelyeket a rudakhoz terveztek, k\u00fcl\u00f6nb\u00f6z\u0151 m\u00e9lys\u00e9gekben k\u00e9sz\u00fclnek, hogy megfeleljenek az egyedi ig\u00e9nyeknek \u00e9s szabv\u00e1nyoknak. El\u00e9rhet\u0151k 18 mm, 25 mm \u00e9s 35 mm m\u00e9lys\u00e9gben, hogy biztos\u00edts\u00e1k a rudak stabil \u00e9s biztons\u00e1gos elhelyez\u00e9s\u00e9t az akad\u00e1lyokon. Ezek a kanalak prec\u00edzen illeszkednek a k\u00fcl\u00f6nb\u00f6z\u0151 r\u00fad\u00e1tm\u00e9r\u0151kh\u00f6z, \u00edgy garant\u00e1lva a rugalmass\u00e1got \u00e9s a megfelel\u0151 alkalmazhat\u00f3s\u00e1got a versenyeken \u00e9s edz\u00e9seken egyar\u00e1nt.","og_url":"https:\/\/pico-bello.hu\/de\/produkt\/akadaly-kanal-1\/","og_site_name":"Pico-Bello","article_modified_time":"2025-06-27T14:11:27+00:00","og_image":[{"width":1080,"height":1080,"url":"https:\/\/pico-bello.hu\/wp-content\/uploads\/2024\/06\/akadaly-kanal-2.jpg","type":"image\/jpeg"}],"twitter_card":"summary_large_image","twitter_misc":{"Preis":"2921&nbsp;&#70;&#116; (2300&nbsp;&#70;&#116; + \u00c1FA)","Verf\u00fcgbarkeit":"Auf Lager"},"schema":{"@context":"https:\/\/schema.org","@graph":[{"@type":"WebPage","@id":"https:\/\/pico-bello.hu\/termek\/akadaly-kanal-1\/","url":"https:\/\/pico-bello.hu\/termek\/akadaly-kanal-1\/","name":"Verzinkter Sperrl\u00f6ffel | Pico-Bello","isPartOf":{"@id":"https:\/\/pico-bello.hu\/#website"},"primaryImageOfPage":{"@id":"https:\/\/pico-bello.hu\/termek\/akadaly-kanal-1\/#primaryimage"},"image":{"@id":"https:\/\/pico-bello.hu\/termek\/akadaly-kanal-1\/#primaryimage"},"thumbnailUrl":"https:\/\/pico-bello.hu\/wp-content\/uploads\/2024\/06\/akadaly-kanal-2.jpg","datePublished":"2024-06-06T12:24:37+00:00","dateModified":"2025-06-27T14:11:27+00:00","breadcrumb":{"@id":"https:\/\/pico-bello.hu\/termek\/akadaly-kanal-1\/#breadcrumb"},"inLanguage":"de","potentialAction":[{"@type":"ReadAction","target":["https:\/\/pico-bello.hu\/termek\/akadaly-kanal-1\/"]}]},{"@type":"ImageObject","inLanguage":"de","@id":"https:\/\/pico-bello.hu\/termek\/akadaly-kanal-1\/#primaryimage","url":"https:\/\/pico-bello.hu\/wp-content\/uploads\/2024\/06\/akadaly-kanal-2.jpg","contentUrl":"https:\/\/pico-bello.hu\/wp-content\/uploads\/2024\/06\/akadaly-kanal-2.jpg","width":1080,"height":1080,"caption":"horganyzott akad\u00e1ly kan\u00e1l"},{"@type":"BreadcrumbList","@id":"https:\/\/pico-bello.hu\/termek\/akadaly-kanal-1\/#breadcrumb","itemListElement":[{"@type":"ListItem","position":1,"name":"Kezd\u0151lap","item":"https:\/\/pico-bello.hu\/"},{"@type":"ListItem","position":2,"name":"Term\u00e9keink","item":"https:\/\/pico-bello.hu\/uzlet\/"},{"@type":"ListItem","position":3,"name":"Horganyzott akad\u00e1ly kan\u00e1l"}]},{"@type":"WebSite","@id":"https:\/\/pico-bello.hu\/#website","url":"https:\/\/pico-bello.hu\/","name":"Pico-Bello","description":"Springreiten und Military-H\u00fcrdenlauf, Hindernislauf zu Pferde","publisher":{"@id":"https:\/\/pico-bello.hu\/#organization"},"potentialAction":[{"@type":"SearchAction","target":{"@type":"EntryPoint","urlTemplate":"https:\/\/pico-bello.hu\/?s={search_term_string}"},"query-input":{"@type":"PropertyValueSpecification","valueRequired":true,"valueName":"search_term_string"}}],"inLanguage":"de"},{"@type":"Organization","@id":"https:\/\/pico-bello.hu\/#organization","name":"Pico-Bello","url":"https:\/\/pico-bello.hu\/","logo":{"@type":"ImageObject","inLanguage":"de","@id":"https:\/\/pico-bello.hu\/#\/schema\/logo\/image\/","url":"https:\/\/pico-bello.hu\/wp-content\/uploads\/2023\/03\/pico-bello-logo-512.png","contentUrl":"https:\/\/pico-bello.hu\/wp-content\/uploads\/2023\/03\/pico-bello-logo-512.png","width":512,"height":512,"caption":"Pico-Bello"},"image":{"@id":"https:\/\/pico-bello.hu\/#\/schema\/logo\/image\/"}}]},"product_price_amount":"2921","product_price_currency":"HUF","og_availability":"instock","product_availability":"instock","product_retailer_item_id":"KAN-01","product_condition":"new"},"_links":{"self":[{"href":"https:\/\/pico-bello.hu\/de\/wp-json\/wp\/v2\/product\/707","targetHints":{"allow":["GET"]}}],"collection":[{"href":"https:\/\/pico-bello.hu\/de\/wp-json\/wp\/v2\/product"}],"about":[{"href":"https:\/\/pico-bello.hu\/de\/wp-json\/wp\/v2\/types\/product"}],"wp:featuredmedia":[{"embeddable":true,"href":"https:\/\/pico-bello.hu\/de\/wp-json\/wp\/v2\/media\/737"}],"wp:attachment":[{"href":"https:\/\/pico-bello.hu\/de\/wp-json\/wp\/v2\/media?parent=707"}],"wp:term":[{"taxonomy":"product_cat","embeddable":true,"href":"https:\/\/pico-bello.hu\/de\/wp-json\/wp\/v2\/product_cat?post=707"},{"taxonomy":"product_tag","embeddable":true,"href":"https:\/\/pico-bello.hu\/de\/wp-json\/wp\/v2\/product_tag?post=707"}],"curies":[{"name":"wp","href":"https:\/\/api.w.org\/{rel}","templated":true}]}}