{"id":699,"date":"2024-06-06T14:07:16","date_gmt":"2024-06-06T12:07:16","guid":{"rendered":"https:\/\/pico-bello.hu\/?post_type=product&#038;p=699"},"modified":"2025-09-08T11:00:08","modified_gmt":"2025-09-08T09:00:08","slug":"akadaly-palank-1","status":"publish","type":"product","link":"https:\/\/pico-bello.hu\/de\/termek\/akadaly-palank-1\/","title":{"rendered":"Absperrstein mit individueller Beschriftung"},"content":{"rendered":"","protected":false},"excerpt":{"rendered":"<p>Latten sind ein wesentliches Element von Springpferdehindernissen, insbesondere wegen ihrer h\u00e4ngenden Konstruktion. Diese Eins\u00e4tze variieren in der Breite von 10-20-30 cm, was eine gro\u00dfe Vielfalt an spannenden Designs erm\u00f6glicht. Einige Platten k\u00f6nnen allein als Eins\u00e4tze verwendet werden, aber am h\u00e4ufigsten werden sie in Kombination mit Stangen beim Bau von Hindernissen eingesetzt und tragen so zu einem dynamischen und abwechslungsreichen Erscheinungsbild der Parcours bei. Solche Kombinationen sind nicht nur optisch attraktiv, sondern auch technisch anspruchsvoll f\u00fcr die Pferde.<\/p>\n<p>Der Preis beinhaltet die Bemalung und Laserbeschriftung auf 1 oder 2 Seiten. Das Produktbild dient der Veranschaulichung.<\/p>\n<p>&nbsp;<\/p>","protected":false},"featured_media":828,"template":"","meta":[],"product_cat":[28],"product_tag":[],"class_list":{"0":"post-699","1":"product","2":"type-product","3":"status-publish","4":"has-post-thumbnail","6":"product_cat-palankok","7":"product_shipping_class-szemelyes","8":"sales-flash-overlay","9":"woocommerce-text-align-center","10":"woocommerce-image-align-center","11":"do-quantity-buttons","12":"wc-has-gallery","13":"tm-no-options","15":"first","16":"instock","17":"taxable","18":"shipping-taxable","19":"purchasable","20":"product-type-variable"},"yoast_head":"<!-- This site is optimized with the Yoast SEO Premium plugin v27.2 (Yoast SEO v27.2) - https:\/\/yoast.com\/product\/yoast-seo-premium-wordpress\/ -->\n<title>Akad\u00e1ly pal\u00e1nk egyedi felirattal | Pico-Bello<\/title>\n<meta name=\"robots\" content=\"index, follow, max-snippet:-1, max-image-preview:large, max-video-preview:-1\" \/>\n<link rel=\"canonical\" href=\"https:\/\/pico-bello.hu\/de\/produkt\/akadaly-palank-1\/\" \/>\n<meta property=\"og:locale\" content=\"de_DE\" \/>\n<meta property=\"og:type\" content=\"article\" \/>\n<meta property=\"og:title\" content=\"Akad\u00e1ly pal\u00e1nk egyedi felirattal | Pico-Bello\" \/>\n<meta property=\"og:description\" content=\"A pal\u00e1nkok a d\u00edjugrat\u00f3 akad\u00e1lyok egyik l\u00e9nyeges elemei, k\u00fcl\u00f6n\u00f6sen f\u00fcggesztett kivitel\u00fck miatt. Ezek a bet\u00e9telemek sz\u00e9less\u00e9ge 10-20-30 cm k\u00f6z\u00f6tt v\u00e1ltozik, ami lehet\u0151v\u00e9 teszi a sokf\u00e9le \u00e9s izgalmas kialak\u00edt\u00e1st. N\u00e9h\u00e1ny pal\u00e1nk \u00f6n\u00e1ll\u00f3an is haszn\u00e1lhat\u00f3 bet\u00e9tk\u00e9nt, de leggyakrabban rudakkal kombin\u00e1lva alkalmazz\u00e1k \u0151ket az akad\u00e1lyok fel\u00e9p\u00edt\u00e9s\u00e9n\u00e9l, \u00edgy hozz\u00e1j\u00e1rulva a p\u00e1ly\u00e1k dinamikus \u00e9s v\u00e1ltozatos megjelen\u00e9s\u00e9hez. Az ilyen kombin\u00e1ci\u00f3k nemcsak vizu\u00e1lisan vonz\u00f3ak, hanem technikailag is kih\u00edv\u00e1st jelentenek a lovak sz\u00e1m\u00e1ra.  Az \u00e1r tartalmazza a fest\u00e9st \u00e9s az 1 vagy 2 oldali l\u00e9zeres feliratoz\u00e1st is. A term\u00e9kk\u00e9p illusztr\u00e1ci\u00f3.  &nbsp;\" \/>\n<meta property=\"og:url\" content=\"https:\/\/pico-bello.hu\/de\/produkt\/akadaly-palank-1\/\" \/>\n<meta property=\"og:site_name\" content=\"Pico-Bello\" \/>\n<meta property=\"article:modified_time\" content=\"2025-09-08T09:00:08+00:00\" \/>\n<meta property=\"og:image\" content=\"https:\/\/pico-bello.hu\/wp-content\/uploads\/2024\/06\/palank.jpg\" \/>\n\t<meta property=\"og:image:width\" content=\"1080\" \/>\n\t<meta property=\"og:image:height\" content=\"1080\" \/>\n\t<meta property=\"og:image:type\" content=\"image\/jpeg\" \/>\n<meta name=\"twitter:card\" content=\"summary_large_image\" \/>\n<meta name=\"twitter:label1\" content=\"Verf\u00fcgbarkeit\" \/>\n\t<meta name=\"twitter:data1\" content=\"Auf Lager\" \/>\n<script type=\"application\/ld+json\" class=\"yoast-schema-graph\">{\"@context\":\"https:\/\/schema.org\",\"@graph\":[{\"@type\":\"WebPage\",\"@id\":\"https:\/\/pico-bello.hu\/termek\/akadaly-palank-1\/\",\"url\":\"https:\/\/pico-bello.hu\/termek\/akadaly-palank-1\/\",\"name\":\"Akad\u00e1ly pal\u00e1nk egyedi felirattal | Pico-Bello\",\"isPartOf\":{\"@id\":\"https:\/\/pico-bello.hu\/#website\"},\"primaryImageOfPage\":{\"@id\":\"https:\/\/pico-bello.hu\/termek\/akadaly-palank-1\/#primaryimage\"},\"image\":{\"@id\":\"https:\/\/pico-bello.hu\/termek\/akadaly-palank-1\/#primaryimage\"},\"thumbnailUrl\":\"https:\/\/pico-bello.hu\/wp-content\/uploads\/2024\/06\/palank.jpg\",\"datePublished\":\"2024-06-06T12:07:16+00:00\",\"dateModified\":\"2025-09-08T09:00:08+00:00\",\"breadcrumb\":{\"@id\":\"https:\/\/pico-bello.hu\/termek\/akadaly-palank-1\/#breadcrumb\"},\"inLanguage\":\"de\",\"potentialAction\":[{\"@type\":\"ReadAction\",\"target\":[\"https:\/\/pico-bello.hu\/termek\/akadaly-palank-1\/\"]}]},{\"@type\":\"ImageObject\",\"inLanguage\":\"de\",\"@id\":\"https:\/\/pico-bello.hu\/termek\/akadaly-palank-1\/#primaryimage\",\"url\":\"https:\/\/pico-bello.hu\/wp-content\/uploads\/2024\/06\/palank.jpg\",\"contentUrl\":\"https:\/\/pico-bello.hu\/wp-content\/uploads\/2024\/06\/palank.jpg\",\"width\":1080,\"height\":1080,\"caption\":\"akad\u00e1ly pal\u00e1nkok\"},{\"@type\":\"BreadcrumbList\",\"@id\":\"https:\/\/pico-bello.hu\/termek\/akadaly-palank-1\/#breadcrumb\",\"itemListElement\":[{\"@type\":\"ListItem\",\"position\":1,\"name\":\"Kezd\u0151lap\",\"item\":\"https:\/\/pico-bello.hu\/\"},{\"@type\":\"ListItem\",\"position\":2,\"name\":\"Term\u00e9keink\",\"item\":\"https:\/\/pico-bello.hu\/uzlet\/\"},{\"@type\":\"ListItem\",\"position\":3,\"name\":\"Akad\u00e1ly pal\u00e1nk egyedi felirattal\"}]},{\"@type\":\"WebSite\",\"@id\":\"https:\/\/pico-bello.hu\/#website\",\"url\":\"https:\/\/pico-bello.hu\/\",\"name\":\"Pico-Bello\",\"description\":\"D\u00edjugrat\u00f3 \u00e9s Military akad\u00e1lyok, lovas akad\u00e1lyrudak\",\"publisher\":{\"@id\":\"https:\/\/pico-bello.hu\/#organization\"},\"potentialAction\":[{\"@type\":\"SearchAction\",\"target\":{\"@type\":\"EntryPoint\",\"urlTemplate\":\"https:\/\/pico-bello.hu\/?s={search_term_string}\"},\"query-input\":{\"@type\":\"PropertyValueSpecification\",\"valueRequired\":true,\"valueName\":\"search_term_string\"}}],\"inLanguage\":\"de\"},{\"@type\":\"Organization\",\"@id\":\"https:\/\/pico-bello.hu\/#organization\",\"name\":\"Pico-Bello\",\"url\":\"https:\/\/pico-bello.hu\/\",\"logo\":{\"@type\":\"ImageObject\",\"inLanguage\":\"de\",\"@id\":\"https:\/\/pico-bello.hu\/#\/schema\/logo\/image\/\",\"url\":\"https:\/\/pico-bello.hu\/wp-content\/uploads\/2023\/03\/pico-bello-logo-512.png\",\"contentUrl\":\"https:\/\/pico-bello.hu\/wp-content\/uploads\/2023\/03\/pico-bello-logo-512.png\",\"width\":512,\"height\":512,\"caption\":\"Pico-Bello\"},\"image\":{\"@id\":\"https:\/\/pico-bello.hu\/#\/schema\/logo\/image\/\"}}]}<\/script>\n<meta property=\"og:availability\" content=\"instock\" \/>\n<meta property=\"product:availability\" content=\"instock\" \/>\n<meta property=\"product:retailer_item_id\" content=\"PAL-01\" \/>\n<meta property=\"product:condition\" content=\"new\" \/>\n<!-- \/ Yoast SEO Premium plugin. -->","yoast_head_json":{"title":"Absperrblock mit individueller Beschriftung | Pico-Bello","robots":{"index":"index","follow":"follow","max-snippet":"max-snippet:-1","max-image-preview":"max-image-preview:large","max-video-preview":"max-video-preview:-1"},"canonical":"https:\/\/pico-bello.hu\/de\/produkt\/akadaly-palank-1\/","og_locale":"de_DE","og_type":"article","og_title":"Akad\u00e1ly pal\u00e1nk egyedi felirattal | Pico-Bello","og_description":"A pal\u00e1nkok a d\u00edjugrat\u00f3 akad\u00e1lyok egyik l\u00e9nyeges elemei, k\u00fcl\u00f6n\u00f6sen f\u00fcggesztett kivitel\u00fck miatt. Ezek a bet\u00e9telemek sz\u00e9less\u00e9ge 10-20-30 cm k\u00f6z\u00f6tt v\u00e1ltozik, ami lehet\u0151v\u00e9 teszi a sokf\u00e9le \u00e9s izgalmas kialak\u00edt\u00e1st. N\u00e9h\u00e1ny pal\u00e1nk \u00f6n\u00e1ll\u00f3an is haszn\u00e1lhat\u00f3 bet\u00e9tk\u00e9nt, de leggyakrabban rudakkal kombin\u00e1lva alkalmazz\u00e1k \u0151ket az akad\u00e1lyok fel\u00e9p\u00edt\u00e9s\u00e9n\u00e9l, \u00edgy hozz\u00e1j\u00e1rulva a p\u00e1ly\u00e1k dinamikus \u00e9s v\u00e1ltozatos megjelen\u00e9s\u00e9hez. Az ilyen kombin\u00e1ci\u00f3k nemcsak vizu\u00e1lisan vonz\u00f3ak, hanem technikailag is kih\u00edv\u00e1st jelentenek a lovak sz\u00e1m\u00e1ra.  Az \u00e1r tartalmazza a fest\u00e9st \u00e9s az 1 vagy 2 oldali l\u00e9zeres feliratoz\u00e1st is. A term\u00e9kk\u00e9p illusztr\u00e1ci\u00f3.  &nbsp;","og_url":"https:\/\/pico-bello.hu\/de\/produkt\/akadaly-palank-1\/","og_site_name":"Pico-Bello","article_modified_time":"2025-09-08T09:00:08+00:00","og_image":[{"width":1080,"height":1080,"url":"https:\/\/pico-bello.hu\/wp-content\/uploads\/2024\/06\/palank.jpg","type":"image\/jpeg"}],"twitter_card":"summary_large_image","twitter_misc":{"Verf\u00fcgbarkeit":"Auf Lager"},"schema":{"@context":"https:\/\/schema.org","@graph":[{"@type":"WebPage","@id":"https:\/\/pico-bello.hu\/termek\/akadaly-palank-1\/","url":"https:\/\/pico-bello.hu\/termek\/akadaly-palank-1\/","name":"Absperrblock mit individueller Beschriftung | Pico-Bello","isPartOf":{"@id":"https:\/\/pico-bello.hu\/#website"},"primaryImageOfPage":{"@id":"https:\/\/pico-bello.hu\/termek\/akadaly-palank-1\/#primaryimage"},"image":{"@id":"https:\/\/pico-bello.hu\/termek\/akadaly-palank-1\/#primaryimage"},"thumbnailUrl":"https:\/\/pico-bello.hu\/wp-content\/uploads\/2024\/06\/palank.jpg","datePublished":"2024-06-06T12:07:16+00:00","dateModified":"2025-09-08T09:00:08+00:00","breadcrumb":{"@id":"https:\/\/pico-bello.hu\/termek\/akadaly-palank-1\/#breadcrumb"},"inLanguage":"de","potentialAction":[{"@type":"ReadAction","target":["https:\/\/pico-bello.hu\/termek\/akadaly-palank-1\/"]}]},{"@type":"ImageObject","inLanguage":"de","@id":"https:\/\/pico-bello.hu\/termek\/akadaly-palank-1\/#primaryimage","url":"https:\/\/pico-bello.hu\/wp-content\/uploads\/2024\/06\/palank.jpg","contentUrl":"https:\/\/pico-bello.hu\/wp-content\/uploads\/2024\/06\/palank.jpg","width":1080,"height":1080,"caption":"akad\u00e1ly pal\u00e1nkok"},{"@type":"BreadcrumbList","@id":"https:\/\/pico-bello.hu\/termek\/akadaly-palank-1\/#breadcrumb","itemListElement":[{"@type":"ListItem","position":1,"name":"Kezd\u0151lap","item":"https:\/\/pico-bello.hu\/"},{"@type":"ListItem","position":2,"name":"Term\u00e9keink","item":"https:\/\/pico-bello.hu\/uzlet\/"},{"@type":"ListItem","position":3,"name":"Akad\u00e1ly pal\u00e1nk egyedi felirattal"}]},{"@type":"WebSite","@id":"https:\/\/pico-bello.hu\/#website","url":"https:\/\/pico-bello.hu\/","name":"Pico-Bello","description":"Springreiten und Military-H\u00fcrdenlauf, Hindernislauf zu Pferde","publisher":{"@id":"https:\/\/pico-bello.hu\/#organization"},"potentialAction":[{"@type":"SearchAction","target":{"@type":"EntryPoint","urlTemplate":"https:\/\/pico-bello.hu\/?s={search_term_string}"},"query-input":{"@type":"PropertyValueSpecification","valueRequired":true,"valueName":"search_term_string"}}],"inLanguage":"de"},{"@type":"Organization","@id":"https:\/\/pico-bello.hu\/#organization","name":"Pico-Bello","url":"https:\/\/pico-bello.hu\/","logo":{"@type":"ImageObject","inLanguage":"de","@id":"https:\/\/pico-bello.hu\/#\/schema\/logo\/image\/","url":"https:\/\/pico-bello.hu\/wp-content\/uploads\/2023\/03\/pico-bello-logo-512.png","contentUrl":"https:\/\/pico-bello.hu\/wp-content\/uploads\/2023\/03\/pico-bello-logo-512.png","width":512,"height":512,"caption":"Pico-Bello"},"image":{"@id":"https:\/\/pico-bello.hu\/#\/schema\/logo\/image\/"}}]},"og_availability":"instock","product_availability":"instock","product_retailer_item_id":"PAL-01","product_condition":"new"},"_links":{"self":[{"href":"https:\/\/pico-bello.hu\/de\/wp-json\/wp\/v2\/product\/699","targetHints":{"allow":["GET"]}}],"collection":[{"href":"https:\/\/pico-bello.hu\/de\/wp-json\/wp\/v2\/product"}],"about":[{"href":"https:\/\/pico-bello.hu\/de\/wp-json\/wp\/v2\/types\/product"}],"wp:featuredmedia":[{"embeddable":true,"href":"https:\/\/pico-bello.hu\/de\/wp-json\/wp\/v2\/media\/828"}],"wp:attachment":[{"href":"https:\/\/pico-bello.hu\/de\/wp-json\/wp\/v2\/media?parent=699"}],"wp:term":[{"taxonomy":"product_cat","embeddable":true,"href":"https:\/\/pico-bello.hu\/de\/wp-json\/wp\/v2\/product_cat?post=699"},{"taxonomy":"product_tag","embeddable":true,"href":"https:\/\/pico-bello.hu\/de\/wp-json\/wp\/v2\/product_tag?post=699"}],"curies":[{"name":"wp","href":"https:\/\/api.w.org\/{rel}","templated":true}]}}