{"id":664,"date":"2024-06-05T14:38:34","date_gmt":"2024-06-05T12:38:34","guid":{"rendered":"https:\/\/pico-bello.hu\/?post_type=product&#038;p=664"},"modified":"2024-06-25T08:41:16","modified_gmt":"2024-06-25T06:41:16","slug":"olimpiai-fal-1","status":"publish","type":"product","link":"https:\/\/pico-bello.hu\/de\/termek\/olimpiai-fal-1\/","title":{"rendered":"Olympische Wand 1"},"content":{"rendered":"","protected":false},"excerpt":{"rendered":"<p>Die olympische Wand ist ein besonderes Hindernis, das aus speziell bemalten Hindernisbl\u00f6cken besteht. Wenn die Bl\u00f6cke zusammengemalt werden, bilden sie ein gro\u00dfes Bild, das spektakul\u00e4r und auff\u00e4llig ist. Dieses Hindernis ist ideal f\u00fcr gr\u00f6\u00dfere Wettbewerbe, bei denen Werbung, Grafiken oder Sponsoringbotschaften angebracht werden k\u00f6nnen. Die olympische Wand hat nicht nur einen \u00e4sthetischen Wert, sondern bietet den Sponsoren auch die M\u00f6glichkeit, sich bei den Wettk\u00e4mpfen zu pr\u00e4sentieren.<\/p>\n<p>Das Produktbild dient nur zur Illustration.<\/p>","protected":false},"featured_media":838,"template":"","meta":[],"product_cat":[27],"product_tag":[],"class_list":{"0":"post-664","1":"product","2":"type-product","3":"status-publish","4":"has-post-thumbnail","6":"product_cat-kofalak","7":"sales-flash-overlay","8":"woocommerce-text-align-center","9":"woocommerce-image-align-center","10":"do-quantity-buttons","11":"wc-has-gallery","12":"tm-no-options","14":"first","15":"outofstock","16":"taxable","17":"shipping-taxable","18":"product-type-variable"},"yoast_head":"<!-- This site is optimized with the Yoast SEO Premium plugin v27.2 (Yoast SEO v27.2) - https:\/\/yoast.com\/product\/yoast-seo-premium-wordpress\/ -->\n<title>Olimpiai fal 1 | Pico-Bello<\/title>\n<meta name=\"robots\" content=\"index, follow, max-snippet:-1, max-image-preview:large, max-video-preview:-1\" \/>\n<link rel=\"canonical\" href=\"https:\/\/pico-bello.hu\/de\/produkt\/olimpiai-fal-1\/\" \/>\n<meta property=\"og:locale\" content=\"de_DE\" \/>\n<meta property=\"og:type\" content=\"article\" \/>\n<meta property=\"og:title\" content=\"Olimpiai fal 1 | Pico-Bello\" \/>\n<meta property=\"og:description\" content=\"Az olimpiai fal egy k\u00fcl\u00f6nleges akad\u00e1ly, amely speci\u00e1lis fest\u00e9s\u0171 akad\u00e1lypal\u00e1nkokb\u00f3l \u00e1ll. A pal\u00e1nkok fest\u00e9se \u00f6ssze\u00e1llva egy nagy k\u00e9pet alkot, amely l\u00e1tv\u00e1nyos \u00e9s figyelemfelkelt\u0151. Ez az akad\u00e1ly ide\u00e1lis nagyobb versenyekre, ahol hirdet\u00e9seket, grafik\u00e1kat vagy szponzori \u00fczeneteket lehet megjelen\u00edteni. Az olimpiai fal nemcsak eszt\u00e9tikai \u00e9rt\u00e9ket k\u00e9pvisel, hanem lehet\u0151s\u00e9get biztos\u00edt a szponzorok sz\u00e1m\u00e1ra is, hogy kiemelked\u0151 m\u00f3don jelenjenek meg a versenyeken.  A term\u00e9kk\u00e9p csak illusztr\u00e1ci\u00f3.\" \/>\n<meta property=\"og:url\" content=\"https:\/\/pico-bello.hu\/de\/produkt\/olimpiai-fal-1\/\" \/>\n<meta property=\"og:site_name\" content=\"Pico-Bello\" \/>\n<meta property=\"article:modified_time\" content=\"2024-06-25T06:41:16+00:00\" \/>\n<meta property=\"og:image\" content=\"https:\/\/pico-bello.hu\/wp-content\/uploads\/2024\/06\/olimpiai-fal-1.jpg\" \/>\n\t<meta property=\"og:image:width\" content=\"800\" \/>\n\t<meta property=\"og:image:height\" content=\"800\" \/>\n\t<meta property=\"og:image:type\" content=\"image\/jpeg\" \/>\n<meta name=\"twitter:card\" content=\"summary_large_image\" \/>\n<meta name=\"twitter:label1\" content=\"Verf\u00fcgbarkeit\" \/>\n\t<meta name=\"twitter:data1\" content=\"ausverkauft\" \/>\n<script type=\"application\/ld+json\" class=\"yoast-schema-graph\">{\"@context\":\"https:\/\/schema.org\",\"@graph\":[{\"@type\":\"WebPage\",\"@id\":\"https:\/\/pico-bello.hu\/termek\/olimpiai-fal-1\/\",\"url\":\"https:\/\/pico-bello.hu\/termek\/olimpiai-fal-1\/\",\"name\":\"Olimpiai fal 1 | Pico-Bello\",\"isPartOf\":{\"@id\":\"https:\/\/pico-bello.hu\/#website\"},\"primaryImageOfPage\":{\"@id\":\"https:\/\/pico-bello.hu\/termek\/olimpiai-fal-1\/#primaryimage\"},\"image\":{\"@id\":\"https:\/\/pico-bello.hu\/termek\/olimpiai-fal-1\/#primaryimage\"},\"thumbnailUrl\":\"https:\/\/pico-bello.hu\/wp-content\/uploads\/2024\/06\/olimpiai-fal-1.jpg\",\"datePublished\":\"2024-06-05T12:38:34+00:00\",\"dateModified\":\"2024-06-25T06:41:16+00:00\",\"breadcrumb\":{\"@id\":\"https:\/\/pico-bello.hu\/termek\/olimpiai-fal-1\/#breadcrumb\"},\"inLanguage\":\"de\",\"potentialAction\":[{\"@type\":\"ReadAction\",\"target\":[\"https:\/\/pico-bello.hu\/termek\/olimpiai-fal-1\/\"]}]},{\"@type\":\"ImageObject\",\"inLanguage\":\"de\",\"@id\":\"https:\/\/pico-bello.hu\/termek\/olimpiai-fal-1\/#primaryimage\",\"url\":\"https:\/\/pico-bello.hu\/wp-content\/uploads\/2024\/06\/olimpiai-fal-1.jpg\",\"contentUrl\":\"https:\/\/pico-bello.hu\/wp-content\/uploads\/2024\/06\/olimpiai-fal-1.jpg\",\"width\":800,\"height\":800},{\"@type\":\"BreadcrumbList\",\"@id\":\"https:\/\/pico-bello.hu\/termek\/olimpiai-fal-1\/#breadcrumb\",\"itemListElement\":[{\"@type\":\"ListItem\",\"position\":1,\"name\":\"Kezd\u0151lap\",\"item\":\"https:\/\/pico-bello.hu\/\"},{\"@type\":\"ListItem\",\"position\":2,\"name\":\"Term\u00e9keink\",\"item\":\"https:\/\/pico-bello.hu\/uzlet\/\"},{\"@type\":\"ListItem\",\"position\":3,\"name\":\"Olimpiai fal 1\"}]},{\"@type\":\"WebSite\",\"@id\":\"https:\/\/pico-bello.hu\/#website\",\"url\":\"https:\/\/pico-bello.hu\/\",\"name\":\"Pico-Bello\",\"description\":\"D\u00edjugrat\u00f3 \u00e9s Military akad\u00e1lyok, lovas akad\u00e1lyrudak\",\"publisher\":{\"@id\":\"https:\/\/pico-bello.hu\/#organization\"},\"potentialAction\":[{\"@type\":\"SearchAction\",\"target\":{\"@type\":\"EntryPoint\",\"urlTemplate\":\"https:\/\/pico-bello.hu\/?s={search_term_string}\"},\"query-input\":{\"@type\":\"PropertyValueSpecification\",\"valueRequired\":true,\"valueName\":\"search_term_string\"}}],\"inLanguage\":\"de\"},{\"@type\":\"Organization\",\"@id\":\"https:\/\/pico-bello.hu\/#organization\",\"name\":\"Pico-Bello\",\"url\":\"https:\/\/pico-bello.hu\/\",\"logo\":{\"@type\":\"ImageObject\",\"inLanguage\":\"de\",\"@id\":\"https:\/\/pico-bello.hu\/#\/schema\/logo\/image\/\",\"url\":\"https:\/\/pico-bello.hu\/wp-content\/uploads\/2023\/03\/pico-bello-logo-512.png\",\"contentUrl\":\"https:\/\/pico-bello.hu\/wp-content\/uploads\/2023\/03\/pico-bello-logo-512.png\",\"width\":512,\"height\":512,\"caption\":\"Pico-Bello\"},\"image\":{\"@id\":\"https:\/\/pico-bello.hu\/#\/schema\/logo\/image\/\"}}]}<\/script>\n<meta property=\"og:availability\" content=\"out of stock\" \/>\n<meta property=\"product:availability\" content=\"out of stock\" \/>\n<meta property=\"product:retailer_item_id\" content=\"AKO-02\" \/>\n<meta property=\"product:condition\" content=\"new\" \/>\n<!-- \/ Yoast SEO Premium plugin. -->","yoast_head_json":{"title":"Olympische Wand 1 | Pico-Bello","robots":{"index":"index","follow":"follow","max-snippet":"max-snippet:-1","max-image-preview":"max-image-preview:large","max-video-preview":"max-video-preview:-1"},"canonical":"https:\/\/pico-bello.hu\/de\/produkt\/olimpiai-fal-1\/","og_locale":"de_DE","og_type":"article","og_title":"Olimpiai fal 1 | Pico-Bello","og_description":"Az olimpiai fal egy k\u00fcl\u00f6nleges akad\u00e1ly, amely speci\u00e1lis fest\u00e9s\u0171 akad\u00e1lypal\u00e1nkokb\u00f3l \u00e1ll. A pal\u00e1nkok fest\u00e9se \u00f6ssze\u00e1llva egy nagy k\u00e9pet alkot, amely l\u00e1tv\u00e1nyos \u00e9s figyelemfelkelt\u0151. Ez az akad\u00e1ly ide\u00e1lis nagyobb versenyekre, ahol hirdet\u00e9seket, grafik\u00e1kat vagy szponzori \u00fczeneteket lehet megjelen\u00edteni. Az olimpiai fal nemcsak eszt\u00e9tikai \u00e9rt\u00e9ket k\u00e9pvisel, hanem lehet\u0151s\u00e9get biztos\u00edt a szponzorok sz\u00e1m\u00e1ra is, hogy kiemelked\u0151 m\u00f3don jelenjenek meg a versenyeken.  A term\u00e9kk\u00e9p csak illusztr\u00e1ci\u00f3.","og_url":"https:\/\/pico-bello.hu\/de\/produkt\/olimpiai-fal-1\/","og_site_name":"Pico-Bello","article_modified_time":"2024-06-25T06:41:16+00:00","og_image":[{"width":800,"height":800,"url":"https:\/\/pico-bello.hu\/wp-content\/uploads\/2024\/06\/olimpiai-fal-1.jpg","type":"image\/jpeg"}],"twitter_card":"summary_large_image","twitter_misc":{"Verf\u00fcgbarkeit":"ausverkauft"},"schema":{"@context":"https:\/\/schema.org","@graph":[{"@type":"WebPage","@id":"https:\/\/pico-bello.hu\/termek\/olimpiai-fal-1\/","url":"https:\/\/pico-bello.hu\/termek\/olimpiai-fal-1\/","name":"Olympische Wand 1 | Pico-Bello","isPartOf":{"@id":"https:\/\/pico-bello.hu\/#website"},"primaryImageOfPage":{"@id":"https:\/\/pico-bello.hu\/termek\/olimpiai-fal-1\/#primaryimage"},"image":{"@id":"https:\/\/pico-bello.hu\/termek\/olimpiai-fal-1\/#primaryimage"},"thumbnailUrl":"https:\/\/pico-bello.hu\/wp-content\/uploads\/2024\/06\/olimpiai-fal-1.jpg","datePublished":"2024-06-05T12:38:34+00:00","dateModified":"2024-06-25T06:41:16+00:00","breadcrumb":{"@id":"https:\/\/pico-bello.hu\/termek\/olimpiai-fal-1\/#breadcrumb"},"inLanguage":"de","potentialAction":[{"@type":"ReadAction","target":["https:\/\/pico-bello.hu\/termek\/olimpiai-fal-1\/"]}]},{"@type":"ImageObject","inLanguage":"de","@id":"https:\/\/pico-bello.hu\/termek\/olimpiai-fal-1\/#primaryimage","url":"https:\/\/pico-bello.hu\/wp-content\/uploads\/2024\/06\/olimpiai-fal-1.jpg","contentUrl":"https:\/\/pico-bello.hu\/wp-content\/uploads\/2024\/06\/olimpiai-fal-1.jpg","width":800,"height":800},{"@type":"BreadcrumbList","@id":"https:\/\/pico-bello.hu\/termek\/olimpiai-fal-1\/#breadcrumb","itemListElement":[{"@type":"ListItem","position":1,"name":"Kezd\u0151lap","item":"https:\/\/pico-bello.hu\/"},{"@type":"ListItem","position":2,"name":"Term\u00e9keink","item":"https:\/\/pico-bello.hu\/uzlet\/"},{"@type":"ListItem","position":3,"name":"Olimpiai fal 1"}]},{"@type":"WebSite","@id":"https:\/\/pico-bello.hu\/#website","url":"https:\/\/pico-bello.hu\/","name":"Pico-Bello","description":"Springreiten und Military-H\u00fcrdenlauf, Hindernislauf zu Pferde","publisher":{"@id":"https:\/\/pico-bello.hu\/#organization"},"potentialAction":[{"@type":"SearchAction","target":{"@type":"EntryPoint","urlTemplate":"https:\/\/pico-bello.hu\/?s={search_term_string}"},"query-input":{"@type":"PropertyValueSpecification","valueRequired":true,"valueName":"search_term_string"}}],"inLanguage":"de"},{"@type":"Organization","@id":"https:\/\/pico-bello.hu\/#organization","name":"Pico-Bello","url":"https:\/\/pico-bello.hu\/","logo":{"@type":"ImageObject","inLanguage":"de","@id":"https:\/\/pico-bello.hu\/#\/schema\/logo\/image\/","url":"https:\/\/pico-bello.hu\/wp-content\/uploads\/2023\/03\/pico-bello-logo-512.png","contentUrl":"https:\/\/pico-bello.hu\/wp-content\/uploads\/2023\/03\/pico-bello-logo-512.png","width":512,"height":512,"caption":"Pico-Bello"},"image":{"@id":"https:\/\/pico-bello.hu\/#\/schema\/logo\/image\/"}}]},"og_availability":"out of stock","product_availability":"out of stock","product_retailer_item_id":"AKO-02","product_condition":"new"},"_links":{"self":[{"href":"https:\/\/pico-bello.hu\/de\/wp-json\/wp\/v2\/product\/664","targetHints":{"allow":["GET"]}}],"collection":[{"href":"https:\/\/pico-bello.hu\/de\/wp-json\/wp\/v2\/product"}],"about":[{"href":"https:\/\/pico-bello.hu\/de\/wp-json\/wp\/v2\/types\/product"}],"wp:featuredmedia":[{"embeddable":true,"href":"https:\/\/pico-bello.hu\/de\/wp-json\/wp\/v2\/media\/838"}],"wp:attachment":[{"href":"https:\/\/pico-bello.hu\/de\/wp-json\/wp\/v2\/media?parent=664"}],"wp:term":[{"taxonomy":"product_cat","embeddable":true,"href":"https:\/\/pico-bello.hu\/de\/wp-json\/wp\/v2\/product_cat?post=664"},{"taxonomy":"product_tag","embeddable":true,"href":"https:\/\/pico-bello.hu\/de\/wp-json\/wp\/v2\/product_tag?post=664"}],"curies":[{"name":"wp","href":"https:\/\/api.w.org\/{rel}","templated":true}]}}