{"id":1169,"date":"2026-01-27T15:49:01","date_gmt":"2026-01-27T14:49:01","guid":{"rendered":"https:\/\/pico-bello.hu\/?post_type=product&#038;p=1169"},"modified":"2026-01-27T19:01:11","modified_gmt":"2026-01-27T18:01:11","slug":"fa-akadaly-lampas","status":"publish","type":"product","link":"https:\/\/pico-bello.hu\/de\/termek\/fa-akadaly-lampas\/","title":{"rendered":"Holzschranke Laterne"},"content":{"rendered":"","protected":false},"excerpt":{"rendered":"<p>Die Holzhindernisse aus unserem Sortiment sind ideal f\u00fcr nationale und internationale Springturniere. Ihr Design erm\u00f6glicht einen vielseitigen Einsatz, sowohl als Stand- als auch als H\u00e4ngehindernis, das mit verschiedenen Hindernissen kombiniert werden kann. Die Holzausbr\u00fcche sind 180 cm hoch und 70 cm breit. Die L\u00e4nge der Eins\u00e4tze kann zwischen 300 und 350 cm variieren. Als Hauptmaterial f\u00fcr die Hindernisse wird hochwertiges, behandeltes Kiefernholz verwendet, w\u00e4hrend die Eins\u00e4tze aus wasserfest verleimten Schichtholzplatten bestehen, die Haltbarkeit und \u00c4sthetik gew\u00e4hrleisten.<\/p>","protected":false},"featured_media":1089,"template":"","meta":[],"product_cat":[19],"product_tag":[],"class_list":{"0":"post-1169","1":"product","2":"type-product","3":"status-publish","4":"has-post-thumbnail","6":"product_cat-faakadalyok","7":"sales-flash-overlay","8":"woocommerce-text-align-center","9":"woocommerce-image-align-center","10":"do-quantity-buttons","11":"wc-has-gallery","12":"tm-no-options","14":"first","15":"outofstock","16":"taxable","17":"shipping-taxable","18":"product-type-simple"},"yoast_head":"<!-- This site is optimized with the Yoast SEO Premium plugin v27.2 (Yoast SEO v27.2) - https:\/\/yoast.com\/product\/yoast-seo-premium-wordpress\/ -->\n<title>Fa akad\u00e1ly L\u00e1mp\u00e1s | Pico-Bello<\/title>\n<meta name=\"robots\" content=\"index, follow, max-snippet:-1, max-image-preview:large, max-video-preview:-1\" \/>\n<link rel=\"canonical\" href=\"https:\/\/pico-bello.hu\/de\/produkt\/fa-akadaly-lampas\/\" \/>\n<meta property=\"og:locale\" content=\"de_DE\" \/>\n<meta property=\"og:type\" content=\"article\" \/>\n<meta property=\"og:title\" content=\"Fa akad\u00e1ly L\u00e1mp\u00e1s | Pico-Bello\" \/>\n<meta property=\"og:description\" content=\"A k\u00edn\u00e1latunkban szerepl\u0151 f\u00e1b\u00f3l k\u00e9sz\u00fclt akad\u00e1lyok ide\u00e1lisak d\u00edjugrat\u00f3 versenyekhez, mind hazai, mind nemzetk\u00f6zi szinten. A kialak\u00edt\u00e1suk lehet\u0151v\u00e9 teszi sokoldal\u00fa haszn\u00e1latukat, bele\u00e9rtve talpas \u00e9s f\u00fcggesztett bet\u00e9telemeket is, melyek k\u00fcl\u00f6nf\u00e9le akad\u00e1lyokkal kombin\u00e1lhat\u00f3k. A fa kit\u00f6r\u0151k 180 cm magasak \u00e9s 70 cm sz\u00e9lesek. A bet\u00e9telemek hossza 300-350 cm k\u00f6z\u00f6tt v\u00e1ltozhat. Az akad\u00e1lyok f\u0151 anyaga kiv\u00e1l\u00f3 min\u0151s\u00e9g\u0171 kezelt feny\u0151fa, m\u00edg a bet\u00e9tek v\u00edz\u00e1ll\u00f3, r\u00e9tegragasztott lemezb\u0151l k\u00e9sz\u00fclnek, biztos\u00edtva a tart\u00f3ss\u00e1got \u00e9s az eszt\u00e9tikumot.\" \/>\n<meta property=\"og:url\" content=\"https:\/\/pico-bello.hu\/de\/produkt\/fa-akadaly-lampas\/\" \/>\n<meta property=\"og:site_name\" content=\"Pico-Bello\" \/>\n<meta property=\"article:modified_time\" content=\"2026-01-27T18:01:11+00:00\" \/>\n<meta property=\"og:image\" content=\"https:\/\/pico-bello.hu\/wp-content\/uploads\/2024\/05\/fa-akadaly-2.jpg\" \/>\n\t<meta property=\"og:image:width\" content=\"1080\" \/>\n\t<meta property=\"og:image:height\" content=\"1080\" \/>\n\t<meta property=\"og:image:type\" content=\"image\/jpeg\" \/>\n<meta name=\"twitter:card\" content=\"summary_large_image\" \/>\n<meta name=\"twitter:label1\" content=\"Preis\" \/>\n\t<meta name=\"twitter:data1\" content=\"\" \/>\n\t<meta name=\"twitter:label2\" content=\"Verf\u00fcgbarkeit\" \/>\n\t<meta name=\"twitter:data2\" content=\"ausverkauft\" \/>\n<script type=\"application\/ld+json\" class=\"yoast-schema-graph\">{\"@context\":\"https:\/\/schema.org\",\"@graph\":[{\"@type\":\"WebPage\",\"@id\":\"https:\/\/pico-bello.hu\/termek\/fa-akadaly-lampas\/\",\"url\":\"https:\/\/pico-bello.hu\/termek\/fa-akadaly-lampas\/\",\"name\":\"Fa akad\u00e1ly L\u00e1mp\u00e1s | Pico-Bello\",\"isPartOf\":{\"@id\":\"https:\/\/pico-bello.hu\/#website\"},\"primaryImageOfPage\":{\"@id\":\"https:\/\/pico-bello.hu\/termek\/fa-akadaly-lampas\/#primaryimage\"},\"image\":{\"@id\":\"https:\/\/pico-bello.hu\/termek\/fa-akadaly-lampas\/#primaryimage\"},\"thumbnailUrl\":\"https:\/\/pico-bello.hu\/wp-content\/uploads\/2024\/05\/fa-akadaly-2.jpg\",\"datePublished\":\"2026-01-27T14:49:01+00:00\",\"dateModified\":\"2026-01-27T18:01:11+00:00\",\"breadcrumb\":{\"@id\":\"https:\/\/pico-bello.hu\/termek\/fa-akadaly-lampas\/#breadcrumb\"},\"inLanguage\":\"de\",\"potentialAction\":[{\"@type\":\"ReadAction\",\"target\":[\"https:\/\/pico-bello.hu\/termek\/fa-akadaly-lampas\/\"]}]},{\"@type\":\"ImageObject\",\"inLanguage\":\"de\",\"@id\":\"https:\/\/pico-bello.hu\/termek\/fa-akadaly-lampas\/#primaryimage\",\"url\":\"https:\/\/pico-bello.hu\/wp-content\/uploads\/2024\/05\/fa-akadaly-2.jpg\",\"contentUrl\":\"https:\/\/pico-bello.hu\/wp-content\/uploads\/2024\/05\/fa-akadaly-2.jpg\",\"width\":1080,\"height\":1080},{\"@type\":\"BreadcrumbList\",\"@id\":\"https:\/\/pico-bello.hu\/termek\/fa-akadaly-lampas\/#breadcrumb\",\"itemListElement\":[{\"@type\":\"ListItem\",\"position\":1,\"name\":\"Kezd\u0151lap\",\"item\":\"https:\/\/pico-bello.hu\/\"},{\"@type\":\"ListItem\",\"position\":2,\"name\":\"Term\u00e9keink\",\"item\":\"https:\/\/pico-bello.hu\/uzlet\/\"},{\"@type\":\"ListItem\",\"position\":3,\"name\":\"Fa akad\u00e1ly L\u00e1mp\u00e1s\"}]},{\"@type\":\"WebSite\",\"@id\":\"https:\/\/pico-bello.hu\/#website\",\"url\":\"https:\/\/pico-bello.hu\/\",\"name\":\"Pico-Bello\",\"description\":\"D\u00edjugrat\u00f3 \u00e9s Military akad\u00e1lyok, lovas akad\u00e1lyrudak\",\"publisher\":{\"@id\":\"https:\/\/pico-bello.hu\/#organization\"},\"potentialAction\":[{\"@type\":\"SearchAction\",\"target\":{\"@type\":\"EntryPoint\",\"urlTemplate\":\"https:\/\/pico-bello.hu\/?s={search_term_string}\"},\"query-input\":{\"@type\":\"PropertyValueSpecification\",\"valueRequired\":true,\"valueName\":\"search_term_string\"}}],\"inLanguage\":\"de\"},{\"@type\":\"Organization\",\"@id\":\"https:\/\/pico-bello.hu\/#organization\",\"name\":\"Pico-Bello\",\"url\":\"https:\/\/pico-bello.hu\/\",\"logo\":{\"@type\":\"ImageObject\",\"inLanguage\":\"de\",\"@id\":\"https:\/\/pico-bello.hu\/#\/schema\/logo\/image\/\",\"url\":\"https:\/\/pico-bello.hu\/wp-content\/uploads\/2023\/03\/pico-bello-logo-512.png\",\"contentUrl\":\"https:\/\/pico-bello.hu\/wp-content\/uploads\/2023\/03\/pico-bello-logo-512.png\",\"width\":512,\"height\":512,\"caption\":\"Pico-Bello\"},\"image\":{\"@id\":\"https:\/\/pico-bello.hu\/#\/schema\/logo\/image\/\"}}]}<\/script>\n<meta property=\"product:price:amount\" content=\"0\" \/>\n<meta property=\"product:price:currency\" content=\"HUF\" \/>\n<meta property=\"og:availability\" content=\"out of stock\" \/>\n<meta property=\"product:availability\" content=\"out of stock\" \/>\n<meta property=\"product:retailer_item_id\" content=\"AFA-06\" \/>\n<meta property=\"product:condition\" content=\"new\" \/>\n<!-- \/ Yoast SEO Premium plugin. -->","yoast_head_json":{"title":"Holzschranke Laterne | Pico-Bello","robots":{"index":"index","follow":"follow","max-snippet":"max-snippet:-1","max-image-preview":"max-image-preview:large","max-video-preview":"max-video-preview:-1"},"canonical":"https:\/\/pico-bello.hu\/de\/produkt\/fa-akadaly-lampas\/","og_locale":"de_DE","og_type":"article","og_title":"Fa akad\u00e1ly L\u00e1mp\u00e1s | Pico-Bello","og_description":"A k\u00edn\u00e1latunkban szerepl\u0151 f\u00e1b\u00f3l k\u00e9sz\u00fclt akad\u00e1lyok ide\u00e1lisak d\u00edjugrat\u00f3 versenyekhez, mind hazai, mind nemzetk\u00f6zi szinten. A kialak\u00edt\u00e1suk lehet\u0151v\u00e9 teszi sokoldal\u00fa haszn\u00e1latukat, bele\u00e9rtve talpas \u00e9s f\u00fcggesztett bet\u00e9telemeket is, melyek k\u00fcl\u00f6nf\u00e9le akad\u00e1lyokkal kombin\u00e1lhat\u00f3k. A fa kit\u00f6r\u0151k 180 cm magasak \u00e9s 70 cm sz\u00e9lesek. A bet\u00e9telemek hossza 300-350 cm k\u00f6z\u00f6tt v\u00e1ltozhat. Az akad\u00e1lyok f\u0151 anyaga kiv\u00e1l\u00f3 min\u0151s\u00e9g\u0171 kezelt feny\u0151fa, m\u00edg a bet\u00e9tek v\u00edz\u00e1ll\u00f3, r\u00e9tegragasztott lemezb\u0151l k\u00e9sz\u00fclnek, biztos\u00edtva a tart\u00f3ss\u00e1got \u00e9s az eszt\u00e9tikumot.","og_url":"https:\/\/pico-bello.hu\/de\/produkt\/fa-akadaly-lampas\/","og_site_name":"Pico-Bello","article_modified_time":"2026-01-27T18:01:11+00:00","og_image":[{"width":1080,"height":1080,"url":"https:\/\/pico-bello.hu\/wp-content\/uploads\/2024\/05\/fa-akadaly-2.jpg","type":"image\/jpeg"}],"twitter_card":"summary_large_image","twitter_misc":{"Preis":"","Verf\u00fcgbarkeit":"ausverkauft"},"schema":{"@context":"https:\/\/schema.org","@graph":[{"@type":"WebPage","@id":"https:\/\/pico-bello.hu\/termek\/fa-akadaly-lampas\/","url":"https:\/\/pico-bello.hu\/termek\/fa-akadaly-lampas\/","name":"Holzschranke Laterne | Pico-Bello","isPartOf":{"@id":"https:\/\/pico-bello.hu\/#website"},"primaryImageOfPage":{"@id":"https:\/\/pico-bello.hu\/termek\/fa-akadaly-lampas\/#primaryimage"},"image":{"@id":"https:\/\/pico-bello.hu\/termek\/fa-akadaly-lampas\/#primaryimage"},"thumbnailUrl":"https:\/\/pico-bello.hu\/wp-content\/uploads\/2024\/05\/fa-akadaly-2.jpg","datePublished":"2026-01-27T14:49:01+00:00","dateModified":"2026-01-27T18:01:11+00:00","breadcrumb":{"@id":"https:\/\/pico-bello.hu\/termek\/fa-akadaly-lampas\/#breadcrumb"},"inLanguage":"de","potentialAction":[{"@type":"ReadAction","target":["https:\/\/pico-bello.hu\/termek\/fa-akadaly-lampas\/"]}]},{"@type":"ImageObject","inLanguage":"de","@id":"https:\/\/pico-bello.hu\/termek\/fa-akadaly-lampas\/#primaryimage","url":"https:\/\/pico-bello.hu\/wp-content\/uploads\/2024\/05\/fa-akadaly-2.jpg","contentUrl":"https:\/\/pico-bello.hu\/wp-content\/uploads\/2024\/05\/fa-akadaly-2.jpg","width":1080,"height":1080},{"@type":"BreadcrumbList","@id":"https:\/\/pico-bello.hu\/termek\/fa-akadaly-lampas\/#breadcrumb","itemListElement":[{"@type":"ListItem","position":1,"name":"Kezd\u0151lap","item":"https:\/\/pico-bello.hu\/"},{"@type":"ListItem","position":2,"name":"Term\u00e9keink","item":"https:\/\/pico-bello.hu\/uzlet\/"},{"@type":"ListItem","position":3,"name":"Fa akad\u00e1ly L\u00e1mp\u00e1s"}]},{"@type":"WebSite","@id":"https:\/\/pico-bello.hu\/#website","url":"https:\/\/pico-bello.hu\/","name":"Pico-Bello","description":"Springreiten und Military-H\u00fcrdenlauf, Hindernislauf zu Pferde","publisher":{"@id":"https:\/\/pico-bello.hu\/#organization"},"potentialAction":[{"@type":"SearchAction","target":{"@type":"EntryPoint","urlTemplate":"https:\/\/pico-bello.hu\/?s={search_term_string}"},"query-input":{"@type":"PropertyValueSpecification","valueRequired":true,"valueName":"search_term_string"}}],"inLanguage":"de"},{"@type":"Organization","@id":"https:\/\/pico-bello.hu\/#organization","name":"Pico-Bello","url":"https:\/\/pico-bello.hu\/","logo":{"@type":"ImageObject","inLanguage":"de","@id":"https:\/\/pico-bello.hu\/#\/schema\/logo\/image\/","url":"https:\/\/pico-bello.hu\/wp-content\/uploads\/2023\/03\/pico-bello-logo-512.png","contentUrl":"https:\/\/pico-bello.hu\/wp-content\/uploads\/2023\/03\/pico-bello-logo-512.png","width":512,"height":512,"caption":"Pico-Bello"},"image":{"@id":"https:\/\/pico-bello.hu\/#\/schema\/logo\/image\/"}}]},"product_price_currency":"HUF","og_availability":"out of stock","product_availability":"out of stock","product_retailer_item_id":"AFA-06","product_condition":"new"},"_links":{"self":[{"href":"https:\/\/pico-bello.hu\/de\/wp-json\/wp\/v2\/product\/1169","targetHints":{"allow":["GET"]}}],"collection":[{"href":"https:\/\/pico-bello.hu\/de\/wp-json\/wp\/v2\/product"}],"about":[{"href":"https:\/\/pico-bello.hu\/de\/wp-json\/wp\/v2\/types\/product"}],"wp:featuredmedia":[{"embeddable":true,"href":"https:\/\/pico-bello.hu\/de\/wp-json\/wp\/v2\/media\/1089"}],"wp:attachment":[{"href":"https:\/\/pico-bello.hu\/de\/wp-json\/wp\/v2\/media?parent=1169"}],"wp:term":[{"taxonomy":"product_cat","embeddable":true,"href":"https:\/\/pico-bello.hu\/de\/wp-json\/wp\/v2\/product_cat?post=1169"},{"taxonomy":"product_tag","embeddable":true,"href":"https:\/\/pico-bello.hu\/de\/wp-json\/wp\/v2\/product_tag?post=1169"}],"curies":[{"name":"wp","href":"https:\/\/api.w.org\/{rel}","templated":true}]}}