{"id":1063,"date":"2025-08-30T14:14:00","date_gmt":"2025-08-30T12:14:00","guid":{"rendered":"https:\/\/pico-bello.hu\/?post_type=product&#038;p=1063"},"modified":"2025-09-02T09:26:02","modified_gmt":"2025-09-02T07:26:02","slug":"tanyacsendelet-faragott-falikep","status":"publish","type":"product","link":"https:\/\/pico-bello.hu\/de\/termek\/tanyacsendelet-faragott-falikep\/","title":{"rendered":"Bauernhof Stillleben geschnitzt Wandbild"},"content":{"rendered":"","protected":false},"excerpt":{"rendered":"<p>Eine geschnitzte rustikale Wandmalerei, die ein Bauernhaus-Stillleben darstellt und die Atmosph\u00e4re des ungarischen Landlebens heraufbeschw\u00f6rt. Die Szene zeigt einen Hirten, Tiere, einen Brunnen und ein Bauernhaus, alles sehr detailliert. Die Kombination aus Schnitzerei und nat\u00fcrlicher Holzmaserung macht dieses Werk zu etwas ganz Besonderem. Das 102x30x2,3 cm gro\u00dfe Wandbild ist aus Ulmenholz gefertigt und mit einer gebeizten und ge\u00f6lten Oberfl\u00e4che versehen, die f\u00fcr Langlebigkeit und ein elegantes Aussehen sorgt. Die rustikalen Kanten betonen die Nat\u00fcrlichkeit und machen jedes St\u00fcck zu einem Unikat. Perfekt f\u00fcr Wohnr\u00e4ume, Flure oder auch als Geschenk, vor allem f\u00fcr diejenigen, die Reit- und Bauernhofmotive m\u00f6gen.<\/p>","protected":false},"featured_media":1057,"template":"","meta":[],"product_cat":[44],"product_tag":[],"class_list":{"0":"post-1063","1":"product","2":"type-product","3":"status-publish","4":"has-post-thumbnail","6":"product_cat-lovasajandek","7":"sales-flash-overlay","8":"woocommerce-text-align-center","9":"woocommerce-image-align-center","10":"do-quantity-buttons","11":"tm-no-options","13":"first","14":"instock","15":"taxable","16":"shipping-taxable","17":"purchasable","18":"product-type-simple"},"yoast_head":"<!-- This site is optimized with the Yoast SEO Premium plugin v27.2 (Yoast SEO v27.2) - https:\/\/yoast.com\/product\/yoast-seo-premium-wordpress\/ -->\n<title>Tanyacsend\u00e9let faragott falik\u00e9p | Pico-Bello<\/title>\n<meta name=\"robots\" content=\"index, follow, max-snippet:-1, max-image-preview:large, max-video-preview:-1\" \/>\n<link rel=\"canonical\" href=\"https:\/\/pico-bello.hu\/de\/produkt\/tanyacsendelet-faragott-falikep\/\" \/>\n<meta property=\"og:locale\" content=\"de_DE\" \/>\n<meta property=\"og:type\" content=\"article\" \/>\n<meta property=\"og:title\" content=\"Tanyacsend\u00e9let faragott falik\u00e9p | Pico-Bello\" \/>\n<meta property=\"og:description\" content=\"Tanyacsend\u00e9letet \u00e1br\u00e1zol\u00f3, faragott rusztikus falik\u00e9p, amely a magyar vid\u00e9ki \u00e9let hangulat\u00e1t id\u00e9zi meg. A jeleneten p\u00e1sztor, \u00e1llatok, k\u00fat \u00e9s tanya\u00e9p\u00fclet l\u00e1that\u00f3, apr\u00f3l\u00e9kos r\u00e9szletgazdags\u00e1ggal kidolgozva. A farag\u00e1s \u00e9s a term\u00e9szetes fa erezete egy\u00fctt teszi igaz\u00e1n k\u00fcl\u00f6nlegess\u00e9 ezt az alkot\u00e1st. A 102x30x2,3 cm-es falik\u00e9p szilf\u00e1b\u00f3l k\u00e9sz\u00fclt, p\u00e1colt \u00e9s olajozott fel\u00fcletkezel\u00e9ssel, amely hossz\u00fa \u00e9lettartamot \u00e9s eleg\u00e1ns megjelen\u00e9st biztos\u00edt. A rusztikus sz\u00e9lek kiemelik a term\u00e9szetess\u00e9get, \u00edgy minden darab egyedi. T\u00f6k\u00e9letes v\u00e1laszt\u00e1s nappaliba, el\u0151szob\u00e1ba vagy ak\u00e1r aj\u00e1nd\u00e9knak, k\u00fcl\u00f6n\u00f6sen azok sz\u00e1m\u00e1ra, akik kedvelik a lovas \u00e9s tanyasi mot\u00edvumokat.\" \/>\n<meta property=\"og:url\" content=\"https:\/\/pico-bello.hu\/de\/produkt\/tanyacsendelet-faragott-falikep\/\" \/>\n<meta property=\"og:site_name\" content=\"Pico-Bello\" \/>\n<meta property=\"article:modified_time\" content=\"2025-09-02T07:26:02+00:00\" \/>\n<meta property=\"og:image\" content=\"https:\/\/pico-bello.hu\/wp-content\/uploads\/2025\/08\/laj-16.jpg\" \/>\n\t<meta property=\"og:image:width\" content=\"1080\" \/>\n\t<meta property=\"og:image:height\" content=\"1080\" \/>\n\t<meta property=\"og:image:type\" content=\"image\/jpeg\" \/>\n<meta name=\"twitter:card\" content=\"summary_large_image\" \/>\n<meta name=\"twitter:label1\" content=\"Preis\" \/>\n\t<meta name=\"twitter:data1\" content=\"40640&nbsp;&#070;&#116; (32000&nbsp;&#070;&#116; + \u00c1FA)\" \/>\n\t<meta name=\"twitter:label2\" content=\"Verf\u00fcgbarkeit\" \/>\n\t<meta name=\"twitter:data2\" content=\"Auf Lager\" \/>\n<script type=\"application\/ld+json\" class=\"yoast-schema-graph\">{\"@context\":\"https:\/\/schema.org\",\"@graph\":[{\"@type\":\"WebPage\",\"@id\":\"https:\/\/pico-bello.hu\/termek\/tanyacsendelet-faragott-falikep\/\",\"url\":\"https:\/\/pico-bello.hu\/termek\/tanyacsendelet-faragott-falikep\/\",\"name\":\"Tanyacsend\u00e9let faragott falik\u00e9p | Pico-Bello\",\"isPartOf\":{\"@id\":\"https:\/\/pico-bello.hu\/#website\"},\"primaryImageOfPage\":{\"@id\":\"https:\/\/pico-bello.hu\/termek\/tanyacsendelet-faragott-falikep\/#primaryimage\"},\"image\":{\"@id\":\"https:\/\/pico-bello.hu\/termek\/tanyacsendelet-faragott-falikep\/#primaryimage\"},\"thumbnailUrl\":\"https:\/\/pico-bello.hu\/wp-content\/uploads\/2025\/08\/laj-16.jpg\",\"datePublished\":\"2025-08-30T12:14:00+00:00\",\"dateModified\":\"2025-09-02T07:26:02+00:00\",\"breadcrumb\":{\"@id\":\"https:\/\/pico-bello.hu\/termek\/tanyacsendelet-faragott-falikep\/#breadcrumb\"},\"inLanguage\":\"de\",\"potentialAction\":[{\"@type\":\"ReadAction\",\"target\":[\"https:\/\/pico-bello.hu\/termek\/tanyacsendelet-faragott-falikep\/\"]}]},{\"@type\":\"ImageObject\",\"inLanguage\":\"de\",\"@id\":\"https:\/\/pico-bello.hu\/termek\/tanyacsendelet-faragott-falikep\/#primaryimage\",\"url\":\"https:\/\/pico-bello.hu\/wp-content\/uploads\/2025\/08\/laj-16.jpg\",\"contentUrl\":\"https:\/\/pico-bello.hu\/wp-content\/uploads\/2025\/08\/laj-16.jpg\",\"width\":1080,\"height\":1080,\"caption\":\"tanyacsend\u00e9let faragott falik\u00e9p\"},{\"@type\":\"BreadcrumbList\",\"@id\":\"https:\/\/pico-bello.hu\/termek\/tanyacsendelet-faragott-falikep\/#breadcrumb\",\"itemListElement\":[{\"@type\":\"ListItem\",\"position\":1,\"name\":\"Kezd\u0151lap\",\"item\":\"https:\/\/pico-bello.hu\/\"},{\"@type\":\"ListItem\",\"position\":2,\"name\":\"Term\u00e9keink\",\"item\":\"https:\/\/pico-bello.hu\/uzlet\/\"},{\"@type\":\"ListItem\",\"position\":3,\"name\":\"Tanyacsend\u00e9let faragott falik\u00e9p\"}]},{\"@type\":\"WebSite\",\"@id\":\"https:\/\/pico-bello.hu\/#website\",\"url\":\"https:\/\/pico-bello.hu\/\",\"name\":\"Pico-Bello\",\"description\":\"D\u00edjugrat\u00f3 \u00e9s Military akad\u00e1lyok, lovas akad\u00e1lyrudak\",\"publisher\":{\"@id\":\"https:\/\/pico-bello.hu\/#organization\"},\"potentialAction\":[{\"@type\":\"SearchAction\",\"target\":{\"@type\":\"EntryPoint\",\"urlTemplate\":\"https:\/\/pico-bello.hu\/?s={search_term_string}\"},\"query-input\":{\"@type\":\"PropertyValueSpecification\",\"valueRequired\":true,\"valueName\":\"search_term_string\"}}],\"inLanguage\":\"de\"},{\"@type\":\"Organization\",\"@id\":\"https:\/\/pico-bello.hu\/#organization\",\"name\":\"Pico-Bello\",\"url\":\"https:\/\/pico-bello.hu\/\",\"logo\":{\"@type\":\"ImageObject\",\"inLanguage\":\"de\",\"@id\":\"https:\/\/pico-bello.hu\/#\/schema\/logo\/image\/\",\"url\":\"https:\/\/pico-bello.hu\/wp-content\/uploads\/2023\/03\/pico-bello-logo-512.png\",\"contentUrl\":\"https:\/\/pico-bello.hu\/wp-content\/uploads\/2023\/03\/pico-bello-logo-512.png\",\"width\":512,\"height\":512,\"caption\":\"Pico-Bello\"},\"image\":{\"@id\":\"https:\/\/pico-bello.hu\/#\/schema\/logo\/image\/\"}}]}<\/script>\n<meta property=\"product:price:amount\" content=\"40640\" \/>\n<meta property=\"product:price:currency\" content=\"HUF\" \/>\n<meta property=\"og:availability\" content=\"instock\" \/>\n<meta property=\"product:availability\" content=\"instock\" \/>\n<meta property=\"product:retailer_item_id\" content=\"LAJ-16\" \/>\n<meta property=\"product:condition\" content=\"new\" \/>\n<!-- \/ Yoast SEO Premium plugin. -->","yoast_head_json":{"title":"Bauernhof-Stillleben geschnitzt Wandbild | Pico-Bello","robots":{"index":"index","follow":"follow","max-snippet":"max-snippet:-1","max-image-preview":"max-image-preview:large","max-video-preview":"max-video-preview:-1"},"canonical":"https:\/\/pico-bello.hu\/de\/produkt\/tanyacsendelet-faragott-falikep\/","og_locale":"de_DE","og_type":"article","og_title":"Tanyacsend\u00e9let faragott falik\u00e9p | Pico-Bello","og_description":"Tanyacsend\u00e9letet \u00e1br\u00e1zol\u00f3, faragott rusztikus falik\u00e9p, amely a magyar vid\u00e9ki \u00e9let hangulat\u00e1t id\u00e9zi meg. A jeleneten p\u00e1sztor, \u00e1llatok, k\u00fat \u00e9s tanya\u00e9p\u00fclet l\u00e1that\u00f3, apr\u00f3l\u00e9kos r\u00e9szletgazdags\u00e1ggal kidolgozva. A farag\u00e1s \u00e9s a term\u00e9szetes fa erezete egy\u00fctt teszi igaz\u00e1n k\u00fcl\u00f6nlegess\u00e9 ezt az alkot\u00e1st. A 102x30x2,3 cm-es falik\u00e9p szilf\u00e1b\u00f3l k\u00e9sz\u00fclt, p\u00e1colt \u00e9s olajozott fel\u00fcletkezel\u00e9ssel, amely hossz\u00fa \u00e9lettartamot \u00e9s eleg\u00e1ns megjelen\u00e9st biztos\u00edt. A rusztikus sz\u00e9lek kiemelik a term\u00e9szetess\u00e9get, \u00edgy minden darab egyedi. T\u00f6k\u00e9letes v\u00e1laszt\u00e1s nappaliba, el\u0151szob\u00e1ba vagy ak\u00e1r aj\u00e1nd\u00e9knak, k\u00fcl\u00f6n\u00f6sen azok sz\u00e1m\u00e1ra, akik kedvelik a lovas \u00e9s tanyasi mot\u00edvumokat.","og_url":"https:\/\/pico-bello.hu\/de\/produkt\/tanyacsendelet-faragott-falikep\/","og_site_name":"Pico-Bello","article_modified_time":"2025-09-02T07:26:02+00:00","og_image":[{"width":1080,"height":1080,"url":"https:\/\/pico-bello.hu\/wp-content\/uploads\/2025\/08\/laj-16.jpg","type":"image\/jpeg"}],"twitter_card":"summary_large_image","twitter_misc":{"Preis":"40640&nbsp;&#70;&#116; (32000&nbsp;&#70;&#116; + \u00c1FA)","Verf\u00fcgbarkeit":"Auf Lager"},"schema":{"@context":"https:\/\/schema.org","@graph":[{"@type":"WebPage","@id":"https:\/\/pico-bello.hu\/termek\/tanyacsendelet-faragott-falikep\/","url":"https:\/\/pico-bello.hu\/termek\/tanyacsendelet-faragott-falikep\/","name":"Bauernhof-Stillleben geschnitzt Wandbild | Pico-Bello","isPartOf":{"@id":"https:\/\/pico-bello.hu\/#website"},"primaryImageOfPage":{"@id":"https:\/\/pico-bello.hu\/termek\/tanyacsendelet-faragott-falikep\/#primaryimage"},"image":{"@id":"https:\/\/pico-bello.hu\/termek\/tanyacsendelet-faragott-falikep\/#primaryimage"},"thumbnailUrl":"https:\/\/pico-bello.hu\/wp-content\/uploads\/2025\/08\/laj-16.jpg","datePublished":"2025-08-30T12:14:00+00:00","dateModified":"2025-09-02T07:26:02+00:00","breadcrumb":{"@id":"https:\/\/pico-bello.hu\/termek\/tanyacsendelet-faragott-falikep\/#breadcrumb"},"inLanguage":"de","potentialAction":[{"@type":"ReadAction","target":["https:\/\/pico-bello.hu\/termek\/tanyacsendelet-faragott-falikep\/"]}]},{"@type":"ImageObject","inLanguage":"de","@id":"https:\/\/pico-bello.hu\/termek\/tanyacsendelet-faragott-falikep\/#primaryimage","url":"https:\/\/pico-bello.hu\/wp-content\/uploads\/2025\/08\/laj-16.jpg","contentUrl":"https:\/\/pico-bello.hu\/wp-content\/uploads\/2025\/08\/laj-16.jpg","width":1080,"height":1080,"caption":"tanyacsend\u00e9let faragott falik\u00e9p"},{"@type":"BreadcrumbList","@id":"https:\/\/pico-bello.hu\/termek\/tanyacsendelet-faragott-falikep\/#breadcrumb","itemListElement":[{"@type":"ListItem","position":1,"name":"Kezd\u0151lap","item":"https:\/\/pico-bello.hu\/"},{"@type":"ListItem","position":2,"name":"Term\u00e9keink","item":"https:\/\/pico-bello.hu\/uzlet\/"},{"@type":"ListItem","position":3,"name":"Tanyacsend\u00e9let faragott falik\u00e9p"}]},{"@type":"WebSite","@id":"https:\/\/pico-bello.hu\/#website","url":"https:\/\/pico-bello.hu\/","name":"Pico-Bello","description":"Springreiten und Military-H\u00fcrdenlauf, Hindernislauf zu Pferde","publisher":{"@id":"https:\/\/pico-bello.hu\/#organization"},"potentialAction":[{"@type":"SearchAction","target":{"@type":"EntryPoint","urlTemplate":"https:\/\/pico-bello.hu\/?s={search_term_string}"},"query-input":{"@type":"PropertyValueSpecification","valueRequired":true,"valueName":"search_term_string"}}],"inLanguage":"de"},{"@type":"Organization","@id":"https:\/\/pico-bello.hu\/#organization","name":"Pico-Bello","url":"https:\/\/pico-bello.hu\/","logo":{"@type":"ImageObject","inLanguage":"de","@id":"https:\/\/pico-bello.hu\/#\/schema\/logo\/image\/","url":"https:\/\/pico-bello.hu\/wp-content\/uploads\/2023\/03\/pico-bello-logo-512.png","contentUrl":"https:\/\/pico-bello.hu\/wp-content\/uploads\/2023\/03\/pico-bello-logo-512.png","width":512,"height":512,"caption":"Pico-Bello"},"image":{"@id":"https:\/\/pico-bello.hu\/#\/schema\/logo\/image\/"}}]},"product_price_amount":"40640","product_price_currency":"HUF","og_availability":"instock","product_availability":"instock","product_retailer_item_id":"LAJ-16","product_condition":"new"},"_links":{"self":[{"href":"https:\/\/pico-bello.hu\/de\/wp-json\/wp\/v2\/product\/1063","targetHints":{"allow":["GET"]}}],"collection":[{"href":"https:\/\/pico-bello.hu\/de\/wp-json\/wp\/v2\/product"}],"about":[{"href":"https:\/\/pico-bello.hu\/de\/wp-json\/wp\/v2\/types\/product"}],"wp:featuredmedia":[{"embeddable":true,"href":"https:\/\/pico-bello.hu\/de\/wp-json\/wp\/v2\/media\/1057"}],"wp:attachment":[{"href":"https:\/\/pico-bello.hu\/de\/wp-json\/wp\/v2\/media?parent=1063"}],"wp:term":[{"taxonomy":"product_cat","embeddable":true,"href":"https:\/\/pico-bello.hu\/de\/wp-json\/wp\/v2\/product_cat?post=1063"},{"taxonomy":"product_tag","embeddable":true,"href":"https:\/\/pico-bello.hu\/de\/wp-json\/wp\/v2\/product_tag?post=1063"}],"curies":[{"name":"wp","href":"https:\/\/api.w.org\/{rel}","templated":true}]}}