{"id":1062,"date":"2025-08-30T14:12:22","date_gmt":"2025-08-30T12:12:22","guid":{"rendered":"https:\/\/pico-bello.hu\/?post_type=product&#038;p=1062"},"modified":"2025-09-02T09:25:37","modified_gmt":"2025-09-02T07:25:37","slug":"pasztorok-rusztikus-faragott-fatabla","status":"publish","type":"product","link":"https:\/\/pico-bello.hu\/de\/termek\/pasztorok-rusztikus-faragott-fatabla\/","title":{"rendered":"Hirten rustikal geschnitzte Holzplakette"},"content":{"rendered":"","protected":false},"excerpt":{"rendered":"<p>Eine rustikale geschnitzte Holztafel mit der Darstellung von Hirten, die die Atmosph\u00e4re des ungarischen Landlebens heraufbeschw\u00f6rt. Die Szene zeigt Hirten, Pferde und die Utensilien des Lebens auf dem Lande, reich an Details. Das nat\u00fcrliche Holz und die Schnitzerei verleihen der Figur ein besonderes, authentisches Aussehen, das jedes St\u00fcck zu einem Unikat macht. Das 100x37x2,3 cm gro\u00dfe Holzbrett wurde mit Beize und \u00d6l oberfl\u00e4chenbehandelt, wodurch die Maserung des Ulmenholzes zur Geltung kommt und seine Sch\u00f6nheit \u00fcber viele Jahre erhalten bleibt. Als gro\u00dffl\u00e4chige Dekoration ist es auch ein Blickfang in Wohnzimmern, Fluren, Gartenh\u00e4usern oder Gemeinschaftsr\u00e4umen f\u00fcr Pferde. Es ist auch ein hervorragendes Geschenk f\u00fcr alle, die traditionelle Motive und die Welt des Pferdesports sch\u00e4tzen.<\/p>","protected":false},"featured_media":1056,"template":"","meta":[],"product_cat":[44],"product_tag":[],"class_list":{"0":"post-1062","1":"product","2":"type-product","3":"status-publish","4":"has-post-thumbnail","6":"product_cat-lovasajandek","7":"sales-flash-overlay","8":"woocommerce-text-align-center","9":"woocommerce-image-align-center","10":"do-quantity-buttons","11":"tm-no-options","13":"first","14":"instock","15":"taxable","16":"shipping-taxable","17":"purchasable","18":"product-type-simple"},"yoast_head":"<!-- This site is optimized with the Yoast SEO Premium plugin v27.2 (Yoast SEO v27.2) - https:\/\/yoast.com\/product\/yoast-seo-premium-wordpress\/ -->\n<title>P\u00e1sztorok rusztikus faragott fat\u00e1bla | Pico-Bello<\/title>\n<meta name=\"robots\" content=\"index, follow, max-snippet:-1, max-image-preview:large, max-video-preview:-1\" \/>\n<link rel=\"canonical\" href=\"https:\/\/pico-bello.hu\/de\/produkt\/pasztorok-rusztikus-faragott-fatabla\/\" \/>\n<meta property=\"og:locale\" content=\"de_DE\" \/>\n<meta property=\"og:type\" content=\"article\" \/>\n<meta property=\"og:title\" content=\"P\u00e1sztorok rusztikus faragott fat\u00e1bla | Pico-Bello\" \/>\n<meta property=\"og:description\" content=\"P\u00e1sztorokat \u00e1br\u00e1zol\u00f3, rusztikus faragott fat\u00e1bla, amely a magyar vid\u00e9ki \u00e9let hangulat\u00e1t id\u00e9zi meg. A jeleneten pihen\u0151 p\u00e1sztorok, lovak \u00e9s a pusztai \u00e9let kell\u00e9kei l\u00e1that\u00f3k, r\u00e9szletgazdag kidolgoz\u00e1ssal. A term\u00e9szetes faanyag \u00e9s a farag\u00e1s k\u00fcl\u00f6nleges, autentikus megjelen\u00e9st biztos\u00edt, amely minden darabot egyediv\u00e9 tesz. A 100x37x2,3 cm-es fat\u00e1bla p\u00e1colt \u00e9s olajozott fel\u00fcletkezel\u00e9st kapott, amely kiemeli a szilfa erezet\u00e9t, \u00e9s hossz\u00fa \u00e9veken \u00e1t meg\u0151rzi annak sz\u00e9ps\u00e9g\u00e9t. Nagym\u00e9ret\u0171 dekor\u00e1ci\u00f3k\u00e9nt nappaliban, el\u0151t\u00e9rben, nyaral\u00f3ban vagy lovas k\u00f6z\u00f6ss\u00e9gi terekben is impoz\u00e1ns l\u00e1tv\u00e1nyt ny\u00fajt. Aj\u00e1nd\u00e9knak is kit\u0171n\u0151 v\u00e1laszt\u00e1s mindazoknak, akik \u00e9rt\u00e9kelik a hagyom\u00e1nyos mot\u00edvumokat \u00e9s a lovas vil\u00e1got.\" \/>\n<meta property=\"og:url\" content=\"https:\/\/pico-bello.hu\/de\/produkt\/pasztorok-rusztikus-faragott-fatabla\/\" \/>\n<meta property=\"og:site_name\" content=\"Pico-Bello\" \/>\n<meta property=\"article:modified_time\" content=\"2025-09-02T07:25:37+00:00\" \/>\n<meta property=\"og:image\" content=\"https:\/\/pico-bello.hu\/wp-content\/uploads\/2025\/08\/laj-15.jpg\" \/>\n\t<meta property=\"og:image:width\" content=\"1080\" \/>\n\t<meta property=\"og:image:height\" content=\"1080\" \/>\n\t<meta property=\"og:image:type\" content=\"image\/jpeg\" \/>\n<meta name=\"twitter:card\" content=\"summary_large_image\" \/>\n<meta name=\"twitter:label1\" content=\"Preis\" \/>\n\t<meta name=\"twitter:data1\" content=\"44450&nbsp;&#070;&#116; (35000&nbsp;&#070;&#116; + \u00c1FA)\" \/>\n\t<meta name=\"twitter:label2\" content=\"Verf\u00fcgbarkeit\" \/>\n\t<meta name=\"twitter:data2\" content=\"Auf Lager\" \/>\n<script type=\"application\/ld+json\" class=\"yoast-schema-graph\">{\"@context\":\"https:\/\/schema.org\",\"@graph\":[{\"@type\":\"WebPage\",\"@id\":\"https:\/\/pico-bello.hu\/termek\/pasztorok-rusztikus-faragott-fatabla\/\",\"url\":\"https:\/\/pico-bello.hu\/termek\/pasztorok-rusztikus-faragott-fatabla\/\",\"name\":\"P\u00e1sztorok rusztikus faragott fat\u00e1bla | Pico-Bello\",\"isPartOf\":{\"@id\":\"https:\/\/pico-bello.hu\/#website\"},\"primaryImageOfPage\":{\"@id\":\"https:\/\/pico-bello.hu\/termek\/pasztorok-rusztikus-faragott-fatabla\/#primaryimage\"},\"image\":{\"@id\":\"https:\/\/pico-bello.hu\/termek\/pasztorok-rusztikus-faragott-fatabla\/#primaryimage\"},\"thumbnailUrl\":\"https:\/\/pico-bello.hu\/wp-content\/uploads\/2025\/08\/laj-15.jpg\",\"datePublished\":\"2025-08-30T12:12:22+00:00\",\"dateModified\":\"2025-09-02T07:25:37+00:00\",\"breadcrumb\":{\"@id\":\"https:\/\/pico-bello.hu\/termek\/pasztorok-rusztikus-faragott-fatabla\/#breadcrumb\"},\"inLanguage\":\"de\",\"potentialAction\":[{\"@type\":\"ReadAction\",\"target\":[\"https:\/\/pico-bello.hu\/termek\/pasztorok-rusztikus-faragott-fatabla\/\"]}]},{\"@type\":\"ImageObject\",\"inLanguage\":\"de\",\"@id\":\"https:\/\/pico-bello.hu\/termek\/pasztorok-rusztikus-faragott-fatabla\/#primaryimage\",\"url\":\"https:\/\/pico-bello.hu\/wp-content\/uploads\/2025\/08\/laj-15.jpg\",\"contentUrl\":\"https:\/\/pico-bello.hu\/wp-content\/uploads\/2025\/08\/laj-15.jpg\",\"width\":1080,\"height\":1080,\"caption\":\"P\u00e1sztorok rusztikus faragott fat\u00e1bla\"},{\"@type\":\"BreadcrumbList\",\"@id\":\"https:\/\/pico-bello.hu\/termek\/pasztorok-rusztikus-faragott-fatabla\/#breadcrumb\",\"itemListElement\":[{\"@type\":\"ListItem\",\"position\":1,\"name\":\"Kezd\u0151lap\",\"item\":\"https:\/\/pico-bello.hu\/\"},{\"@type\":\"ListItem\",\"position\":2,\"name\":\"Term\u00e9keink\",\"item\":\"https:\/\/pico-bello.hu\/uzlet\/\"},{\"@type\":\"ListItem\",\"position\":3,\"name\":\"P\u00e1sztorok rusztikus faragott fat\u00e1bla\"}]},{\"@type\":\"WebSite\",\"@id\":\"https:\/\/pico-bello.hu\/#website\",\"url\":\"https:\/\/pico-bello.hu\/\",\"name\":\"Pico-Bello\",\"description\":\"D\u00edjugrat\u00f3 \u00e9s Military akad\u00e1lyok, lovas akad\u00e1lyrudak\",\"publisher\":{\"@id\":\"https:\/\/pico-bello.hu\/#organization\"},\"potentialAction\":[{\"@type\":\"SearchAction\",\"target\":{\"@type\":\"EntryPoint\",\"urlTemplate\":\"https:\/\/pico-bello.hu\/?s={search_term_string}\"},\"query-input\":{\"@type\":\"PropertyValueSpecification\",\"valueRequired\":true,\"valueName\":\"search_term_string\"}}],\"inLanguage\":\"de\"},{\"@type\":\"Organization\",\"@id\":\"https:\/\/pico-bello.hu\/#organization\",\"name\":\"Pico-Bello\",\"url\":\"https:\/\/pico-bello.hu\/\",\"logo\":{\"@type\":\"ImageObject\",\"inLanguage\":\"de\",\"@id\":\"https:\/\/pico-bello.hu\/#\/schema\/logo\/image\/\",\"url\":\"https:\/\/pico-bello.hu\/wp-content\/uploads\/2023\/03\/pico-bello-logo-512.png\",\"contentUrl\":\"https:\/\/pico-bello.hu\/wp-content\/uploads\/2023\/03\/pico-bello-logo-512.png\",\"width\":512,\"height\":512,\"caption\":\"Pico-Bello\"},\"image\":{\"@id\":\"https:\/\/pico-bello.hu\/#\/schema\/logo\/image\/\"}}]}<\/script>\n<meta property=\"product:price:amount\" content=\"44450\" \/>\n<meta property=\"product:price:currency\" content=\"HUF\" \/>\n<meta property=\"og:availability\" content=\"instock\" \/>\n<meta property=\"product:availability\" content=\"instock\" \/>\n<meta property=\"product:retailer_item_id\" content=\"LAJ-15\" \/>\n<meta property=\"product:condition\" content=\"new\" \/>\n<!-- \/ Yoast SEO Premium plugin. -->","yoast_head_json":{"title":"Hirten rustikal geschnitzt Holzplatte | Pico-Bello","robots":{"index":"index","follow":"follow","max-snippet":"max-snippet:-1","max-image-preview":"max-image-preview:large","max-video-preview":"max-video-preview:-1"},"canonical":"https:\/\/pico-bello.hu\/de\/produkt\/pasztorok-rusztikus-faragott-fatabla\/","og_locale":"de_DE","og_type":"article","og_title":"P\u00e1sztorok rusztikus faragott fat\u00e1bla | Pico-Bello","og_description":"P\u00e1sztorokat \u00e1br\u00e1zol\u00f3, rusztikus faragott fat\u00e1bla, amely a magyar vid\u00e9ki \u00e9let hangulat\u00e1t id\u00e9zi meg. A jeleneten pihen\u0151 p\u00e1sztorok, lovak \u00e9s a pusztai \u00e9let kell\u00e9kei l\u00e1that\u00f3k, r\u00e9szletgazdag kidolgoz\u00e1ssal. A term\u00e9szetes faanyag \u00e9s a farag\u00e1s k\u00fcl\u00f6nleges, autentikus megjelen\u00e9st biztos\u00edt, amely minden darabot egyediv\u00e9 tesz. A 100x37x2,3 cm-es fat\u00e1bla p\u00e1colt \u00e9s olajozott fel\u00fcletkezel\u00e9st kapott, amely kiemeli a szilfa erezet\u00e9t, \u00e9s hossz\u00fa \u00e9veken \u00e1t meg\u0151rzi annak sz\u00e9ps\u00e9g\u00e9t. Nagym\u00e9ret\u0171 dekor\u00e1ci\u00f3k\u00e9nt nappaliban, el\u0151t\u00e9rben, nyaral\u00f3ban vagy lovas k\u00f6z\u00f6ss\u00e9gi terekben is impoz\u00e1ns l\u00e1tv\u00e1nyt ny\u00fajt. Aj\u00e1nd\u00e9knak is kit\u0171n\u0151 v\u00e1laszt\u00e1s mindazoknak, akik \u00e9rt\u00e9kelik a hagyom\u00e1nyos mot\u00edvumokat \u00e9s a lovas vil\u00e1got.","og_url":"https:\/\/pico-bello.hu\/de\/produkt\/pasztorok-rusztikus-faragott-fatabla\/","og_site_name":"Pico-Bello","article_modified_time":"2025-09-02T07:25:37+00:00","og_image":[{"width":1080,"height":1080,"url":"https:\/\/pico-bello.hu\/wp-content\/uploads\/2025\/08\/laj-15.jpg","type":"image\/jpeg"}],"twitter_card":"summary_large_image","twitter_misc":{"Preis":"44450&nbsp;&#70;&#116; (35000&nbsp;&#70;&#116; + \u00c1FA)","Verf\u00fcgbarkeit":"Auf Lager"},"schema":{"@context":"https:\/\/schema.org","@graph":[{"@type":"WebPage","@id":"https:\/\/pico-bello.hu\/termek\/pasztorok-rusztikus-faragott-fatabla\/","url":"https:\/\/pico-bello.hu\/termek\/pasztorok-rusztikus-faragott-fatabla\/","name":"Hirten rustikal geschnitzt Holzplatte | Pico-Bello","isPartOf":{"@id":"https:\/\/pico-bello.hu\/#website"},"primaryImageOfPage":{"@id":"https:\/\/pico-bello.hu\/termek\/pasztorok-rusztikus-faragott-fatabla\/#primaryimage"},"image":{"@id":"https:\/\/pico-bello.hu\/termek\/pasztorok-rusztikus-faragott-fatabla\/#primaryimage"},"thumbnailUrl":"https:\/\/pico-bello.hu\/wp-content\/uploads\/2025\/08\/laj-15.jpg","datePublished":"2025-08-30T12:12:22+00:00","dateModified":"2025-09-02T07:25:37+00:00","breadcrumb":{"@id":"https:\/\/pico-bello.hu\/termek\/pasztorok-rusztikus-faragott-fatabla\/#breadcrumb"},"inLanguage":"de","potentialAction":[{"@type":"ReadAction","target":["https:\/\/pico-bello.hu\/termek\/pasztorok-rusztikus-faragott-fatabla\/"]}]},{"@type":"ImageObject","inLanguage":"de","@id":"https:\/\/pico-bello.hu\/termek\/pasztorok-rusztikus-faragott-fatabla\/#primaryimage","url":"https:\/\/pico-bello.hu\/wp-content\/uploads\/2025\/08\/laj-15.jpg","contentUrl":"https:\/\/pico-bello.hu\/wp-content\/uploads\/2025\/08\/laj-15.jpg","width":1080,"height":1080,"caption":"P\u00e1sztorok rusztikus faragott fat\u00e1bla"},{"@type":"BreadcrumbList","@id":"https:\/\/pico-bello.hu\/termek\/pasztorok-rusztikus-faragott-fatabla\/#breadcrumb","itemListElement":[{"@type":"ListItem","position":1,"name":"Kezd\u0151lap","item":"https:\/\/pico-bello.hu\/"},{"@type":"ListItem","position":2,"name":"Term\u00e9keink","item":"https:\/\/pico-bello.hu\/uzlet\/"},{"@type":"ListItem","position":3,"name":"P\u00e1sztorok rusztikus faragott fat\u00e1bla"}]},{"@type":"WebSite","@id":"https:\/\/pico-bello.hu\/#website","url":"https:\/\/pico-bello.hu\/","name":"Pico-Bello","description":"Springreiten und Military-H\u00fcrdenlauf, Hindernislauf zu Pferde","publisher":{"@id":"https:\/\/pico-bello.hu\/#organization"},"potentialAction":[{"@type":"SearchAction","target":{"@type":"EntryPoint","urlTemplate":"https:\/\/pico-bello.hu\/?s={search_term_string}"},"query-input":{"@type":"PropertyValueSpecification","valueRequired":true,"valueName":"search_term_string"}}],"inLanguage":"de"},{"@type":"Organization","@id":"https:\/\/pico-bello.hu\/#organization","name":"Pico-Bello","url":"https:\/\/pico-bello.hu\/","logo":{"@type":"ImageObject","inLanguage":"de","@id":"https:\/\/pico-bello.hu\/#\/schema\/logo\/image\/","url":"https:\/\/pico-bello.hu\/wp-content\/uploads\/2023\/03\/pico-bello-logo-512.png","contentUrl":"https:\/\/pico-bello.hu\/wp-content\/uploads\/2023\/03\/pico-bello-logo-512.png","width":512,"height":512,"caption":"Pico-Bello"},"image":{"@id":"https:\/\/pico-bello.hu\/#\/schema\/logo\/image\/"}}]},"product_price_amount":"44450","product_price_currency":"HUF","og_availability":"instock","product_availability":"instock","product_retailer_item_id":"LAJ-15","product_condition":"new"},"_links":{"self":[{"href":"https:\/\/pico-bello.hu\/de\/wp-json\/wp\/v2\/product\/1062","targetHints":{"allow":["GET"]}}],"collection":[{"href":"https:\/\/pico-bello.hu\/de\/wp-json\/wp\/v2\/product"}],"about":[{"href":"https:\/\/pico-bello.hu\/de\/wp-json\/wp\/v2\/types\/product"}],"wp:featuredmedia":[{"embeddable":true,"href":"https:\/\/pico-bello.hu\/de\/wp-json\/wp\/v2\/media\/1056"}],"wp:attachment":[{"href":"https:\/\/pico-bello.hu\/de\/wp-json\/wp\/v2\/media?parent=1062"}],"wp:term":[{"taxonomy":"product_cat","embeddable":true,"href":"https:\/\/pico-bello.hu\/de\/wp-json\/wp\/v2\/product_cat?post=1062"},{"taxonomy":"product_tag","embeddable":true,"href":"https:\/\/pico-bello.hu\/de\/wp-json\/wp\/v2\/product_tag?post=1062"}],"curies":[{"name":"wp","href":"https:\/\/api.w.org\/{rel}","templated":true}]}}