{"id":1047,"date":"2025-08-29T11:16:14","date_gmt":"2025-08-29T09:16:14","guid":{"rendered":"https:\/\/pico-bello.hu\/?post_type=product&#038;p=1047"},"modified":"2025-08-29T18:03:53","modified_gmt":"2025-08-29T16:03:53","slug":"lovas-tanya-csendelet-rusztikus-fatabla","status":"publish","type":"product","link":"https:\/\/pico-bello.hu\/de\/termek\/lovas-tanya-csendelet-rusztikus-fatabla\/","title":{"rendered":"Pferd Bauernhof Stillleben rustikale Holzplakette"},"content":{"rendered":"","protected":false},"excerpt":{"rendered":"<p>Eine rustikale Holztafel, die ein Stillleben eines Pferdehofs darstellt, ein wahres Meisterwerk f\u00fcr Pferde- und Landlebenliebhaber. Die aufw\u00e4ndige Schnitzerei stellt die Atmosph\u00e4re eines Bauernhofs mit Pferden, Geb\u00e4uden und nat\u00fcrlicher Umgebung detailreich dar. Die nat\u00fcrliche Holzmaserung und die rustikalen Kanten unterstreichen die Einzigartigkeit und das authentische Aussehen der Plakette. Dank ihrer Gr\u00f6\u00dfe von 105\u00d728 cm ist sie ein beeindruckendes Dekorationselement, das sich perfekt in einem Wohnzimmer, einem Flur, einer Gartenlaube oder sogar in einer Reitergemeinschaft macht. Ein langlebiges und wertvolles St\u00fcck, das Ihre W\u00e4nde f\u00fcr viele Jahre schm\u00fccken wird. Gr\u00f6\u00dfe: 105\u00d728 cm.<\/p>","protected":false},"featured_media":1038,"template":"","meta":[],"product_cat":[44],"product_tag":[],"class_list":{"0":"post-1047","1":"product","2":"type-product","3":"status-publish","4":"has-post-thumbnail","6":"product_cat-lovasajandek","7":"sales-flash-overlay","8":"woocommerce-text-align-center","9":"woocommerce-image-align-center","10":"do-quantity-buttons","11":"tm-no-options","13":"first","14":"instock","15":"taxable","16":"shipping-taxable","17":"purchasable","18":"product-type-simple"},"yoast_head":"<!-- This site is optimized with the Yoast SEO Premium plugin v27.2 (Yoast SEO v27.2) - https:\/\/yoast.com\/product\/yoast-seo-premium-wordpress\/ -->\n<title>Lovas tanya csend\u00e9let rusztikus fat\u00e1bla | Pico-Bello<\/title>\n<meta name=\"robots\" content=\"index, follow, max-snippet:-1, max-image-preview:large, max-video-preview:-1\" \/>\n<link rel=\"canonical\" href=\"https:\/\/pico-bello.hu\/de\/produkt\/lovas-tanya-csendelet-rusztikus-fatabla\/\" \/>\n<meta property=\"og:locale\" content=\"de_DE\" \/>\n<meta property=\"og:type\" content=\"article\" \/>\n<meta property=\"og:title\" content=\"Lovas tanya csend\u00e9let rusztikus fat\u00e1bla | Pico-Bello\" \/>\n<meta property=\"og:description\" content=\"Lovas tanya csend\u00e9letet \u00e1br\u00e1zol\u00f3, rusztikus fat\u00e1bla, amely igazi mestermunka a lovak \u00e9s a vid\u00e9ki \u00e9let szerelmeseinek. A kidolgozott farag\u00e1s r\u00e9szletgazdagon jelen\u00edti meg a tanyasi hangulatot, lovakkal, \u00e9p\u00fcletekkel \u00e9s term\u00e9szetes k\u00f6rnyezettel. A term\u00e9szetes faanyag erezete \u00e9s a rusztikus sz\u00e9lek tov\u00e1bb fokozz\u00e1k a t\u00e1bla egyedis\u00e9g\u00e9t \u00e9s autentikus megjelen\u00e9s\u00e9t. A 105x28 cm-es m\u00e9ret\u00e9nek k\u00f6sz\u00f6nhet\u0151en impoz\u00e1ns dekor\u00e1ci\u00f3s elem, amely t\u00f6k\u00e9letesen mutat nappaliban, el\u0151t\u00e9rben, nyaral\u00f3ban vagy ak\u00e1r egy lovas k\u00f6z\u00f6ss\u00e9gi t\u00e9rben. Tart\u00f3s \u00e9s \u00e9rt\u00e9kes darab, amely hossz\u00fa \u00e9veken \u00e1t d\u00edsz\u00edtheti a falat. M\u00e9rete: 105x28 cm.\" \/>\n<meta property=\"og:url\" content=\"https:\/\/pico-bello.hu\/de\/produkt\/lovas-tanya-csendelet-rusztikus-fatabla\/\" \/>\n<meta property=\"og:site_name\" content=\"Pico-Bello\" \/>\n<meta property=\"article:modified_time\" content=\"2025-08-29T16:03:53+00:00\" \/>\n<meta property=\"og:image\" content=\"https:\/\/pico-bello.hu\/wp-content\/uploads\/2025\/08\/laj-10.jpg\" \/>\n\t<meta property=\"og:image:width\" content=\"1080\" \/>\n\t<meta property=\"og:image:height\" content=\"1080\" \/>\n\t<meta property=\"og:image:type\" content=\"image\/jpeg\" \/>\n<meta name=\"twitter:card\" content=\"summary_large_image\" \/>\n<meta name=\"twitter:label1\" content=\"Preis\" \/>\n\t<meta name=\"twitter:data1\" content=\"40640&nbsp;&#070;&#116; (32000&nbsp;&#070;&#116; + \u00c1FA)\" \/>\n\t<meta name=\"twitter:label2\" content=\"Verf\u00fcgbarkeit\" \/>\n\t<meta name=\"twitter:data2\" content=\"Auf Lager\" \/>\n<script type=\"application\/ld+json\" class=\"yoast-schema-graph\">{\"@context\":\"https:\/\/schema.org\",\"@graph\":[{\"@type\":\"WebPage\",\"@id\":\"https:\/\/pico-bello.hu\/termek\/lovas-tanya-csendelet-rusztikus-fatabla\/\",\"url\":\"https:\/\/pico-bello.hu\/termek\/lovas-tanya-csendelet-rusztikus-fatabla\/\",\"name\":\"Lovas tanya csend\u00e9let rusztikus fat\u00e1bla | Pico-Bello\",\"isPartOf\":{\"@id\":\"https:\/\/pico-bello.hu\/#website\"},\"primaryImageOfPage\":{\"@id\":\"https:\/\/pico-bello.hu\/termek\/lovas-tanya-csendelet-rusztikus-fatabla\/#primaryimage\"},\"image\":{\"@id\":\"https:\/\/pico-bello.hu\/termek\/lovas-tanya-csendelet-rusztikus-fatabla\/#primaryimage\"},\"thumbnailUrl\":\"https:\/\/pico-bello.hu\/wp-content\/uploads\/2025\/08\/laj-10.jpg\",\"datePublished\":\"2025-08-29T09:16:14+00:00\",\"dateModified\":\"2025-08-29T16:03:53+00:00\",\"breadcrumb\":{\"@id\":\"https:\/\/pico-bello.hu\/termek\/lovas-tanya-csendelet-rusztikus-fatabla\/#breadcrumb\"},\"inLanguage\":\"de\",\"potentialAction\":[{\"@type\":\"ReadAction\",\"target\":[\"https:\/\/pico-bello.hu\/termek\/lovas-tanya-csendelet-rusztikus-fatabla\/\"]}]},{\"@type\":\"ImageObject\",\"inLanguage\":\"de\",\"@id\":\"https:\/\/pico-bello.hu\/termek\/lovas-tanya-csendelet-rusztikus-fatabla\/#primaryimage\",\"url\":\"https:\/\/pico-bello.hu\/wp-content\/uploads\/2025\/08\/laj-10.jpg\",\"contentUrl\":\"https:\/\/pico-bello.hu\/wp-content\/uploads\/2025\/08\/laj-10.jpg\",\"width\":1080,\"height\":1080,\"caption\":\"lovas tanya csend\u00e9let rusztikus fat\u00e1bla\"},{\"@type\":\"BreadcrumbList\",\"@id\":\"https:\/\/pico-bello.hu\/termek\/lovas-tanya-csendelet-rusztikus-fatabla\/#breadcrumb\",\"itemListElement\":[{\"@type\":\"ListItem\",\"position\":1,\"name\":\"Kezd\u0151lap\",\"item\":\"https:\/\/pico-bello.hu\/\"},{\"@type\":\"ListItem\",\"position\":2,\"name\":\"Term\u00e9keink\",\"item\":\"https:\/\/pico-bello.hu\/uzlet\/\"},{\"@type\":\"ListItem\",\"position\":3,\"name\":\"Lovas tanya csend\u00e9let rusztikus fat\u00e1bla\"}]},{\"@type\":\"WebSite\",\"@id\":\"https:\/\/pico-bello.hu\/#website\",\"url\":\"https:\/\/pico-bello.hu\/\",\"name\":\"Pico-Bello\",\"description\":\"D\u00edjugrat\u00f3 \u00e9s Military akad\u00e1lyok, lovas akad\u00e1lyrudak\",\"publisher\":{\"@id\":\"https:\/\/pico-bello.hu\/#organization\"},\"potentialAction\":[{\"@type\":\"SearchAction\",\"target\":{\"@type\":\"EntryPoint\",\"urlTemplate\":\"https:\/\/pico-bello.hu\/?s={search_term_string}\"},\"query-input\":{\"@type\":\"PropertyValueSpecification\",\"valueRequired\":true,\"valueName\":\"search_term_string\"}}],\"inLanguage\":\"de\"},{\"@type\":\"Organization\",\"@id\":\"https:\/\/pico-bello.hu\/#organization\",\"name\":\"Pico-Bello\",\"url\":\"https:\/\/pico-bello.hu\/\",\"logo\":{\"@type\":\"ImageObject\",\"inLanguage\":\"de\",\"@id\":\"https:\/\/pico-bello.hu\/#\/schema\/logo\/image\/\",\"url\":\"https:\/\/pico-bello.hu\/wp-content\/uploads\/2023\/03\/pico-bello-logo-512.png\",\"contentUrl\":\"https:\/\/pico-bello.hu\/wp-content\/uploads\/2023\/03\/pico-bello-logo-512.png\",\"width\":512,\"height\":512,\"caption\":\"Pico-Bello\"},\"image\":{\"@id\":\"https:\/\/pico-bello.hu\/#\/schema\/logo\/image\/\"}}]}<\/script>\n<meta property=\"product:price:amount\" content=\"40640\" \/>\n<meta property=\"product:price:currency\" content=\"HUF\" \/>\n<meta property=\"og:availability\" content=\"instock\" \/>\n<meta property=\"product:availability\" content=\"instock\" \/>\n<meta property=\"product:retailer_item_id\" content=\"LAJ-10\" \/>\n<meta property=\"product:condition\" content=\"new\" \/>\n<!-- \/ Yoast SEO Premium plugin. -->","yoast_head_json":{"title":"Pferdehof Stillleben rustikal Holzplatte | Pico-Bello","robots":{"index":"index","follow":"follow","max-snippet":"max-snippet:-1","max-image-preview":"max-image-preview:large","max-video-preview":"max-video-preview:-1"},"canonical":"https:\/\/pico-bello.hu\/de\/produkt\/lovas-tanya-csendelet-rusztikus-fatabla\/","og_locale":"de_DE","og_type":"article","og_title":"Lovas tanya csend\u00e9let rusztikus fat\u00e1bla | Pico-Bello","og_description":"Lovas tanya csend\u00e9letet \u00e1br\u00e1zol\u00f3, rusztikus fat\u00e1bla, amely igazi mestermunka a lovak \u00e9s a vid\u00e9ki \u00e9let szerelmeseinek. A kidolgozott farag\u00e1s r\u00e9szletgazdagon jelen\u00edti meg a tanyasi hangulatot, lovakkal, \u00e9p\u00fcletekkel \u00e9s term\u00e9szetes k\u00f6rnyezettel. A term\u00e9szetes faanyag erezete \u00e9s a rusztikus sz\u00e9lek tov\u00e1bb fokozz\u00e1k a t\u00e1bla egyedis\u00e9g\u00e9t \u00e9s autentikus megjelen\u00e9s\u00e9t. A 105x28 cm-es m\u00e9ret\u00e9nek k\u00f6sz\u00f6nhet\u0151en impoz\u00e1ns dekor\u00e1ci\u00f3s elem, amely t\u00f6k\u00e9letesen mutat nappaliban, el\u0151t\u00e9rben, nyaral\u00f3ban vagy ak\u00e1r egy lovas k\u00f6z\u00f6ss\u00e9gi t\u00e9rben. Tart\u00f3s \u00e9s \u00e9rt\u00e9kes darab, amely hossz\u00fa \u00e9veken \u00e1t d\u00edsz\u00edtheti a falat. M\u00e9rete: 105x28 cm.","og_url":"https:\/\/pico-bello.hu\/de\/produkt\/lovas-tanya-csendelet-rusztikus-fatabla\/","og_site_name":"Pico-Bello","article_modified_time":"2025-08-29T16:03:53+00:00","og_image":[{"width":1080,"height":1080,"url":"https:\/\/pico-bello.hu\/wp-content\/uploads\/2025\/08\/laj-10.jpg","type":"image\/jpeg"}],"twitter_card":"summary_large_image","twitter_misc":{"Preis":"40640&nbsp;&#70;&#116; (32000&nbsp;&#70;&#116; + \u00c1FA)","Verf\u00fcgbarkeit":"Auf Lager"},"schema":{"@context":"https:\/\/schema.org","@graph":[{"@type":"WebPage","@id":"https:\/\/pico-bello.hu\/termek\/lovas-tanya-csendelet-rusztikus-fatabla\/","url":"https:\/\/pico-bello.hu\/termek\/lovas-tanya-csendelet-rusztikus-fatabla\/","name":"Pferdehof Stillleben rustikal Holzplatte | Pico-Bello","isPartOf":{"@id":"https:\/\/pico-bello.hu\/#website"},"primaryImageOfPage":{"@id":"https:\/\/pico-bello.hu\/termek\/lovas-tanya-csendelet-rusztikus-fatabla\/#primaryimage"},"image":{"@id":"https:\/\/pico-bello.hu\/termek\/lovas-tanya-csendelet-rusztikus-fatabla\/#primaryimage"},"thumbnailUrl":"https:\/\/pico-bello.hu\/wp-content\/uploads\/2025\/08\/laj-10.jpg","datePublished":"2025-08-29T09:16:14+00:00","dateModified":"2025-08-29T16:03:53+00:00","breadcrumb":{"@id":"https:\/\/pico-bello.hu\/termek\/lovas-tanya-csendelet-rusztikus-fatabla\/#breadcrumb"},"inLanguage":"de","potentialAction":[{"@type":"ReadAction","target":["https:\/\/pico-bello.hu\/termek\/lovas-tanya-csendelet-rusztikus-fatabla\/"]}]},{"@type":"ImageObject","inLanguage":"de","@id":"https:\/\/pico-bello.hu\/termek\/lovas-tanya-csendelet-rusztikus-fatabla\/#primaryimage","url":"https:\/\/pico-bello.hu\/wp-content\/uploads\/2025\/08\/laj-10.jpg","contentUrl":"https:\/\/pico-bello.hu\/wp-content\/uploads\/2025\/08\/laj-10.jpg","width":1080,"height":1080,"caption":"lovas tanya csend\u00e9let rusztikus fat\u00e1bla"},{"@type":"BreadcrumbList","@id":"https:\/\/pico-bello.hu\/termek\/lovas-tanya-csendelet-rusztikus-fatabla\/#breadcrumb","itemListElement":[{"@type":"ListItem","position":1,"name":"Kezd\u0151lap","item":"https:\/\/pico-bello.hu\/"},{"@type":"ListItem","position":2,"name":"Term\u00e9keink","item":"https:\/\/pico-bello.hu\/uzlet\/"},{"@type":"ListItem","position":3,"name":"Lovas tanya csend\u00e9let rusztikus fat\u00e1bla"}]},{"@type":"WebSite","@id":"https:\/\/pico-bello.hu\/#website","url":"https:\/\/pico-bello.hu\/","name":"Pico-Bello","description":"Springreiten und Military-H\u00fcrdenlauf, Hindernislauf zu Pferde","publisher":{"@id":"https:\/\/pico-bello.hu\/#organization"},"potentialAction":[{"@type":"SearchAction","target":{"@type":"EntryPoint","urlTemplate":"https:\/\/pico-bello.hu\/?s={search_term_string}"},"query-input":{"@type":"PropertyValueSpecification","valueRequired":true,"valueName":"search_term_string"}}],"inLanguage":"de"},{"@type":"Organization","@id":"https:\/\/pico-bello.hu\/#organization","name":"Pico-Bello","url":"https:\/\/pico-bello.hu\/","logo":{"@type":"ImageObject","inLanguage":"de","@id":"https:\/\/pico-bello.hu\/#\/schema\/logo\/image\/","url":"https:\/\/pico-bello.hu\/wp-content\/uploads\/2023\/03\/pico-bello-logo-512.png","contentUrl":"https:\/\/pico-bello.hu\/wp-content\/uploads\/2023\/03\/pico-bello-logo-512.png","width":512,"height":512,"caption":"Pico-Bello"},"image":{"@id":"https:\/\/pico-bello.hu\/#\/schema\/logo\/image\/"}}]},"product_price_amount":"40640","product_price_currency":"HUF","og_availability":"instock","product_availability":"instock","product_retailer_item_id":"LAJ-10","product_condition":"new"},"_links":{"self":[{"href":"https:\/\/pico-bello.hu\/de\/wp-json\/wp\/v2\/product\/1047","targetHints":{"allow":["GET"]}}],"collection":[{"href":"https:\/\/pico-bello.hu\/de\/wp-json\/wp\/v2\/product"}],"about":[{"href":"https:\/\/pico-bello.hu\/de\/wp-json\/wp\/v2\/types\/product"}],"wp:featuredmedia":[{"embeddable":true,"href":"https:\/\/pico-bello.hu\/de\/wp-json\/wp\/v2\/media\/1038"}],"wp:attachment":[{"href":"https:\/\/pico-bello.hu\/de\/wp-json\/wp\/v2\/media?parent=1047"}],"wp:term":[{"taxonomy":"product_cat","embeddable":true,"href":"https:\/\/pico-bello.hu\/de\/wp-json\/wp\/v2\/product_cat?post=1047"},{"taxonomy":"product_tag","embeddable":true,"href":"https:\/\/pico-bello.hu\/de\/wp-json\/wp\/v2\/product_tag?post=1047"}],"curies":[{"name":"wp","href":"https:\/\/api.w.org\/{rel}","templated":true}]}}