{"id":1041,"date":"2025-08-29T10:59:26","date_gmt":"2025-08-29T08:59:26","guid":{"rendered":"https:\/\/pico-bello.hu\/?post_type=product&#038;p=1041"},"modified":"2025-08-29T18:03:53","modified_gmt":"2025-08-29T16:03:53","slug":"lofej-csikos-kulcstarto","status":"publish","type":"product","link":"https:\/\/pico-bello.hu\/de\/termek\/lofej-csikos-kulcstarto\/","title":{"rendered":"Pferdekopf-Schl\u00fcsselanh\u00e4nger mit Zecken-Schl\u00fcsselringzange"},"content":{"rendered":"","protected":false},"excerpt":{"rendered":"<p>Geschnitzter Holzschl\u00fcsselanh\u00e4nger mit Pferdekopf und Fohlenmotiv, eine praktische und dekorative Erg\u00e4nzung f\u00fcr Ihr Zuhause. Der rustikale Holzteller verf\u00fcgt \u00fcber ein wundersch\u00f6n gearbeitetes Pferdedekor auf der Oberseite und vier Metallhaken auf der Unterseite, die durch hufeisenf\u00f6rmige Eins\u00e4tze erg\u00e4nzt werden. Dieses besondere St\u00fcck ist nicht nur eine tolle M\u00f6glichkeit, Ihre Schl\u00fcssel zu organisieren, sondern schafft auch eine gem\u00fctliche Atmosph\u00e4re im Flur, im Wohnzimmer oder sogar in einem Raum mit einem Reiterthema. Aus robustem Holz gefertigt, ist er ein zuverl\u00e4ssiger Begleiter f\u00fcr viele Jahre im t\u00e4glichen Gebrauch.<\/p>","protected":false},"featured_media":1032,"template":"","meta":[],"product_cat":[44],"product_tag":[],"class_list":{"0":"post-1041","1":"product","2":"type-product","3":"status-publish","4":"has-post-thumbnail","6":"product_cat-lovasajandek","7":"sales-flash-overlay","8":"woocommerce-text-align-center","9":"woocommerce-image-align-center","10":"do-quantity-buttons","11":"tm-no-options","13":"first","14":"instock","15":"taxable","16":"shipping-taxable","17":"purchasable","18":"product-type-simple"},"yoast_head":"<!-- This site is optimized with the Yoast SEO Premium plugin v27.2 (Yoast SEO v27.2) - https:\/\/yoast.com\/product\/yoast-seo-premium-wordpress\/ -->\n<title>L\u00f3fej csik\u00f3s kulcstart\u00f3 fogas | Pico-Bello<\/title>\n<meta name=\"robots\" content=\"index, follow, max-snippet:-1, max-image-preview:large, max-video-preview:-1\" \/>\n<link rel=\"canonical\" href=\"https:\/\/pico-bello.hu\/de\/produkt\/lofej-csikos-kulcstarto\/\" \/>\n<meta property=\"og:locale\" content=\"de_DE\" \/>\n<meta property=\"og:type\" content=\"article\" \/>\n<meta property=\"og:title\" content=\"L\u00f3fej csik\u00f3s kulcstart\u00f3 fogas | Pico-Bello\" \/>\n<meta property=\"og:description\" content=\"L\u00f3fej \u00e9s csik\u00f3 mot\u00edvummal d\u00edsz\u00edtett, faragott fa kulcstart\u00f3, amely egyszerre praktikus \u00e9s dekorat\u00edv kieg\u00e9sz\u00edt\u0151je lehet az otthonnak. A rusztikus st\u00edlus\u00fa fat\u00e1bla fels\u0151 r\u00e9sz\u00e9n gy\u00f6ny\u00f6r\u0171en kidolgozott lovas d\u00edsz\u00edt\u00e9s l\u00e1that\u00f3, alul pedig n\u00e9gy darab f\u00e9m akaszt\u00f3 kapott helyet, melyek patk\u00f3 form\u00e1j\u00fa bet\u00e9tekkel eg\u00e9sz\u00fclnek ki. Ez a k\u00fcl\u00f6nleges darab nemcsak a kulcsok rendszerez\u00e9s\u00e9re szolg\u00e1l, hanem otthonos hangulatot is teremt, legyen sz\u00f3 el\u0151szob\u00e1r\u00f3l, nappalir\u00f3l vagy ak\u00e1r egy lovas t\u00e9m\u00e1j\u00fa helyis\u00e9gr\u0151l. Tart\u00f3s faanyagb\u00f3l k\u00e9sz\u00fclt, \u00edgy hossz\u00fa \u00e9vekig megb\u00edzhat\u00f3 t\u00e1rs lesz a mindennapokban.\" \/>\n<meta property=\"og:url\" content=\"https:\/\/pico-bello.hu\/de\/produkt\/lofej-csikos-kulcstarto\/\" \/>\n<meta property=\"og:site_name\" content=\"Pico-Bello\" \/>\n<meta property=\"article:modified_time\" content=\"2025-08-29T16:03:53+00:00\" \/>\n<meta property=\"og:image\" content=\"https:\/\/pico-bello.hu\/wp-content\/uploads\/2025\/08\/laj-04.jpg\" \/>\n\t<meta property=\"og:image:width\" content=\"1080\" \/>\n\t<meta property=\"og:image:height\" content=\"1080\" \/>\n\t<meta property=\"og:image:type\" content=\"image\/jpeg\" \/>\n<meta name=\"twitter:card\" content=\"summary_large_image\" \/>\n<meta name=\"twitter:label1\" content=\"Preis\" \/>\n\t<meta name=\"twitter:data1\" content=\"17780&nbsp;&#070;&#116; (14000&nbsp;&#070;&#116; + \u00c1FA)\" \/>\n\t<meta name=\"twitter:label2\" content=\"Verf\u00fcgbarkeit\" \/>\n\t<meta name=\"twitter:data2\" content=\"Auf Lager\" \/>\n<script type=\"application\/ld+json\" class=\"yoast-schema-graph\">{\"@context\":\"https:\/\/schema.org\",\"@graph\":[{\"@type\":\"WebPage\",\"@id\":\"https:\/\/pico-bello.hu\/termek\/lofej-csikos-kulcstarto\/\",\"url\":\"https:\/\/pico-bello.hu\/termek\/lofej-csikos-kulcstarto\/\",\"name\":\"L\u00f3fej csik\u00f3s kulcstart\u00f3 fogas | Pico-Bello\",\"isPartOf\":{\"@id\":\"https:\/\/pico-bello.hu\/#website\"},\"primaryImageOfPage\":{\"@id\":\"https:\/\/pico-bello.hu\/termek\/lofej-csikos-kulcstarto\/#primaryimage\"},\"image\":{\"@id\":\"https:\/\/pico-bello.hu\/termek\/lofej-csikos-kulcstarto\/#primaryimage\"},\"thumbnailUrl\":\"https:\/\/pico-bello.hu\/wp-content\/uploads\/2025\/08\/laj-04.jpg\",\"datePublished\":\"2025-08-29T08:59:26+00:00\",\"dateModified\":\"2025-08-29T16:03:53+00:00\",\"breadcrumb\":{\"@id\":\"https:\/\/pico-bello.hu\/termek\/lofej-csikos-kulcstarto\/#breadcrumb\"},\"inLanguage\":\"de\",\"potentialAction\":[{\"@type\":\"ReadAction\",\"target\":[\"https:\/\/pico-bello.hu\/termek\/lofej-csikos-kulcstarto\/\"]}]},{\"@type\":\"ImageObject\",\"inLanguage\":\"de\",\"@id\":\"https:\/\/pico-bello.hu\/termek\/lofej-csikos-kulcstarto\/#primaryimage\",\"url\":\"https:\/\/pico-bello.hu\/wp-content\/uploads\/2025\/08\/laj-04.jpg\",\"contentUrl\":\"https:\/\/pico-bello.hu\/wp-content\/uploads\/2025\/08\/laj-04.jpg\",\"width\":1080,\"height\":1080,\"caption\":\"l\u00f3fej csik\u00f3s kulcstart\u00f3\"},{\"@type\":\"BreadcrumbList\",\"@id\":\"https:\/\/pico-bello.hu\/termek\/lofej-csikos-kulcstarto\/#breadcrumb\",\"itemListElement\":[{\"@type\":\"ListItem\",\"position\":1,\"name\":\"Kezd\u0151lap\",\"item\":\"https:\/\/pico-bello.hu\/\"},{\"@type\":\"ListItem\",\"position\":2,\"name\":\"Term\u00e9keink\",\"item\":\"https:\/\/pico-bello.hu\/uzlet\/\"},{\"@type\":\"ListItem\",\"position\":3,\"name\":\"L\u00f3fej csik\u00f3s kulcstart\u00f3 fogas\"}]},{\"@type\":\"WebSite\",\"@id\":\"https:\/\/pico-bello.hu\/#website\",\"url\":\"https:\/\/pico-bello.hu\/\",\"name\":\"Pico-Bello\",\"description\":\"D\u00edjugrat\u00f3 \u00e9s Military akad\u00e1lyok, lovas akad\u00e1lyrudak\",\"publisher\":{\"@id\":\"https:\/\/pico-bello.hu\/#organization\"},\"potentialAction\":[{\"@type\":\"SearchAction\",\"target\":{\"@type\":\"EntryPoint\",\"urlTemplate\":\"https:\/\/pico-bello.hu\/?s={search_term_string}\"},\"query-input\":{\"@type\":\"PropertyValueSpecification\",\"valueRequired\":true,\"valueName\":\"search_term_string\"}}],\"inLanguage\":\"de\"},{\"@type\":\"Organization\",\"@id\":\"https:\/\/pico-bello.hu\/#organization\",\"name\":\"Pico-Bello\",\"url\":\"https:\/\/pico-bello.hu\/\",\"logo\":{\"@type\":\"ImageObject\",\"inLanguage\":\"de\",\"@id\":\"https:\/\/pico-bello.hu\/#\/schema\/logo\/image\/\",\"url\":\"https:\/\/pico-bello.hu\/wp-content\/uploads\/2023\/03\/pico-bello-logo-512.png\",\"contentUrl\":\"https:\/\/pico-bello.hu\/wp-content\/uploads\/2023\/03\/pico-bello-logo-512.png\",\"width\":512,\"height\":512,\"caption\":\"Pico-Bello\"},\"image\":{\"@id\":\"https:\/\/pico-bello.hu\/#\/schema\/logo\/image\/\"}}]}<\/script>\n<meta property=\"product:price:amount\" content=\"17780\" \/>\n<meta property=\"product:price:currency\" content=\"HUF\" \/>\n<meta property=\"og:availability\" content=\"instock\" \/>\n<meta property=\"product:availability\" content=\"instock\" \/>\n<meta property=\"product:retailer_item_id\" content=\"LAJ-04\" \/>\n<meta property=\"product:condition\" content=\"new\" \/>\n<!-- \/ Yoast SEO Premium plugin. -->","yoast_head_json":{"title":"Pferdekopf mit Zeckenzange f\u00fcr Schl\u00fcsselanh\u00e4nger | Pico-Bello","robots":{"index":"index","follow":"follow","max-snippet":"max-snippet:-1","max-image-preview":"max-image-preview:large","max-video-preview":"max-video-preview:-1"},"canonical":"https:\/\/pico-bello.hu\/de\/produkt\/lofej-csikos-kulcstarto\/","og_locale":"de_DE","og_type":"article","og_title":"L\u00f3fej csik\u00f3s kulcstart\u00f3 fogas | Pico-Bello","og_description":"L\u00f3fej \u00e9s csik\u00f3 mot\u00edvummal d\u00edsz\u00edtett, faragott fa kulcstart\u00f3, amely egyszerre praktikus \u00e9s dekorat\u00edv kieg\u00e9sz\u00edt\u0151je lehet az otthonnak. A rusztikus st\u00edlus\u00fa fat\u00e1bla fels\u0151 r\u00e9sz\u00e9n gy\u00f6ny\u00f6r\u0171en kidolgozott lovas d\u00edsz\u00edt\u00e9s l\u00e1that\u00f3, alul pedig n\u00e9gy darab f\u00e9m akaszt\u00f3 kapott helyet, melyek patk\u00f3 form\u00e1j\u00fa bet\u00e9tekkel eg\u00e9sz\u00fclnek ki. Ez a k\u00fcl\u00f6nleges darab nemcsak a kulcsok rendszerez\u00e9s\u00e9re szolg\u00e1l, hanem otthonos hangulatot is teremt, legyen sz\u00f3 el\u0151szob\u00e1r\u00f3l, nappalir\u00f3l vagy ak\u00e1r egy lovas t\u00e9m\u00e1j\u00fa helyis\u00e9gr\u0151l. Tart\u00f3s faanyagb\u00f3l k\u00e9sz\u00fclt, \u00edgy hossz\u00fa \u00e9vekig megb\u00edzhat\u00f3 t\u00e1rs lesz a mindennapokban.","og_url":"https:\/\/pico-bello.hu\/de\/produkt\/lofej-csikos-kulcstarto\/","og_site_name":"Pico-Bello","article_modified_time":"2025-08-29T16:03:53+00:00","og_image":[{"width":1080,"height":1080,"url":"https:\/\/pico-bello.hu\/wp-content\/uploads\/2025\/08\/laj-04.jpg","type":"image\/jpeg"}],"twitter_card":"summary_large_image","twitter_misc":{"Preis":"17780&nbsp;&#70;&#116; (14000&nbsp;&#70;&#116; + \u00c1FA)","Verf\u00fcgbarkeit":"Auf Lager"},"schema":{"@context":"https:\/\/schema.org","@graph":[{"@type":"WebPage","@id":"https:\/\/pico-bello.hu\/termek\/lofej-csikos-kulcstarto\/","url":"https:\/\/pico-bello.hu\/termek\/lofej-csikos-kulcstarto\/","name":"Pferdekopf mit Zeckenzange f\u00fcr Schl\u00fcsselanh\u00e4nger | Pico-Bello","isPartOf":{"@id":"https:\/\/pico-bello.hu\/#website"},"primaryImageOfPage":{"@id":"https:\/\/pico-bello.hu\/termek\/lofej-csikos-kulcstarto\/#primaryimage"},"image":{"@id":"https:\/\/pico-bello.hu\/termek\/lofej-csikos-kulcstarto\/#primaryimage"},"thumbnailUrl":"https:\/\/pico-bello.hu\/wp-content\/uploads\/2025\/08\/laj-04.jpg","datePublished":"2025-08-29T08:59:26+00:00","dateModified":"2025-08-29T16:03:53+00:00","breadcrumb":{"@id":"https:\/\/pico-bello.hu\/termek\/lofej-csikos-kulcstarto\/#breadcrumb"},"inLanguage":"de","potentialAction":[{"@type":"ReadAction","target":["https:\/\/pico-bello.hu\/termek\/lofej-csikos-kulcstarto\/"]}]},{"@type":"ImageObject","inLanguage":"de","@id":"https:\/\/pico-bello.hu\/termek\/lofej-csikos-kulcstarto\/#primaryimage","url":"https:\/\/pico-bello.hu\/wp-content\/uploads\/2025\/08\/laj-04.jpg","contentUrl":"https:\/\/pico-bello.hu\/wp-content\/uploads\/2025\/08\/laj-04.jpg","width":1080,"height":1080,"caption":"l\u00f3fej csik\u00f3s kulcstart\u00f3"},{"@type":"BreadcrumbList","@id":"https:\/\/pico-bello.hu\/termek\/lofej-csikos-kulcstarto\/#breadcrumb","itemListElement":[{"@type":"ListItem","position":1,"name":"Kezd\u0151lap","item":"https:\/\/pico-bello.hu\/"},{"@type":"ListItem","position":2,"name":"Term\u00e9keink","item":"https:\/\/pico-bello.hu\/uzlet\/"},{"@type":"ListItem","position":3,"name":"L\u00f3fej csik\u00f3s kulcstart\u00f3 fogas"}]},{"@type":"WebSite","@id":"https:\/\/pico-bello.hu\/#website","url":"https:\/\/pico-bello.hu\/","name":"Pico-Bello","description":"Springreiten und Military-H\u00fcrdenlauf, Hindernislauf zu Pferde","publisher":{"@id":"https:\/\/pico-bello.hu\/#organization"},"potentialAction":[{"@type":"SearchAction","target":{"@type":"EntryPoint","urlTemplate":"https:\/\/pico-bello.hu\/?s={search_term_string}"},"query-input":{"@type":"PropertyValueSpecification","valueRequired":true,"valueName":"search_term_string"}}],"inLanguage":"de"},{"@type":"Organization","@id":"https:\/\/pico-bello.hu\/#organization","name":"Pico-Bello","url":"https:\/\/pico-bello.hu\/","logo":{"@type":"ImageObject","inLanguage":"de","@id":"https:\/\/pico-bello.hu\/#\/schema\/logo\/image\/","url":"https:\/\/pico-bello.hu\/wp-content\/uploads\/2023\/03\/pico-bello-logo-512.png","contentUrl":"https:\/\/pico-bello.hu\/wp-content\/uploads\/2023\/03\/pico-bello-logo-512.png","width":512,"height":512,"caption":"Pico-Bello"},"image":{"@id":"https:\/\/pico-bello.hu\/#\/schema\/logo\/image\/"}}]},"product_price_amount":"17780","product_price_currency":"HUF","og_availability":"instock","product_availability":"instock","product_retailer_item_id":"LAJ-04","product_condition":"new"},"_links":{"self":[{"href":"https:\/\/pico-bello.hu\/de\/wp-json\/wp\/v2\/product\/1041","targetHints":{"allow":["GET"]}}],"collection":[{"href":"https:\/\/pico-bello.hu\/de\/wp-json\/wp\/v2\/product"}],"about":[{"href":"https:\/\/pico-bello.hu\/de\/wp-json\/wp\/v2\/types\/product"}],"wp:featuredmedia":[{"embeddable":true,"href":"https:\/\/pico-bello.hu\/de\/wp-json\/wp\/v2\/media\/1032"}],"wp:attachment":[{"href":"https:\/\/pico-bello.hu\/de\/wp-json\/wp\/v2\/media?parent=1041"}],"wp:term":[{"taxonomy":"product_cat","embeddable":true,"href":"https:\/\/pico-bello.hu\/de\/wp-json\/wp\/v2\/product_cat?post=1041"},{"taxonomy":"product_tag","embeddable":true,"href":"https:\/\/pico-bello.hu\/de\/wp-json\/wp\/v2\/product_tag?post=1041"}],"curies":[{"name":"wp","href":"https:\/\/api.w.org\/{rel}","templated":true}]}}