{"id":1040,"date":"2025-08-29T10:57:14","date_gmt":"2025-08-29T08:57:14","guid":{"rendered":"https:\/\/pico-bello.hu\/?post_type=product&#038;p=1040"},"modified":"2025-09-02T09:21:06","modified_gmt":"2025-09-02T07:21:06","slug":"lofejes-telefontarto","status":"publish","type":"product","link":"https:\/\/pico-bello.hu\/de\/termek\/lofejes-telefontarto\/","title":{"rendered":"Telefonhalter mit Pferdekopf"},"content":{"rendered":"","protected":false},"excerpt":{"rendered":"<p>Eleganter Telefonhalter aus Holz mit Pferdekopfmotiv, der auch als Stifthalter fungiert. Dank seines praktischen Designs kann er Ihr Mobiltelefon und zwei Stifte gleichzeitig halten, so dass Sie immer alles, was Sie brauchen, auf Ihrem Schreibtisch haben. Der rustikale Holzhalter schafft eine besondere Atmosph\u00e4re, w\u00e4hrend die Gravur des Pferdekopfes ihn zu einem einzigartigen Dekorationselement macht. Der warme Holzton und die sorgf\u00e4ltige Verarbeitung sind sowohl zeitlos als auch \u00e4sthetisch ansprechend und machen ihn zu einem praktischen und auff\u00e4lligen Accessoire f\u00fcr Ihren Schreibtisch, an dem Sie lange Freude haben werden.<\/p>","protected":false},"featured_media":1031,"template":"","meta":[],"product_cat":[44],"product_tag":[],"class_list":{"0":"post-1040","1":"product","2":"type-product","3":"status-publish","4":"has-post-thumbnail","6":"product_cat-lovasajandek","7":"sales-flash-overlay","8":"woocommerce-text-align-center","9":"woocommerce-image-align-center","10":"do-quantity-buttons","11":"tm-no-options","13":"first","14":"instock","15":"taxable","16":"shipping-taxable","17":"purchasable","18":"product-type-simple"},"yoast_head":"<!-- This site is optimized with the Yoast SEO Premium plugin v27.2 (Yoast SEO v27.2) - https:\/\/yoast.com\/product\/yoast-seo-premium-wordpress\/ -->\n<title>L\u00f3fejes telefontart\u00f3 | Pico-Bello<\/title>\n<meta name=\"robots\" content=\"index, follow, max-snippet:-1, max-image-preview:large, max-video-preview:-1\" \/>\n<link rel=\"canonical\" href=\"https:\/\/pico-bello.hu\/de\/produkt\/lofejes-telefontarto\/\" \/>\n<meta property=\"og:locale\" content=\"de_DE\" \/>\n<meta property=\"og:type\" content=\"article\" \/>\n<meta property=\"og:title\" content=\"L\u00f3fejes telefontart\u00f3 | Pico-Bello\" \/>\n<meta property=\"og:description\" content=\"L\u00f3fejes mot\u00edvummal d\u00edsz\u00edtett, eleg\u00e1ns fa telefontart\u00f3, amely egyben tolltart\u00f3k\u00e9nt is funkcion\u00e1l. Praktikus kialak\u00edt\u00e1s\u00e1nak k\u00f6sz\u00f6nhet\u0151en egyszerre ad helyet a mobiltelefonnak \u00e9s k\u00e9t tollnak, \u00edgy mindig k\u00e9zn\u00e9l van minden, amire az \u00edr\u00f3asztaln\u00e1l sz\u00fcks\u00e9ged lehet. A f\u00e1b\u00f3l k\u00e9sz\u00fclt, rusztikus st\u00edlus\u00fa tart\u00f3 k\u00fcl\u00f6nleges hangulatot teremt, mik\u00f6zben a l\u00f3fej grav\u00edroz\u00e1sa igazi egyedi d\u00edsz\u00edt\u0151elemm\u00e9 teszi. Ez az egyedi darab t\u00f6k\u00e9letes v\u00e1laszt\u00e1s aj\u00e1nd\u00e9knak lovas bar\u00e1tok, csal\u00e1dtagok vagy ak\u00e1r saj\u00e1t irod\u00e1d feldob\u00e1s\u00e1ra. A fa meleg t\u00f3nusa \u00e9s a gondos kidolgoz\u00e1s egyar\u00e1nt id\u0151t\u00e1ll\u00f3 \u00e9s eszt\u00e9tikus, \u00edgy hossz\u00fa \u00e9veken \u00e1t praktikus \u00e9s mutat\u00f3s kieg\u00e9sz\u00edt\u0151je lesz az asztalnak.\" \/>\n<meta property=\"og:url\" content=\"https:\/\/pico-bello.hu\/de\/produkt\/lofejes-telefontarto\/\" \/>\n<meta property=\"og:site_name\" content=\"Pico-Bello\" \/>\n<meta property=\"article:modified_time\" content=\"2025-09-02T07:21:06+00:00\" \/>\n<meta property=\"og:image\" content=\"https:\/\/pico-bello.hu\/wp-content\/uploads\/2025\/08\/laj-03.jpg\" \/>\n\t<meta property=\"og:image:width\" content=\"1080\" \/>\n\t<meta property=\"og:image:height\" content=\"1080\" \/>\n\t<meta property=\"og:image:type\" content=\"image\/jpeg\" \/>\n<meta name=\"twitter:card\" content=\"summary_large_image\" \/>\n<meta name=\"twitter:label1\" content=\"Preis\" \/>\n\t<meta name=\"twitter:data1\" content=\"12700&nbsp;&#070;&#116; (10000&nbsp;&#070;&#116; + \u00c1FA)\" \/>\n\t<meta name=\"twitter:label2\" content=\"Verf\u00fcgbarkeit\" \/>\n\t<meta name=\"twitter:data2\" content=\"Auf Lager\" \/>\n<script type=\"application\/ld+json\" class=\"yoast-schema-graph\">{\"@context\":\"https:\/\/schema.org\",\"@graph\":[{\"@type\":\"WebPage\",\"@id\":\"https:\/\/pico-bello.hu\/termek\/lofejes-telefontarto\/\",\"url\":\"https:\/\/pico-bello.hu\/termek\/lofejes-telefontarto\/\",\"name\":\"L\u00f3fejes telefontart\u00f3 | Pico-Bello\",\"isPartOf\":{\"@id\":\"https:\/\/pico-bello.hu\/#website\"},\"primaryImageOfPage\":{\"@id\":\"https:\/\/pico-bello.hu\/termek\/lofejes-telefontarto\/#primaryimage\"},\"image\":{\"@id\":\"https:\/\/pico-bello.hu\/termek\/lofejes-telefontarto\/#primaryimage\"},\"thumbnailUrl\":\"https:\/\/pico-bello.hu\/wp-content\/uploads\/2025\/08\/laj-03.jpg\",\"datePublished\":\"2025-08-29T08:57:14+00:00\",\"dateModified\":\"2025-09-02T07:21:06+00:00\",\"breadcrumb\":{\"@id\":\"https:\/\/pico-bello.hu\/termek\/lofejes-telefontarto\/#breadcrumb\"},\"inLanguage\":\"de\",\"potentialAction\":[{\"@type\":\"ReadAction\",\"target\":[\"https:\/\/pico-bello.hu\/termek\/lofejes-telefontarto\/\"]}]},{\"@type\":\"ImageObject\",\"inLanguage\":\"de\",\"@id\":\"https:\/\/pico-bello.hu\/termek\/lofejes-telefontarto\/#primaryimage\",\"url\":\"https:\/\/pico-bello.hu\/wp-content\/uploads\/2025\/08\/laj-03.jpg\",\"contentUrl\":\"https:\/\/pico-bello.hu\/wp-content\/uploads\/2025\/08\/laj-03.jpg\",\"width\":1080,\"height\":1080,\"caption\":\"l\u00f3fejes telefontart\u00f3\"},{\"@type\":\"BreadcrumbList\",\"@id\":\"https:\/\/pico-bello.hu\/termek\/lofejes-telefontarto\/#breadcrumb\",\"itemListElement\":[{\"@type\":\"ListItem\",\"position\":1,\"name\":\"Kezd\u0151lap\",\"item\":\"https:\/\/pico-bello.hu\/\"},{\"@type\":\"ListItem\",\"position\":2,\"name\":\"Term\u00e9keink\",\"item\":\"https:\/\/pico-bello.hu\/uzlet\/\"},{\"@type\":\"ListItem\",\"position\":3,\"name\":\"L\u00f3fejes telefontart\u00f3\"}]},{\"@type\":\"WebSite\",\"@id\":\"https:\/\/pico-bello.hu\/#website\",\"url\":\"https:\/\/pico-bello.hu\/\",\"name\":\"Pico-Bello\",\"description\":\"D\u00edjugrat\u00f3 \u00e9s Military akad\u00e1lyok, lovas akad\u00e1lyrudak\",\"publisher\":{\"@id\":\"https:\/\/pico-bello.hu\/#organization\"},\"potentialAction\":[{\"@type\":\"SearchAction\",\"target\":{\"@type\":\"EntryPoint\",\"urlTemplate\":\"https:\/\/pico-bello.hu\/?s={search_term_string}\"},\"query-input\":{\"@type\":\"PropertyValueSpecification\",\"valueRequired\":true,\"valueName\":\"search_term_string\"}}],\"inLanguage\":\"de\"},{\"@type\":\"Organization\",\"@id\":\"https:\/\/pico-bello.hu\/#organization\",\"name\":\"Pico-Bello\",\"url\":\"https:\/\/pico-bello.hu\/\",\"logo\":{\"@type\":\"ImageObject\",\"inLanguage\":\"de\",\"@id\":\"https:\/\/pico-bello.hu\/#\/schema\/logo\/image\/\",\"url\":\"https:\/\/pico-bello.hu\/wp-content\/uploads\/2023\/03\/pico-bello-logo-512.png\",\"contentUrl\":\"https:\/\/pico-bello.hu\/wp-content\/uploads\/2023\/03\/pico-bello-logo-512.png\",\"width\":512,\"height\":512,\"caption\":\"Pico-Bello\"},\"image\":{\"@id\":\"https:\/\/pico-bello.hu\/#\/schema\/logo\/image\/\"}}]}<\/script>\n<meta property=\"product:price:amount\" content=\"12700\" \/>\n<meta property=\"product:price:currency\" content=\"HUF\" \/>\n<meta property=\"og:availability\" content=\"instock\" \/>\n<meta property=\"product:availability\" content=\"instock\" \/>\n<meta property=\"product:retailer_item_id\" content=\"LAJ-03\" \/>\n<meta property=\"product:condition\" content=\"new\" \/>\n<!-- \/ Yoast SEO Premium plugin. -->","yoast_head_json":{"title":"Telefonhalter mit Pferdekopf | Pico-Bello","robots":{"index":"index","follow":"follow","max-snippet":"max-snippet:-1","max-image-preview":"max-image-preview:large","max-video-preview":"max-video-preview:-1"},"canonical":"https:\/\/pico-bello.hu\/de\/produkt\/lofejes-telefontarto\/","og_locale":"de_DE","og_type":"article","og_title":"L\u00f3fejes telefontart\u00f3 | Pico-Bello","og_description":"L\u00f3fejes mot\u00edvummal d\u00edsz\u00edtett, eleg\u00e1ns fa telefontart\u00f3, amely egyben tolltart\u00f3k\u00e9nt is funkcion\u00e1l. Praktikus kialak\u00edt\u00e1s\u00e1nak k\u00f6sz\u00f6nhet\u0151en egyszerre ad helyet a mobiltelefonnak \u00e9s k\u00e9t tollnak, \u00edgy mindig k\u00e9zn\u00e9l van minden, amire az \u00edr\u00f3asztaln\u00e1l sz\u00fcks\u00e9ged lehet. A f\u00e1b\u00f3l k\u00e9sz\u00fclt, rusztikus st\u00edlus\u00fa tart\u00f3 k\u00fcl\u00f6nleges hangulatot teremt, mik\u00f6zben a l\u00f3fej grav\u00edroz\u00e1sa igazi egyedi d\u00edsz\u00edt\u0151elemm\u00e9 teszi. Ez az egyedi darab t\u00f6k\u00e9letes v\u00e1laszt\u00e1s aj\u00e1nd\u00e9knak lovas bar\u00e1tok, csal\u00e1dtagok vagy ak\u00e1r saj\u00e1t irod\u00e1d feldob\u00e1s\u00e1ra. A fa meleg t\u00f3nusa \u00e9s a gondos kidolgoz\u00e1s egyar\u00e1nt id\u0151t\u00e1ll\u00f3 \u00e9s eszt\u00e9tikus, \u00edgy hossz\u00fa \u00e9veken \u00e1t praktikus \u00e9s mutat\u00f3s kieg\u00e9sz\u00edt\u0151je lesz az asztalnak.","og_url":"https:\/\/pico-bello.hu\/de\/produkt\/lofejes-telefontarto\/","og_site_name":"Pico-Bello","article_modified_time":"2025-09-02T07:21:06+00:00","og_image":[{"width":1080,"height":1080,"url":"https:\/\/pico-bello.hu\/wp-content\/uploads\/2025\/08\/laj-03.jpg","type":"image\/jpeg"}],"twitter_card":"summary_large_image","twitter_misc":{"Preis":"12700&nbsp;&#70;&#116; (10000&nbsp;&#70;&#116; + \u00c1FA)","Verf\u00fcgbarkeit":"Auf Lager"},"schema":{"@context":"https:\/\/schema.org","@graph":[{"@type":"WebPage","@id":"https:\/\/pico-bello.hu\/termek\/lofejes-telefontarto\/","url":"https:\/\/pico-bello.hu\/termek\/lofejes-telefontarto\/","name":"Telefonhalter mit Pferdekopf | Pico-Bello","isPartOf":{"@id":"https:\/\/pico-bello.hu\/#website"},"primaryImageOfPage":{"@id":"https:\/\/pico-bello.hu\/termek\/lofejes-telefontarto\/#primaryimage"},"image":{"@id":"https:\/\/pico-bello.hu\/termek\/lofejes-telefontarto\/#primaryimage"},"thumbnailUrl":"https:\/\/pico-bello.hu\/wp-content\/uploads\/2025\/08\/laj-03.jpg","datePublished":"2025-08-29T08:57:14+00:00","dateModified":"2025-09-02T07:21:06+00:00","breadcrumb":{"@id":"https:\/\/pico-bello.hu\/termek\/lofejes-telefontarto\/#breadcrumb"},"inLanguage":"de","potentialAction":[{"@type":"ReadAction","target":["https:\/\/pico-bello.hu\/termek\/lofejes-telefontarto\/"]}]},{"@type":"ImageObject","inLanguage":"de","@id":"https:\/\/pico-bello.hu\/termek\/lofejes-telefontarto\/#primaryimage","url":"https:\/\/pico-bello.hu\/wp-content\/uploads\/2025\/08\/laj-03.jpg","contentUrl":"https:\/\/pico-bello.hu\/wp-content\/uploads\/2025\/08\/laj-03.jpg","width":1080,"height":1080,"caption":"l\u00f3fejes telefontart\u00f3"},{"@type":"BreadcrumbList","@id":"https:\/\/pico-bello.hu\/termek\/lofejes-telefontarto\/#breadcrumb","itemListElement":[{"@type":"ListItem","position":1,"name":"Kezd\u0151lap","item":"https:\/\/pico-bello.hu\/"},{"@type":"ListItem","position":2,"name":"Term\u00e9keink","item":"https:\/\/pico-bello.hu\/uzlet\/"},{"@type":"ListItem","position":3,"name":"L\u00f3fejes telefontart\u00f3"}]},{"@type":"WebSite","@id":"https:\/\/pico-bello.hu\/#website","url":"https:\/\/pico-bello.hu\/","name":"Pico-Bello","description":"Springreiten und Military-H\u00fcrdenlauf, Hindernislauf zu Pferde","publisher":{"@id":"https:\/\/pico-bello.hu\/#organization"},"potentialAction":[{"@type":"SearchAction","target":{"@type":"EntryPoint","urlTemplate":"https:\/\/pico-bello.hu\/?s={search_term_string}"},"query-input":{"@type":"PropertyValueSpecification","valueRequired":true,"valueName":"search_term_string"}}],"inLanguage":"de"},{"@type":"Organization","@id":"https:\/\/pico-bello.hu\/#organization","name":"Pico-Bello","url":"https:\/\/pico-bello.hu\/","logo":{"@type":"ImageObject","inLanguage":"de","@id":"https:\/\/pico-bello.hu\/#\/schema\/logo\/image\/","url":"https:\/\/pico-bello.hu\/wp-content\/uploads\/2023\/03\/pico-bello-logo-512.png","contentUrl":"https:\/\/pico-bello.hu\/wp-content\/uploads\/2023\/03\/pico-bello-logo-512.png","width":512,"height":512,"caption":"Pico-Bello"},"image":{"@id":"https:\/\/pico-bello.hu\/#\/schema\/logo\/image\/"}}]},"product_price_amount":"12700","product_price_currency":"HUF","og_availability":"instock","product_availability":"instock","product_retailer_item_id":"LAJ-03","product_condition":"new"},"_links":{"self":[{"href":"https:\/\/pico-bello.hu\/de\/wp-json\/wp\/v2\/product\/1040","targetHints":{"allow":["GET"]}}],"collection":[{"href":"https:\/\/pico-bello.hu\/de\/wp-json\/wp\/v2\/product"}],"about":[{"href":"https:\/\/pico-bello.hu\/de\/wp-json\/wp\/v2\/types\/product"}],"wp:featuredmedia":[{"embeddable":true,"href":"https:\/\/pico-bello.hu\/de\/wp-json\/wp\/v2\/media\/1031"}],"wp:attachment":[{"href":"https:\/\/pico-bello.hu\/de\/wp-json\/wp\/v2\/media?parent=1040"}],"wp:term":[{"taxonomy":"product_cat","embeddable":true,"href":"https:\/\/pico-bello.hu\/de\/wp-json\/wp\/v2\/product_cat?post=1040"},{"taxonomy":"product_tag","embeddable":true,"href":"https:\/\/pico-bello.hu\/de\/wp-json\/wp\/v2\/product_tag?post=1040"}],"curies":[{"name":"wp","href":"https:\/\/api.w.org\/{rel}","templated":true}]}}