{"id":1029,"date":"2025-08-29T10:47:57","date_gmt":"2025-08-29T08:47:57","guid":{"rendered":"https:\/\/pico-bello.hu\/?post_type=product&#038;p=1029"},"modified":"2025-09-02T09:19:48","modified_gmt":"2025-09-02T07:19:48","slug":"agaskodo-lo-palinkakinalo","status":"publish","type":"product","link":"https:\/\/pico-bello.hu\/de\/termek\/agaskodo-lo-palinkakinalo\/","title":{"rendered":"T\u00e4nzelndes Pferd bietet Schnaps an"},"content":{"rendered":"","protected":false},"excerpt":{"rendered":"<p>Schnapsglas aus Holz mit Pferdemotiv, mit Platz f\u00fcr sechs Gl\u00e4ser. In der Mitte des rustikalen, geschnitzten Brettes befindet sich eine sch\u00f6ne Inschrift. Dieses besondere St\u00fcck ist nicht nur praktisch, sondern auch ein echter Stimmungsmacher f\u00fcr jede Zusammenkunft von Freunden oder Familienfeier. Die nat\u00fcrliche Sch\u00f6nheit des Holzes und die sorgf\u00e4ltig gearbeitete Reiterdekoration verleihen ihm ein einzigartiges Aussehen und machen es zu einem perfekten Geschenk f\u00fcr Pferdefreunde, Schnapsliebhaber oder als besondere Dekoration f\u00fcr Ihr Zuhause.<\/p>","protected":false},"featured_media":1030,"template":"","meta":[],"product_cat":[44],"product_tag":[],"class_list":{"0":"post-1029","1":"product","2":"type-product","3":"status-publish","4":"has-post-thumbnail","6":"product_cat-lovasajandek","7":"sales-flash-overlay","8":"woocommerce-text-align-center","9":"woocommerce-image-align-center","10":"do-quantity-buttons","11":"tm-no-options","13":"first","14":"instock","15":"taxable","16":"shipping-taxable","17":"purchasable","18":"product-type-simple"},"yoast_head":"<!-- This site is optimized with the Yoast SEO Premium plugin v27.2 (Yoast SEO v27.2) - https:\/\/yoast.com\/product\/yoast-seo-premium-wordpress\/ -->\n<title>\u00c1gaskod\u00f3 l\u00f3 p\u00e1linkak\u00edn\u00e1l\u00f3 | Pico-Bello<\/title>\n<meta name=\"robots\" content=\"index, follow, max-snippet:-1, max-image-preview:large, max-video-preview:-1\" \/>\n<link rel=\"canonical\" href=\"https:\/\/pico-bello.hu\/de\/produkt\/agaskodo-lo-palinkakinalo\/\" \/>\n<meta property=\"og:locale\" content=\"de_DE\" \/>\n<meta property=\"og:type\" content=\"article\" \/>\n<meta property=\"og:title\" content=\"\u00c1gaskod\u00f3 l\u00f3 p\u00e1linkak\u00edn\u00e1l\u00f3 | Pico-Bello\" \/>\n<meta property=\"og:description\" content=\"\u00c1gaskod\u00f3 l\u00f3 mot\u00edvummal d\u00edsz\u00edtett, f\u00e1b\u00f3l k\u00e9sz\u00fclt p\u00e1linkak\u00edn\u00e1l\u00f3, amely hat darab poh\u00e1rnak ad helyet. A rusztikus, faragott t\u00e1bla k\u00f6zep\u00e9n egy kedves felirat olvashat\u00f3: \u201eBar\u00e1ts\u00e1g \u00e9s szeretet, egyik mint a m\u00e1sik, p\u00e1link\u00e1val egy\u00fctt eg\u00e9szs\u00e9gre v\u00e1lik!\u201d Ez a k\u00fcl\u00f6nleges darab nemcsak praktikus, hanem igazi hangulatfokoz\u00f3 is, b\u00e1rmilyen bar\u00e1ti \u00f6sszej\u00f6vetel vagy csal\u00e1di \u00fcnnep alkalm\u00e1val. A fa term\u00e9szetes sz\u00e9ps\u00e9ge \u00e9s a gondosan kidolgozott lovas d\u00edsz\u00edt\u00e9s egyedi megjelen\u00e9st biztos\u00edt, \u00edgy aj\u00e1nd\u00e9kk\u00e9nt is t\u00f6k\u00e9letes v\u00e1laszt\u00e1s lehet lovas bar\u00e1toknak, p\u00e1linkakedvel\u0151knek vagy k\u00fcl\u00f6nleges otthoni dekor\u00e1ci\u00f3k\u00e9nt.\" \/>\n<meta property=\"og:url\" content=\"https:\/\/pico-bello.hu\/de\/produkt\/agaskodo-lo-palinkakinalo\/\" \/>\n<meta property=\"og:site_name\" content=\"Pico-Bello\" \/>\n<meta property=\"article:modified_time\" content=\"2025-09-02T07:19:48+00:00\" \/>\n<meta property=\"og:image\" content=\"https:\/\/pico-bello.hu\/wp-content\/uploads\/2025\/08\/laj-02.jpg\" \/>\n\t<meta property=\"og:image:width\" content=\"1080\" \/>\n\t<meta property=\"og:image:height\" content=\"1080\" \/>\n\t<meta property=\"og:image:type\" content=\"image\/jpeg\" \/>\n<meta name=\"twitter:card\" content=\"summary_large_image\" \/>\n<meta name=\"twitter:label1\" content=\"Preis\" \/>\n\t<meta name=\"twitter:data1\" content=\"34290&nbsp;&#070;&#116; (27000&nbsp;&#070;&#116; + \u00c1FA)\" \/>\n\t<meta name=\"twitter:label2\" content=\"Verf\u00fcgbarkeit\" \/>\n\t<meta name=\"twitter:data2\" content=\"Auf Lager\" \/>\n<script type=\"application\/ld+json\" class=\"yoast-schema-graph\">{\"@context\":\"https:\/\/schema.org\",\"@graph\":[{\"@type\":\"WebPage\",\"@id\":\"https:\/\/pico-bello.hu\/termek\/agaskodo-lo-palinkakinalo\/\",\"url\":\"https:\/\/pico-bello.hu\/termek\/agaskodo-lo-palinkakinalo\/\",\"name\":\"\u00c1gaskod\u00f3 l\u00f3 p\u00e1linkak\u00edn\u00e1l\u00f3 | Pico-Bello\",\"isPartOf\":{\"@id\":\"https:\/\/pico-bello.hu\/#website\"},\"primaryImageOfPage\":{\"@id\":\"https:\/\/pico-bello.hu\/termek\/agaskodo-lo-palinkakinalo\/#primaryimage\"},\"image\":{\"@id\":\"https:\/\/pico-bello.hu\/termek\/agaskodo-lo-palinkakinalo\/#primaryimage\"},\"thumbnailUrl\":\"https:\/\/pico-bello.hu\/wp-content\/uploads\/2025\/08\/laj-02.jpg\",\"datePublished\":\"2025-08-29T08:47:57+00:00\",\"dateModified\":\"2025-09-02T07:19:48+00:00\",\"breadcrumb\":{\"@id\":\"https:\/\/pico-bello.hu\/termek\/agaskodo-lo-palinkakinalo\/#breadcrumb\"},\"inLanguage\":\"de\",\"potentialAction\":[{\"@type\":\"ReadAction\",\"target\":[\"https:\/\/pico-bello.hu\/termek\/agaskodo-lo-palinkakinalo\/\"]}]},{\"@type\":\"ImageObject\",\"inLanguage\":\"de\",\"@id\":\"https:\/\/pico-bello.hu\/termek\/agaskodo-lo-palinkakinalo\/#primaryimage\",\"url\":\"https:\/\/pico-bello.hu\/wp-content\/uploads\/2025\/08\/laj-02.jpg\",\"contentUrl\":\"https:\/\/pico-bello.hu\/wp-content\/uploads\/2025\/08\/laj-02.jpg\",\"width\":1080,\"height\":1080,\"caption\":\"\u00c1gaskod\u00f3 l\u00f3 p\u00e1linkak\u00edn\u00e1l\u00f3\"},{\"@type\":\"BreadcrumbList\",\"@id\":\"https:\/\/pico-bello.hu\/termek\/agaskodo-lo-palinkakinalo\/#breadcrumb\",\"itemListElement\":[{\"@type\":\"ListItem\",\"position\":1,\"name\":\"Kezd\u0151lap\",\"item\":\"https:\/\/pico-bello.hu\/\"},{\"@type\":\"ListItem\",\"position\":2,\"name\":\"Term\u00e9keink\",\"item\":\"https:\/\/pico-bello.hu\/uzlet\/\"},{\"@type\":\"ListItem\",\"position\":3,\"name\":\"\u00c1gaskod\u00f3 l\u00f3 p\u00e1linkak\u00edn\u00e1l\u00f3\"}]},{\"@type\":\"WebSite\",\"@id\":\"https:\/\/pico-bello.hu\/#website\",\"url\":\"https:\/\/pico-bello.hu\/\",\"name\":\"Pico-Bello\",\"description\":\"D\u00edjugrat\u00f3 \u00e9s Military akad\u00e1lyok, lovas akad\u00e1lyrudak\",\"publisher\":{\"@id\":\"https:\/\/pico-bello.hu\/#organization\"},\"potentialAction\":[{\"@type\":\"SearchAction\",\"target\":{\"@type\":\"EntryPoint\",\"urlTemplate\":\"https:\/\/pico-bello.hu\/?s={search_term_string}\"},\"query-input\":{\"@type\":\"PropertyValueSpecification\",\"valueRequired\":true,\"valueName\":\"search_term_string\"}}],\"inLanguage\":\"de\"},{\"@type\":\"Organization\",\"@id\":\"https:\/\/pico-bello.hu\/#organization\",\"name\":\"Pico-Bello\",\"url\":\"https:\/\/pico-bello.hu\/\",\"logo\":{\"@type\":\"ImageObject\",\"inLanguage\":\"de\",\"@id\":\"https:\/\/pico-bello.hu\/#\/schema\/logo\/image\/\",\"url\":\"https:\/\/pico-bello.hu\/wp-content\/uploads\/2023\/03\/pico-bello-logo-512.png\",\"contentUrl\":\"https:\/\/pico-bello.hu\/wp-content\/uploads\/2023\/03\/pico-bello-logo-512.png\",\"width\":512,\"height\":512,\"caption\":\"Pico-Bello\"},\"image\":{\"@id\":\"https:\/\/pico-bello.hu\/#\/schema\/logo\/image\/\"}}]}<\/script>\n<meta property=\"product:price:amount\" content=\"34290\" \/>\n<meta property=\"product:price:currency\" content=\"HUF\" \/>\n<meta property=\"og:availability\" content=\"instock\" \/>\n<meta property=\"product:availability\" content=\"instock\" \/>\n<meta property=\"product:retailer_item_id\" content=\"LAJ-02\" \/>\n<meta property=\"product:condition\" content=\"new\" \/>\n<!-- \/ Yoast SEO Premium plugin. -->","yoast_head_json":{"title":"T\u00e4nzelndes Pferd bietet Schnaps an | Pico-Bello","robots":{"index":"index","follow":"follow","max-snippet":"max-snippet:-1","max-image-preview":"max-image-preview:large","max-video-preview":"max-video-preview:-1"},"canonical":"https:\/\/pico-bello.hu\/de\/produkt\/agaskodo-lo-palinkakinalo\/","og_locale":"de_DE","og_type":"article","og_title":"\u00c1gaskod\u00f3 l\u00f3 p\u00e1linkak\u00edn\u00e1l\u00f3 | Pico-Bello","og_description":"\u00c1gaskod\u00f3 l\u00f3 mot\u00edvummal d\u00edsz\u00edtett, f\u00e1b\u00f3l k\u00e9sz\u00fclt p\u00e1linkak\u00edn\u00e1l\u00f3, amely hat darab poh\u00e1rnak ad helyet. A rusztikus, faragott t\u00e1bla k\u00f6zep\u00e9n egy kedves felirat olvashat\u00f3: \u201eBar\u00e1ts\u00e1g \u00e9s szeretet, egyik mint a m\u00e1sik, p\u00e1link\u00e1val egy\u00fctt eg\u00e9szs\u00e9gre v\u00e1lik!\u201d Ez a k\u00fcl\u00f6nleges darab nemcsak praktikus, hanem igazi hangulatfokoz\u00f3 is, b\u00e1rmilyen bar\u00e1ti \u00f6sszej\u00f6vetel vagy csal\u00e1di \u00fcnnep alkalm\u00e1val. A fa term\u00e9szetes sz\u00e9ps\u00e9ge \u00e9s a gondosan kidolgozott lovas d\u00edsz\u00edt\u00e9s egyedi megjelen\u00e9st biztos\u00edt, \u00edgy aj\u00e1nd\u00e9kk\u00e9nt is t\u00f6k\u00e9letes v\u00e1laszt\u00e1s lehet lovas bar\u00e1toknak, p\u00e1linkakedvel\u0151knek vagy k\u00fcl\u00f6nleges otthoni dekor\u00e1ci\u00f3k\u00e9nt.","og_url":"https:\/\/pico-bello.hu\/de\/produkt\/agaskodo-lo-palinkakinalo\/","og_site_name":"Pico-Bello","article_modified_time":"2025-09-02T07:19:48+00:00","og_image":[{"width":1080,"height":1080,"url":"https:\/\/pico-bello.hu\/wp-content\/uploads\/2025\/08\/laj-02.jpg","type":"image\/jpeg"}],"twitter_card":"summary_large_image","twitter_misc":{"Preis":"34290&nbsp;&#70;&#116; (27000&nbsp;&#70;&#116; + \u00c1FA)","Verf\u00fcgbarkeit":"Auf Lager"},"schema":{"@context":"https:\/\/schema.org","@graph":[{"@type":"WebPage","@id":"https:\/\/pico-bello.hu\/termek\/agaskodo-lo-palinkakinalo\/","url":"https:\/\/pico-bello.hu\/termek\/agaskodo-lo-palinkakinalo\/","name":"T\u00e4nzelndes Pferd bietet Schnaps an | Pico-Bello","isPartOf":{"@id":"https:\/\/pico-bello.hu\/#website"},"primaryImageOfPage":{"@id":"https:\/\/pico-bello.hu\/termek\/agaskodo-lo-palinkakinalo\/#primaryimage"},"image":{"@id":"https:\/\/pico-bello.hu\/termek\/agaskodo-lo-palinkakinalo\/#primaryimage"},"thumbnailUrl":"https:\/\/pico-bello.hu\/wp-content\/uploads\/2025\/08\/laj-02.jpg","datePublished":"2025-08-29T08:47:57+00:00","dateModified":"2025-09-02T07:19:48+00:00","breadcrumb":{"@id":"https:\/\/pico-bello.hu\/termek\/agaskodo-lo-palinkakinalo\/#breadcrumb"},"inLanguage":"de","potentialAction":[{"@type":"ReadAction","target":["https:\/\/pico-bello.hu\/termek\/agaskodo-lo-palinkakinalo\/"]}]},{"@type":"ImageObject","inLanguage":"de","@id":"https:\/\/pico-bello.hu\/termek\/agaskodo-lo-palinkakinalo\/#primaryimage","url":"https:\/\/pico-bello.hu\/wp-content\/uploads\/2025\/08\/laj-02.jpg","contentUrl":"https:\/\/pico-bello.hu\/wp-content\/uploads\/2025\/08\/laj-02.jpg","width":1080,"height":1080,"caption":"\u00c1gaskod\u00f3 l\u00f3 p\u00e1linkak\u00edn\u00e1l\u00f3"},{"@type":"BreadcrumbList","@id":"https:\/\/pico-bello.hu\/termek\/agaskodo-lo-palinkakinalo\/#breadcrumb","itemListElement":[{"@type":"ListItem","position":1,"name":"Kezd\u0151lap","item":"https:\/\/pico-bello.hu\/"},{"@type":"ListItem","position":2,"name":"Term\u00e9keink","item":"https:\/\/pico-bello.hu\/uzlet\/"},{"@type":"ListItem","position":3,"name":"\u00c1gaskod\u00f3 l\u00f3 p\u00e1linkak\u00edn\u00e1l\u00f3"}]},{"@type":"WebSite","@id":"https:\/\/pico-bello.hu\/#website","url":"https:\/\/pico-bello.hu\/","name":"Pico-Bello","description":"Springreiten und Military-H\u00fcrdenlauf, Hindernislauf zu Pferde","publisher":{"@id":"https:\/\/pico-bello.hu\/#organization"},"potentialAction":[{"@type":"SearchAction","target":{"@type":"EntryPoint","urlTemplate":"https:\/\/pico-bello.hu\/?s={search_term_string}"},"query-input":{"@type":"PropertyValueSpecification","valueRequired":true,"valueName":"search_term_string"}}],"inLanguage":"de"},{"@type":"Organization","@id":"https:\/\/pico-bello.hu\/#organization","name":"Pico-Bello","url":"https:\/\/pico-bello.hu\/","logo":{"@type":"ImageObject","inLanguage":"de","@id":"https:\/\/pico-bello.hu\/#\/schema\/logo\/image\/","url":"https:\/\/pico-bello.hu\/wp-content\/uploads\/2023\/03\/pico-bello-logo-512.png","contentUrl":"https:\/\/pico-bello.hu\/wp-content\/uploads\/2023\/03\/pico-bello-logo-512.png","width":512,"height":512,"caption":"Pico-Bello"},"image":{"@id":"https:\/\/pico-bello.hu\/#\/schema\/logo\/image\/"}}]},"product_price_amount":"34290","product_price_currency":"HUF","og_availability":"instock","product_availability":"instock","product_retailer_item_id":"LAJ-02","product_condition":"new"},"_links":{"self":[{"href":"https:\/\/pico-bello.hu\/de\/wp-json\/wp\/v2\/product\/1029","targetHints":{"allow":["GET"]}}],"collection":[{"href":"https:\/\/pico-bello.hu\/de\/wp-json\/wp\/v2\/product"}],"about":[{"href":"https:\/\/pico-bello.hu\/de\/wp-json\/wp\/v2\/types\/product"}],"wp:featuredmedia":[{"embeddable":true,"href":"https:\/\/pico-bello.hu\/de\/wp-json\/wp\/v2\/media\/1030"}],"wp:attachment":[{"href":"https:\/\/pico-bello.hu\/de\/wp-json\/wp\/v2\/media?parent=1029"}],"wp:term":[{"taxonomy":"product_cat","embeddable":true,"href":"https:\/\/pico-bello.hu\/de\/wp-json\/wp\/v2\/product_cat?post=1029"},{"taxonomy":"product_tag","embeddable":true,"href":"https:\/\/pico-bello.hu\/de\/wp-json\/wp\/v2\/product_tag?post=1029"}],"curies":[{"name":"wp","href":"https:\/\/api.w.org\/{rel}","templated":true}]}}