{"id":1002,"date":"2025-06-02T10:39:59","date_gmt":"2025-06-02T08:39:59","guid":{"rendered":"https:\/\/pico-bello.hu\/?post_type=product&#038;p=1002"},"modified":"2026-02-25T13:03:48","modified_gmt":"2026-02-25T12:03:48","slug":"kerites-2","status":"publish","type":"product","link":"https:\/\/pico-bello.hu\/de\/termek\/kerites-2\/","title":{"rendered":"Zaunelement 3 Meter"},"content":{"rendered":"","protected":false},"excerpt":{"rendered":"<p>Zaunelement 3 Meter breit.<\/p>\n<p>Z\u00e4une sind wie Palisaden oft h\u00e4ngend, k\u00f6nnen aber in ihrer Gr\u00f6\u00dfe erheblich variieren. Diese Elemente sind in der Breite flexibel und bieten eine breite Palette von M\u00f6glichkeiten f\u00fcr die Platzgestaltung. Die Verwendung von Z\u00e4unen bringt eine Vielzahl von Herausforderungen und visuellen Effekten in den Parcours von Dressurwettbewerben, bereichert die Vielfalt der Hindernisse und erh\u00f6ht die technische Komplexit\u00e4t f\u00fcr die Reiter. Fragen Sie nach verschiedenen Designs, wir k\u00f6nnen Ihre spezifischen Bed\u00fcrfnisse erf\u00fcllen.<\/p>","protected":false},"featured_media":1003,"template":"","meta":[],"product_cat":[29],"product_tag":[],"class_list":{"0":"post-1002","1":"product","2":"type-product","3":"status-publish","4":"has-post-thumbnail","6":"product_cat-keritesek","7":"sales-flash-overlay","8":"woocommerce-text-align-center","9":"woocommerce-image-align-center","10":"do-quantity-buttons","11":"wc-has-gallery","12":"tm-no-options","14":"first","15":"instock","16":"taxable","17":"shipping-taxable","18":"purchasable","19":"product-type-simple"},"yoast_head":"<!-- This site is optimized with the Yoast SEO Premium plugin v27.2 (Yoast SEO v27.2) - https:\/\/yoast.com\/product\/yoast-seo-premium-wordpress\/ -->\n<title>Ker\u00edt\u00e9s elem 3 m\u00e9ter | Pico-Bello<\/title>\n<meta name=\"robots\" content=\"index, follow, max-snippet:-1, max-image-preview:large, max-video-preview:-1\" \/>\n<link rel=\"canonical\" href=\"https:\/\/pico-bello.hu\/de\/produkt\/kerites-2\/\" \/>\n<meta property=\"og:locale\" content=\"de_DE\" \/>\n<meta property=\"og:type\" content=\"article\" \/>\n<meta property=\"og:title\" content=\"Ker\u00edt\u00e9s elem 3 m\u00e9ter | Pico-Bello\" \/>\n<meta property=\"og:description\" content=\"Ker\u00edt\u00e9selem 3 m\u00e9ter sz\u00e9less\u00e9g\u0171.  A ker\u00edt\u00e9sek, hasonl\u00f3an a pal\u00e1nkokhoz, gyakran f\u00fcggesztett kialak\u00edt\u00e1s\u00faak, de m\u00e9reteik jelent\u0151sen v\u00e1ltozhatnak. Ezek az elemek sz\u00e9less\u00e9g\u00fckben rugalmasak, \u00edgy sz\u00e9les sk\u00e1l\u00e1n k\u00edn\u00e1lnak lehet\u0151s\u00e9get a p\u00e1lya tervez\u00e9s\u00e9hez. A ker\u00edt\u00e9sek alkalmaz\u00e1sa k\u00fcl\u00f6nb\u00f6z\u0151 kih\u00edv\u00e1sokat \u00e9s vizu\u00e1lis hat\u00e1sokat hoz a d\u00edjugrat\u00f3 versenyek p\u00e1ly\u00e1ira, gazdag\u00edtva az akad\u00e1lyok sokf\u00e9les\u00e9g\u00e9t \u00e9s a versenyz\u0151k sz\u00e1m\u00e1ra a technikai komplexit\u00e1st. K\u00e9rje k\u00fcl\u00f6nb\u00f6z\u0151 kialak\u00edt\u00e1sban, egyedi ig\u00e9nyeket is teljes\u00edt\u00fcnk.\" \/>\n<meta property=\"og:url\" content=\"https:\/\/pico-bello.hu\/de\/produkt\/kerites-2\/\" \/>\n<meta property=\"og:site_name\" content=\"Pico-Bello\" \/>\n<meta property=\"article:modified_time\" content=\"2026-02-25T12:03:48+00:00\" \/>\n<meta property=\"og:image\" content=\"https:\/\/pico-bello.hu\/wp-content\/uploads\/2025\/06\/kerites-30-1.jpg\" \/>\n\t<meta property=\"og:image:width\" content=\"1080\" \/>\n\t<meta property=\"og:image:height\" content=\"1080\" \/>\n\t<meta property=\"og:image:type\" content=\"image\/jpeg\" \/>\n<meta name=\"twitter:card\" content=\"summary_large_image\" \/>\n<meta name=\"twitter:label1\" content=\"Preis\" \/>\n\t<meta name=\"twitter:data1\" content=\"114680&nbsp;&#070;&#116; (90299&nbsp;&#070;&#116; + \u00c1FA)\" \/>\n\t<meta name=\"twitter:label2\" content=\"Verf\u00fcgbarkeit\" \/>\n\t<meta name=\"twitter:data2\" content=\"Auf Lager\" \/>\n<script type=\"application\/ld+json\" class=\"yoast-schema-graph\">{\"@context\":\"https:\/\/schema.org\",\"@graph\":[{\"@type\":\"WebPage\",\"@id\":\"https:\/\/pico-bello.hu\/termek\/kerites-2\/\",\"url\":\"https:\/\/pico-bello.hu\/termek\/kerites-2\/\",\"name\":\"Ker\u00edt\u00e9s elem 3 m\u00e9ter | Pico-Bello\",\"isPartOf\":{\"@id\":\"https:\/\/pico-bello.hu\/#website\"},\"primaryImageOfPage\":{\"@id\":\"https:\/\/pico-bello.hu\/termek\/kerites-2\/#primaryimage\"},\"image\":{\"@id\":\"https:\/\/pico-bello.hu\/termek\/kerites-2\/#primaryimage\"},\"thumbnailUrl\":\"https:\/\/pico-bello.hu\/wp-content\/uploads\/2025\/06\/kerites-30-1.jpg\",\"datePublished\":\"2025-06-02T08:39:59+00:00\",\"dateModified\":\"2026-02-25T12:03:48+00:00\",\"breadcrumb\":{\"@id\":\"https:\/\/pico-bello.hu\/termek\/kerites-2\/#breadcrumb\"},\"inLanguage\":\"de\",\"potentialAction\":[{\"@type\":\"ReadAction\",\"target\":[\"https:\/\/pico-bello.hu\/termek\/kerites-2\/\"]}]},{\"@type\":\"ImageObject\",\"inLanguage\":\"de\",\"@id\":\"https:\/\/pico-bello.hu\/termek\/kerites-2\/#primaryimage\",\"url\":\"https:\/\/pico-bello.hu\/wp-content\/uploads\/2025\/06\/kerites-30-1.jpg\",\"contentUrl\":\"https:\/\/pico-bello.hu\/wp-content\/uploads\/2025\/06\/kerites-30-1.jpg\",\"width\":1080,\"height\":1080},{\"@type\":\"BreadcrumbList\",\"@id\":\"https:\/\/pico-bello.hu\/termek\/kerites-2\/#breadcrumb\",\"itemListElement\":[{\"@type\":\"ListItem\",\"position\":1,\"name\":\"Kezd\u0151lap\",\"item\":\"https:\/\/pico-bello.hu\/\"},{\"@type\":\"ListItem\",\"position\":2,\"name\":\"Term\u00e9keink\",\"item\":\"https:\/\/pico-bello.hu\/uzlet\/\"},{\"@type\":\"ListItem\",\"position\":3,\"name\":\"Ker\u00edt\u00e9s elem 3 m\u00e9ter\"}]},{\"@type\":\"WebSite\",\"@id\":\"https:\/\/pico-bello.hu\/#website\",\"url\":\"https:\/\/pico-bello.hu\/\",\"name\":\"Pico-Bello\",\"description\":\"D\u00edjugrat\u00f3 \u00e9s Military akad\u00e1lyok, lovas akad\u00e1lyrudak\",\"publisher\":{\"@id\":\"https:\/\/pico-bello.hu\/#organization\"},\"potentialAction\":[{\"@type\":\"SearchAction\",\"target\":{\"@type\":\"EntryPoint\",\"urlTemplate\":\"https:\/\/pico-bello.hu\/?s={search_term_string}\"},\"query-input\":{\"@type\":\"PropertyValueSpecification\",\"valueRequired\":true,\"valueName\":\"search_term_string\"}}],\"inLanguage\":\"de\"},{\"@type\":\"Organization\",\"@id\":\"https:\/\/pico-bello.hu\/#organization\",\"name\":\"Pico-Bello\",\"url\":\"https:\/\/pico-bello.hu\/\",\"logo\":{\"@type\":\"ImageObject\",\"inLanguage\":\"de\",\"@id\":\"https:\/\/pico-bello.hu\/#\/schema\/logo\/image\/\",\"url\":\"https:\/\/pico-bello.hu\/wp-content\/uploads\/2023\/03\/pico-bello-logo-512.png\",\"contentUrl\":\"https:\/\/pico-bello.hu\/wp-content\/uploads\/2023\/03\/pico-bello-logo-512.png\",\"width\":512,\"height\":512,\"caption\":\"Pico-Bello\"},\"image\":{\"@id\":\"https:\/\/pico-bello.hu\/#\/schema\/logo\/image\/\"}}]}<\/script>\n<meta property=\"product:price:amount\" content=\"114680\" \/>\n<meta property=\"product:price:currency\" content=\"HUF\" \/>\n<meta property=\"og:availability\" content=\"instock\" \/>\n<meta property=\"product:availability\" content=\"instock\" \/>\n<meta property=\"product:retailer_item_id\" content=\"KER-02\" \/>\n<meta property=\"product:condition\" content=\"new\" \/>\n<!-- \/ Yoast SEO Premium plugin. -->","yoast_head_json":{"title":"Zaunelement 3 Meter | Pico-Bello","robots":{"index":"index","follow":"follow","max-snippet":"max-snippet:-1","max-image-preview":"max-image-preview:large","max-video-preview":"max-video-preview:-1"},"canonical":"https:\/\/pico-bello.hu\/de\/produkt\/kerites-2\/","og_locale":"de_DE","og_type":"article","og_title":"Ker\u00edt\u00e9s elem 3 m\u00e9ter | Pico-Bello","og_description":"Ker\u00edt\u00e9selem 3 m\u00e9ter sz\u00e9less\u00e9g\u0171.  A ker\u00edt\u00e9sek, hasonl\u00f3an a pal\u00e1nkokhoz, gyakran f\u00fcggesztett kialak\u00edt\u00e1s\u00faak, de m\u00e9reteik jelent\u0151sen v\u00e1ltozhatnak. Ezek az elemek sz\u00e9less\u00e9g\u00fckben rugalmasak, \u00edgy sz\u00e9les sk\u00e1l\u00e1n k\u00edn\u00e1lnak lehet\u0151s\u00e9get a p\u00e1lya tervez\u00e9s\u00e9hez. A ker\u00edt\u00e9sek alkalmaz\u00e1sa k\u00fcl\u00f6nb\u00f6z\u0151 kih\u00edv\u00e1sokat \u00e9s vizu\u00e1lis hat\u00e1sokat hoz a d\u00edjugrat\u00f3 versenyek p\u00e1ly\u00e1ira, gazdag\u00edtva az akad\u00e1lyok sokf\u00e9les\u00e9g\u00e9t \u00e9s a versenyz\u0151k sz\u00e1m\u00e1ra a technikai komplexit\u00e1st. K\u00e9rje k\u00fcl\u00f6nb\u00f6z\u0151 kialak\u00edt\u00e1sban, egyedi ig\u00e9nyeket is teljes\u00edt\u00fcnk.","og_url":"https:\/\/pico-bello.hu\/de\/produkt\/kerites-2\/","og_site_name":"Pico-Bello","article_modified_time":"2026-02-25T12:03:48+00:00","og_image":[{"width":1080,"height":1080,"url":"https:\/\/pico-bello.hu\/wp-content\/uploads\/2025\/06\/kerites-30-1.jpg","type":"image\/jpeg"}],"twitter_card":"summary_large_image","twitter_misc":{"Preis":"114680&nbsp;&#70;&#116; (90299&nbsp;&#70;&#116; + \u00c1FA)","Verf\u00fcgbarkeit":"Auf Lager"},"schema":{"@context":"https:\/\/schema.org","@graph":[{"@type":"WebPage","@id":"https:\/\/pico-bello.hu\/termek\/kerites-2\/","url":"https:\/\/pico-bello.hu\/termek\/kerites-2\/","name":"Zaunelement 3 Meter | Pico-Bello","isPartOf":{"@id":"https:\/\/pico-bello.hu\/#website"},"primaryImageOfPage":{"@id":"https:\/\/pico-bello.hu\/termek\/kerites-2\/#primaryimage"},"image":{"@id":"https:\/\/pico-bello.hu\/termek\/kerites-2\/#primaryimage"},"thumbnailUrl":"https:\/\/pico-bello.hu\/wp-content\/uploads\/2025\/06\/kerites-30-1.jpg","datePublished":"2025-06-02T08:39:59+00:00","dateModified":"2026-02-25T12:03:48+00:00","breadcrumb":{"@id":"https:\/\/pico-bello.hu\/termek\/kerites-2\/#breadcrumb"},"inLanguage":"de","potentialAction":[{"@type":"ReadAction","target":["https:\/\/pico-bello.hu\/termek\/kerites-2\/"]}]},{"@type":"ImageObject","inLanguage":"de","@id":"https:\/\/pico-bello.hu\/termek\/kerites-2\/#primaryimage","url":"https:\/\/pico-bello.hu\/wp-content\/uploads\/2025\/06\/kerites-30-1.jpg","contentUrl":"https:\/\/pico-bello.hu\/wp-content\/uploads\/2025\/06\/kerites-30-1.jpg","width":1080,"height":1080},{"@type":"BreadcrumbList","@id":"https:\/\/pico-bello.hu\/termek\/kerites-2\/#breadcrumb","itemListElement":[{"@type":"ListItem","position":1,"name":"Kezd\u0151lap","item":"https:\/\/pico-bello.hu\/"},{"@type":"ListItem","position":2,"name":"Term\u00e9keink","item":"https:\/\/pico-bello.hu\/uzlet\/"},{"@type":"ListItem","position":3,"name":"Ker\u00edt\u00e9s elem 3 m\u00e9ter"}]},{"@type":"WebSite","@id":"https:\/\/pico-bello.hu\/#website","url":"https:\/\/pico-bello.hu\/","name":"Pico-Bello","description":"Springreiten und Military-H\u00fcrdenlauf, Hindernislauf zu Pferde","publisher":{"@id":"https:\/\/pico-bello.hu\/#organization"},"potentialAction":[{"@type":"SearchAction","target":{"@type":"EntryPoint","urlTemplate":"https:\/\/pico-bello.hu\/?s={search_term_string}"},"query-input":{"@type":"PropertyValueSpecification","valueRequired":true,"valueName":"search_term_string"}}],"inLanguage":"de"},{"@type":"Organization","@id":"https:\/\/pico-bello.hu\/#organization","name":"Pico-Bello","url":"https:\/\/pico-bello.hu\/","logo":{"@type":"ImageObject","inLanguage":"de","@id":"https:\/\/pico-bello.hu\/#\/schema\/logo\/image\/","url":"https:\/\/pico-bello.hu\/wp-content\/uploads\/2023\/03\/pico-bello-logo-512.png","contentUrl":"https:\/\/pico-bello.hu\/wp-content\/uploads\/2023\/03\/pico-bello-logo-512.png","width":512,"height":512,"caption":"Pico-Bello"},"image":{"@id":"https:\/\/pico-bello.hu\/#\/schema\/logo\/image\/"}}]},"product_price_amount":"114680","product_price_currency":"HUF","og_availability":"instock","product_availability":"instock","product_retailer_item_id":"KER-02","product_condition":"new"},"_links":{"self":[{"href":"https:\/\/pico-bello.hu\/de\/wp-json\/wp\/v2\/product\/1002","targetHints":{"allow":["GET"]}}],"collection":[{"href":"https:\/\/pico-bello.hu\/de\/wp-json\/wp\/v2\/product"}],"about":[{"href":"https:\/\/pico-bello.hu\/de\/wp-json\/wp\/v2\/types\/product"}],"wp:featuredmedia":[{"embeddable":true,"href":"https:\/\/pico-bello.hu\/de\/wp-json\/wp\/v2\/media\/1003"}],"wp:attachment":[{"href":"https:\/\/pico-bello.hu\/de\/wp-json\/wp\/v2\/media?parent=1002"}],"wp:term":[{"taxonomy":"product_cat","embeddable":true,"href":"https:\/\/pico-bello.hu\/de\/wp-json\/wp\/v2\/product_cat?post=1002"},{"taxonomy":"product_tag","embeddable":true,"href":"https:\/\/pico-bello.hu\/de\/wp-json\/wp\/v2\/product_tag?post=1002"}],"curies":[{"name":"wp","href":"https:\/\/api.w.org\/{rel}","templated":true}]}}